{"id":18998,"date":"2022-11-10T14:37:05","date_gmt":"2022-11-10T20:37:05","guid":{"rendered":"https:\/\/kioongo.com\/marketing\/?post_type=product&#038;p=18998"},"modified":"2024-02-23T11:04:02","modified_gmt":"2024-02-23T17:04:02","slug":"seo-on-site-of-page-escaler-up","status":"publish","type":"product","link":"https:\/\/kioongo.com\/marketing\/tienda\/seo\/seo-on-site-of-page-escaler-up\/","title":{"rendered":"SEO On Site Of Page &#8211; Escaler Up"},"content":{"rendered":"<p>El <strong>SEO<\/strong> (Search Engine Optimization), que significa Optimizaci\u00f3n de los Motores de B\u00fasqueda es un conjunto de acciones orientadas a mejorar el posicionamiento de un sitio web en la lista de resultados de Google, Bing, u otros buscadores de Internet.\u200b<\/p>\n<p>Beneficios:<\/p>\n<ul>\n<li>Aumento del tr\u00e1fico objetivo<\/li>\n<li>Aumento de ventas<\/li>\n<li>Creaci\u00f3n de buenos contenidos<\/li>\n<\/ul>\n","protected":false},"excerpt":{"rendered":"<ul>\n<li>Carga o actualizaci\u00f3n de Site Map<\/li>\n<li>Configuraci\u00f3n de p\u00e1ginas 404<\/li>\n<li>Archivos de robot txt<\/li>\n<li>Redirecciones 301<\/li>\n<li>Redirecciones 302<\/li>\n<li>P\u00e1ginas can\u00f3nicas<\/li>\n<li>Optimizaciones m\u00f3viles<\/li>\n<li>30 keywords en el sitio<\/li>\n<li>Redacci\u00f3n de descripciones con keywords<\/li>\n<li>6 Backlinks<\/li>\n<li>Creaci\u00f3n o Actualizaci\u00f3n de Perfil Google MB<\/li>\n<li>Mejora de t\u00edtulos<\/li>\n<li>Mejora de Etiquetas H<\/li>\n<li>Mejora de velocidad de carga del sitio web.<\/li>\n<li>Instalaci\u00f3n, implementaci\u00f3n y optimizaci\u00f3n de un blog wordpress.<\/li>\n<li>Redactamos tus Snippets<\/li>\n<li>Auditoria SEO<\/li>\n<li>6 Optimizaci\u00f3n de p\u00e1ginas<\/li>\n<li>Revisi\u00f3n de servidor<\/li>\n<\/ul>\n<p>CANCELA CUANDO QUIERAS<\/p>\n","protected":false},"featured_media":19001,"comment_status":"open","ping_status":"closed","template":"","meta":{"site-sidebar-layout":"default","site-content-layout":"default","ast-site-content-layout":"default","site-content-style":"default","site-sidebar-style":"default","ast-global-header-display":"","ast-banner-title-visibility":"","ast-main-header-display":"","ast-hfb-above-header-display":"","ast-hfb-below-header-display":"","ast-hfb-mobile-header-display":"","site-post-title":"","ast-breadcrumbs-content":"","ast-featured-img":"","footer-sml-layout":"","ast-disable-related-posts":"","theme-transparent-header-meta":"default","adv-header-id-meta":"","stick-header-meta":"","header-above-stick-meta":"","header-main-stick-meta":"","header-below-stick-meta":"","astra-migrate-meta-layouts":"default","ast-page-background-enabled":"default","ast-page-background-meta":{"desktop":{"background-color":"var(--ast-global-color-4)","background-image":"","background-repeat":"repeat","background-position":"center center","background-size":"auto","background-attachment":"scroll","background-type":"","background-media":"","overlay-type":"","overlay-color":"","overlay-opacity":"","overlay-gradient":""},"tablet":{"background-color":"","background-image":"","background-repeat":"repeat","background-position":"center center","background-size":"auto","background-attachment":"scroll","background-type":"","background-media":"","overlay-type":"","overlay-color":"","overlay-opacity":"","overlay-gradient":""},"mobile":{"background-color":"","background-image":"","background-repeat":"repeat","background-position":"center center","background-size":"auto","background-attachment":"scroll","background-type":"","background-media":"","overlay-type":"","overlay-color":"","overlay-opacity":"","overlay-gradient":""}},"ast-content-background-meta":{"desktop":{"background-color":"var(--ast-global-color-5)","background-image":"","background-repeat":"repeat","background-position":"center center","background-size":"auto","background-attachment":"scroll","background-type":"","background-media":"","overlay-type":"","overlay-color":"","overlay-opacity":"","overlay-gradient":""},"tablet":{"background-color":"var(--ast-global-color-5)","background-image":"","background-repeat":"repeat","background-position":"center center","background-size":"auto","background-attachment":"scroll","background-type":"","background-media":"","overlay-type":"","overlay-color":"","overlay-opacity":"","overlay-gradient":""},"mobile":{"background-color":"var(--ast-global-color-5)","background-image":"","background-repeat":"repeat","background-position":"center center","background-size":"auto","background-attachment":"scroll","background-type":"","background-media":"","overlay-type":"","overlay-color":"","overlay-opacity":"","overlay-gradient":""}},"_joinchat":[]},"product_brand":[],"product_cat":[136],"product_tag":[],"class_list":{"0":"post-18998","1":"product","2":"type-product","3":"status-publish","4":"has-post-thumbnail","6":"product_cat-seo","7":"desktop-align-left","8":"tablet-align-left","9":"mobile-align-left","10":"ast-product-gallery-layout-horizontal-slider","11":"ast-product-gallery-with-no-image","12":"ast-product-tabs-layout-vertical","14":"first","15":"instock","16":"taxable","17":"shipping-taxable","18":"purchasable","19":"product-type-simple"},"yoast_head":"<!-- This site is optimized with the Yoast SEO Premium plugin v20.4 (Yoast SEO v25.5) - https:\/\/yoast.com\/wordpress\/plugins\/seo\/ -->\n<title>SEO On Site Of Page - Escaler Up<\/title>\n<meta name=\"description\" content=\"El SEO es un conjunto de acciones orientadas a mejorar el posicionamiento de un sitio web en la lista de resultados de Google.\" \/>\n<meta name=\"robots\" content=\"index, follow, max-snippet:-1, max-image-preview:large, max-video-preview:-1\" \/>\n<link rel=\"canonical\" href=\"https:\/\/kioongo.com\/marketing\/tienda\/seo\/seo-on-site-of-page-escaler-up\/\" \/>\n<meta property=\"og:locale\" content=\"es_ES\" \/>\n<meta property=\"og:type\" content=\"article\" \/>\n<meta property=\"og:title\" content=\"SEO On Site Of Page - Escaler Up\" \/>\n<meta property=\"og:description\" content=\"El SEO es un conjunto de acciones orientadas a mejorar el posicionamiento de un sitio web en la lista de resultados de Google.\" \/>\n<meta property=\"og:url\" content=\"https:\/\/kioongo.com\/marketing\/tienda\/seo\/seo-on-site-of-page-escaler-up\/\" \/>\n<meta property=\"og:site_name\" content=\"KMD: \u25b7Agencia de Marketing Digital by Kioongo\" \/>\n<meta property=\"article:modified_time\" content=\"2024-02-23T17:04:02+00:00\" \/>\n<meta property=\"og:image\" content=\"https:\/\/kioongo.com\/marketing\/wp-content\/uploads\/2022\/11\/18.jpg\" \/>\n\t<meta property=\"og:image:width\" content=\"1080\" \/>\n\t<meta property=\"og:image:height\" content=\"1080\" \/>\n\t<meta property=\"og:image:type\" content=\"image\/jpeg\" \/>\n<meta name=\"twitter:card\" content=\"summary_large_image\" \/>\n<meta name=\"twitter:label1\" content=\"Tiempo de lectura\" \/>\n\t<meta name=\"twitter:data1\" content=\"1 minuto\" \/>\n<script type=\"application\/ld+json\" class=\"yoast-schema-graph\">{\"@context\":\"https:\/\/schema.org\",\"@graph\":[{\"@type\":\"WebPage\",\"@id\":\"https:\/\/kioongo.com\/marketing\/tienda\/seo\/seo-on-site-of-page-escaler-up\/\",\"url\":\"https:\/\/kioongo.com\/marketing\/tienda\/seo\/seo-on-site-of-page-escaler-up\/\",\"name\":\"SEO On Site Of Page - Escaler Up\",\"isPartOf\":{\"@id\":\"https:\/\/kioongo.com\/marketing\/#website\"},\"primaryImageOfPage\":{\"@id\":\"https:\/\/kioongo.com\/marketing\/tienda\/seo\/seo-on-site-of-page-escaler-up\/#primaryimage\"},\"image\":{\"@id\":\"https:\/\/kioongo.com\/marketing\/tienda\/seo\/seo-on-site-of-page-escaler-up\/#primaryimage\"},\"thumbnailUrl\":\"https:\/\/kioongo.com\/marketing\/wp-content\/uploads\/2022\/11\/18.jpg\",\"datePublished\":\"2022-11-10T20:37:05+00:00\",\"dateModified\":\"2024-02-23T17:04:02+00:00\",\"description\":\"El SEO es un conjunto de acciones orientadas a mejorar el posicionamiento de un sitio web en la lista de resultados de Google.\",\"breadcrumb\":{\"@id\":\"https:\/\/kioongo.com\/marketing\/tienda\/seo\/seo-on-site-of-page-escaler-up\/#breadcrumb\"},\"inLanguage\":\"es\",\"potentialAction\":[{\"@type\":\"ReadAction\",\"target\":[\"https:\/\/kioongo.com\/marketing\/tienda\/seo\/seo-on-site-of-page-escaler-up\/\"]}]},{\"@type\":\"ImageObject\",\"inLanguage\":\"es\",\"@id\":\"https:\/\/kioongo.com\/marketing\/tienda\/seo\/seo-on-site-of-page-escaler-up\/#primaryimage\",\"url\":\"https:\/\/kioongo.com\/marketing\/wp-content\/uploads\/2022\/11\/18.jpg\",\"contentUrl\":\"https:\/\/kioongo.com\/marketing\/wp-content\/uploads\/2022\/11\/18.jpg\",\"width\":1080,\"height\":1080},{\"@type\":\"BreadcrumbList\",\"@id\":\"https:\/\/kioongo.com\/marketing\/tienda\/seo\/seo-on-site-of-page-escaler-up\/#breadcrumb\",\"itemListElement\":[{\"@type\":\"ListItem\",\"position\":1,\"name\":\"Portada\",\"item\":\"https:\/\/kioongo.com\/marketing\/\"},{\"@type\":\"ListItem\",\"position\":2,\"name\":\"Tienda\",\"item\":\"https:\/\/kioongo.com\/marketing\/tienda\/\"},{\"@type\":\"ListItem\",\"position\":3,\"name\":\"SEO On Site Of Page &#8211; Escaler Up\"}]},{\"@type\":\"WebSite\",\"@id\":\"https:\/\/kioongo.com\/marketing\/#website\",\"url\":\"https:\/\/kioongo.com\/marketing\/\",\"name\":\"KMD: \u25b7Agencia de Marketing Digital by Kioongo\",\"description\":\"La Agencia de Marketing Digital en M\u00e9xico, que posiciona NEGOCIOS en internet con estrategias creativas para VENDER m\u00e1s con| BRAND | SEM | SEO | CRO | FUNNELS | WEB.\",\"publisher\":{\"@id\":\"https:\/\/kioongo.com\/marketing\/#organization\"},\"alternateName\":\"Agencia Marketing Digital \u25b7 KMD\",\"potentialAction\":[{\"@type\":\"SearchAction\",\"target\":{\"@type\":\"EntryPoint\",\"urlTemplate\":\"https:\/\/kioongo.com\/marketing\/?s={search_term_string}\"},\"query-input\":{\"@type\":\"PropertyValueSpecification\",\"valueRequired\":true,\"valueName\":\"search_term_string\"}}],\"inLanguage\":\"es\"},{\"@type\":[\"Organization\",\"Place\"],\"@id\":\"https:\/\/kioongo.com\/marketing\/#organization\",\"name\":\"KMD: \u25b7Agencia de Marketing Digital by Kioongo\",\"alternateName\":\"Agencia y Academia de Marketing Digital \u25b7 Kioongo KMD\",\"url\":\"https:\/\/kioongo.com\/marketing\/\",\"logo\":{\"@id\":\"https:\/\/kioongo.com\/marketing\/tienda\/seo\/seo-on-site-of-page-escaler-up\/#local-main-organization-logo\"},\"image\":{\"@id\":\"https:\/\/kioongo.com\/marketing\/tienda\/seo\/seo-on-site-of-page-escaler-up\/#local-main-organization-logo\"},\"openingHoursSpecification\":[{\"@type\":\"OpeningHoursSpecification\",\"dayOfWeek\":[\"Monday\",\"Tuesday\",\"Wednesday\",\"Thursday\",\"Friday\",\"Saturday\",\"Sunday\"],\"opens\":\"09:00\",\"closes\":\"17:00\"}]},{\"@type\":\"ImageObject\",\"inLanguage\":\"es\",\"@id\":\"https:\/\/kioongo.com\/marketing\/tienda\/seo\/seo-on-site-of-page-escaler-up\/#local-main-organization-logo\",\"url\":\"https:\/\/kioongo.com\/marketing\/wp-content\/uploads\/2022\/10\/kmd-kioongo-LOG-WEB.png\",\"contentUrl\":\"https:\/\/kioongo.com\/marketing\/wp-content\/uploads\/2022\/10\/kmd-kioongo-LOG-WEB.png\",\"width\":700,\"height\":200,\"caption\":\"KMD: \u25b7Agencia de Marketing Digital by Kioongo\"}]}<\/script>\n<!-- \/ Yoast SEO Premium plugin. -->","yoast_head_json":{"title":"SEO On Site Of Page - Escaler Up","description":"El SEO es un conjunto de acciones orientadas a mejorar el posicionamiento de un sitio web en la lista de resultados de Google.","robots":{"index":"index","follow":"follow","max-snippet":"max-snippet:-1","max-image-preview":"max-image-preview:large","max-video-preview":"max-video-preview:-1"},"canonical":"https:\/\/kioongo.com\/marketing\/tienda\/seo\/seo-on-site-of-page-escaler-up\/","og_locale":"es_ES","og_type":"article","og_title":"SEO On Site Of Page - Escaler Up","og_description":"El SEO es un conjunto de acciones orientadas a mejorar el posicionamiento de un sitio web en la lista de resultados de Google.","og_url":"https:\/\/kioongo.com\/marketing\/tienda\/seo\/seo-on-site-of-page-escaler-up\/","og_site_name":"KMD: \u25b7Agencia de Marketing Digital by Kioongo","article_modified_time":"2024-02-23T17:04:02+00:00","og_image":[{"width":1080,"height":1080,"url":"https:\/\/kioongo.com\/marketing\/wp-content\/uploads\/2022\/11\/18.jpg","type":"image\/jpeg"}],"twitter_card":"summary_large_image","twitter_misc":{"Tiempo de lectura":"1 minuto"},"schema":{"@context":"https:\/\/schema.org","@graph":[{"@type":"WebPage","@id":"https:\/\/kioongo.com\/marketing\/tienda\/seo\/seo-on-site-of-page-escaler-up\/","url":"https:\/\/kioongo.com\/marketing\/tienda\/seo\/seo-on-site-of-page-escaler-up\/","name":"SEO On Site Of Page - Escaler Up","isPartOf":{"@id":"https:\/\/kioongo.com\/marketing\/#website"},"primaryImageOfPage":{"@id":"https:\/\/kioongo.com\/marketing\/tienda\/seo\/seo-on-site-of-page-escaler-up\/#primaryimage"},"image":{"@id":"https:\/\/kioongo.com\/marketing\/tienda\/seo\/seo-on-site-of-page-escaler-up\/#primaryimage"},"thumbnailUrl":"https:\/\/kioongo.com\/marketing\/wp-content\/uploads\/2022\/11\/18.jpg","datePublished":"2022-11-10T20:37:05+00:00","dateModified":"2024-02-23T17:04:02+00:00","description":"El SEO es un conjunto de acciones orientadas a mejorar el posicionamiento de un sitio web en la lista de resultados de Google.","breadcrumb":{"@id":"https:\/\/kioongo.com\/marketing\/tienda\/seo\/seo-on-site-of-page-escaler-up\/#breadcrumb"},"inLanguage":"es","potentialAction":[{"@type":"ReadAction","target":["https:\/\/kioongo.com\/marketing\/tienda\/seo\/seo-on-site-of-page-escaler-up\/"]}]},{"@type":"ImageObject","inLanguage":"es","@id":"https:\/\/kioongo.com\/marketing\/tienda\/seo\/seo-on-site-of-page-escaler-up\/#primaryimage","url":"https:\/\/kioongo.com\/marketing\/wp-content\/uploads\/2022\/11\/18.jpg","contentUrl":"https:\/\/kioongo.com\/marketing\/wp-content\/uploads\/2022\/11\/18.jpg","width":1080,"height":1080},{"@type":"BreadcrumbList","@id":"https:\/\/kioongo.com\/marketing\/tienda\/seo\/seo-on-site-of-page-escaler-up\/#breadcrumb","itemListElement":[{"@type":"ListItem","position":1,"name":"Portada","item":"https:\/\/kioongo.com\/marketing\/"},{"@type":"ListItem","position":2,"name":"Tienda","item":"https:\/\/kioongo.com\/marketing\/tienda\/"},{"@type":"ListItem","position":3,"name":"SEO On Site Of Page &#8211; Escaler Up"}]},{"@type":"WebSite","@id":"https:\/\/kioongo.com\/marketing\/#website","url":"https:\/\/kioongo.com\/marketing\/","name":"KMD: \u25b7Agencia de Marketing Digital by Kioongo","description":"La Agencia de Marketing Digital en M\u00e9xico, que posiciona NEGOCIOS en internet con estrategias creativas para VENDER m\u00e1s con| BRAND | SEM | SEO | CRO | FUNNELS | WEB.","publisher":{"@id":"https:\/\/kioongo.com\/marketing\/#organization"},"alternateName":"Agencia Marketing Digital \u25b7 KMD","potentialAction":[{"@type":"SearchAction","target":{"@type":"EntryPoint","urlTemplate":"https:\/\/kioongo.com\/marketing\/?s={search_term_string}"},"query-input":{"@type":"PropertyValueSpecification","valueRequired":true,"valueName":"search_term_string"}}],"inLanguage":"es"},{"@type":["Organization","Place"],"@id":"https:\/\/kioongo.com\/marketing\/#organization","name":"KMD: \u25b7Agencia de Marketing Digital by Kioongo","alternateName":"Agencia y Academia de Marketing Digital \u25b7 Kioongo KMD","url":"https:\/\/kioongo.com\/marketing\/","logo":{"@id":"https:\/\/kioongo.com\/marketing\/tienda\/seo\/seo-on-site-of-page-escaler-up\/#local-main-organization-logo"},"image":{"@id":"https:\/\/kioongo.com\/marketing\/tienda\/seo\/seo-on-site-of-page-escaler-up\/#local-main-organization-logo"},"openingHoursSpecification":[{"@type":"OpeningHoursSpecification","dayOfWeek":["Monday","Tuesday","Wednesday","Thursday","Friday","Saturday","Sunday"],"opens":"09:00","closes":"17:00"}]},{"@type":"ImageObject","inLanguage":"es","@id":"https:\/\/kioongo.com\/marketing\/tienda\/seo\/seo-on-site-of-page-escaler-up\/#local-main-organization-logo","url":"https:\/\/kioongo.com\/marketing\/wp-content\/uploads\/2022\/10\/kmd-kioongo-LOG-WEB.png","contentUrl":"https:\/\/kioongo.com\/marketing\/wp-content\/uploads\/2022\/10\/kmd-kioongo-LOG-WEB.png","width":700,"height":200,"caption":"KMD: \u25b7Agencia de Marketing Digital by Kioongo"}]}},"_links":{"self":[{"href":"https:\/\/kioongo.com\/marketing\/wp-json\/wp\/v2\/product\/18998","targetHints":{"allow":["GET"]}}],"collection":[{"href":"https:\/\/kioongo.com\/marketing\/wp-json\/wp\/v2\/product"}],"about":[{"href":"https:\/\/kioongo.com\/marketing\/wp-json\/wp\/v2\/types\/product"}],"replies":[{"embeddable":true,"href":"https:\/\/kioongo.com\/marketing\/wp-json\/wp\/v2\/comments?post=18998"}],"version-history":[{"count":1,"href":"https:\/\/kioongo.com\/marketing\/wp-json\/wp\/v2\/product\/18998\/revisions"}],"predecessor-version":[{"id":30447,"href":"https:\/\/kioongo.com\/marketing\/wp-json\/wp\/v2\/product\/18998\/revisions\/30447"}],"wp:featuredmedia":[{"embeddable":true,"href":"https:\/\/kioongo.com\/marketing\/wp-json\/wp\/v2\/media\/19001"}],"wp:attachment":[{"href":"https:\/\/kioongo.com\/marketing\/wp-json\/wp\/v2\/media?parent=18998"}],"wp:term":[{"taxonomy":"product_brand","embeddable":true,"href":"https:\/\/kioongo.com\/marketing\/wp-json\/wp\/v2\/product_brand?post=18998"},{"taxonomy":"product_cat","embeddable":true,"href":"https:\/\/kioongo.com\/marketing\/wp-json\/wp\/v2\/product_cat?post=18998"},{"taxonomy":"product_tag","embeddable":true,"href":"https:\/\/kioongo.com\/marketing\/wp-json\/wp\/v2\/product_tag?post=18998"}],"curies":[{"name":"wp","href":"https:\/\/api.w.org\/{rel}","templated":true}]}}