{"id":19080,"date":"2022-11-11T15:01:16","date_gmt":"2022-11-11T21:01:16","guid":{"rendered":"https:\/\/kioongo.com\/marketing\/?post_type=product&#038;p=19080"},"modified":"2024-02-23T11:33:54","modified_gmt":"2024-02-23T17:33:54","slug":"google-ads-escaler-up","status":"publish","type":"product","link":"https:\/\/kioongo.com\/marketing\/tienda\/campanas-publicitarias-redes-sociales\/google-ads-escaler-up\/","title":{"rendered":"GOOGLE ADS (ESCALER UP)"},"content":{"rendered":"<p>Este producto contiene el servicio publicitario GOOGLE ADS que te servir\u00e1 para aumentar el crecimiento de tu sitio WEB o negocio las cuales impulsaran a tu sitio WEB al grado que tanto deseas, si lo que buscas es tener un mejor control sobre publicidad pero no tienes el suficiente personal que te apoye para revisar tu sitio WEB, no te preocupes, Google ADS (ESCALER-UP) es para ti, este servicio puede aumentar la velocidad de crecimiento de tu sitio WEB o negocio, este aspecto es sumamente importante ya que es la clave del \u00e9xito, por lo que nosotros estamos encantados de poder ayudarte, algunos beneficios son: Estrategia , briefing, benchmarking, definici\u00f3n de objetivos, ,2 campa\u00f1as 8 anuncios ,conceptualizaci\u00f3n, perfecto para medianas empresas.<\/p>\n","protected":false},"excerpt":{"rendered":"<ul>\n<li>8 campa\u00f1as con 4 anuncios c\/u<\/li>\n<li>8 ediciones incluidas.<\/li>\n<li>Disponibilidad de tus anuncios 24\/7 los 365 d\u00edas<\/li>\n<li>Etiquetado en todo el Sitio Web<\/li>\n<li>Administraci\u00f3n de ADS avanzado<\/li>\n<li>Informes y an\u00e1lisis mensuales<\/li>\n<li>Pauta NO incluida de 15,000 a 21,000<\/li>\n<li>Inversi\u00f3n extra sin cargo en el feed<\/li>\n<li>Creaci\u00f3n avisos y selecci\u00f3n palabras claves<\/li>\n<li>Campa\u00f1as de Display<\/li>\n<li>Campa\u00f1as de Search<\/li>\n<li>Campa\u00f1as de Shopping<\/li>\n<li>Campa\u00f1as de Youtube<\/li>\n<li>Campa\u00f1as de Apps<\/li>\n<li>Campa\u00f1as de M\u00e1ximo Rendimiento<\/li>\n<li>Campa\u00f1as Smart<\/li>\n<li>Campa\u00f1as Discovery<\/li>\n<li>Estrategia<\/li>\n<li>Briefing<\/li>\n<li>Benchmark<\/li>\n<li>Definici\u00f3n de objetivos<\/li>\n<li>Conceptualizaci\u00f3n<\/li>\n<li>Optimizaci\u00f3n<\/li>\n<li>Remarketing y retargeting<\/li>\n<li>Perfecto para medianas empresas<\/li>\n<li>Atenci\u00f3n telef\u00f3nica y videollamada<\/li>\n<li>Junta con Trafficker digital: 4 Horas (1h. Semanales)\u200b<\/li>\n<\/ul>\n<p>* En los planes Enterprise el valor comisi\u00f3n mensual NO incluye la inversi\u00f3n en Google la cual es definida por el cliente.<\/p>\n<p>CANCELA CUANDO QUIERAS<\/p>\n","protected":false},"featured_media":19086,"comment_status":"open","ping_status":"closed","template":"","meta":{"site-sidebar-layout":"default","site-content-layout":"default","ast-site-content-layout":"default","site-content-style":"default","site-sidebar-style":"default","ast-global-header-display":"","ast-banner-title-visibility":"","ast-main-header-display":"","ast-hfb-above-header-display":"","ast-hfb-below-header-display":"","ast-hfb-mobile-header-display":"","site-post-title":"","ast-breadcrumbs-content":"","ast-featured-img":"","footer-sml-layout":"","ast-disable-related-posts":"","theme-transparent-header-meta":"default","adv-header-id-meta":"","stick-header-meta":"","header-above-stick-meta":"","header-main-stick-meta":"","header-below-stick-meta":"","astra-migrate-meta-layouts":"default","ast-page-background-enabled":"default","ast-page-background-meta":{"desktop":{"background-color":"var(--ast-global-color-4)","background-image":"","background-repeat":"repeat","background-position":"center center","background-size":"auto","background-attachment":"scroll","background-type":"","background-media":"","overlay-type":"","overlay-color":"","overlay-opacity":"","overlay-gradient":""},"tablet":{"background-color":"","background-image":"","background-repeat":"repeat","background-position":"center center","background-size":"auto","background-attachment":"scroll","background-type":"","background-media":"","overlay-type":"","overlay-color":"","overlay-opacity":"","overlay-gradient":""},"mobile":{"background-color":"","background-image":"","background-repeat":"repeat","background-position":"center center","background-size":"auto","background-attachment":"scroll","background-type":"","background-media":"","overlay-type":"","overlay-color":"","overlay-opacity":"","overlay-gradient":""}},"ast-content-background-meta":{"desktop":{"background-color":"var(--ast-global-color-5)","background-image":"","background-repeat":"repeat","background-position":"center center","background-size":"auto","background-attachment":"scroll","background-type":"","background-media":"","overlay-type":"","overlay-color":"","overlay-opacity":"","overlay-gradient":""},"tablet":{"background-color":"var(--ast-global-color-5)","background-image":"","background-repeat":"repeat","background-position":"center center","background-size":"auto","background-attachment":"scroll","background-type":"","background-media":"","overlay-type":"","overlay-color":"","overlay-opacity":"","overlay-gradient":""},"mobile":{"background-color":"var(--ast-global-color-5)","background-image":"","background-repeat":"repeat","background-position":"center center","background-size":"auto","background-attachment":"scroll","background-type":"","background-media":"","overlay-type":"","overlay-color":"","overlay-opacity":"","overlay-gradient":""}},"_joinchat":[]},"product_brand":[],"product_cat":[125],"product_tag":[],"class_list":{"0":"post-19080","1":"product","2":"type-product","3":"status-publish","4":"has-post-thumbnail","6":"product_cat-campanas-publicitarias-redes-sociales","7":"desktop-align-left","8":"tablet-align-left","9":"mobile-align-left","10":"ast-product-gallery-layout-horizontal-slider","11":"ast-product-gallery-with-no-image","12":"ast-product-tabs-layout-vertical","14":"first","15":"instock","16":"virtual","17":"taxable","18":"purchasable","19":"product-type-simple"},"yoast_head":"<!-- This site is optimized with the Yoast SEO Premium plugin v20.4 (Yoast SEO v25.5) - https:\/\/yoast.com\/wordpress\/plugins\/seo\/ -->\n<title>GOOGLE ADS (ESCALER UP) - KMD: \u25b7Agencia de Marketing Digital by Kioongo<\/title>\n<meta name=\"description\" content=\"Prueba ya nuestro servicio GOOGLE ADS y disfruta de todas las ventajas que puede proporcionar a tu sitio WEB o negocio, visita nuestra p\u00e1gina.\" \/>\n<meta name=\"robots\" content=\"index, follow, max-snippet:-1, max-image-preview:large, max-video-preview:-1\" \/>\n<link rel=\"canonical\" href=\"https:\/\/kioongo.com\/marketing\/tienda\/campanas-publicitarias-redes-sociales\/google-ads-escaler-up\/\" \/>\n<meta property=\"og:locale\" content=\"es_ES\" \/>\n<meta property=\"og:type\" content=\"article\" \/>\n<meta property=\"og:title\" content=\"GOOGLE ADS (ESCALER UP)\" \/>\n<meta property=\"og:description\" content=\"Prueba ya nuestro servicio GOOGLE ADS y disfruta de todas las ventajas que puede proporcionar a tu sitio WEB o negocio, visita nuestra p\u00e1gina.\" \/>\n<meta property=\"og:url\" content=\"https:\/\/kioongo.com\/marketing\/tienda\/campanas-publicitarias-redes-sociales\/google-ads-escaler-up\/\" \/>\n<meta property=\"og:site_name\" content=\"KMD: \u25b7Agencia de Marketing Digital by Kioongo\" \/>\n<meta property=\"article:modified_time\" content=\"2024-02-23T17:33:54+00:00\" \/>\n<meta property=\"og:image\" content=\"https:\/\/kioongo.com\/marketing\/wp-content\/uploads\/2022\/11\/27.jpg\" \/>\n\t<meta property=\"og:image:width\" content=\"1080\" \/>\n\t<meta property=\"og:image:height\" content=\"1080\" \/>\n\t<meta property=\"og:image:type\" content=\"image\/jpeg\" \/>\n<meta name=\"twitter:card\" content=\"summary_large_image\" \/>\n<meta name=\"twitter:label1\" content=\"Tiempo de lectura\" \/>\n\t<meta name=\"twitter:data1\" content=\"1 minuto\" \/>\n<script type=\"application\/ld+json\" class=\"yoast-schema-graph\">{\"@context\":\"https:\/\/schema.org\",\"@graph\":[{\"@type\":\"WebPage\",\"@id\":\"https:\/\/kioongo.com\/marketing\/tienda\/campanas-publicitarias-redes-sociales\/google-ads-escaler-up\/\",\"url\":\"https:\/\/kioongo.com\/marketing\/tienda\/campanas-publicitarias-redes-sociales\/google-ads-escaler-up\/\",\"name\":\"GOOGLE ADS (ESCALER UP) - KMD: \u25b7Agencia de Marketing Digital by Kioongo\",\"isPartOf\":{\"@id\":\"https:\/\/kioongo.com\/marketing\/#website\"},\"primaryImageOfPage\":{\"@id\":\"https:\/\/kioongo.com\/marketing\/tienda\/campanas-publicitarias-redes-sociales\/google-ads-escaler-up\/#primaryimage\"},\"image\":{\"@id\":\"https:\/\/kioongo.com\/marketing\/tienda\/campanas-publicitarias-redes-sociales\/google-ads-escaler-up\/#primaryimage\"},\"thumbnailUrl\":\"https:\/\/kioongo.com\/marketing\/wp-content\/uploads\/2022\/11\/27.jpg\",\"datePublished\":\"2022-11-11T21:01:16+00:00\",\"dateModified\":\"2024-02-23T17:33:54+00:00\",\"description\":\"Prueba ya nuestro servicio GOOGLE ADS y disfruta de todas las ventajas que puede proporcionar a tu sitio WEB o negocio, visita nuestra p\u00e1gina.\",\"breadcrumb\":{\"@id\":\"https:\/\/kioongo.com\/marketing\/tienda\/campanas-publicitarias-redes-sociales\/google-ads-escaler-up\/#breadcrumb\"},\"inLanguage\":\"es\",\"potentialAction\":[{\"@type\":\"ReadAction\",\"target\":[\"https:\/\/kioongo.com\/marketing\/tienda\/campanas-publicitarias-redes-sociales\/google-ads-escaler-up\/\"]}]},{\"@type\":\"ImageObject\",\"inLanguage\":\"es\",\"@id\":\"https:\/\/kioongo.com\/marketing\/tienda\/campanas-publicitarias-redes-sociales\/google-ads-escaler-up\/#primaryimage\",\"url\":\"https:\/\/kioongo.com\/marketing\/wp-content\/uploads\/2022\/11\/27.jpg\",\"contentUrl\":\"https:\/\/kioongo.com\/marketing\/wp-content\/uploads\/2022\/11\/27.jpg\",\"width\":1080,\"height\":1080,\"caption\":\"google ads\"},{\"@type\":\"BreadcrumbList\",\"@id\":\"https:\/\/kioongo.com\/marketing\/tienda\/campanas-publicitarias-redes-sociales\/google-ads-escaler-up\/#breadcrumb\",\"itemListElement\":[{\"@type\":\"ListItem\",\"position\":1,\"name\":\"Portada\",\"item\":\"https:\/\/kioongo.com\/marketing\/\"},{\"@type\":\"ListItem\",\"position\":2,\"name\":\"Tienda\",\"item\":\"https:\/\/kioongo.com\/marketing\/tienda\/\"},{\"@type\":\"ListItem\",\"position\":3,\"name\":\"GOOGLE ADS (ESCALER UP)\"}]},{\"@type\":\"WebSite\",\"@id\":\"https:\/\/kioongo.com\/marketing\/#website\",\"url\":\"https:\/\/kioongo.com\/marketing\/\",\"name\":\"KMD: \u25b7Agencia de Marketing Digital by Kioongo\",\"description\":\"La Agencia de Marketing Digital en M\u00e9xico, que posiciona NEGOCIOS en internet con estrategias creativas para VENDER m\u00e1s con| BRAND | SEM | SEO | CRO | FUNNELS | WEB.\",\"publisher\":{\"@id\":\"https:\/\/kioongo.com\/marketing\/#organization\"},\"alternateName\":\"Agencia Marketing Digital \u25b7 KMD\",\"potentialAction\":[{\"@type\":\"SearchAction\",\"target\":{\"@type\":\"EntryPoint\",\"urlTemplate\":\"https:\/\/kioongo.com\/marketing\/?s={search_term_string}\"},\"query-input\":{\"@type\":\"PropertyValueSpecification\",\"valueRequired\":true,\"valueName\":\"search_term_string\"}}],\"inLanguage\":\"es\"},{\"@type\":[\"Organization\",\"Place\"],\"@id\":\"https:\/\/kioongo.com\/marketing\/#organization\",\"name\":\"KMD: \u25b7Agencia de Marketing Digital by Kioongo\",\"alternateName\":\"Agencia y Academia de Marketing Digital \u25b7 Kioongo KMD\",\"url\":\"https:\/\/kioongo.com\/marketing\/\",\"logo\":{\"@id\":\"https:\/\/kioongo.com\/marketing\/tienda\/campanas-publicitarias-redes-sociales\/google-ads-escaler-up\/#local-main-organization-logo\"},\"image\":{\"@id\":\"https:\/\/kioongo.com\/marketing\/tienda\/campanas-publicitarias-redes-sociales\/google-ads-escaler-up\/#local-main-organization-logo\"},\"openingHoursSpecification\":[{\"@type\":\"OpeningHoursSpecification\",\"dayOfWeek\":[\"Monday\",\"Tuesday\",\"Wednesday\",\"Thursday\",\"Friday\",\"Saturday\",\"Sunday\"],\"opens\":\"09:00\",\"closes\":\"17:00\"}]},{\"@type\":\"ImageObject\",\"inLanguage\":\"es\",\"@id\":\"https:\/\/kioongo.com\/marketing\/tienda\/campanas-publicitarias-redes-sociales\/google-ads-escaler-up\/#local-main-organization-logo\",\"url\":\"https:\/\/kioongo.com\/marketing\/wp-content\/uploads\/2022\/10\/kmd-kioongo-LOG-WEB.png\",\"contentUrl\":\"https:\/\/kioongo.com\/marketing\/wp-content\/uploads\/2022\/10\/kmd-kioongo-LOG-WEB.png\",\"width\":700,\"height\":200,\"caption\":\"KMD: \u25b7Agencia de Marketing Digital by Kioongo\"}]}<\/script>\n<!-- \/ Yoast SEO Premium plugin. -->","yoast_head_json":{"title":"GOOGLE ADS (ESCALER UP) - KMD: \u25b7Agencia de Marketing Digital by Kioongo","description":"Prueba ya nuestro servicio GOOGLE ADS y disfruta de todas las ventajas que puede proporcionar a tu sitio WEB o negocio, visita nuestra p\u00e1gina.","robots":{"index":"index","follow":"follow","max-snippet":"max-snippet:-1","max-image-preview":"max-image-preview:large","max-video-preview":"max-video-preview:-1"},"canonical":"https:\/\/kioongo.com\/marketing\/tienda\/campanas-publicitarias-redes-sociales\/google-ads-escaler-up\/","og_locale":"es_ES","og_type":"article","og_title":"GOOGLE ADS (ESCALER UP)","og_description":"Prueba ya nuestro servicio GOOGLE ADS y disfruta de todas las ventajas que puede proporcionar a tu sitio WEB o negocio, visita nuestra p\u00e1gina.","og_url":"https:\/\/kioongo.com\/marketing\/tienda\/campanas-publicitarias-redes-sociales\/google-ads-escaler-up\/","og_site_name":"KMD: \u25b7Agencia de Marketing Digital by Kioongo","article_modified_time":"2024-02-23T17:33:54+00:00","og_image":[{"width":1080,"height":1080,"url":"https:\/\/kioongo.com\/marketing\/wp-content\/uploads\/2022\/11\/27.jpg","type":"image\/jpeg"}],"twitter_card":"summary_large_image","twitter_misc":{"Tiempo de lectura":"1 minuto"},"schema":{"@context":"https:\/\/schema.org","@graph":[{"@type":"WebPage","@id":"https:\/\/kioongo.com\/marketing\/tienda\/campanas-publicitarias-redes-sociales\/google-ads-escaler-up\/","url":"https:\/\/kioongo.com\/marketing\/tienda\/campanas-publicitarias-redes-sociales\/google-ads-escaler-up\/","name":"GOOGLE ADS (ESCALER UP) - KMD: \u25b7Agencia de Marketing Digital by Kioongo","isPartOf":{"@id":"https:\/\/kioongo.com\/marketing\/#website"},"primaryImageOfPage":{"@id":"https:\/\/kioongo.com\/marketing\/tienda\/campanas-publicitarias-redes-sociales\/google-ads-escaler-up\/#primaryimage"},"image":{"@id":"https:\/\/kioongo.com\/marketing\/tienda\/campanas-publicitarias-redes-sociales\/google-ads-escaler-up\/#primaryimage"},"thumbnailUrl":"https:\/\/kioongo.com\/marketing\/wp-content\/uploads\/2022\/11\/27.jpg","datePublished":"2022-11-11T21:01:16+00:00","dateModified":"2024-02-23T17:33:54+00:00","description":"Prueba ya nuestro servicio GOOGLE ADS y disfruta de todas las ventajas que puede proporcionar a tu sitio WEB o negocio, visita nuestra p\u00e1gina.","breadcrumb":{"@id":"https:\/\/kioongo.com\/marketing\/tienda\/campanas-publicitarias-redes-sociales\/google-ads-escaler-up\/#breadcrumb"},"inLanguage":"es","potentialAction":[{"@type":"ReadAction","target":["https:\/\/kioongo.com\/marketing\/tienda\/campanas-publicitarias-redes-sociales\/google-ads-escaler-up\/"]}]},{"@type":"ImageObject","inLanguage":"es","@id":"https:\/\/kioongo.com\/marketing\/tienda\/campanas-publicitarias-redes-sociales\/google-ads-escaler-up\/#primaryimage","url":"https:\/\/kioongo.com\/marketing\/wp-content\/uploads\/2022\/11\/27.jpg","contentUrl":"https:\/\/kioongo.com\/marketing\/wp-content\/uploads\/2022\/11\/27.jpg","width":1080,"height":1080,"caption":"google ads"},{"@type":"BreadcrumbList","@id":"https:\/\/kioongo.com\/marketing\/tienda\/campanas-publicitarias-redes-sociales\/google-ads-escaler-up\/#breadcrumb","itemListElement":[{"@type":"ListItem","position":1,"name":"Portada","item":"https:\/\/kioongo.com\/marketing\/"},{"@type":"ListItem","position":2,"name":"Tienda","item":"https:\/\/kioongo.com\/marketing\/tienda\/"},{"@type":"ListItem","position":3,"name":"GOOGLE ADS (ESCALER UP)"}]},{"@type":"WebSite","@id":"https:\/\/kioongo.com\/marketing\/#website","url":"https:\/\/kioongo.com\/marketing\/","name":"KMD: \u25b7Agencia de Marketing Digital by Kioongo","description":"La Agencia de Marketing Digital en M\u00e9xico, que posiciona NEGOCIOS en internet con estrategias creativas para VENDER m\u00e1s con| BRAND | SEM | SEO | CRO | FUNNELS | WEB.","publisher":{"@id":"https:\/\/kioongo.com\/marketing\/#organization"},"alternateName":"Agencia Marketing Digital \u25b7 KMD","potentialAction":[{"@type":"SearchAction","target":{"@type":"EntryPoint","urlTemplate":"https:\/\/kioongo.com\/marketing\/?s={search_term_string}"},"query-input":{"@type":"PropertyValueSpecification","valueRequired":true,"valueName":"search_term_string"}}],"inLanguage":"es"},{"@type":["Organization","Place"],"@id":"https:\/\/kioongo.com\/marketing\/#organization","name":"KMD: \u25b7Agencia de Marketing Digital by Kioongo","alternateName":"Agencia y Academia de Marketing Digital \u25b7 Kioongo KMD","url":"https:\/\/kioongo.com\/marketing\/","logo":{"@id":"https:\/\/kioongo.com\/marketing\/tienda\/campanas-publicitarias-redes-sociales\/google-ads-escaler-up\/#local-main-organization-logo"},"image":{"@id":"https:\/\/kioongo.com\/marketing\/tienda\/campanas-publicitarias-redes-sociales\/google-ads-escaler-up\/#local-main-organization-logo"},"openingHoursSpecification":[{"@type":"OpeningHoursSpecification","dayOfWeek":["Monday","Tuesday","Wednesday","Thursday","Friday","Saturday","Sunday"],"opens":"09:00","closes":"17:00"}]},{"@type":"ImageObject","inLanguage":"es","@id":"https:\/\/kioongo.com\/marketing\/tienda\/campanas-publicitarias-redes-sociales\/google-ads-escaler-up\/#local-main-organization-logo","url":"https:\/\/kioongo.com\/marketing\/wp-content\/uploads\/2022\/10\/kmd-kioongo-LOG-WEB.png","contentUrl":"https:\/\/kioongo.com\/marketing\/wp-content\/uploads\/2022\/10\/kmd-kioongo-LOG-WEB.png","width":700,"height":200,"caption":"KMD: \u25b7Agencia de Marketing Digital by Kioongo"}]}},"_links":{"self":[{"href":"https:\/\/kioongo.com\/marketing\/wp-json\/wp\/v2\/product\/19080","targetHints":{"allow":["GET"]}}],"collection":[{"href":"https:\/\/kioongo.com\/marketing\/wp-json\/wp\/v2\/product"}],"about":[{"href":"https:\/\/kioongo.com\/marketing\/wp-json\/wp\/v2\/types\/product"}],"replies":[{"embeddable":true,"href":"https:\/\/kioongo.com\/marketing\/wp-json\/wp\/v2\/comments?post=19080"}],"version-history":[{"count":2,"href":"https:\/\/kioongo.com\/marketing\/wp-json\/wp\/v2\/product\/19080\/revisions"}],"predecessor-version":[{"id":30469,"href":"https:\/\/kioongo.com\/marketing\/wp-json\/wp\/v2\/product\/19080\/revisions\/30469"}],"wp:featuredmedia":[{"embeddable":true,"href":"https:\/\/kioongo.com\/marketing\/wp-json\/wp\/v2\/media\/19086"}],"wp:attachment":[{"href":"https:\/\/kioongo.com\/marketing\/wp-json\/wp\/v2\/media?parent=19080"}],"wp:term":[{"taxonomy":"product_brand","embeddable":true,"href":"https:\/\/kioongo.com\/marketing\/wp-json\/wp\/v2\/product_brand?post=19080"},{"taxonomy":"product_cat","embeddable":true,"href":"https:\/\/kioongo.com\/marketing\/wp-json\/wp\/v2\/product_cat?post=19080"},{"taxonomy":"product_tag","embeddable":true,"href":"https:\/\/kioongo.com\/marketing\/wp-json\/wp\/v2\/product_tag?post=19080"}],"curies":[{"name":"wp","href":"https:\/\/api.w.org\/{rel}","templated":true}]}}