{"id":19109,"date":"2022-11-11T14:21:30","date_gmt":"2022-11-11T20:21:30","guid":{"rendered":"https:\/\/kioongo.com\/marketing\/?post_type=product&#038;p=19109"},"modified":"2024-02-23T12:22:04","modified_gmt":"2024-02-23T18:22:04","slug":"facebook-ads-escaler-up","status":"publish","type":"product","link":"https:\/\/kioongo.com\/marketing\/tienda\/ads-facebook\/facebook-ads-escaler-up\/","title":{"rendered":"Facebook ADS &#8211; Escaler Up"},"content":{"rendered":"<p><strong>Facebook ADS<\/strong>\u00a0permite realizar anuncios en los que se pueda interactuar. Se permite al usuario plantear dudas, sugerencias o comentarios sin m\u00e1s.<\/p>\n<p>De esta manera se pueden conocer cu\u00e1les son los gustos e inquietudes del p\u00fablico, as\u00ed como saber en qu\u00e9 est\u00e1n interesados para poder llegar a ellos con mayor facilidad.<\/p>\n<p>Ventajas:<\/p>\n<ul>\n<li>Su poder de alcance<\/li>\n<li>Su avanzada segmentaci\u00f3n<\/li>\n<li>Interacci\u00f3n con el usuario<\/li>\n<li>Anuncio seg\u00fan tus objetivos<\/li>\n<li>Inversi\u00f3n reducida<\/li>\n<\/ul>\n","protected":false},"excerpt":{"rendered":"<ul>\n<li>Benchmark<\/li>\n<li>Estrategia<\/li>\n<li>Definici\u00f3n de objetivos<\/li>\n<li>Conceptualizaci\u00f3n<\/li>\n<li>Optimizaci\u00f3n<\/li>\n<li>Perfecto para Medianas Empresas.<\/li>\n<li>Etiquetado en todo el sitio web con algoritmo de seguimiento<\/li>\n<li>Informes y an\u00e1lisis mensuales<\/li>\n<li>Pauta no incluida para 10,000 a 21,000<\/li>\n<li>Inversi\u00f3n extra sin cargo en el feed<\/li>\n<li>Hasta 3 Redes Sociales ADS<\/li>\n<li>8 campa\u00f1as con 4 anuncios c\/u<\/li>\n<li>Disponibilidad de tus anuncios 24\/7 los 365 dias<\/li>\n<li>8 ediciones incluidas.<\/li>\n<li>Administraci\u00f3n de ADS avanzado<\/li>\n<li>Remarketing y retargeting\u200b<\/li>\n<li>Junta con Trafficker digital: 1 Hora (15min. Semanales)\u200b\u200b<\/li>\n<\/ul>\n<p>CANCELA CUANDO QUIERAS<\/p>\n","protected":false},"featured_media":19111,"comment_status":"open","ping_status":"closed","template":"","meta":{"site-sidebar-layout":"default","site-content-layout":"default","ast-site-content-layout":"default","site-content-style":"default","site-sidebar-style":"default","ast-global-header-display":"","ast-banner-title-visibility":"","ast-main-header-display":"","ast-hfb-above-header-display":"","ast-hfb-below-header-display":"","ast-hfb-mobile-header-display":"","site-post-title":"","ast-breadcrumbs-content":"","ast-featured-img":"","footer-sml-layout":"","ast-disable-related-posts":"","theme-transparent-header-meta":"default","adv-header-id-meta":"","stick-header-meta":"","header-above-stick-meta":"","header-main-stick-meta":"","header-below-stick-meta":"","astra-migrate-meta-layouts":"default","ast-page-background-enabled":"default","ast-page-background-meta":{"desktop":{"background-color":"var(--ast-global-color-4)","background-image":"","background-repeat":"repeat","background-position":"center center","background-size":"auto","background-attachment":"scroll","background-type":"","background-media":"","overlay-type":"","overlay-color":"","overlay-opacity":"","overlay-gradient":""},"tablet":{"background-color":"","background-image":"","background-repeat":"repeat","background-position":"center center","background-size":"auto","background-attachment":"scroll","background-type":"","background-media":"","overlay-type":"","overlay-color":"","overlay-opacity":"","overlay-gradient":""},"mobile":{"background-color":"","background-image":"","background-repeat":"repeat","background-position":"center center","background-size":"auto","background-attachment":"scroll","background-type":"","background-media":"","overlay-type":"","overlay-color":"","overlay-opacity":"","overlay-gradient":""}},"ast-content-background-meta":{"desktop":{"background-color":"var(--ast-global-color-5)","background-image":"","background-repeat":"repeat","background-position":"center center","background-size":"auto","background-attachment":"scroll","background-type":"","background-media":"","overlay-type":"","overlay-color":"","overlay-opacity":"","overlay-gradient":""},"tablet":{"background-color":"var(--ast-global-color-5)","background-image":"","background-repeat":"repeat","background-position":"center center","background-size":"auto","background-attachment":"scroll","background-type":"","background-media":"","overlay-type":"","overlay-color":"","overlay-opacity":"","overlay-gradient":""},"mobile":{"background-color":"var(--ast-global-color-5)","background-image":"","background-repeat":"repeat","background-position":"center center","background-size":"auto","background-attachment":"scroll","background-type":"","background-media":"","overlay-type":"","overlay-color":"","overlay-opacity":"","overlay-gradient":""}},"_joinchat":[]},"product_brand":[],"product_cat":[906],"product_tag":[],"class_list":{"0":"post-19109","1":"product","2":"type-product","3":"status-publish","4":"has-post-thumbnail","6":"product_cat-ads-facebook","7":"desktop-align-left","8":"tablet-align-left","9":"mobile-align-left","10":"ast-product-gallery-layout-horizontal-slider","11":"ast-product-gallery-with-no-image","12":"ast-product-tabs-layout-vertical","14":"first","15":"instock","16":"taxable","17":"shipping-taxable","18":"purchasable","19":"product-type-simple"},"yoast_head":"<!-- This site is optimized with the Yoast SEO Premium plugin v20.4 (Yoast SEO v25.5) - https:\/\/yoast.com\/wordpress\/plugins\/seo\/ -->\n<title>Facebook ADS - Escaler Up -<\/title>\n<meta name=\"description\" content=\"Facebook Ads permite realizar anuncios en los que se pueda interactuar. Se permite al usuario plantear dudas, sugerencias o comentarios sin m\u00e1s .\" \/>\n<meta name=\"robots\" content=\"index, follow, max-snippet:-1, max-image-preview:large, max-video-preview:-1\" \/>\n<link rel=\"canonical\" href=\"https:\/\/kioongo.com\/marketing\/tienda\/ads-facebook\/facebook-ads-escaler-up\/\" \/>\n<meta property=\"og:locale\" content=\"es_ES\" \/>\n<meta property=\"og:type\" content=\"article\" \/>\n<meta property=\"og:title\" content=\"Facebook ADS - Escaler Up\" \/>\n<meta property=\"og:description\" content=\"Facebook Ads permite realizar anuncios en los que se pueda interactuar. Se permite al usuario plantear dudas, sugerencias o comentarios sin m\u00e1s .\" \/>\n<meta property=\"og:url\" content=\"https:\/\/kioongo.com\/marketing\/tienda\/ads-facebook\/facebook-ads-escaler-up\/\" \/>\n<meta property=\"og:site_name\" content=\"KMD: \u25b7Agencia de Marketing Digital by Kioongo\" \/>\n<meta property=\"article:modified_time\" content=\"2024-02-23T18:22:04+00:00\" \/>\n<meta property=\"og:image\" content=\"https:\/\/kioongo.com\/marketing\/wp-content\/uploads\/2022\/11\/24.jpg\" \/>\n\t<meta property=\"og:image:width\" content=\"1080\" \/>\n\t<meta property=\"og:image:height\" content=\"1080\" \/>\n\t<meta property=\"og:image:type\" content=\"image\/jpeg\" \/>\n<meta name=\"twitter:card\" content=\"summary_large_image\" \/>\n<meta name=\"twitter:label1\" content=\"Tiempo de lectura\" \/>\n\t<meta name=\"twitter:data1\" content=\"1 minuto\" \/>\n<script type=\"application\/ld+json\" class=\"yoast-schema-graph\">{\"@context\":\"https:\/\/schema.org\",\"@graph\":[{\"@type\":\"WebPage\",\"@id\":\"https:\/\/kioongo.com\/marketing\/tienda\/ads-facebook\/facebook-ads-escaler-up\/\",\"url\":\"https:\/\/kioongo.com\/marketing\/tienda\/ads-facebook\/facebook-ads-escaler-up\/\",\"name\":\"Facebook ADS - Escaler Up -\",\"isPartOf\":{\"@id\":\"https:\/\/kioongo.com\/marketing\/#website\"},\"primaryImageOfPage\":{\"@id\":\"https:\/\/kioongo.com\/marketing\/tienda\/ads-facebook\/facebook-ads-escaler-up\/#primaryimage\"},\"image\":{\"@id\":\"https:\/\/kioongo.com\/marketing\/tienda\/ads-facebook\/facebook-ads-escaler-up\/#primaryimage\"},\"thumbnailUrl\":\"https:\/\/kioongo.com\/marketing\/wp-content\/uploads\/2022\/11\/24.jpg\",\"datePublished\":\"2022-11-11T20:21:30+00:00\",\"dateModified\":\"2024-02-23T18:22:04+00:00\",\"description\":\"Facebook Ads permite realizar anuncios en los que se pueda interactuar. Se permite al usuario plantear dudas, sugerencias o comentarios sin m\u00e1s .\",\"breadcrumb\":{\"@id\":\"https:\/\/kioongo.com\/marketing\/tienda\/ads-facebook\/facebook-ads-escaler-up\/#breadcrumb\"},\"inLanguage\":\"es\",\"potentialAction\":[{\"@type\":\"ReadAction\",\"target\":[\"https:\/\/kioongo.com\/marketing\/tienda\/ads-facebook\/facebook-ads-escaler-up\/\"]}]},{\"@type\":\"ImageObject\",\"inLanguage\":\"es\",\"@id\":\"https:\/\/kioongo.com\/marketing\/tienda\/ads-facebook\/facebook-ads-escaler-up\/#primaryimage\",\"url\":\"https:\/\/kioongo.com\/marketing\/wp-content\/uploads\/2022\/11\/24.jpg\",\"contentUrl\":\"https:\/\/kioongo.com\/marketing\/wp-content\/uploads\/2022\/11\/24.jpg\",\"width\":1080,\"height\":1080},{\"@type\":\"BreadcrumbList\",\"@id\":\"https:\/\/kioongo.com\/marketing\/tienda\/ads-facebook\/facebook-ads-escaler-up\/#breadcrumb\",\"itemListElement\":[{\"@type\":\"ListItem\",\"position\":1,\"name\":\"Portada\",\"item\":\"https:\/\/kioongo.com\/marketing\/\"},{\"@type\":\"ListItem\",\"position\":2,\"name\":\"Tienda\",\"item\":\"https:\/\/kioongo.com\/marketing\/tienda\/\"},{\"@type\":\"ListItem\",\"position\":3,\"name\":\"Facebook ADS &#8211; Escaler Up\"}]},{\"@type\":\"WebSite\",\"@id\":\"https:\/\/kioongo.com\/marketing\/#website\",\"url\":\"https:\/\/kioongo.com\/marketing\/\",\"name\":\"KMD: \u25b7Agencia de Marketing Digital by Kioongo\",\"description\":\"La Agencia de Marketing Digital en M\u00e9xico, que posiciona NEGOCIOS en internet con estrategias creativas para VENDER m\u00e1s con| BRAND | SEM | SEO | CRO | FUNNELS | WEB.\",\"publisher\":{\"@id\":\"https:\/\/kioongo.com\/marketing\/#organization\"},\"alternateName\":\"Agencia Marketing Digital \u25b7 KMD\",\"potentialAction\":[{\"@type\":\"SearchAction\",\"target\":{\"@type\":\"EntryPoint\",\"urlTemplate\":\"https:\/\/kioongo.com\/marketing\/?s={search_term_string}\"},\"query-input\":{\"@type\":\"PropertyValueSpecification\",\"valueRequired\":true,\"valueName\":\"search_term_string\"}}],\"inLanguage\":\"es\"},{\"@type\":[\"Organization\",\"Place\"],\"@id\":\"https:\/\/kioongo.com\/marketing\/#organization\",\"name\":\"KMD: \u25b7Agencia de Marketing Digital by Kioongo\",\"alternateName\":\"Agencia y Academia de Marketing Digital \u25b7 Kioongo KMD\",\"url\":\"https:\/\/kioongo.com\/marketing\/\",\"logo\":{\"@id\":\"https:\/\/kioongo.com\/marketing\/tienda\/ads-facebook\/facebook-ads-escaler-up\/#local-main-organization-logo\"},\"image\":{\"@id\":\"https:\/\/kioongo.com\/marketing\/tienda\/ads-facebook\/facebook-ads-escaler-up\/#local-main-organization-logo\"},\"openingHoursSpecification\":[{\"@type\":\"OpeningHoursSpecification\",\"dayOfWeek\":[\"Monday\",\"Tuesday\",\"Wednesday\",\"Thursday\",\"Friday\",\"Saturday\",\"Sunday\"],\"opens\":\"09:00\",\"closes\":\"17:00\"}]},{\"@type\":\"ImageObject\",\"inLanguage\":\"es\",\"@id\":\"https:\/\/kioongo.com\/marketing\/tienda\/ads-facebook\/facebook-ads-escaler-up\/#local-main-organization-logo\",\"url\":\"https:\/\/kioongo.com\/marketing\/wp-content\/uploads\/2022\/10\/kmd-kioongo-LOG-WEB.png\",\"contentUrl\":\"https:\/\/kioongo.com\/marketing\/wp-content\/uploads\/2022\/10\/kmd-kioongo-LOG-WEB.png\",\"width\":700,\"height\":200,\"caption\":\"KMD: \u25b7Agencia de Marketing Digital by Kioongo\"}]}<\/script>\n<!-- \/ Yoast SEO Premium plugin. -->","yoast_head_json":{"title":"Facebook ADS - Escaler Up -","description":"Facebook Ads permite realizar anuncios en los que se pueda interactuar. Se permite al usuario plantear dudas, sugerencias o comentarios sin m\u00e1s .","robots":{"index":"index","follow":"follow","max-snippet":"max-snippet:-1","max-image-preview":"max-image-preview:large","max-video-preview":"max-video-preview:-1"},"canonical":"https:\/\/kioongo.com\/marketing\/tienda\/ads-facebook\/facebook-ads-escaler-up\/","og_locale":"es_ES","og_type":"article","og_title":"Facebook ADS - Escaler Up","og_description":"Facebook Ads permite realizar anuncios en los que se pueda interactuar. Se permite al usuario plantear dudas, sugerencias o comentarios sin m\u00e1s .","og_url":"https:\/\/kioongo.com\/marketing\/tienda\/ads-facebook\/facebook-ads-escaler-up\/","og_site_name":"KMD: \u25b7Agencia de Marketing Digital by Kioongo","article_modified_time":"2024-02-23T18:22:04+00:00","og_image":[{"width":1080,"height":1080,"url":"https:\/\/kioongo.com\/marketing\/wp-content\/uploads\/2022\/11\/24.jpg","type":"image\/jpeg"}],"twitter_card":"summary_large_image","twitter_misc":{"Tiempo de lectura":"1 minuto"},"schema":{"@context":"https:\/\/schema.org","@graph":[{"@type":"WebPage","@id":"https:\/\/kioongo.com\/marketing\/tienda\/ads-facebook\/facebook-ads-escaler-up\/","url":"https:\/\/kioongo.com\/marketing\/tienda\/ads-facebook\/facebook-ads-escaler-up\/","name":"Facebook ADS - Escaler Up -","isPartOf":{"@id":"https:\/\/kioongo.com\/marketing\/#website"},"primaryImageOfPage":{"@id":"https:\/\/kioongo.com\/marketing\/tienda\/ads-facebook\/facebook-ads-escaler-up\/#primaryimage"},"image":{"@id":"https:\/\/kioongo.com\/marketing\/tienda\/ads-facebook\/facebook-ads-escaler-up\/#primaryimage"},"thumbnailUrl":"https:\/\/kioongo.com\/marketing\/wp-content\/uploads\/2022\/11\/24.jpg","datePublished":"2022-11-11T20:21:30+00:00","dateModified":"2024-02-23T18:22:04+00:00","description":"Facebook Ads permite realizar anuncios en los que se pueda interactuar. Se permite al usuario plantear dudas, sugerencias o comentarios sin m\u00e1s .","breadcrumb":{"@id":"https:\/\/kioongo.com\/marketing\/tienda\/ads-facebook\/facebook-ads-escaler-up\/#breadcrumb"},"inLanguage":"es","potentialAction":[{"@type":"ReadAction","target":["https:\/\/kioongo.com\/marketing\/tienda\/ads-facebook\/facebook-ads-escaler-up\/"]}]},{"@type":"ImageObject","inLanguage":"es","@id":"https:\/\/kioongo.com\/marketing\/tienda\/ads-facebook\/facebook-ads-escaler-up\/#primaryimage","url":"https:\/\/kioongo.com\/marketing\/wp-content\/uploads\/2022\/11\/24.jpg","contentUrl":"https:\/\/kioongo.com\/marketing\/wp-content\/uploads\/2022\/11\/24.jpg","width":1080,"height":1080},{"@type":"BreadcrumbList","@id":"https:\/\/kioongo.com\/marketing\/tienda\/ads-facebook\/facebook-ads-escaler-up\/#breadcrumb","itemListElement":[{"@type":"ListItem","position":1,"name":"Portada","item":"https:\/\/kioongo.com\/marketing\/"},{"@type":"ListItem","position":2,"name":"Tienda","item":"https:\/\/kioongo.com\/marketing\/tienda\/"},{"@type":"ListItem","position":3,"name":"Facebook ADS &#8211; Escaler Up"}]},{"@type":"WebSite","@id":"https:\/\/kioongo.com\/marketing\/#website","url":"https:\/\/kioongo.com\/marketing\/","name":"KMD: \u25b7Agencia de Marketing Digital by Kioongo","description":"La Agencia de Marketing Digital en M\u00e9xico, que posiciona NEGOCIOS en internet con estrategias creativas para VENDER m\u00e1s con| BRAND | SEM | SEO | CRO | FUNNELS | WEB.","publisher":{"@id":"https:\/\/kioongo.com\/marketing\/#organization"},"alternateName":"Agencia Marketing Digital \u25b7 KMD","potentialAction":[{"@type":"SearchAction","target":{"@type":"EntryPoint","urlTemplate":"https:\/\/kioongo.com\/marketing\/?s={search_term_string}"},"query-input":{"@type":"PropertyValueSpecification","valueRequired":true,"valueName":"search_term_string"}}],"inLanguage":"es"},{"@type":["Organization","Place"],"@id":"https:\/\/kioongo.com\/marketing\/#organization","name":"KMD: \u25b7Agencia de Marketing Digital by Kioongo","alternateName":"Agencia y Academia de Marketing Digital \u25b7 Kioongo KMD","url":"https:\/\/kioongo.com\/marketing\/","logo":{"@id":"https:\/\/kioongo.com\/marketing\/tienda\/ads-facebook\/facebook-ads-escaler-up\/#local-main-organization-logo"},"image":{"@id":"https:\/\/kioongo.com\/marketing\/tienda\/ads-facebook\/facebook-ads-escaler-up\/#local-main-organization-logo"},"openingHoursSpecification":[{"@type":"OpeningHoursSpecification","dayOfWeek":["Monday","Tuesday","Wednesday","Thursday","Friday","Saturday","Sunday"],"opens":"09:00","closes":"17:00"}]},{"@type":"ImageObject","inLanguage":"es","@id":"https:\/\/kioongo.com\/marketing\/tienda\/ads-facebook\/facebook-ads-escaler-up\/#local-main-organization-logo","url":"https:\/\/kioongo.com\/marketing\/wp-content\/uploads\/2022\/10\/kmd-kioongo-LOG-WEB.png","contentUrl":"https:\/\/kioongo.com\/marketing\/wp-content\/uploads\/2022\/10\/kmd-kioongo-LOG-WEB.png","width":700,"height":200,"caption":"KMD: \u25b7Agencia de Marketing Digital by Kioongo"}]}},"_links":{"self":[{"href":"https:\/\/kioongo.com\/marketing\/wp-json\/wp\/v2\/product\/19109","targetHints":{"allow":["GET"]}}],"collection":[{"href":"https:\/\/kioongo.com\/marketing\/wp-json\/wp\/v2\/product"}],"about":[{"href":"https:\/\/kioongo.com\/marketing\/wp-json\/wp\/v2\/types\/product"}],"replies":[{"embeddable":true,"href":"https:\/\/kioongo.com\/marketing\/wp-json\/wp\/v2\/comments?post=19109"}],"version-history":[{"count":1,"href":"https:\/\/kioongo.com\/marketing\/wp-json\/wp\/v2\/product\/19109\/revisions"}],"predecessor-version":[{"id":30509,"href":"https:\/\/kioongo.com\/marketing\/wp-json\/wp\/v2\/product\/19109\/revisions\/30509"}],"wp:featuredmedia":[{"embeddable":true,"href":"https:\/\/kioongo.com\/marketing\/wp-json\/wp\/v2\/media\/19111"}],"wp:attachment":[{"href":"https:\/\/kioongo.com\/marketing\/wp-json\/wp\/v2\/media?parent=19109"}],"wp:term":[{"taxonomy":"product_brand","embeddable":true,"href":"https:\/\/kioongo.com\/marketing\/wp-json\/wp\/v2\/product_brand?post=19109"},{"taxonomy":"product_cat","embeddable":true,"href":"https:\/\/kioongo.com\/marketing\/wp-json\/wp\/v2\/product_cat?post=19109"},{"taxonomy":"product_tag","embeddable":true,"href":"https:\/\/kioongo.com\/marketing\/wp-json\/wp\/v2\/product_tag?post=19109"}],"curies":[{"name":"wp","href":"https:\/\/api.w.org\/{rel}","templated":true}]}}