{"id":19122,"date":"2022-11-14T13:34:43","date_gmt":"2022-11-14T19:34:43","guid":{"rendered":"https:\/\/kioongo.com\/marketing\/?post_type=product&#038;p=19122"},"modified":"2024-02-26T17:12:38","modified_gmt":"2024-02-26T23:12:38","slug":"videofilm-start-up-one-time","status":"publish","type":"product","link":"https:\/\/kioongo.com\/marketing\/tienda\/produccion-audio-visual-publicitaria\/videofilm-start-up-one-time\/","title":{"rendered":"VIDEOFILM  PUBLICITARIO (START UP-ONE TIME)"},"content":{"rendered":"<p>Este producto te garantiza las ventajas de un video film publicitario el cual impulsara a tu marca o negocio al grado que tanto deseas, si lo que buscas es tener una calidad de v\u00eddeo excelente pero no tienes el personal suficiente para cumplir con ello ,no te preocupes, el servicio de VIDEO FILM PUBLICITARIO (START UP-ONE TIME) \u00a0es para ti, nuestro equipo de producci\u00f3n audiovisual tiene los conocimientos adecuados en ese aspecto por lo que te presentaremos resultados con una excelente calidad visual.<\/p>\n","protected":false},"excerpt":{"rendered":"<ul>\n<li>Duraci\u00f3n del video selecto: 30 Segundos<\/li>\n<li>Voz en OFF (extra): 30 Segundos $4,999<\/li>\n<li>2 Nuggets<\/li>\n<li>1 Hora de Grabaci\u00f3n Entregable<\/li>\n<li>1 Jornada Completa (1 D\u00cdA) M\u00c1S VI\u00c1TICOS<\/li>\n<li>4 Horas de Jornada<\/li>\n<\/ul>\n<p>CANCELA CUANDO QUIERAS<\/p>\n","protected":false},"featured_media":19130,"comment_status":"open","ping_status":"closed","template":"","meta":{"site-sidebar-layout":"default","site-content-layout":"default","ast-site-content-layout":"default","site-content-style":"default","site-sidebar-style":"default","ast-global-header-display":"","ast-banner-title-visibility":"","ast-main-header-display":"","ast-hfb-above-header-display":"","ast-hfb-below-header-display":"","ast-hfb-mobile-header-display":"","site-post-title":"","ast-breadcrumbs-content":"","ast-featured-img":"","footer-sml-layout":"","ast-disable-related-posts":"","theme-transparent-header-meta":"default","adv-header-id-meta":"","stick-header-meta":"","header-above-stick-meta":"","header-main-stick-meta":"","header-below-stick-meta":"","astra-migrate-meta-layouts":"default","ast-page-background-enabled":"default","ast-page-background-meta":{"desktop":{"background-color":"var(--ast-global-color-4)","background-image":"","background-repeat":"repeat","background-position":"center center","background-size":"auto","background-attachment":"scroll","background-type":"","background-media":"","overlay-type":"","overlay-color":"","overlay-opacity":"","overlay-gradient":""},"tablet":{"background-color":"","background-image":"","background-repeat":"repeat","background-position":"center center","background-size":"auto","background-attachment":"scroll","background-type":"","background-media":"","overlay-type":"","overlay-color":"","overlay-opacity":"","overlay-gradient":""},"mobile":{"background-color":"","background-image":"","background-repeat":"repeat","background-position":"center center","background-size":"auto","background-attachment":"scroll","background-type":"","background-media":"","overlay-type":"","overlay-color":"","overlay-opacity":"","overlay-gradient":""}},"ast-content-background-meta":{"desktop":{"background-color":"var(--ast-global-color-5)","background-image":"","background-repeat":"repeat","background-position":"center center","background-size":"auto","background-attachment":"scroll","background-type":"","background-media":"","overlay-type":"","overlay-color":"","overlay-opacity":"","overlay-gradient":""},"tablet":{"background-color":"var(--ast-global-color-5)","background-image":"","background-repeat":"repeat","background-position":"center center","background-size":"auto","background-attachment":"scroll","background-type":"","background-media":"","overlay-type":"","overlay-color":"","overlay-opacity":"","overlay-gradient":""},"mobile":{"background-color":"var(--ast-global-color-5)","background-image":"","background-repeat":"repeat","background-position":"center center","background-size":"auto","background-attachment":"scroll","background-type":"","background-media":"","overlay-type":"","overlay-color":"","overlay-opacity":"","overlay-gradient":""}},"_joinchat":[]},"product_brand":[],"product_cat":[128],"product_tag":[],"class_list":{"0":"post-19122","1":"product","2":"type-product","3":"status-publish","4":"has-post-thumbnail","6":"product_cat-produccion-audio-visual-publicitaria","7":"desktop-align-left","8":"tablet-align-left","9":"mobile-align-left","10":"ast-product-gallery-layout-horizontal-slider","11":"ast-product-gallery-with-no-image","12":"ast-product-tabs-layout-vertical","14":"first","15":"instock","16":"virtual","17":"taxable","18":"purchasable","19":"product-type-simple"},"yoast_head":"<!-- This site is optimized with the Yoast SEO Premium plugin v20.4 (Yoast SEO v25.5) - https:\/\/yoast.com\/wordpress\/plugins\/seo\/ -->\n<title>VIDEOFILM PUBLICITARIO (START UP-ONE TIME) KMD: \u25b7Agencia de Marketing Digital by Kioongo<\/title>\n<meta name=\"description\" content=\"Prueba ya nuestro servicio de fotograf\u00eda, video y entrevista, disfruta las ventajas que le proporcionara al desarrollo de tu marca o negocio, vis\u00edtanos.\" \/>\n<meta name=\"robots\" content=\"index, follow, max-snippet:-1, max-image-preview:large, max-video-preview:-1\" \/>\n<link rel=\"canonical\" href=\"https:\/\/kioongo.com\/marketing\/tienda\/produccion-audio-visual-publicitaria\/videofilm-start-up-one-time\/\" \/>\n<meta property=\"og:locale\" content=\"es_ES\" \/>\n<meta property=\"og:type\" content=\"article\" \/>\n<meta property=\"og:title\" content=\"VIDEOFILM PUBLICITARIO (START UP-ONE TIME)\" \/>\n<meta property=\"og:description\" content=\"Prueba ya nuestro servicio de fotograf\u00eda, video y entrevista, disfruta las ventajas que le proporcionara al desarrollo de tu marca o negocio, vis\u00edtanos.\" \/>\n<meta property=\"og:url\" content=\"https:\/\/kioongo.com\/marketing\/tienda\/produccion-audio-visual-publicitaria\/videofilm-start-up-one-time\/\" \/>\n<meta property=\"og:site_name\" content=\"KMD: \u25b7Agencia de Marketing Digital by Kioongo\" \/>\n<meta property=\"article:modified_time\" content=\"2024-02-26T23:12:38+00:00\" \/>\n<meta property=\"og:image\" content=\"https:\/\/kioongo.com\/marketing\/wp-content\/uploads\/2022\/11\/43.jpg\" \/>\n\t<meta property=\"og:image:width\" content=\"1025\" \/>\n\t<meta property=\"og:image:height\" content=\"1025\" \/>\n\t<meta property=\"og:image:type\" content=\"image\/jpeg\" \/>\n<meta name=\"twitter:card\" content=\"summary_large_image\" \/>\n<meta name=\"twitter:label1\" content=\"Tiempo de lectura\" \/>\n\t<meta name=\"twitter:data1\" content=\"1 minuto\" \/>\n<script type=\"application\/ld+json\" class=\"yoast-schema-graph\">{\"@context\":\"https:\/\/schema.org\",\"@graph\":[{\"@type\":\"WebPage\",\"@id\":\"https:\/\/kioongo.com\/marketing\/tienda\/produccion-audio-visual-publicitaria\/videofilm-start-up-one-time\/\",\"url\":\"https:\/\/kioongo.com\/marketing\/tienda\/produccion-audio-visual-publicitaria\/videofilm-start-up-one-time\/\",\"name\":\"VIDEOFILM PUBLICITARIO (START UP-ONE TIME) KMD: \u25b7Agencia de Marketing Digital by Kioongo\",\"isPartOf\":{\"@id\":\"https:\/\/kioongo.com\/marketing\/#website\"},\"primaryImageOfPage\":{\"@id\":\"https:\/\/kioongo.com\/marketing\/tienda\/produccion-audio-visual-publicitaria\/videofilm-start-up-one-time\/#primaryimage\"},\"image\":{\"@id\":\"https:\/\/kioongo.com\/marketing\/tienda\/produccion-audio-visual-publicitaria\/videofilm-start-up-one-time\/#primaryimage\"},\"thumbnailUrl\":\"https:\/\/kioongo.com\/marketing\/wp-content\/uploads\/2022\/11\/43.jpg\",\"datePublished\":\"2022-11-14T19:34:43+00:00\",\"dateModified\":\"2024-02-26T23:12:38+00:00\",\"description\":\"Prueba ya nuestro servicio de fotograf\u00eda, video y entrevista, disfruta las ventajas que le proporcionara al desarrollo de tu marca o negocio, vis\u00edtanos.\",\"breadcrumb\":{\"@id\":\"https:\/\/kioongo.com\/marketing\/tienda\/produccion-audio-visual-publicitaria\/videofilm-start-up-one-time\/#breadcrumb\"},\"inLanguage\":\"es\",\"potentialAction\":[{\"@type\":\"ReadAction\",\"target\":[\"https:\/\/kioongo.com\/marketing\/tienda\/produccion-audio-visual-publicitaria\/videofilm-start-up-one-time\/\"]}]},{\"@type\":\"ImageObject\",\"inLanguage\":\"es\",\"@id\":\"https:\/\/kioongo.com\/marketing\/tienda\/produccion-audio-visual-publicitaria\/videofilm-start-up-one-time\/#primaryimage\",\"url\":\"https:\/\/kioongo.com\/marketing\/wp-content\/uploads\/2022\/11\/43.jpg\",\"contentUrl\":\"https:\/\/kioongo.com\/marketing\/wp-content\/uploads\/2022\/11\/43.jpg\",\"width\":1025,\"height\":1025,\"caption\":\"v\u00eddeofilm\"},{\"@type\":\"BreadcrumbList\",\"@id\":\"https:\/\/kioongo.com\/marketing\/tienda\/produccion-audio-visual-publicitaria\/videofilm-start-up-one-time\/#breadcrumb\",\"itemListElement\":[{\"@type\":\"ListItem\",\"position\":1,\"name\":\"Portada\",\"item\":\"https:\/\/kioongo.com\/marketing\/\"},{\"@type\":\"ListItem\",\"position\":2,\"name\":\"Tienda\",\"item\":\"https:\/\/kioongo.com\/marketing\/tienda\/\"},{\"@type\":\"ListItem\",\"position\":3,\"name\":\"VIDEOFILM PUBLICITARIO (START UP-ONE TIME)\"}]},{\"@type\":\"WebSite\",\"@id\":\"https:\/\/kioongo.com\/marketing\/#website\",\"url\":\"https:\/\/kioongo.com\/marketing\/\",\"name\":\"KMD: \u25b7Agencia de Marketing Digital by Kioongo\",\"description\":\"La Agencia de Marketing Digital en M\u00e9xico, que posiciona NEGOCIOS en internet con estrategias creativas para VENDER m\u00e1s con| BRAND | SEM | SEO | CRO | FUNNELS | WEB.\",\"publisher\":{\"@id\":\"https:\/\/kioongo.com\/marketing\/#organization\"},\"alternateName\":\"Agencia Marketing Digital \u25b7 KMD\",\"potentialAction\":[{\"@type\":\"SearchAction\",\"target\":{\"@type\":\"EntryPoint\",\"urlTemplate\":\"https:\/\/kioongo.com\/marketing\/?s={search_term_string}\"},\"query-input\":{\"@type\":\"PropertyValueSpecification\",\"valueRequired\":true,\"valueName\":\"search_term_string\"}}],\"inLanguage\":\"es\"},{\"@type\":[\"Organization\",\"Place\"],\"@id\":\"https:\/\/kioongo.com\/marketing\/#organization\",\"name\":\"KMD: \u25b7Agencia de Marketing Digital by Kioongo\",\"alternateName\":\"Agencia y Academia de Marketing Digital \u25b7 Kioongo KMD\",\"url\":\"https:\/\/kioongo.com\/marketing\/\",\"logo\":{\"@id\":\"https:\/\/kioongo.com\/marketing\/tienda\/produccion-audio-visual-publicitaria\/videofilm-start-up-one-time\/#local-main-organization-logo\"},\"image\":{\"@id\":\"https:\/\/kioongo.com\/marketing\/tienda\/produccion-audio-visual-publicitaria\/videofilm-start-up-one-time\/#local-main-organization-logo\"},\"openingHoursSpecification\":[{\"@type\":\"OpeningHoursSpecification\",\"dayOfWeek\":[\"Monday\",\"Tuesday\",\"Wednesday\",\"Thursday\",\"Friday\",\"Saturday\",\"Sunday\"],\"opens\":\"09:00\",\"closes\":\"17:00\"}]},{\"@type\":\"ImageObject\",\"inLanguage\":\"es\",\"@id\":\"https:\/\/kioongo.com\/marketing\/tienda\/produccion-audio-visual-publicitaria\/videofilm-start-up-one-time\/#local-main-organization-logo\",\"url\":\"https:\/\/kioongo.com\/marketing\/wp-content\/uploads\/2022\/10\/kmd-kioongo-LOG-WEB.png\",\"contentUrl\":\"https:\/\/kioongo.com\/marketing\/wp-content\/uploads\/2022\/10\/kmd-kioongo-LOG-WEB.png\",\"width\":700,\"height\":200,\"caption\":\"KMD: \u25b7Agencia de Marketing Digital by Kioongo\"}]}<\/script>\n<!-- \/ Yoast SEO Premium plugin. -->","yoast_head_json":{"title":"VIDEOFILM PUBLICITARIO (START UP-ONE TIME) KMD: \u25b7Agencia de Marketing Digital by Kioongo","description":"Prueba ya nuestro servicio de fotograf\u00eda, video y entrevista, disfruta las ventajas que le proporcionara al desarrollo de tu marca o negocio, vis\u00edtanos.","robots":{"index":"index","follow":"follow","max-snippet":"max-snippet:-1","max-image-preview":"max-image-preview:large","max-video-preview":"max-video-preview:-1"},"canonical":"https:\/\/kioongo.com\/marketing\/tienda\/produccion-audio-visual-publicitaria\/videofilm-start-up-one-time\/","og_locale":"es_ES","og_type":"article","og_title":"VIDEOFILM PUBLICITARIO (START UP-ONE TIME)","og_description":"Prueba ya nuestro servicio de fotograf\u00eda, video y entrevista, disfruta las ventajas que le proporcionara al desarrollo de tu marca o negocio, vis\u00edtanos.","og_url":"https:\/\/kioongo.com\/marketing\/tienda\/produccion-audio-visual-publicitaria\/videofilm-start-up-one-time\/","og_site_name":"KMD: \u25b7Agencia de Marketing Digital by Kioongo","article_modified_time":"2024-02-26T23:12:38+00:00","og_image":[{"width":1025,"height":1025,"url":"https:\/\/kioongo.com\/marketing\/wp-content\/uploads\/2022\/11\/43.jpg","type":"image\/jpeg"}],"twitter_card":"summary_large_image","twitter_misc":{"Tiempo de lectura":"1 minuto"},"schema":{"@context":"https:\/\/schema.org","@graph":[{"@type":"WebPage","@id":"https:\/\/kioongo.com\/marketing\/tienda\/produccion-audio-visual-publicitaria\/videofilm-start-up-one-time\/","url":"https:\/\/kioongo.com\/marketing\/tienda\/produccion-audio-visual-publicitaria\/videofilm-start-up-one-time\/","name":"VIDEOFILM PUBLICITARIO (START UP-ONE TIME) KMD: \u25b7Agencia de Marketing Digital by Kioongo","isPartOf":{"@id":"https:\/\/kioongo.com\/marketing\/#website"},"primaryImageOfPage":{"@id":"https:\/\/kioongo.com\/marketing\/tienda\/produccion-audio-visual-publicitaria\/videofilm-start-up-one-time\/#primaryimage"},"image":{"@id":"https:\/\/kioongo.com\/marketing\/tienda\/produccion-audio-visual-publicitaria\/videofilm-start-up-one-time\/#primaryimage"},"thumbnailUrl":"https:\/\/kioongo.com\/marketing\/wp-content\/uploads\/2022\/11\/43.jpg","datePublished":"2022-11-14T19:34:43+00:00","dateModified":"2024-02-26T23:12:38+00:00","description":"Prueba ya nuestro servicio de fotograf\u00eda, video y entrevista, disfruta las ventajas que le proporcionara al desarrollo de tu marca o negocio, vis\u00edtanos.","breadcrumb":{"@id":"https:\/\/kioongo.com\/marketing\/tienda\/produccion-audio-visual-publicitaria\/videofilm-start-up-one-time\/#breadcrumb"},"inLanguage":"es","potentialAction":[{"@type":"ReadAction","target":["https:\/\/kioongo.com\/marketing\/tienda\/produccion-audio-visual-publicitaria\/videofilm-start-up-one-time\/"]}]},{"@type":"ImageObject","inLanguage":"es","@id":"https:\/\/kioongo.com\/marketing\/tienda\/produccion-audio-visual-publicitaria\/videofilm-start-up-one-time\/#primaryimage","url":"https:\/\/kioongo.com\/marketing\/wp-content\/uploads\/2022\/11\/43.jpg","contentUrl":"https:\/\/kioongo.com\/marketing\/wp-content\/uploads\/2022\/11\/43.jpg","width":1025,"height":1025,"caption":"v\u00eddeofilm"},{"@type":"BreadcrumbList","@id":"https:\/\/kioongo.com\/marketing\/tienda\/produccion-audio-visual-publicitaria\/videofilm-start-up-one-time\/#breadcrumb","itemListElement":[{"@type":"ListItem","position":1,"name":"Portada","item":"https:\/\/kioongo.com\/marketing\/"},{"@type":"ListItem","position":2,"name":"Tienda","item":"https:\/\/kioongo.com\/marketing\/tienda\/"},{"@type":"ListItem","position":3,"name":"VIDEOFILM PUBLICITARIO (START UP-ONE TIME)"}]},{"@type":"WebSite","@id":"https:\/\/kioongo.com\/marketing\/#website","url":"https:\/\/kioongo.com\/marketing\/","name":"KMD: \u25b7Agencia de Marketing Digital by Kioongo","description":"La Agencia de Marketing Digital en M\u00e9xico, que posiciona NEGOCIOS en internet con estrategias creativas para VENDER m\u00e1s con| BRAND | SEM | SEO | CRO | FUNNELS | WEB.","publisher":{"@id":"https:\/\/kioongo.com\/marketing\/#organization"},"alternateName":"Agencia Marketing Digital \u25b7 KMD","potentialAction":[{"@type":"SearchAction","target":{"@type":"EntryPoint","urlTemplate":"https:\/\/kioongo.com\/marketing\/?s={search_term_string}"},"query-input":{"@type":"PropertyValueSpecification","valueRequired":true,"valueName":"search_term_string"}}],"inLanguage":"es"},{"@type":["Organization","Place"],"@id":"https:\/\/kioongo.com\/marketing\/#organization","name":"KMD: \u25b7Agencia de Marketing Digital by Kioongo","alternateName":"Agencia y Academia de Marketing Digital \u25b7 Kioongo KMD","url":"https:\/\/kioongo.com\/marketing\/","logo":{"@id":"https:\/\/kioongo.com\/marketing\/tienda\/produccion-audio-visual-publicitaria\/videofilm-start-up-one-time\/#local-main-organization-logo"},"image":{"@id":"https:\/\/kioongo.com\/marketing\/tienda\/produccion-audio-visual-publicitaria\/videofilm-start-up-one-time\/#local-main-organization-logo"},"openingHoursSpecification":[{"@type":"OpeningHoursSpecification","dayOfWeek":["Monday","Tuesday","Wednesday","Thursday","Friday","Saturday","Sunday"],"opens":"09:00","closes":"17:00"}]},{"@type":"ImageObject","inLanguage":"es","@id":"https:\/\/kioongo.com\/marketing\/tienda\/produccion-audio-visual-publicitaria\/videofilm-start-up-one-time\/#local-main-organization-logo","url":"https:\/\/kioongo.com\/marketing\/wp-content\/uploads\/2022\/10\/kmd-kioongo-LOG-WEB.png","contentUrl":"https:\/\/kioongo.com\/marketing\/wp-content\/uploads\/2022\/10\/kmd-kioongo-LOG-WEB.png","width":700,"height":200,"caption":"KMD: \u25b7Agencia de Marketing Digital by Kioongo"}]}},"_links":{"self":[{"href":"https:\/\/kioongo.com\/marketing\/wp-json\/wp\/v2\/product\/19122","targetHints":{"allow":["GET"]}}],"collection":[{"href":"https:\/\/kioongo.com\/marketing\/wp-json\/wp\/v2\/product"}],"about":[{"href":"https:\/\/kioongo.com\/marketing\/wp-json\/wp\/v2\/types\/product"}],"replies":[{"embeddable":true,"href":"https:\/\/kioongo.com\/marketing\/wp-json\/wp\/v2\/comments?post=19122"}],"version-history":[{"count":1,"href":"https:\/\/kioongo.com\/marketing\/wp-json\/wp\/v2\/product\/19122\/revisions"}],"predecessor-version":[{"id":30749,"href":"https:\/\/kioongo.com\/marketing\/wp-json\/wp\/v2\/product\/19122\/revisions\/30749"}],"wp:featuredmedia":[{"embeddable":true,"href":"https:\/\/kioongo.com\/marketing\/wp-json\/wp\/v2\/media\/19130"}],"wp:attachment":[{"href":"https:\/\/kioongo.com\/marketing\/wp-json\/wp\/v2\/media?parent=19122"}],"wp:term":[{"taxonomy":"product_brand","embeddable":true,"href":"https:\/\/kioongo.com\/marketing\/wp-json\/wp\/v2\/product_brand?post=19122"},{"taxonomy":"product_cat","embeddable":true,"href":"https:\/\/kioongo.com\/marketing\/wp-json\/wp\/v2\/product_cat?post=19122"},{"taxonomy":"product_tag","embeddable":true,"href":"https:\/\/kioongo.com\/marketing\/wp-json\/wp\/v2\/product_tag?post=19122"}],"curies":[{"name":"wp","href":"https:\/\/api.w.org\/{rel}","templated":true}]}}