{"id":20915,"date":"2022-11-30T15:14:36","date_gmt":"2022-11-30T21:14:36","guid":{"rendered":"https:\/\/kioongo.com\/marketing\/?post_type=product&#038;p=20915"},"modified":"2022-11-30T15:18:32","modified_gmt":"2022-11-30T21:18:32","slug":"publicidad-en-google-ads-1-anuncio-de-display","status":"publish","type":"product","link":"https:\/\/kioongo.com\/marketing\/tienda\/publicidad-en-google-ads\/publicidad-en-google-ads-1-anuncio-de-display\/","title":{"rendered":"Publicidad en Google Ads 1 Anuncio de DISPLAY"},"content":{"rendered":"<div class=\"elementor-element elementor-element-2524c8d3 elementor-widget elementor-widget-heading\" data-id=\"2524c8d3\" data-element_type=\"widget\" data-widget_type=\"heading.default\">\n<div class=\"elementor-widget-container\">\n<p><strong>1 campa\u00f1a<\/strong><\/p>\n<ul>\n<li>Dise\u00f1o gr\u00e1fico del anuncio<\/li>\n<li>Definici\u00f3n de objetivo<\/li>\n<li>B\u00fasqueda de palabras clave para tu negocio<\/li>\n<li>Dise\u00f1o de copy<\/li>\n<li>Segmentaci\u00f3n<\/li>\n<li>Lanzamiento y monitoreo de campa\u00f1a Max 30 d\u00edas<\/li>\n<li>Asesor de go digital<\/li>\n<li>Reporte de resultados<\/li>\n<\/ul>\n<p><em>El <strong>Presupuesto<\/strong> de <strong>Google lo define el cliente<\/strong>, go digital realizar\u00e1 una propuesta de <strong>inversi\u00f3n no incluida<\/strong><\/em><\/p>\n<h2 class=\"elementor-heading-title elementor-size-default\">\u00bfQu\u00e9 incluye?<\/h2>\n<\/div>\n<\/div>\n<section class=\"elementor-section elementor-inner-section elementor-element elementor-element-38b9e4ef elementor-section-boxed elementor-section-height-default elementor-section-height-default\" data-id=\"38b9e4ef\" data-element_type=\"section\" data-settings=\"{&quot;_ha_eqh_enable&quot;:false}\">\n<div class=\"elementor-container elementor-column-gap-default\">\n<div class=\"elementor-column elementor-col-50 elementor-inner-column elementor-element elementor-element-2843030d\" data-id=\"2843030d\" data-element_type=\"column\">\n<div class=\"elementor-widget-wrap elementor-element-populated\">\n<div class=\"elementor-element elementor-element-17884b44 elementor-view-default elementor-position-top elementor-vertical-align-top elementor-widget elementor-widget-icon-box\" data-id=\"17884b44\" data-element_type=\"widget\" data-widget_type=\"icon-box.default\">\n<div class=\"elementor-widget-container\">\n<div class=\"elementor-icon-box-wrapper\">\n<div class=\"elementor-icon-box-icon\"><\/div>\n<div class=\"elementor-icon-box-content\">\n<h3 class=\"elementor-icon-box-title\">Segmentaci\u00f3n<\/h3>\n<p class=\"elementor-icon-box-description\">Escuchamos las necesidades de tu negocio para poder definir el objetivo de la campa\u00f1a y segmentar los esfuerzos a una ubicaci\u00f3n geogr\u00e1fica y caracter\u00edsticas del cliente ideal, junto con la ayuda de un experto.<\/p>\n<\/div>\n<\/div>\n<\/div>\n<\/div>\n<\/div>\n<\/div>\n<div class=\"elementor-column elementor-col-50 elementor-inner-column elementor-element elementor-element-6f6011ae\" data-id=\"6f6011ae\" data-element_type=\"column\">\n<div class=\"elementor-widget-wrap elementor-element-populated\">\n<div class=\"elementor-element elementor-element-22d79945 elementor-view-default elementor-position-top elementor-vertical-align-top elementor-widget elementor-widget-icon-box\" data-id=\"22d79945\" data-element_type=\"widget\" data-widget_type=\"icon-box.default\">\n<div class=\"elementor-widget-container\">\n<div class=\"elementor-icon-box-wrapper\">\n<div class=\"elementor-icon-box-icon\"><\/div>\n<div class=\"elementor-icon-box-content\">\n<h3 class=\"elementor-icon-box-title\">Dise\u00f1o<\/h3>\n<p class=\"elementor-icon-box-description\">Generamos el dise\u00f1o del anuncio publicitario que circulara en Google este puede ser imagen o video adem\u00e1s incluimos el copy del anuncio<br \/>\n(seg\u00fan el tipo de anuncio)<\/p>\n<\/div>\n<\/div>\n<\/div>\n<\/div>\n<\/div>\n<\/div>\n<\/div>\n<\/section>\n<section class=\"elementor-section elementor-inner-section elementor-element elementor-element-2b2c71e7 elementor-section-boxed elementor-section-height-default elementor-section-height-default\" data-id=\"2b2c71e7\" data-element_type=\"section\" data-settings=\"{&quot;_ha_eqh_enable&quot;:false}\">\n<div class=\"elementor-container elementor-column-gap-default\">\n<div class=\"elementor-column elementor-col-50 elementor-inner-column elementor-element elementor-element-5c4d6d47\" data-id=\"5c4d6d47\" data-element_type=\"column\">\n<div class=\"elementor-widget-wrap elementor-element-populated\">\n<div class=\"elementor-element elementor-element-73817a1d elementor-view-default elementor-position-top elementor-vertical-align-top elementor-widget elementor-widget-icon-box\" data-id=\"73817a1d\" data-element_type=\"widget\" data-widget_type=\"icon-box.default\">\n<div class=\"elementor-widget-container\">\n<div class=\"elementor-icon-box-wrapper\">\n<div class=\"elementor-icon-box-icon\"><\/div>\n<div class=\"elementor-icon-box-content\">\n<h3 class=\"elementor-icon-box-title\">Lanzamiento<\/h3>\n<p class=\"elementor-icon-box-description\">Una vez que\u00a0<b>hayas decidido el presupuesto<\/b>\u00a0asignado as\u00ed como la duraci\u00f3n de la campa\u00f1a pondremos en circulaci\u00f3n el anuncio en el que estaremos midiendo el rendimiento durante un per\u00edodo m\u00e1ximo de 30 d\u00edas por campa\u00f1a Todo el tiempo te estaremos haciendo propuestas de presupuesto y rendimiento<\/p>\n<\/div>\n<\/div>\n<\/div>\n<\/div>\n<\/div>\n<\/div>\n<div class=\"elementor-column elementor-col-50 elementor-inner-column elementor-element elementor-element-267a2e71\" data-id=\"267a2e71\" data-element_type=\"column\">\n<div class=\"elementor-widget-wrap elementor-element-populated\">\n<div class=\"elementor-element elementor-element-2bbcc69d elementor-view-default elementor-position-top elementor-vertical-align-top elementor-widget elementor-widget-icon-box\" data-id=\"2bbcc69d\" data-element_type=\"widget\" data-widget_type=\"icon-box.default\">\n<div class=\"elementor-widget-container\">\n<div class=\"elementor-icon-box-wrapper\">\n<div class=\"elementor-icon-box-icon\"><\/div>\n<div class=\"elementor-icon-box-content\">\n<h3 class=\"elementor-icon-box-title\">Reporte<\/h3>\n<p class=\"elementor-icon-box-description\">Creada la campa\u00f1a enviaremos un reporte con los resultados obtenidos para que maximicen el conocimiento de tu negocio y de tu audiencia.<\/p>\n<\/div>\n<\/div>\n<\/div>\n<\/div>\n<\/div>\n<\/div>\n<\/div>\n<\/section>\n<div class=\"elementor-element elementor-element-19502e9b elementor-widget elementor-widget-heading\" data-id=\"19502e9b\" data-element_type=\"widget\" data-widget_type=\"heading.default\">\n<div class=\"elementor-widget-container\">\n<h2 class=\"elementor-heading-title elementor-size-default\">PRESUPUESTO M\u00cdNIMO SUGERIDO DE INVERSI\u00d3N DIARIA:\u00a0<b>$99 MXN<\/b><\/h2>\n<\/div>\n<\/div>\n<div id=\"WRWHOISInstalled\" style=\"display: none;\"><\/div>\n<div id=\"WRWHOISInstalled\" style=\"display: none;\"><\/div>\n<div id=\"WRWHOISInstalled\" style=\"display: none;\"><\/div>\n<div id=\"WRWHOISInstalled\" style=\"display: none;\"><\/div>\n<div id=\"WRWHOISInstalled\" style=\"display: none;\"><\/div>\n<div id=\"WRWHOISInstalled\" style=\"display: none;\"><\/div>\n<div id=\"WRWHOISInstalled\" style=\"display: none;\"><\/div>\n<div id=\"WRWHOISInstalled\" style=\"display: none;\"><\/div>\n<div id=\"WRWHOISInstalled\" style=\"display: none;\"><\/div>\n<div id=\"WRWHOISInstalled\" style=\"display: none;\"><\/div>\n<div id=\"WRWHOISInstalled\" style=\"display: none;\"><\/div>\n<div id=\"WRWHOISInstalled\" style=\"display: none;\"><\/div>\n<div id=\"WRWHOISInstalled\" style=\"display: none;\"><\/div>\n<div id=\"WRWHOISInstalled\" style=\"display: none;\"><\/div>\n","protected":false},"excerpt":{"rendered":"<p><strong>1 campa\u00f1a<\/strong><\/p>\n<ul>\n<li>Dise\u00f1o gr\u00e1fico del anuncio<\/li>\n<li>Definici\u00f3n de objetivo<\/li>\n<li>B\u00fasqueda de palabras clave para tu negocio<\/li>\n<li>Dise\u00f1o de copy<\/li>\n<li>Segmentaci\u00f3n<\/li>\n<li>Lanzamiento y monitoreo de campa\u00f1a Max 30 d\u00edas<\/li>\n<li>Asesor de go digital<\/li>\n<li>Reporte de resultados<\/li>\n<\/ul>\n<p><em>El <strong>Presupuesto<\/strong> de <strong>Google lo define el cliente<\/strong>, go digital realizar\u00e1 una propuesta de <strong>inversi\u00f3n no incluida<\/strong><\/em><\/p>\n<div id=\"WRWHOISInstalled\" style=\"display: none;\"><\/div>\n<div id=\"WRWHOISInstalled\" style=\"display: none;\"><\/div>\n<div id=\"WRWHOISInstalled\" style=\"display: none;\"><\/div>\n<div id=\"WRWHOISInstalled\" style=\"display: none;\"><\/div>\n<div id=\"WRWHOISInstalled\" style=\"display: none;\"><\/div>\n<div id=\"WRWHOISInstalled\" style=\"display: none;\"><\/div>\n<div id=\"WRWHOISInstalled\" style=\"display: none;\"><\/div>\n<div id=\"WRWHOISInstalled\" style=\"display: none;\"><\/div>\n<div id=\"WRWHOISInstalled\" style=\"display: none;\"><\/div>\n<div id=\"WRWHOISInstalled\" style=\"display: none;\"><\/div>\n<div id=\"WRWHOISInstalled\" style=\"display: none;\"><\/div>\n<div id=\"WRWHOISInstalled\" style=\"display: none;\"><\/div>\n<div id=\"WRWHOISInstalled\" style=\"display: none;\"><\/div>\n<div id=\"WRWHOISInstalled\" style=\"display: none;\"><\/div>\n","protected":false},"featured_media":20950,"comment_status":"open","ping_status":"closed","template":"","meta":{"site-sidebar-layout":"default","site-content-layout":"default","ast-site-content-layout":"default","site-content-style":"default","site-sidebar-style":"default","ast-global-header-display":"","ast-banner-title-visibility":"","ast-main-header-display":"","ast-hfb-above-header-display":"","ast-hfb-below-header-display":"","ast-hfb-mobile-header-display":"","site-post-title":"","ast-breadcrumbs-content":"","ast-featured-img":"","footer-sml-layout":"","ast-disable-related-posts":"","theme-transparent-header-meta":"default","adv-header-id-meta":"","stick-header-meta":"default","header-above-stick-meta":"","header-main-stick-meta":"","header-below-stick-meta":"","astra-migrate-meta-layouts":"default","ast-page-background-enabled":"default","ast-page-background-meta":{"desktop":{"background-color":"var(--ast-global-color-4)","background-image":"","background-repeat":"repeat","background-position":"center center","background-size":"auto","background-attachment":"scroll","background-type":"","background-media":"","overlay-type":"","overlay-color":"","overlay-opacity":"","overlay-gradient":""},"tablet":{"background-color":"","background-image":"","background-repeat":"repeat","background-position":"center center","background-size":"auto","background-attachment":"scroll","background-type":"","background-media":"","overlay-type":"","overlay-color":"","overlay-opacity":"","overlay-gradient":""},"mobile":{"background-color":"","background-image":"","background-repeat":"repeat","background-position":"center center","background-size":"auto","background-attachment":"scroll","background-type":"","background-media":"","overlay-type":"","overlay-color":"","overlay-opacity":"","overlay-gradient":""}},"ast-content-background-meta":{"desktop":{"background-color":"var(--ast-global-color-5)","background-image":"","background-repeat":"repeat","background-position":"center center","background-size":"auto","background-attachment":"scroll","background-type":"","background-media":"","overlay-type":"","overlay-color":"","overlay-opacity":"","overlay-gradient":""},"tablet":{"background-color":"var(--ast-global-color-5)","background-image":"","background-repeat":"repeat","background-position":"center center","background-size":"auto","background-attachment":"scroll","background-type":"","background-media":"","overlay-type":"","overlay-color":"","overlay-opacity":"","overlay-gradient":""},"mobile":{"background-color":"var(--ast-global-color-5)","background-image":"","background-repeat":"repeat","background-position":"center center","background-size":"auto","background-attachment":"scroll","background-type":"","background-media":"","overlay-type":"","overlay-color":"","overlay-opacity":"","overlay-gradient":""}},"_joinchat":[]},"product_brand":[],"product_cat":[949],"product_tag":[956,952,953,954,955],"class_list":{"0":"post-20915","1":"product","2":"type-product","3":"status-publish","4":"has-post-thumbnail","6":"product_cat-publicidad-en-google-ads","7":"product_tag-anuncio-de-display","8":"product_tag-google-ads","9":"product_tag-publicidad-en-google","10":"product_tag-publicidad-en-google-ads","11":"product_tag-publicidadd-en-google","12":"desktop-align-left","13":"tablet-align-left","14":"mobile-align-left","15":"ast-product-gallery-layout-horizontal-slider","16":"ast-product-gallery-with-no-image","17":"ast-product-tabs-layout-vertical","19":"first","20":"instock","21":"virtual","22":"taxable","23":"purchasable","24":"product-type-simple"},"yoast_head":"<!-- This site is optimized with the Yoast SEO Premium plugin v20.4 (Yoast SEO v25.5) - https:\/\/yoast.com\/wordpress\/plugins\/seo\/ -->\n<title>Publicidad en Google Ads 1 Anuncio de DISPLAY idela para tu negocio<\/title>\n<meta name=\"description\" content=\"Google Ads es la plataforma publicitaria de Google. A trav\u00e9s de este servicio, los anuncios se muestran en forma de enlaces patrocinados.\" \/>\n<meta name=\"robots\" content=\"index, follow, max-snippet:-1, max-image-preview:large, max-video-preview:-1\" \/>\n<link rel=\"canonical\" href=\"https:\/\/kioongo.com\/marketing\/tienda\/publicidad-en-google-ads\/publicidad-en-google-ads-1-anuncio-de-display\/\" \/>\n<meta property=\"og:locale\" content=\"es_ES\" \/>\n<meta property=\"og:type\" content=\"article\" \/>\n<meta property=\"og:title\" content=\"Publicidad en Google Ads 1 Anuncio de DISPLAY\" \/>\n<meta property=\"og:description\" content=\"Google Ads es la plataforma publicitaria de Google. A trav\u00e9s de este servicio, los anuncios se muestran en forma de enlaces patrocinados.\" \/>\n<meta property=\"og:url\" content=\"https:\/\/kioongo.com\/marketing\/tienda\/publicidad-en-google-ads\/publicidad-en-google-ads-1-anuncio-de-display\/\" \/>\n<meta property=\"og:site_name\" content=\"KMD: \u25b7Agencia de Marketing Digital by Kioongo\" \/>\n<meta property=\"article:modified_time\" content=\"2022-11-30T21:18:32+00:00\" \/>\n<meta property=\"og:image\" content=\"https:\/\/kioongo.com\/marketing\/wp-content\/uploads\/2022\/11\/anuncios-de-display-en-google-ads-mkt-1.png\" \/>\n\t<meta property=\"og:image:width\" content=\"1025\" \/>\n\t<meta property=\"og:image:height\" content=\"683\" \/>\n\t<meta property=\"og:image:type\" content=\"image\/png\" \/>\n<meta name=\"twitter:card\" content=\"summary_large_image\" \/>\n<meta name=\"twitter:label1\" content=\"Tiempo de lectura\" \/>\n\t<meta name=\"twitter:data1\" content=\"1 minuto\" \/>\n<script type=\"application\/ld+json\" class=\"yoast-schema-graph\">{\"@context\":\"https:\/\/schema.org\",\"@graph\":[{\"@type\":\"WebPage\",\"@id\":\"https:\/\/kioongo.com\/marketing\/tienda\/publicidad-en-google-ads\/publicidad-en-google-ads-1-anuncio-de-display\/\",\"url\":\"https:\/\/kioongo.com\/marketing\/tienda\/publicidad-en-google-ads\/publicidad-en-google-ads-1-anuncio-de-display\/\",\"name\":\"Publicidad en Google Ads 1 Anuncio de DISPLAY idela para tu negocio\",\"isPartOf\":{\"@id\":\"https:\/\/kioongo.com\/marketing\/#website\"},\"primaryImageOfPage\":{\"@id\":\"https:\/\/kioongo.com\/marketing\/tienda\/publicidad-en-google-ads\/publicidad-en-google-ads-1-anuncio-de-display\/#primaryimage\"},\"image\":{\"@id\":\"https:\/\/kioongo.com\/marketing\/tienda\/publicidad-en-google-ads\/publicidad-en-google-ads-1-anuncio-de-display\/#primaryimage\"},\"thumbnailUrl\":\"https:\/\/kioongo.com\/marketing\/wp-content\/uploads\/2022\/11\/anuncios-de-display-en-google-ads-mkt-1.png\",\"datePublished\":\"2022-11-30T21:14:36+00:00\",\"dateModified\":\"2022-11-30T21:18:32+00:00\",\"description\":\"Google Ads es la plataforma publicitaria de Google. A trav\u00e9s de este servicio, los anuncios se muestran en forma de enlaces patrocinados.\",\"breadcrumb\":{\"@id\":\"https:\/\/kioongo.com\/marketing\/tienda\/publicidad-en-google-ads\/publicidad-en-google-ads-1-anuncio-de-display\/#breadcrumb\"},\"inLanguage\":\"es\",\"potentialAction\":[{\"@type\":\"ReadAction\",\"target\":[\"https:\/\/kioongo.com\/marketing\/tienda\/publicidad-en-google-ads\/publicidad-en-google-ads-1-anuncio-de-display\/\"]}]},{\"@type\":\"ImageObject\",\"inLanguage\":\"es\",\"@id\":\"https:\/\/kioongo.com\/marketing\/tienda\/publicidad-en-google-ads\/publicidad-en-google-ads-1-anuncio-de-display\/#primaryimage\",\"url\":\"https:\/\/kioongo.com\/marketing\/wp-content\/uploads\/2022\/11\/anuncios-de-display-en-google-ads-mkt-1.png\",\"contentUrl\":\"https:\/\/kioongo.com\/marketing\/wp-content\/uploads\/2022\/11\/anuncios-de-display-en-google-ads-mkt-1.png\",\"width\":1025,\"height\":683},{\"@type\":\"BreadcrumbList\",\"@id\":\"https:\/\/kioongo.com\/marketing\/tienda\/publicidad-en-google-ads\/publicidad-en-google-ads-1-anuncio-de-display\/#breadcrumb\",\"itemListElement\":[{\"@type\":\"ListItem\",\"position\":1,\"name\":\"Portada\",\"item\":\"https:\/\/kioongo.com\/marketing\/\"},{\"@type\":\"ListItem\",\"position\":2,\"name\":\"Tienda\",\"item\":\"https:\/\/kioongo.com\/marketing\/tienda\/\"},{\"@type\":\"ListItem\",\"position\":3,\"name\":\"Publicidad en Google Ads 1 Anuncio de DISPLAY\"}]},{\"@type\":\"WebSite\",\"@id\":\"https:\/\/kioongo.com\/marketing\/#website\",\"url\":\"https:\/\/kioongo.com\/marketing\/\",\"name\":\"KMD: \u25b7Agencia de Marketing Digital by Kioongo\",\"description\":\"La Agencia de Marketing Digital en M\u00e9xico, que posiciona NEGOCIOS en internet con estrategias creativas para VENDER m\u00e1s con| BRAND | SEM | SEO | CRO | FUNNELS | WEB.\",\"publisher\":{\"@id\":\"https:\/\/kioongo.com\/marketing\/#organization\"},\"alternateName\":\"Agencia Marketing Digital \u25b7 KMD\",\"potentialAction\":[{\"@type\":\"SearchAction\",\"target\":{\"@type\":\"EntryPoint\",\"urlTemplate\":\"https:\/\/kioongo.com\/marketing\/?s={search_term_string}\"},\"query-input\":{\"@type\":\"PropertyValueSpecification\",\"valueRequired\":true,\"valueName\":\"search_term_string\"}}],\"inLanguage\":\"es\"},{\"@type\":[\"Organization\",\"Place\"],\"@id\":\"https:\/\/kioongo.com\/marketing\/#organization\",\"name\":\"KMD: \u25b7Agencia de Marketing Digital by Kioongo\",\"alternateName\":\"Agencia y Academia de Marketing Digital \u25b7 Kioongo KMD\",\"url\":\"https:\/\/kioongo.com\/marketing\/\",\"logo\":{\"@id\":\"https:\/\/kioongo.com\/marketing\/tienda\/publicidad-en-google-ads\/publicidad-en-google-ads-1-anuncio-de-display\/#local-main-organization-logo\"},\"image\":{\"@id\":\"https:\/\/kioongo.com\/marketing\/tienda\/publicidad-en-google-ads\/publicidad-en-google-ads-1-anuncio-de-display\/#local-main-organization-logo\"},\"openingHoursSpecification\":[{\"@type\":\"OpeningHoursSpecification\",\"dayOfWeek\":[\"Monday\",\"Tuesday\",\"Wednesday\",\"Thursday\",\"Friday\",\"Saturday\",\"Sunday\"],\"opens\":\"09:00\",\"closes\":\"17:00\"}]},{\"@type\":\"ImageObject\",\"inLanguage\":\"es\",\"@id\":\"https:\/\/kioongo.com\/marketing\/tienda\/publicidad-en-google-ads\/publicidad-en-google-ads-1-anuncio-de-display\/#local-main-organization-logo\",\"url\":\"https:\/\/kioongo.com\/marketing\/wp-content\/uploads\/2022\/10\/kmd-kioongo-LOG-WEB.png\",\"contentUrl\":\"https:\/\/kioongo.com\/marketing\/wp-content\/uploads\/2022\/10\/kmd-kioongo-LOG-WEB.png\",\"width\":700,\"height\":200,\"caption\":\"KMD: \u25b7Agencia de Marketing Digital by Kioongo\"}]}<\/script>\n<!-- \/ Yoast SEO Premium plugin. -->","yoast_head_json":{"title":"Publicidad en Google Ads 1 Anuncio de DISPLAY idela para tu negocio","description":"Google Ads es la plataforma publicitaria de Google. A trav\u00e9s de este servicio, los anuncios se muestran en forma de enlaces patrocinados.","robots":{"index":"index","follow":"follow","max-snippet":"max-snippet:-1","max-image-preview":"max-image-preview:large","max-video-preview":"max-video-preview:-1"},"canonical":"https:\/\/kioongo.com\/marketing\/tienda\/publicidad-en-google-ads\/publicidad-en-google-ads-1-anuncio-de-display\/","og_locale":"es_ES","og_type":"article","og_title":"Publicidad en Google Ads 1 Anuncio de DISPLAY","og_description":"Google Ads es la plataforma publicitaria de Google. A trav\u00e9s de este servicio, los anuncios se muestran en forma de enlaces patrocinados.","og_url":"https:\/\/kioongo.com\/marketing\/tienda\/publicidad-en-google-ads\/publicidad-en-google-ads-1-anuncio-de-display\/","og_site_name":"KMD: \u25b7Agencia de Marketing Digital by Kioongo","article_modified_time":"2022-11-30T21:18:32+00:00","og_image":[{"width":1025,"height":683,"url":"https:\/\/kioongo.com\/marketing\/wp-content\/uploads\/2022\/11\/anuncios-de-display-en-google-ads-mkt-1.png","type":"image\/png"}],"twitter_card":"summary_large_image","twitter_misc":{"Tiempo de lectura":"1 minuto"},"schema":{"@context":"https:\/\/schema.org","@graph":[{"@type":"WebPage","@id":"https:\/\/kioongo.com\/marketing\/tienda\/publicidad-en-google-ads\/publicidad-en-google-ads-1-anuncio-de-display\/","url":"https:\/\/kioongo.com\/marketing\/tienda\/publicidad-en-google-ads\/publicidad-en-google-ads-1-anuncio-de-display\/","name":"Publicidad en Google Ads 1 Anuncio de DISPLAY idela para tu negocio","isPartOf":{"@id":"https:\/\/kioongo.com\/marketing\/#website"},"primaryImageOfPage":{"@id":"https:\/\/kioongo.com\/marketing\/tienda\/publicidad-en-google-ads\/publicidad-en-google-ads-1-anuncio-de-display\/#primaryimage"},"image":{"@id":"https:\/\/kioongo.com\/marketing\/tienda\/publicidad-en-google-ads\/publicidad-en-google-ads-1-anuncio-de-display\/#primaryimage"},"thumbnailUrl":"https:\/\/kioongo.com\/marketing\/wp-content\/uploads\/2022\/11\/anuncios-de-display-en-google-ads-mkt-1.png","datePublished":"2022-11-30T21:14:36+00:00","dateModified":"2022-11-30T21:18:32+00:00","description":"Google Ads es la plataforma publicitaria de Google. A trav\u00e9s de este servicio, los anuncios se muestran en forma de enlaces patrocinados.","breadcrumb":{"@id":"https:\/\/kioongo.com\/marketing\/tienda\/publicidad-en-google-ads\/publicidad-en-google-ads-1-anuncio-de-display\/#breadcrumb"},"inLanguage":"es","potentialAction":[{"@type":"ReadAction","target":["https:\/\/kioongo.com\/marketing\/tienda\/publicidad-en-google-ads\/publicidad-en-google-ads-1-anuncio-de-display\/"]}]},{"@type":"ImageObject","inLanguage":"es","@id":"https:\/\/kioongo.com\/marketing\/tienda\/publicidad-en-google-ads\/publicidad-en-google-ads-1-anuncio-de-display\/#primaryimage","url":"https:\/\/kioongo.com\/marketing\/wp-content\/uploads\/2022\/11\/anuncios-de-display-en-google-ads-mkt-1.png","contentUrl":"https:\/\/kioongo.com\/marketing\/wp-content\/uploads\/2022\/11\/anuncios-de-display-en-google-ads-mkt-1.png","width":1025,"height":683},{"@type":"BreadcrumbList","@id":"https:\/\/kioongo.com\/marketing\/tienda\/publicidad-en-google-ads\/publicidad-en-google-ads-1-anuncio-de-display\/#breadcrumb","itemListElement":[{"@type":"ListItem","position":1,"name":"Portada","item":"https:\/\/kioongo.com\/marketing\/"},{"@type":"ListItem","position":2,"name":"Tienda","item":"https:\/\/kioongo.com\/marketing\/tienda\/"},{"@type":"ListItem","position":3,"name":"Publicidad en Google Ads 1 Anuncio de DISPLAY"}]},{"@type":"WebSite","@id":"https:\/\/kioongo.com\/marketing\/#website","url":"https:\/\/kioongo.com\/marketing\/","name":"KMD: \u25b7Agencia de Marketing Digital by Kioongo","description":"La Agencia de Marketing Digital en M\u00e9xico, que posiciona NEGOCIOS en internet con estrategias creativas para VENDER m\u00e1s con| BRAND | SEM | SEO | CRO | FUNNELS | WEB.","publisher":{"@id":"https:\/\/kioongo.com\/marketing\/#organization"},"alternateName":"Agencia Marketing Digital \u25b7 KMD","potentialAction":[{"@type":"SearchAction","target":{"@type":"EntryPoint","urlTemplate":"https:\/\/kioongo.com\/marketing\/?s={search_term_string}"},"query-input":{"@type":"PropertyValueSpecification","valueRequired":true,"valueName":"search_term_string"}}],"inLanguage":"es"},{"@type":["Organization","Place"],"@id":"https:\/\/kioongo.com\/marketing\/#organization","name":"KMD: \u25b7Agencia de Marketing Digital by Kioongo","alternateName":"Agencia y Academia de Marketing Digital \u25b7 Kioongo KMD","url":"https:\/\/kioongo.com\/marketing\/","logo":{"@id":"https:\/\/kioongo.com\/marketing\/tienda\/publicidad-en-google-ads\/publicidad-en-google-ads-1-anuncio-de-display\/#local-main-organization-logo"},"image":{"@id":"https:\/\/kioongo.com\/marketing\/tienda\/publicidad-en-google-ads\/publicidad-en-google-ads-1-anuncio-de-display\/#local-main-organization-logo"},"openingHoursSpecification":[{"@type":"OpeningHoursSpecification","dayOfWeek":["Monday","Tuesday","Wednesday","Thursday","Friday","Saturday","Sunday"],"opens":"09:00","closes":"17:00"}]},{"@type":"ImageObject","inLanguage":"es","@id":"https:\/\/kioongo.com\/marketing\/tienda\/publicidad-en-google-ads\/publicidad-en-google-ads-1-anuncio-de-display\/#local-main-organization-logo","url":"https:\/\/kioongo.com\/marketing\/wp-content\/uploads\/2022\/10\/kmd-kioongo-LOG-WEB.png","contentUrl":"https:\/\/kioongo.com\/marketing\/wp-content\/uploads\/2022\/10\/kmd-kioongo-LOG-WEB.png","width":700,"height":200,"caption":"KMD: \u25b7Agencia de Marketing Digital by Kioongo"}]}},"_links":{"self":[{"href":"https:\/\/kioongo.com\/marketing\/wp-json\/wp\/v2\/product\/20915","targetHints":{"allow":["GET"]}}],"collection":[{"href":"https:\/\/kioongo.com\/marketing\/wp-json\/wp\/v2\/product"}],"about":[{"href":"https:\/\/kioongo.com\/marketing\/wp-json\/wp\/v2\/types\/product"}],"replies":[{"embeddable":true,"href":"https:\/\/kioongo.com\/marketing\/wp-json\/wp\/v2\/comments?post=20915"}],"version-history":[{"count":0,"href":"https:\/\/kioongo.com\/marketing\/wp-json\/wp\/v2\/product\/20915\/revisions"}],"wp:featuredmedia":[{"embeddable":true,"href":"https:\/\/kioongo.com\/marketing\/wp-json\/wp\/v2\/media\/20950"}],"wp:attachment":[{"href":"https:\/\/kioongo.com\/marketing\/wp-json\/wp\/v2\/media?parent=20915"}],"wp:term":[{"taxonomy":"product_brand","embeddable":true,"href":"https:\/\/kioongo.com\/marketing\/wp-json\/wp\/v2\/product_brand?post=20915"},{"taxonomy":"product_cat","embeddable":true,"href":"https:\/\/kioongo.com\/marketing\/wp-json\/wp\/v2\/product_cat?post=20915"},{"taxonomy":"product_tag","embeddable":true,"href":"https:\/\/kioongo.com\/marketing\/wp-json\/wp\/v2\/product_tag?post=20915"}],"curies":[{"name":"wp","href":"https:\/\/api.w.org\/{rel}","templated":true}]}}