{"id":20933,"date":"2022-11-30T15:16:48","date_gmt":"2022-11-30T21:16:48","guid":{"rendered":"https:\/\/kioongo.com\/marketing\/?post_type=product&#038;p=20933"},"modified":"2022-11-30T15:21:00","modified_gmt":"2022-11-30T21:21:00","slug":"plan-de-mantenimiento-web-o-tienda-en-linea-mensual","status":"publish","type":"product","link":"https:\/\/kioongo.com\/marketing\/tienda\/diseno-de-tienda-en-linea\/diseno-de-tienda-en-linea-anual\/plan-de-mantenimiento-web-o-tienda-en-linea-mensual\/","title":{"rendered":"Plan de mantenimiento web o tienda en l\u00ednea MENSUAL"},"content":{"rendered":"<ul class=\"elementor-icon-list-items\">\n<li class=\"elementor-icon-list-item\"><span class=\"elementor-icon-list-text\">10 cambios de textos<\/span><\/li>\n<li class=\"elementor-icon-list-item\"><i class=\"fas fa-check-circle\" aria-hidden=\"true\"><\/i><span class=\"elementor-icon-list-text\">7 cambios de im\u00e1genes<\/span><\/li>\n<li class=\"elementor-icon-list-item\"><i class=\"fas fa-check-circle\" aria-hidden=\"true\"><\/i><span class=\"elementor-icon-list-text\">1 cambio de dise\u00f1o de p\u00e1gina (1 p\u00e1gina)<\/span><\/li>\n<li class=\"elementor-icon-list-item\"><i class=\"fas fa-check-circle\" aria-hidden=\"true\"><\/i><span class=\"elementor-icon-list-text\">1 cambio de lay out (orden de pagina))<\/span><\/li>\n<li class=\"elementor-icon-list-item\"><i class=\"fas fa-check-circle\" aria-hidden=\"true\"><\/i><span class=\"elementor-icon-list-text\">Depuracion de datos en web y servidor<\/span><\/li>\n<\/ul>\n<div id=\"WRWHOISInstalled\" style=\"display: none;\"><\/div>\n<div id=\"WRWHOISInstalled\" style=\"display: none;\"><\/div>\n<div id=\"WRWHOISInstalled\" style=\"display: none;\"><\/div>\n<div id=\"WRWHOISInstalled\" style=\"display: none;\"><\/div>\n<div id=\"WRWHOISInstalled\" style=\"display: none;\"><\/div>\n<div id=\"WRWHOISInstalled\" style=\"display: none;\"><\/div>\n","protected":false},"excerpt":{"rendered":"<ul class=\"elementor-icon-list-items\">\n<li class=\"elementor-icon-list-item\"><span class=\"elementor-icon-list-text\">10 cambios de textos<\/span><\/li>\n<li class=\"elementor-icon-list-item\"><i class=\"fas fa-check-circle\" aria-hidden=\"true\"><\/i><span class=\"elementor-icon-list-text\">7 cambios de im\u00e1genes<\/span><\/li>\n<li class=\"elementor-icon-list-item\"><i class=\"fas fa-check-circle\" aria-hidden=\"true\"><\/i><span class=\"elementor-icon-list-text\">1 cambio de dise\u00f1o de p\u00e1gina (1 p\u00e1gina)<\/span><\/li>\n<li class=\"elementor-icon-list-item\"><i class=\"fas fa-check-circle\" aria-hidden=\"true\"><\/i><span class=\"elementor-icon-list-text\">1 cambio de lay out (orden de pagina))<\/span><\/li>\n<li class=\"elementor-icon-list-item\"><i class=\"fas fa-check-circle\" aria-hidden=\"true\"><\/i><span class=\"elementor-icon-list-text\">Depuracion de datos en web y servidor<\/span><\/li>\n<\/ul>\n<div id=\"WRWHOISInstalled\" style=\"display: none;\"><\/div>\n<div id=\"WRWHOISInstalled\" style=\"display: none;\"><\/div>\n<div id=\"WRWHOISInstalled\" style=\"display: none;\"><\/div>\n<div id=\"WRWHOISInstalled\" style=\"display: none;\"><\/div>\n<div id=\"WRWHOISInstalled\" style=\"display: none;\"><\/div>\n<div id=\"WRWHOISInstalled\" style=\"display: none;\"><\/div>\n","protected":false},"featured_media":20956,"comment_status":"open","ping_status":"closed","template":"","meta":{"site-sidebar-layout":"default","site-content-layout":"default","ast-site-content-layout":"default","site-content-style":"default","site-sidebar-style":"default","ast-global-header-display":"","ast-banner-title-visibility":"","ast-main-header-display":"","ast-hfb-above-header-display":"","ast-hfb-below-header-display":"","ast-hfb-mobile-header-display":"","site-post-title":"","ast-breadcrumbs-content":"","ast-featured-img":"","footer-sml-layout":"","ast-disable-related-posts":"","theme-transparent-header-meta":"default","adv-header-id-meta":"","stick-header-meta":"default","header-above-stick-meta":"","header-main-stick-meta":"","header-below-stick-meta":"","astra-migrate-meta-layouts":"default","ast-page-background-enabled":"default","ast-page-background-meta":{"desktop":{"background-color":"var(--ast-global-color-4)","background-image":"","background-repeat":"repeat","background-position":"center center","background-size":"auto","background-attachment":"scroll","background-type":"","background-media":"","overlay-type":"","overlay-color":"","overlay-opacity":"","overlay-gradient":""},"tablet":{"background-color":"","background-image":"","background-repeat":"repeat","background-position":"center center","background-size":"auto","background-attachment":"scroll","background-type":"","background-media":"","overlay-type":"","overlay-color":"","overlay-opacity":"","overlay-gradient":""},"mobile":{"background-color":"","background-image":"","background-repeat":"repeat","background-position":"center center","background-size":"auto","background-attachment":"scroll","background-type":"","background-media":"","overlay-type":"","overlay-color":"","overlay-opacity":"","overlay-gradient":""}},"ast-content-background-meta":{"desktop":{"background-color":"var(--ast-global-color-5)","background-image":"","background-repeat":"repeat","background-position":"center center","background-size":"auto","background-attachment":"scroll","background-type":"","background-media":"","overlay-type":"","overlay-color":"","overlay-opacity":"","overlay-gradient":""},"tablet":{"background-color":"var(--ast-global-color-5)","background-image":"","background-repeat":"repeat","background-position":"center center","background-size":"auto","background-attachment":"scroll","background-type":"","background-media":"","overlay-type":"","overlay-color":"","overlay-opacity":"","overlay-gradient":""},"mobile":{"background-color":"var(--ast-global-color-5)","background-image":"","background-repeat":"repeat","background-position":"center center","background-size":"auto","background-attachment":"scroll","background-type":"","background-media":"","overlay-type":"","overlay-color":"","overlay-opacity":"","overlay-gradient":""}},"_joinchat":[]},"product_brand":[],"product_cat":[965,986],"product_tag":[987,988,989,990],"class_list":{"0":"post-20933","1":"product","2":"type-product","3":"status-publish","4":"has-post-thumbnail","6":"product_cat-diseno-de-pagina-web","7":"product_cat-diseno-de-tienda-en-linea-anual","8":"product_tag-mantenimiento","9":"product_tag-mantenimiento-ecommerce","10":"product_tag-mantenimiento-web","11":"product_tag-soporte","12":"desktop-align-left","13":"tablet-align-left","14":"mobile-align-left","15":"ast-product-gallery-layout-horizontal-slider","16":"ast-product-gallery-with-no-image","17":"ast-product-tabs-layout-vertical","19":"first","20":"instock","21":"virtual","22":"taxable","23":"purchasable","24":"product-type-simple"},"yoast_head":"<!-- This site is optimized with the Yoast SEO Premium plugin v20.4 (Yoast SEO v25.5) - https:\/\/yoast.com\/wordpress\/plugins\/seo\/ -->\n<title>Plan de mantenimiento web o tienda en l\u00ednea MENSUAL<\/title>\n<meta name=\"description\" content=\"El mantenimiento web garantiza que la imagen de tu empresa en Internet se conserve atractiva, funcional y destacada con el tiempo.\" \/>\n<meta name=\"robots\" content=\"index, follow, max-snippet:-1, max-image-preview:large, max-video-preview:-1\" \/>\n<link rel=\"canonical\" href=\"https:\/\/kioongo.com\/marketing\/tienda\/diseno-de-tienda-en-linea\/diseno-de-tienda-en-linea-anual\/plan-de-mantenimiento-web-o-tienda-en-linea-mensual\/\" \/>\n<meta property=\"og:locale\" content=\"es_ES\" \/>\n<meta property=\"og:type\" content=\"article\" \/>\n<meta property=\"og:title\" content=\"Plan de mantenimiento web o tienda en l\u00ednea MENSUAL\" \/>\n<meta property=\"og:description\" content=\"El mantenimiento web garantiza que la imagen de tu empresa en Internet se conserve atractiva, funcional y destacada con el tiempo.\" \/>\n<meta property=\"og:url\" content=\"https:\/\/kioongo.com\/marketing\/tienda\/diseno-de-tienda-en-linea\/diseno-de-tienda-en-linea-anual\/plan-de-mantenimiento-web-o-tienda-en-linea-mensual\/\" \/>\n<meta property=\"og:site_name\" content=\"KMD: \u25b7Agencia de Marketing Digital by Kioongo\" \/>\n<meta property=\"article:modified_time\" content=\"2022-11-30T21:21:00+00:00\" \/>\n<meta property=\"og:image\" content=\"https:\/\/kioongo.com\/marketing\/wp-content\/uploads\/2022\/11\/mantenimiento-web-godigital-1.png\" \/>\n\t<meta property=\"og:image:width\" content=\"1025\" \/>\n\t<meta property=\"og:image:height\" content=\"683\" \/>\n\t<meta property=\"og:image:type\" content=\"image\/png\" \/>\n<meta name=\"twitter:card\" content=\"summary_large_image\" \/>\n<meta name=\"twitter:label1\" content=\"Tiempo de lectura\" \/>\n\t<meta name=\"twitter:data1\" content=\"1 minuto\" \/>\n<script type=\"application\/ld+json\" class=\"yoast-schema-graph\">{\"@context\":\"https:\/\/schema.org\",\"@graph\":[{\"@type\":\"WebPage\",\"@id\":\"https:\/\/kioongo.com\/marketing\/tienda\/diseno-de-tienda-en-linea\/diseno-de-tienda-en-linea-anual\/plan-de-mantenimiento-web-o-tienda-en-linea-mensual\/\",\"url\":\"https:\/\/kioongo.com\/marketing\/tienda\/diseno-de-tienda-en-linea\/diseno-de-tienda-en-linea-anual\/plan-de-mantenimiento-web-o-tienda-en-linea-mensual\/\",\"name\":\"Plan de mantenimiento web o tienda en l\u00ednea MENSUAL\",\"isPartOf\":{\"@id\":\"https:\/\/kioongo.com\/marketing\/#website\"},\"primaryImageOfPage\":{\"@id\":\"https:\/\/kioongo.com\/marketing\/tienda\/diseno-de-tienda-en-linea\/diseno-de-tienda-en-linea-anual\/plan-de-mantenimiento-web-o-tienda-en-linea-mensual\/#primaryimage\"},\"image\":{\"@id\":\"https:\/\/kioongo.com\/marketing\/tienda\/diseno-de-tienda-en-linea\/diseno-de-tienda-en-linea-anual\/plan-de-mantenimiento-web-o-tienda-en-linea-mensual\/#primaryimage\"},\"thumbnailUrl\":\"https:\/\/kioongo.com\/marketing\/wp-content\/uploads\/2022\/11\/mantenimiento-web-godigital-1.png\",\"datePublished\":\"2022-11-30T21:16:48+00:00\",\"dateModified\":\"2022-11-30T21:21:00+00:00\",\"description\":\"El mantenimiento web garantiza que la imagen de tu empresa en Internet se conserve atractiva, funcional y destacada con el tiempo.\",\"breadcrumb\":{\"@id\":\"https:\/\/kioongo.com\/marketing\/tienda\/diseno-de-tienda-en-linea\/diseno-de-tienda-en-linea-anual\/plan-de-mantenimiento-web-o-tienda-en-linea-mensual\/#breadcrumb\"},\"inLanguage\":\"es\",\"potentialAction\":[{\"@type\":\"ReadAction\",\"target\":[\"https:\/\/kioongo.com\/marketing\/tienda\/diseno-de-tienda-en-linea\/diseno-de-tienda-en-linea-anual\/plan-de-mantenimiento-web-o-tienda-en-linea-mensual\/\"]}]},{\"@type\":\"ImageObject\",\"inLanguage\":\"es\",\"@id\":\"https:\/\/kioongo.com\/marketing\/tienda\/diseno-de-tienda-en-linea\/diseno-de-tienda-en-linea-anual\/plan-de-mantenimiento-web-o-tienda-en-linea-mensual\/#primaryimage\",\"url\":\"https:\/\/kioongo.com\/marketing\/wp-content\/uploads\/2022\/11\/mantenimiento-web-godigital-1.png\",\"contentUrl\":\"https:\/\/kioongo.com\/marketing\/wp-content\/uploads\/2022\/11\/mantenimiento-web-godigital-1.png\",\"width\":1025,\"height\":683},{\"@type\":\"BreadcrumbList\",\"@id\":\"https:\/\/kioongo.com\/marketing\/tienda\/diseno-de-tienda-en-linea\/diseno-de-tienda-en-linea-anual\/plan-de-mantenimiento-web-o-tienda-en-linea-mensual\/#breadcrumb\",\"itemListElement\":[{\"@type\":\"ListItem\",\"position\":1,\"name\":\"Portada\",\"item\":\"https:\/\/kioongo.com\/marketing\/\"},{\"@type\":\"ListItem\",\"position\":2,\"name\":\"Tienda\",\"item\":\"https:\/\/kioongo.com\/marketing\/tienda\/\"},{\"@type\":\"ListItem\",\"position\":3,\"name\":\"Plan de mantenimiento web o tienda en l\u00ednea MENSUAL\"}]},{\"@type\":\"WebSite\",\"@id\":\"https:\/\/kioongo.com\/marketing\/#website\",\"url\":\"https:\/\/kioongo.com\/marketing\/\",\"name\":\"KMD: \u25b7Agencia de Marketing Digital by Kioongo\",\"description\":\"La Agencia de Marketing Digital en M\u00e9xico, que posiciona NEGOCIOS en internet con estrategias creativas para VENDER m\u00e1s con| BRAND | SEM | SEO | CRO | FUNNELS | WEB.\",\"publisher\":{\"@id\":\"https:\/\/kioongo.com\/marketing\/#organization\"},\"alternateName\":\"Agencia Marketing Digital \u25b7 KMD\",\"potentialAction\":[{\"@type\":\"SearchAction\",\"target\":{\"@type\":\"EntryPoint\",\"urlTemplate\":\"https:\/\/kioongo.com\/marketing\/?s={search_term_string}\"},\"query-input\":{\"@type\":\"PropertyValueSpecification\",\"valueRequired\":true,\"valueName\":\"search_term_string\"}}],\"inLanguage\":\"es\"},{\"@type\":[\"Organization\",\"Place\"],\"@id\":\"https:\/\/kioongo.com\/marketing\/#organization\",\"name\":\"KMD: \u25b7Agencia de Marketing Digital by Kioongo\",\"alternateName\":\"Agencia y Academia de Marketing Digital \u25b7 Kioongo KMD\",\"url\":\"https:\/\/kioongo.com\/marketing\/\",\"logo\":{\"@id\":\"https:\/\/kioongo.com\/marketing\/tienda\/diseno-de-tienda-en-linea\/diseno-de-tienda-en-linea-anual\/plan-de-mantenimiento-web-o-tienda-en-linea-mensual\/#local-main-organization-logo\"},\"image\":{\"@id\":\"https:\/\/kioongo.com\/marketing\/tienda\/diseno-de-tienda-en-linea\/diseno-de-tienda-en-linea-anual\/plan-de-mantenimiento-web-o-tienda-en-linea-mensual\/#local-main-organization-logo\"},\"openingHoursSpecification\":[{\"@type\":\"OpeningHoursSpecification\",\"dayOfWeek\":[\"Monday\",\"Tuesday\",\"Wednesday\",\"Thursday\",\"Friday\",\"Saturday\",\"Sunday\"],\"opens\":\"09:00\",\"closes\":\"17:00\"}]},{\"@type\":\"ImageObject\",\"inLanguage\":\"es\",\"@id\":\"https:\/\/kioongo.com\/marketing\/tienda\/diseno-de-tienda-en-linea\/diseno-de-tienda-en-linea-anual\/plan-de-mantenimiento-web-o-tienda-en-linea-mensual\/#local-main-organization-logo\",\"url\":\"https:\/\/kioongo.com\/marketing\/wp-content\/uploads\/2022\/10\/kmd-kioongo-LOG-WEB.png\",\"contentUrl\":\"https:\/\/kioongo.com\/marketing\/wp-content\/uploads\/2022\/10\/kmd-kioongo-LOG-WEB.png\",\"width\":700,\"height\":200,\"caption\":\"KMD: \u25b7Agencia de Marketing Digital by Kioongo\"}]}<\/script>\n<!-- \/ Yoast SEO Premium plugin. -->","yoast_head_json":{"title":"Plan de mantenimiento web o tienda en l\u00ednea MENSUAL","description":"El mantenimiento web garantiza que la imagen de tu empresa en Internet se conserve atractiva, funcional y destacada con el tiempo.","robots":{"index":"index","follow":"follow","max-snippet":"max-snippet:-1","max-image-preview":"max-image-preview:large","max-video-preview":"max-video-preview:-1"},"canonical":"https:\/\/kioongo.com\/marketing\/tienda\/diseno-de-tienda-en-linea\/diseno-de-tienda-en-linea-anual\/plan-de-mantenimiento-web-o-tienda-en-linea-mensual\/","og_locale":"es_ES","og_type":"article","og_title":"Plan de mantenimiento web o tienda en l\u00ednea MENSUAL","og_description":"El mantenimiento web garantiza que la imagen de tu empresa en Internet se conserve atractiva, funcional y destacada con el tiempo.","og_url":"https:\/\/kioongo.com\/marketing\/tienda\/diseno-de-tienda-en-linea\/diseno-de-tienda-en-linea-anual\/plan-de-mantenimiento-web-o-tienda-en-linea-mensual\/","og_site_name":"KMD: \u25b7Agencia de Marketing Digital by Kioongo","article_modified_time":"2022-11-30T21:21:00+00:00","og_image":[{"width":1025,"height":683,"url":"https:\/\/kioongo.com\/marketing\/wp-content\/uploads\/2022\/11\/mantenimiento-web-godigital-1.png","type":"image\/png"}],"twitter_card":"summary_large_image","twitter_misc":{"Tiempo de lectura":"1 minuto"},"schema":{"@context":"https:\/\/schema.org","@graph":[{"@type":"WebPage","@id":"https:\/\/kioongo.com\/marketing\/tienda\/diseno-de-tienda-en-linea\/diseno-de-tienda-en-linea-anual\/plan-de-mantenimiento-web-o-tienda-en-linea-mensual\/","url":"https:\/\/kioongo.com\/marketing\/tienda\/diseno-de-tienda-en-linea\/diseno-de-tienda-en-linea-anual\/plan-de-mantenimiento-web-o-tienda-en-linea-mensual\/","name":"Plan de mantenimiento web o tienda en l\u00ednea MENSUAL","isPartOf":{"@id":"https:\/\/kioongo.com\/marketing\/#website"},"primaryImageOfPage":{"@id":"https:\/\/kioongo.com\/marketing\/tienda\/diseno-de-tienda-en-linea\/diseno-de-tienda-en-linea-anual\/plan-de-mantenimiento-web-o-tienda-en-linea-mensual\/#primaryimage"},"image":{"@id":"https:\/\/kioongo.com\/marketing\/tienda\/diseno-de-tienda-en-linea\/diseno-de-tienda-en-linea-anual\/plan-de-mantenimiento-web-o-tienda-en-linea-mensual\/#primaryimage"},"thumbnailUrl":"https:\/\/kioongo.com\/marketing\/wp-content\/uploads\/2022\/11\/mantenimiento-web-godigital-1.png","datePublished":"2022-11-30T21:16:48+00:00","dateModified":"2022-11-30T21:21:00+00:00","description":"El mantenimiento web garantiza que la imagen de tu empresa en Internet se conserve atractiva, funcional y destacada con el tiempo.","breadcrumb":{"@id":"https:\/\/kioongo.com\/marketing\/tienda\/diseno-de-tienda-en-linea\/diseno-de-tienda-en-linea-anual\/plan-de-mantenimiento-web-o-tienda-en-linea-mensual\/#breadcrumb"},"inLanguage":"es","potentialAction":[{"@type":"ReadAction","target":["https:\/\/kioongo.com\/marketing\/tienda\/diseno-de-tienda-en-linea\/diseno-de-tienda-en-linea-anual\/plan-de-mantenimiento-web-o-tienda-en-linea-mensual\/"]}]},{"@type":"ImageObject","inLanguage":"es","@id":"https:\/\/kioongo.com\/marketing\/tienda\/diseno-de-tienda-en-linea\/diseno-de-tienda-en-linea-anual\/plan-de-mantenimiento-web-o-tienda-en-linea-mensual\/#primaryimage","url":"https:\/\/kioongo.com\/marketing\/wp-content\/uploads\/2022\/11\/mantenimiento-web-godigital-1.png","contentUrl":"https:\/\/kioongo.com\/marketing\/wp-content\/uploads\/2022\/11\/mantenimiento-web-godigital-1.png","width":1025,"height":683},{"@type":"BreadcrumbList","@id":"https:\/\/kioongo.com\/marketing\/tienda\/diseno-de-tienda-en-linea\/diseno-de-tienda-en-linea-anual\/plan-de-mantenimiento-web-o-tienda-en-linea-mensual\/#breadcrumb","itemListElement":[{"@type":"ListItem","position":1,"name":"Portada","item":"https:\/\/kioongo.com\/marketing\/"},{"@type":"ListItem","position":2,"name":"Tienda","item":"https:\/\/kioongo.com\/marketing\/tienda\/"},{"@type":"ListItem","position":3,"name":"Plan de mantenimiento web o tienda en l\u00ednea MENSUAL"}]},{"@type":"WebSite","@id":"https:\/\/kioongo.com\/marketing\/#website","url":"https:\/\/kioongo.com\/marketing\/","name":"KMD: \u25b7Agencia de Marketing Digital by Kioongo","description":"La Agencia de Marketing Digital en M\u00e9xico, que posiciona NEGOCIOS en internet con estrategias creativas para VENDER m\u00e1s con| BRAND | SEM | SEO | CRO | FUNNELS | WEB.","publisher":{"@id":"https:\/\/kioongo.com\/marketing\/#organization"},"alternateName":"Agencia Marketing Digital \u25b7 KMD","potentialAction":[{"@type":"SearchAction","target":{"@type":"EntryPoint","urlTemplate":"https:\/\/kioongo.com\/marketing\/?s={search_term_string}"},"query-input":{"@type":"PropertyValueSpecification","valueRequired":true,"valueName":"search_term_string"}}],"inLanguage":"es"},{"@type":["Organization","Place"],"@id":"https:\/\/kioongo.com\/marketing\/#organization","name":"KMD: \u25b7Agencia de Marketing Digital by Kioongo","alternateName":"Agencia y Academia de Marketing Digital \u25b7 Kioongo KMD","url":"https:\/\/kioongo.com\/marketing\/","logo":{"@id":"https:\/\/kioongo.com\/marketing\/tienda\/diseno-de-tienda-en-linea\/diseno-de-tienda-en-linea-anual\/plan-de-mantenimiento-web-o-tienda-en-linea-mensual\/#local-main-organization-logo"},"image":{"@id":"https:\/\/kioongo.com\/marketing\/tienda\/diseno-de-tienda-en-linea\/diseno-de-tienda-en-linea-anual\/plan-de-mantenimiento-web-o-tienda-en-linea-mensual\/#local-main-organization-logo"},"openingHoursSpecification":[{"@type":"OpeningHoursSpecification","dayOfWeek":["Monday","Tuesday","Wednesday","Thursday","Friday","Saturday","Sunday"],"opens":"09:00","closes":"17:00"}]},{"@type":"ImageObject","inLanguage":"es","@id":"https:\/\/kioongo.com\/marketing\/tienda\/diseno-de-tienda-en-linea\/diseno-de-tienda-en-linea-anual\/plan-de-mantenimiento-web-o-tienda-en-linea-mensual\/#local-main-organization-logo","url":"https:\/\/kioongo.com\/marketing\/wp-content\/uploads\/2022\/10\/kmd-kioongo-LOG-WEB.png","contentUrl":"https:\/\/kioongo.com\/marketing\/wp-content\/uploads\/2022\/10\/kmd-kioongo-LOG-WEB.png","width":700,"height":200,"caption":"KMD: \u25b7Agencia de Marketing Digital by Kioongo"}]}},"_links":{"self":[{"href":"https:\/\/kioongo.com\/marketing\/wp-json\/wp\/v2\/product\/20933","targetHints":{"allow":["GET"]}}],"collection":[{"href":"https:\/\/kioongo.com\/marketing\/wp-json\/wp\/v2\/product"}],"about":[{"href":"https:\/\/kioongo.com\/marketing\/wp-json\/wp\/v2\/types\/product"}],"replies":[{"embeddable":true,"href":"https:\/\/kioongo.com\/marketing\/wp-json\/wp\/v2\/comments?post=20933"}],"version-history":[{"count":0,"href":"https:\/\/kioongo.com\/marketing\/wp-json\/wp\/v2\/product\/20933\/revisions"}],"wp:featuredmedia":[{"embeddable":true,"href":"https:\/\/kioongo.com\/marketing\/wp-json\/wp\/v2\/media\/20956"}],"wp:attachment":[{"href":"https:\/\/kioongo.com\/marketing\/wp-json\/wp\/v2\/media?parent=20933"}],"wp:term":[{"taxonomy":"product_brand","embeddable":true,"href":"https:\/\/kioongo.com\/marketing\/wp-json\/wp\/v2\/product_brand?post=20933"},{"taxonomy":"product_cat","embeddable":true,"href":"https:\/\/kioongo.com\/marketing\/wp-json\/wp\/v2\/product_cat?post=20933"},{"taxonomy":"product_tag","embeddable":true,"href":"https:\/\/kioongo.com\/marketing\/wp-json\/wp\/v2\/product_tag?post=20933"}],"curies":[{"name":"wp","href":"https:\/\/api.w.org\/{rel}","templated":true}]}}