{"id":21232,"date":"2022-12-01T14:49:11","date_gmt":"2022-12-01T20:49:11","guid":{"rendered":"https:\/\/kioongo.com\/marketing\/?post_type=product&#038;p=21232"},"modified":"2024-02-23T13:59:17","modified_gmt":"2024-02-23T19:59:17","slug":"consultoria-escaler-up","status":"publish","type":"product","link":"https:\/\/kioongo.com\/marketing\/tienda\/consultoria\/consultoria-escaler-up\/","title":{"rendered":"CONSULTORIA ESCALER UP"},"content":{"rendered":"<div class=\"elementor-element elementor-element-1708577 elementor-widget elementor-widget-accordion\" data-id=\"1708577\" data-element_type=\"widget\" data-widget_type=\"accordion.default\">\n<div class=\"elementor-widget-container\">\n<div class=\"elementor-accordion\" role=\"tablist\">\n<div class=\"elementor-accordion-item\">\n<div id=\"elementor-tab-title-2411\" class=\"elementor-tab-title elementor-active\" tabindex=\"0\" role=\"tab\" data-tab=\"1\" aria-controls=\"elementor-tab-content-2411\" aria-expanded=\"true\" aria-selected=\"true\"><\/div>\n<div id=\"elementor-tab-content-2411\" class=\"elementor-tab-content elementor-clearfix elementor-active\" role=\"tabpanel\" data-tab=\"1\" aria-labelledby=\"elementor-tab-title-2411\">\n<ul class=\"elementor-icon-list-items\">\n<li class=\"elementor-icon-list-item\"><span class=\"elementor-icon-list-text\">Feed $59,995<\/span><\/li>\n<li class=\"elementor-icon-list-item\"><i class=\"fas fa-check-circle\" aria-hidden=\"true\"><\/i><span class=\"elementor-icon-list-text\">Community $8,500<\/span><\/li>\n<li class=\"elementor-icon-list-item\"><i class=\"fas fa-check-circle\" aria-hidden=\"true\"><\/i><span class=\"elementor-icon-list-text\">Total $72,745<\/span><\/li>\n<\/ul>\n<\/div>\n<\/div>\n<\/div>\n<\/div>\n<\/div>\n<div class=\"elementor-element elementor-element-db19b64 elementor-align-left elementor-icon-list--layout-traditional elementor-list-item-link-full_width elementor-widget elementor-widget-icon-list\" data-id=\"db19b64\" data-element_type=\"widget\" data-widget_type=\"icon-list.default\">\n<div class=\"elementor-widget-container\">\n<ul class=\"elementor-icon-list-items\">\n<li class=\"elementor-icon-list-item\">40 Fotograf\u00edas en establecimiento , de producto o figura p\u00fablica<\/li>\n<li class=\"elementor-icon-list-item\">3 V\u00eddeos Corporativos de 30 seg<\/li>\n<li class=\"elementor-icon-list-item\">Para presupuestos en ADS de $50,000 a $90,000 NO INCLUIDO<\/li>\n<li class=\"elementor-icon-list-item\">12 Campa\u00f1as, Creaci\u00f3n, Configuraci\u00f3n y Optimizaci\u00f3n de Anuncios en Google, YouTube, Facebook, Instagram, TikTok<\/li>\n<li class=\"elementor-icon-list-item\">36 Anuncios en campa\u00f1as<\/li>\n<li class=\"elementor-icon-list-item\">30 Post en redes sociales Facebook e Instagram contenido espejo<\/li>\n<li class=\"elementor-icon-list-item\">8 historias animadas<\/li>\n<li class=\"elementor-icon-list-item\">Estrategia<\/li>\n<li class=\"elementor-icon-list-item\">Briefing<\/li>\n<li class=\"elementor-icon-list-item\">Benchmark<\/li>\n<li class=\"elementor-icon-list-item\">Definici\u00f3n de objetivos<\/li>\n<li class=\"elementor-icon-list-item\">Conceptualizaci\u00f3n<\/li>\n<li class=\"elementor-icon-list-item\">Funnel<\/li>\n<li class=\"elementor-icon-list-item\">Dise\u00f1o gr\u00e1fico avanzado<\/li>\n<li class=\"elementor-icon-list-item\">Definici\u00f3n de presupuestos<\/li>\n<li class=\"elementor-icon-list-item\">Proyecci\u00f3n de resultados<\/li>\n<li class=\"elementor-icon-list-item\">Optimizaciones<\/li>\n<li class=\"elementor-icon-list-item\">Tracking y Remarketing<\/li>\n<li class=\"elementor-icon-list-item\">An\u00e1lisis Web SEO<\/li>\n<li class=\"elementor-icon-list-item\">Definici\u00f3n de Clientes Potenciales<\/li>\n<li class=\"elementor-icon-list-item\">Dise\u00f1o de 4 Landing Page<\/li>\n<li class=\"elementor-icon-list-item\">Estructurar p\u00e1ginas y embudos de venta<\/li>\n<li class=\"elementor-icon-list-item\">Edici\u00f3n de 5 videos de Contenido Reels<\/li>\n<li class=\"elementor-icon-list-item\">Creaci\u00f3n de im\u00e1genes y contenido IMPACTANTE con IA<\/li>\n<li class=\"elementor-icon-list-item\">Optimizaci\u00f3n y seguimiento en Comercio Electronico (mailing)<\/li>\n<li class=\"elementor-icon-list-item\">KPI\u00b4s de Rendimiento Avanzado<\/li>\n<li class=\"elementor-icon-list-item\">Junta con Creativo digital: 4 Hora (1 hrs. Semanales)\u200b\u200b<\/li>\n<li class=\"elementor-icon-list-item\">Junta con Trafficker digital: 4 Hora (1 hrs. Semanales)\u200b\u200b<\/li>\n<\/ul>\n<\/div>\n<\/div>\n<div class=\"elementor-element elementor-element-d0817f6 elementor-align-center elementor-widget elementor-widget-button\" data-id=\"d0817f6\" data-element_type=\"widget\" data-widget_type=\"button.default\"><\/div>\n<div id=\"gtx-trans\" style=\"position: absolute; left: -17px; top: 609.014px;\">\n<div class=\"gtx-trans-icon\"><\/div>\n<\/div>\n","protected":false},"excerpt":{"rendered":"<div class=\"elementor-element elementor-element-1708577 elementor-widget elementor-widget-accordion\" data-id=\"1708577\" data-element_type=\"widget\" data-widget_type=\"accordion.default\">\n<div class=\"elementor-widget-container\">\n<div class=\"elementor-accordion\" role=\"tablist\">\n<div class=\"elementor-accordion-item\">\n<div id=\"elementor-tab-title-2411\" class=\"elementor-tab-title elementor-active\" tabindex=\"0\" role=\"tab\" data-tab=\"1\" aria-controls=\"elementor-tab-content-2411\" aria-expanded=\"true\" aria-selected=\"true\"><a class=\"elementor-accordion-title\" href=\"https:\/\/kioongo.com\/marketing\/consultoria-de-marketing\/\">Desglose<\/a><\/div>\n<div id=\"elementor-tab-content-2411\" class=\"elementor-tab-content elementor-clearfix elementor-active\" role=\"tabpanel\" data-tab=\"1\" aria-labelledby=\"elementor-tab-title-2411\">\n<ul class=\"elementor-icon-list-items\">\n<li class=\"elementor-icon-list-item\"><span class=\"elementor-icon-list-text\">Feed $59,995<\/span><\/li>\n<li class=\"elementor-icon-list-item\"><i class=\"fas fa-check-circle\" aria-hidden=\"true\"><\/i><span class=\"elementor-icon-list-text\">Community $8,500<\/span><\/li>\n<li class=\"elementor-icon-list-item\"><i class=\"fas fa-check-circle\" aria-hidden=\"true\"><\/i><span class=\"elementor-icon-list-text\">Total $72,745<\/span><\/li>\n<\/ul>\n<ul class=\"elementor-icon-list-items\">\n<li class=\"elementor-icon-list-item\">40 Fotograf\u00edas en establecimiento , de producto o figura p\u00fablica<\/li>\n<li class=\"elementor-icon-list-item\">3 V\u00eddeos Corporativos de 30 seg<\/li>\n<li class=\"elementor-icon-list-item\">Para presupuestos en ADS de $50,000 a $90,000 NO INCLUIDO<\/li>\n<li class=\"elementor-icon-list-item\">12 Campa\u00f1as, Creaci\u00f3n, Configuraci\u00f3n y Optimizaci\u00f3n de Anuncios en Google, YouTube, Facebook, Instagram, TikTok<\/li>\n<li class=\"elementor-icon-list-item\">36 Anuncios en campa\u00f1as<\/li>\n<li class=\"elementor-icon-list-item\">30 Post en redes sociales Facebook e Instagram contenido espejo<\/li>\n<li class=\"elementor-icon-list-item\">8 historias animadas<\/li>\n<li class=\"elementor-icon-list-item\">Estrategia<\/li>\n<li class=\"elementor-icon-list-item\">Briefing<\/li>\n<li class=\"elementor-icon-list-item\">Benchmark<\/li>\n<li class=\"elementor-icon-list-item\">Definici\u00f3n de objetivos<\/li>\n<li class=\"elementor-icon-list-item\">Conceptualizaci\u00f3n<\/li>\n<li class=\"elementor-icon-list-item\">Funnel<\/li>\n<li class=\"elementor-icon-list-item\">Dise\u00f1o gr\u00e1fico avanzado<\/li>\n<li class=\"elementor-icon-list-item\">Definici\u00f3n de presupuestos<\/li>\n<li class=\"elementor-icon-list-item\">Proyecci\u00f3n de resultados<\/li>\n<li class=\"elementor-icon-list-item\">Optimizaciones<\/li>\n<li class=\"elementor-icon-list-item\">Tracking y Remarketing<\/li>\n<li class=\"elementor-icon-list-item\">An\u00e1lisis Web SEO<\/li>\n<li class=\"elementor-icon-list-item\">Definici\u00f3n de Clientes Potenciales<\/li>\n<li class=\"elementor-icon-list-item\">Dise\u00f1o de 4 Landing Page<\/li>\n<li class=\"elementor-icon-list-item\">Estructurar p\u00e1ginas y embudos de venta<\/li>\n<li class=\"elementor-icon-list-item\">Edici\u00f3n de 5 videos de Contenido Reels<\/li>\n<li class=\"elementor-icon-list-item\">Creaci\u00f3n de im\u00e1genes y contenido IMPACTANTE con IA<\/li>\n<li class=\"elementor-icon-list-item\">Optimizaci\u00f3n y seguimiento en Comercio Electronico (mailing)<\/li>\n<li class=\"elementor-icon-list-item\">KPI\u00b4s de Rendimiento Avanzado<\/li>\n<li class=\"elementor-icon-list-item\">Junta con Creativo digital: 4 Hora (1 hrs. Semanales)\u200b\u200b<\/li>\n<li class=\"elementor-icon-list-item\">Junta con Trafficker digital: 4 Hora (1 hrs. Semanales)\u200b\u200b<\/li>\n<\/ul>\n<\/div>\n<\/div>\n<\/div>\n<\/div>\n<\/div>\n<div class=\"elementor-element elementor-element-db19b64 elementor-align-left elementor-icon-list--layout-traditional elementor-list-item-link-full_width elementor-widget elementor-widget-icon-list\" data-id=\"db19b64\" data-element_type=\"widget\" data-widget_type=\"icon-list.default\">\n<div class=\"elementor-widget-container\"><\/div>\n<\/div>\n<div class=\"elementor-element elementor-element-d0817f6 elementor-align-center elementor-widget elementor-widget-button\" data-id=\"d0817f6\" data-element_type=\"widget\" data-widget_type=\"button.default\">\n<div class=\"elementor-widget-container\">\n<div class=\"elementor-button-wrapper\"><a class=\"elementor-button-link elementor-button elementor-size-sm\" role=\"button\" href=\"https:\/\/kioongo.com\/marketing\/consultoria-de-marketing\/#\"><span class=\"elementor-button-content-wrapper\"><span class=\"elementor-button-text\">PAGAR<\/span><\/span><\/a><\/div>\n<\/div>\n<\/div>\n","protected":false},"featured_media":21249,"comment_status":"open","ping_status":"closed","template":"","meta":{"site-sidebar-layout":"default","site-content-layout":"default","ast-site-content-layout":"default","site-content-style":"default","site-sidebar-style":"default","ast-global-header-display":"","ast-banner-title-visibility":"","ast-main-header-display":"","ast-hfb-above-header-display":"","ast-hfb-below-header-display":"","ast-hfb-mobile-header-display":"","site-post-title":"","ast-breadcrumbs-content":"","ast-featured-img":"","footer-sml-layout":"","ast-disable-related-posts":"","theme-transparent-header-meta":"default","adv-header-id-meta":"","stick-header-meta":"","header-above-stick-meta":"","header-main-stick-meta":"","header-below-stick-meta":"","astra-migrate-meta-layouts":"default","ast-page-background-enabled":"default","ast-page-background-meta":{"desktop":{"background-color":"var(--ast-global-color-4)","background-image":"","background-repeat":"repeat","background-position":"center center","background-size":"auto","background-attachment":"scroll","background-type":"","background-media":"","overlay-type":"","overlay-color":"","overlay-opacity":"","overlay-gradient":""},"tablet":{"background-color":"","background-image":"","background-repeat":"repeat","background-position":"center center","background-size":"auto","background-attachment":"scroll","background-type":"","background-media":"","overlay-type":"","overlay-color":"","overlay-opacity":"","overlay-gradient":""},"mobile":{"background-color":"","background-image":"","background-repeat":"repeat","background-position":"center center","background-size":"auto","background-attachment":"scroll","background-type":"","background-media":"","overlay-type":"","overlay-color":"","overlay-opacity":"","overlay-gradient":""}},"ast-content-background-meta":{"desktop":{"background-color":"var(--ast-global-color-5)","background-image":"","background-repeat":"repeat","background-position":"center center","background-size":"auto","background-attachment":"scroll","background-type":"","background-media":"","overlay-type":"","overlay-color":"","overlay-opacity":"","overlay-gradient":""},"tablet":{"background-color":"var(--ast-global-color-5)","background-image":"","background-repeat":"repeat","background-position":"center center","background-size":"auto","background-attachment":"scroll","background-type":"","background-media":"","overlay-type":"","overlay-color":"","overlay-opacity":"","overlay-gradient":""},"mobile":{"background-color":"var(--ast-global-color-5)","background-image":"","background-repeat":"repeat","background-position":"center center","background-size":"auto","background-attachment":"scroll","background-type":"","background-media":"","overlay-type":"","overlay-color":"","overlay-opacity":"","overlay-gradient":""}},"_joinchat":[]},"product_brand":[],"product_cat":[1022],"product_tag":[],"class_list":{"0":"post-21232","1":"product","2":"type-product","3":"status-publish","4":"has-post-thumbnail","6":"product_cat-consultoria","7":"desktop-align-left","8":"tablet-align-left","9":"mobile-align-left","10":"ast-product-gallery-layout-horizontal-slider","11":"ast-product-gallery-with-no-image","12":"ast-product-tabs-layout-vertical","14":"first","15":"instock","16":"virtual","17":"taxable","18":"purchasable","19":"product-type-simple"},"yoast_head":"<!-- This site is optimized with the Yoast SEO Premium plugin v20.4 (Yoast SEO v25.5) - https:\/\/yoast.com\/wordpress\/plugins\/seo\/ -->\n<title>CONSULTORIA ESCALER UP - KMD: \u25b7Agencia de Marketing Digital by Kioongo<\/title>\n<meta name=\"robots\" content=\"index, follow, max-snippet:-1, max-image-preview:large, max-video-preview:-1\" \/>\n<link rel=\"canonical\" href=\"https:\/\/kioongo.com\/marketing\/tienda\/consultoria\/consultoria-escaler-up\/\" \/>\n<meta property=\"og:locale\" content=\"es_ES\" \/>\n<meta property=\"og:type\" content=\"article\" \/>\n<meta property=\"og:title\" content=\"CONSULTORIA ESCALER UP\" \/>\n<meta property=\"og:description\" content=\"Desglose    Feed $59,995  Community $8,500  Total $72,745    40 Fotograf\u00edas en establecimiento , de producto o figura p\u00fablica  3 V\u00eddeos Corporativos de 30 seg  Para presupuestos en ADS de $50,000 a $90,000 NO INCLUIDO  12 Campa\u00f1as, Creaci\u00f3n, Configuraci\u00f3n y Optimizaci\u00f3n de Anuncios en Google, YouTube, Facebook, Instagram, TikTok  36 Anuncios en campa\u00f1as  30 Post en redes sociales Facebook e Instagram contenido espejo  8 historias animadas  Estrategia  Briefing  Benchmark  Definici\u00f3n de objetivos  Conceptualizaci\u00f3n  Funnel  Dise\u00f1o gr\u00e1fico avanzado  Definici\u00f3n de presupuestos  Proyecci\u00f3n de resultados  Optimizaciones  Tracking y Remarketing  An\u00e1lisis Web SEO  Definici\u00f3n de Clientes Potenciales  Dise\u00f1o de 4 Landing Page  Estructurar p\u00e1ginas y embudos de venta  Edici\u00f3n de 5 videos de Contenido Reels  Creaci\u00f3n de im\u00e1genes y contenido IMPACTANTE con IA  Optimizaci\u00f3n y seguimiento en Comercio Electronico (mailing)  KPI\u00b4s de Rendimiento Avanzado  Junta con Creativo digital: 4 Hora (1 hrs. Semanales)\u200b\u200b  Junta con Trafficker digital: 4 Hora (1 hrs. Semanales)\u200b\u200b            PAGAR\" \/>\n<meta property=\"og:url\" content=\"https:\/\/kioongo.com\/marketing\/tienda\/consultoria\/consultoria-escaler-up\/\" \/>\n<meta property=\"og:site_name\" content=\"KMD: \u25b7Agencia de Marketing Digital by Kioongo\" \/>\n<meta property=\"article:modified_time\" content=\"2024-02-23T19:59:17+00:00\" \/>\n<meta property=\"og:image\" content=\"https:\/\/kioongo.com\/marketing\/wp-content\/uploads\/2022\/12\/38-1.png\" \/>\n\t<meta property=\"og:image:width\" content=\"1080\" \/>\n\t<meta property=\"og:image:height\" content=\"1080\" \/>\n\t<meta property=\"og:image:type\" content=\"image\/png\" \/>\n<meta name=\"twitter:card\" content=\"summary_large_image\" \/>\n<meta name=\"twitter:label1\" content=\"Tiempo de lectura\" \/>\n\t<meta name=\"twitter:data1\" content=\"1 minuto\" \/>\n<script type=\"application\/ld+json\" class=\"yoast-schema-graph\">{\"@context\":\"https:\/\/schema.org\",\"@graph\":[{\"@type\":\"WebPage\",\"@id\":\"https:\/\/kioongo.com\/marketing\/tienda\/consultoria\/consultoria-escaler-up\/\",\"url\":\"https:\/\/kioongo.com\/marketing\/tienda\/consultoria\/consultoria-escaler-up\/\",\"name\":\"CONSULTORIA ESCALER UP - KMD: \u25b7Agencia de Marketing Digital by Kioongo\",\"isPartOf\":{\"@id\":\"https:\/\/kioongo.com\/marketing\/#website\"},\"primaryImageOfPage\":{\"@id\":\"https:\/\/kioongo.com\/marketing\/tienda\/consultoria\/consultoria-escaler-up\/#primaryimage\"},\"image\":{\"@id\":\"https:\/\/kioongo.com\/marketing\/tienda\/consultoria\/consultoria-escaler-up\/#primaryimage\"},\"thumbnailUrl\":\"https:\/\/kioongo.com\/marketing\/wp-content\/uploads\/2022\/12\/38-1.png\",\"datePublished\":\"2022-12-01T20:49:11+00:00\",\"dateModified\":\"2024-02-23T19:59:17+00:00\",\"breadcrumb\":{\"@id\":\"https:\/\/kioongo.com\/marketing\/tienda\/consultoria\/consultoria-escaler-up\/#breadcrumb\"},\"inLanguage\":\"es\",\"potentialAction\":[{\"@type\":\"ReadAction\",\"target\":[\"https:\/\/kioongo.com\/marketing\/tienda\/consultoria\/consultoria-escaler-up\/\"]}]},{\"@type\":\"ImageObject\",\"inLanguage\":\"es\",\"@id\":\"https:\/\/kioongo.com\/marketing\/tienda\/consultoria\/consultoria-escaler-up\/#primaryimage\",\"url\":\"https:\/\/kioongo.com\/marketing\/wp-content\/uploads\/2022\/12\/38-1.png\",\"contentUrl\":\"https:\/\/kioongo.com\/marketing\/wp-content\/uploads\/2022\/12\/38-1.png\",\"width\":1080,\"height\":1080},{\"@type\":\"BreadcrumbList\",\"@id\":\"https:\/\/kioongo.com\/marketing\/tienda\/consultoria\/consultoria-escaler-up\/#breadcrumb\",\"itemListElement\":[{\"@type\":\"ListItem\",\"position\":1,\"name\":\"Portada\",\"item\":\"https:\/\/kioongo.com\/marketing\/\"},{\"@type\":\"ListItem\",\"position\":2,\"name\":\"Tienda\",\"item\":\"https:\/\/kioongo.com\/marketing\/tienda\/\"},{\"@type\":\"ListItem\",\"position\":3,\"name\":\"CONSULTORIA ESCALER UP\"}]},{\"@type\":\"WebSite\",\"@id\":\"https:\/\/kioongo.com\/marketing\/#website\",\"url\":\"https:\/\/kioongo.com\/marketing\/\",\"name\":\"KMD: \u25b7Agencia de Marketing Digital by Kioongo\",\"description\":\"La Agencia de Marketing Digital en M\u00e9xico, que posiciona NEGOCIOS en internet con estrategias creativas para VENDER m\u00e1s con| BRAND | SEM | SEO | CRO | FUNNELS | WEB.\",\"publisher\":{\"@id\":\"https:\/\/kioongo.com\/marketing\/#organization\"},\"alternateName\":\"Agencia Marketing Digital \u25b7 KMD\",\"potentialAction\":[{\"@type\":\"SearchAction\",\"target\":{\"@type\":\"EntryPoint\",\"urlTemplate\":\"https:\/\/kioongo.com\/marketing\/?s={search_term_string}\"},\"query-input\":{\"@type\":\"PropertyValueSpecification\",\"valueRequired\":true,\"valueName\":\"search_term_string\"}}],\"inLanguage\":\"es\"},{\"@type\":[\"Organization\",\"Place\"],\"@id\":\"https:\/\/kioongo.com\/marketing\/#organization\",\"name\":\"KMD: \u25b7Agencia de Marketing Digital by Kioongo\",\"alternateName\":\"Agencia y Academia de Marketing Digital \u25b7 Kioongo KMD\",\"url\":\"https:\/\/kioongo.com\/marketing\/\",\"logo\":{\"@id\":\"https:\/\/kioongo.com\/marketing\/tienda\/consultoria\/consultoria-escaler-up\/#local-main-organization-logo\"},\"image\":{\"@id\":\"https:\/\/kioongo.com\/marketing\/tienda\/consultoria\/consultoria-escaler-up\/#local-main-organization-logo\"},\"openingHoursSpecification\":[{\"@type\":\"OpeningHoursSpecification\",\"dayOfWeek\":[\"Monday\",\"Tuesday\",\"Wednesday\",\"Thursday\",\"Friday\",\"Saturday\",\"Sunday\"],\"opens\":\"09:00\",\"closes\":\"17:00\"}]},{\"@type\":\"ImageObject\",\"inLanguage\":\"es\",\"@id\":\"https:\/\/kioongo.com\/marketing\/tienda\/consultoria\/consultoria-escaler-up\/#local-main-organization-logo\",\"url\":\"https:\/\/kioongo.com\/marketing\/wp-content\/uploads\/2022\/10\/kmd-kioongo-LOG-WEB.png\",\"contentUrl\":\"https:\/\/kioongo.com\/marketing\/wp-content\/uploads\/2022\/10\/kmd-kioongo-LOG-WEB.png\",\"width\":700,\"height\":200,\"caption\":\"KMD: \u25b7Agencia de Marketing Digital by Kioongo\"}]}<\/script>\n<!-- \/ Yoast SEO Premium plugin. -->","yoast_head_json":{"title":"CONSULTORIA ESCALER UP - KMD: \u25b7Agencia de Marketing Digital by Kioongo","robots":{"index":"index","follow":"follow","max-snippet":"max-snippet:-1","max-image-preview":"max-image-preview:large","max-video-preview":"max-video-preview:-1"},"canonical":"https:\/\/kioongo.com\/marketing\/tienda\/consultoria\/consultoria-escaler-up\/","og_locale":"es_ES","og_type":"article","og_title":"CONSULTORIA ESCALER UP","og_description":"Desglose    Feed $59,995  Community $8,500  Total $72,745    40 Fotograf\u00edas en establecimiento , de producto o figura p\u00fablica  3 V\u00eddeos Corporativos de 30 seg  Para presupuestos en ADS de $50,000 a $90,000 NO INCLUIDO  12 Campa\u00f1as, Creaci\u00f3n, Configuraci\u00f3n y Optimizaci\u00f3n de Anuncios en Google, YouTube, Facebook, Instagram, TikTok  36 Anuncios en campa\u00f1as  30 Post en redes sociales Facebook e Instagram contenido espejo  8 historias animadas  Estrategia  Briefing  Benchmark  Definici\u00f3n de objetivos  Conceptualizaci\u00f3n  Funnel  Dise\u00f1o gr\u00e1fico avanzado  Definici\u00f3n de presupuestos  Proyecci\u00f3n de resultados  Optimizaciones  Tracking y Remarketing  An\u00e1lisis Web SEO  Definici\u00f3n de Clientes Potenciales  Dise\u00f1o de 4 Landing Page  Estructurar p\u00e1ginas y embudos de venta  Edici\u00f3n de 5 videos de Contenido Reels  Creaci\u00f3n de im\u00e1genes y contenido IMPACTANTE con IA  Optimizaci\u00f3n y seguimiento en Comercio Electronico (mailing)  KPI\u00b4s de Rendimiento Avanzado  Junta con Creativo digital: 4 Hora (1 hrs. Semanales)\u200b\u200b  Junta con Trafficker digital: 4 Hora (1 hrs. Semanales)\u200b\u200b            PAGAR","og_url":"https:\/\/kioongo.com\/marketing\/tienda\/consultoria\/consultoria-escaler-up\/","og_site_name":"KMD: \u25b7Agencia de Marketing Digital by Kioongo","article_modified_time":"2024-02-23T19:59:17+00:00","og_image":[{"width":1080,"height":1080,"url":"https:\/\/kioongo.com\/marketing\/wp-content\/uploads\/2022\/12\/38-1.png","type":"image\/png"}],"twitter_card":"summary_large_image","twitter_misc":{"Tiempo de lectura":"1 minuto"},"schema":{"@context":"https:\/\/schema.org","@graph":[{"@type":"WebPage","@id":"https:\/\/kioongo.com\/marketing\/tienda\/consultoria\/consultoria-escaler-up\/","url":"https:\/\/kioongo.com\/marketing\/tienda\/consultoria\/consultoria-escaler-up\/","name":"CONSULTORIA ESCALER UP - KMD: \u25b7Agencia de Marketing Digital by Kioongo","isPartOf":{"@id":"https:\/\/kioongo.com\/marketing\/#website"},"primaryImageOfPage":{"@id":"https:\/\/kioongo.com\/marketing\/tienda\/consultoria\/consultoria-escaler-up\/#primaryimage"},"image":{"@id":"https:\/\/kioongo.com\/marketing\/tienda\/consultoria\/consultoria-escaler-up\/#primaryimage"},"thumbnailUrl":"https:\/\/kioongo.com\/marketing\/wp-content\/uploads\/2022\/12\/38-1.png","datePublished":"2022-12-01T20:49:11+00:00","dateModified":"2024-02-23T19:59:17+00:00","breadcrumb":{"@id":"https:\/\/kioongo.com\/marketing\/tienda\/consultoria\/consultoria-escaler-up\/#breadcrumb"},"inLanguage":"es","potentialAction":[{"@type":"ReadAction","target":["https:\/\/kioongo.com\/marketing\/tienda\/consultoria\/consultoria-escaler-up\/"]}]},{"@type":"ImageObject","inLanguage":"es","@id":"https:\/\/kioongo.com\/marketing\/tienda\/consultoria\/consultoria-escaler-up\/#primaryimage","url":"https:\/\/kioongo.com\/marketing\/wp-content\/uploads\/2022\/12\/38-1.png","contentUrl":"https:\/\/kioongo.com\/marketing\/wp-content\/uploads\/2022\/12\/38-1.png","width":1080,"height":1080},{"@type":"BreadcrumbList","@id":"https:\/\/kioongo.com\/marketing\/tienda\/consultoria\/consultoria-escaler-up\/#breadcrumb","itemListElement":[{"@type":"ListItem","position":1,"name":"Portada","item":"https:\/\/kioongo.com\/marketing\/"},{"@type":"ListItem","position":2,"name":"Tienda","item":"https:\/\/kioongo.com\/marketing\/tienda\/"},{"@type":"ListItem","position":3,"name":"CONSULTORIA ESCALER UP"}]},{"@type":"WebSite","@id":"https:\/\/kioongo.com\/marketing\/#website","url":"https:\/\/kioongo.com\/marketing\/","name":"KMD: \u25b7Agencia de Marketing Digital by Kioongo","description":"La Agencia de Marketing Digital en M\u00e9xico, que posiciona NEGOCIOS en internet con estrategias creativas para VENDER m\u00e1s con| BRAND | SEM | SEO | CRO | FUNNELS | WEB.","publisher":{"@id":"https:\/\/kioongo.com\/marketing\/#organization"},"alternateName":"Agencia Marketing Digital \u25b7 KMD","potentialAction":[{"@type":"SearchAction","target":{"@type":"EntryPoint","urlTemplate":"https:\/\/kioongo.com\/marketing\/?s={search_term_string}"},"query-input":{"@type":"PropertyValueSpecification","valueRequired":true,"valueName":"search_term_string"}}],"inLanguage":"es"},{"@type":["Organization","Place"],"@id":"https:\/\/kioongo.com\/marketing\/#organization","name":"KMD: \u25b7Agencia de Marketing Digital by Kioongo","alternateName":"Agencia y Academia de Marketing Digital \u25b7 Kioongo KMD","url":"https:\/\/kioongo.com\/marketing\/","logo":{"@id":"https:\/\/kioongo.com\/marketing\/tienda\/consultoria\/consultoria-escaler-up\/#local-main-organization-logo"},"image":{"@id":"https:\/\/kioongo.com\/marketing\/tienda\/consultoria\/consultoria-escaler-up\/#local-main-organization-logo"},"openingHoursSpecification":[{"@type":"OpeningHoursSpecification","dayOfWeek":["Monday","Tuesday","Wednesday","Thursday","Friday","Saturday","Sunday"],"opens":"09:00","closes":"17:00"}]},{"@type":"ImageObject","inLanguage":"es","@id":"https:\/\/kioongo.com\/marketing\/tienda\/consultoria\/consultoria-escaler-up\/#local-main-organization-logo","url":"https:\/\/kioongo.com\/marketing\/wp-content\/uploads\/2022\/10\/kmd-kioongo-LOG-WEB.png","contentUrl":"https:\/\/kioongo.com\/marketing\/wp-content\/uploads\/2022\/10\/kmd-kioongo-LOG-WEB.png","width":700,"height":200,"caption":"KMD: \u25b7Agencia de Marketing Digital by Kioongo"}]}},"_links":{"self":[{"href":"https:\/\/kioongo.com\/marketing\/wp-json\/wp\/v2\/product\/21232","targetHints":{"allow":["GET"]}}],"collection":[{"href":"https:\/\/kioongo.com\/marketing\/wp-json\/wp\/v2\/product"}],"about":[{"href":"https:\/\/kioongo.com\/marketing\/wp-json\/wp\/v2\/types\/product"}],"replies":[{"embeddable":true,"href":"https:\/\/kioongo.com\/marketing\/wp-json\/wp\/v2\/comments?post=21232"}],"version-history":[{"count":2,"href":"https:\/\/kioongo.com\/marketing\/wp-json\/wp\/v2\/product\/21232\/revisions"}],"predecessor-version":[{"id":30569,"href":"https:\/\/kioongo.com\/marketing\/wp-json\/wp\/v2\/product\/21232\/revisions\/30569"}],"wp:featuredmedia":[{"embeddable":true,"href":"https:\/\/kioongo.com\/marketing\/wp-json\/wp\/v2\/media\/21249"}],"wp:attachment":[{"href":"https:\/\/kioongo.com\/marketing\/wp-json\/wp\/v2\/media?parent=21232"}],"wp:term":[{"taxonomy":"product_brand","embeddable":true,"href":"https:\/\/kioongo.com\/marketing\/wp-json\/wp\/v2\/product_brand?post=21232"},{"taxonomy":"product_cat","embeddable":true,"href":"https:\/\/kioongo.com\/marketing\/wp-json\/wp\/v2\/product_cat?post=21232"},{"taxonomy":"product_tag","embeddable":true,"href":"https:\/\/kioongo.com\/marketing\/wp-json\/wp\/v2\/product_tag?post=21232"}],"curies":[{"name":"wp","href":"https:\/\/api.w.org\/{rel}","templated":true}]}}