{"id":21493,"date":"2022-12-02T14:10:50","date_gmt":"2022-12-02T20:10:50","guid":{"rendered":"https:\/\/kioongo.com\/marketing\/?post_type=product&#038;p=21493"},"modified":"2023-03-29T15:35:04","modified_gmt":"2023-03-29T21:35:04","slug":"diseno-web-premium-one-time","status":"publish","type":"product","link":"https:\/\/kioongo.com\/marketing\/tienda\/diseno-web\/diseno-web-premium-one-time\/","title":{"rendered":"DISE\u00d1O WEB-PREMIUM (ONE TIME) INMOBILIARIO"},"content":{"rendered":"<p>El dise\u00f1o web es la planificaci\u00f3n y creaci\u00f3n de un sitio web de tu marca, con el objetivo de tener presencia tus productos a trav\u00e9s de internet. El dise\u00f1o web es la herramienta con la que te da a conocer y ocupar un lugar en el mundo digital a trav\u00e9s de diferentes tipos de estrategias. Si adquieres de este servicio se te incluye desde un dise\u00f1o de estilo personalizado con secciones internas, cuatro landing pages adicionales , donde se te puede ofrecer hasta 31 secciones internas, y lo m\u00e1s importante tu secci\u00f3n poseer\u00e1 su respectivo aviso de privacidad, dicho servicio tiene el tiempo de entrega de 3 a 5 semanas. Todo esto sirve para dar a conocer tu marca, producto o servicio a trav\u00e9s de internet con el objetivo de brindar experiencias \u00fanicas que generen ventas.<\/p>\n","protected":false},"excerpt":{"rendered":"<ul>\n<li>Administrador CMS<\/li>\n<li>WordPress<\/li>\n<li>Dise\u00f1o Pro inmobiliario especializado<\/li>\n<li>3 Dise\u00f1o de estilo personalizado secciones internas<\/li>\n<li>4 landing page adicionales<\/li>\n<li>Hasta 31 Secciones internas<\/li>\n<li>1 secci\u00f3n &#8211; Aviso de Privacidad<\/li>\n<li>8 formulario de contacto completo<\/li>\n<li>60 im\u00e1genes de Stock<\/li>\n<li>\u00cdconos y links a redes sociales<\/li>\n<li>Instalaci\u00f3n de Facebook pixel<\/li>\n<li>Instalaci\u00f3n de Google analytiks<\/li>\n<li>Arquitectura SEO<\/li>\n<li>25 Keywords inmobiliario<\/li>\n<li>Acelerador web<\/li>\n<li>200 Gb de almacenamiento<\/li>\n<li>16 cuentas de correo<\/li>\n<li>Chat Whtasapp<\/li>\n<li>Chat Messenger<\/li>\n<li>Secci\u00f3n de blog o news<\/li>\n<li>Categorizaci\u00f3n SEO news enlaces amigables<\/li>\n<li>Alta consola de indexaci\u00f3n<\/li>\n<li>Dominio b\u00e1sico gratis<\/li>\n<li>M\u00faltiples propiedades o complejos<\/li>\n<li>Integraci\u00f3n de tu CRM<\/li>\n<li>Entrega de 3 a 5 semanas<\/li>\n<\/ul>\n","protected":false},"featured_media":21511,"comment_status":"open","ping_status":"closed","template":"","meta":{"site-sidebar-layout":"default","site-content-layout":"default","ast-site-content-layout":"default","site-content-style":"default","site-sidebar-style":"default","ast-global-header-display":"","ast-banner-title-visibility":"","ast-main-header-display":"","ast-hfb-above-header-display":"","ast-hfb-below-header-display":"","ast-hfb-mobile-header-display":"","site-post-title":"","ast-breadcrumbs-content":"","ast-featured-img":"","footer-sml-layout":"","ast-disable-related-posts":"","theme-transparent-header-meta":"default","adv-header-id-meta":"","stick-header-meta":"default","header-above-stick-meta":"","header-main-stick-meta":"","header-below-stick-meta":"","astra-migrate-meta-layouts":"default","ast-page-background-enabled":"default","ast-page-background-meta":{"desktop":{"background-color":"var(--ast-global-color-4)","background-image":"","background-repeat":"repeat","background-position":"center center","background-size":"auto","background-attachment":"scroll","background-type":"","background-media":"","overlay-type":"","overlay-color":"","overlay-opacity":"","overlay-gradient":""},"tablet":{"background-color":"","background-image":"","background-repeat":"repeat","background-position":"center center","background-size":"auto","background-attachment":"scroll","background-type":"","background-media":"","overlay-type":"","overlay-color":"","overlay-opacity":"","overlay-gradient":""},"mobile":{"background-color":"","background-image":"","background-repeat":"repeat","background-position":"center center","background-size":"auto","background-attachment":"scroll","background-type":"","background-media":"","overlay-type":"","overlay-color":"","overlay-opacity":"","overlay-gradient":""}},"ast-content-background-meta":{"desktop":{"background-color":"var(--ast-global-color-5)","background-image":"","background-repeat":"repeat","background-position":"center center","background-size":"auto","background-attachment":"scroll","background-type":"","background-media":"","overlay-type":"","overlay-color":"","overlay-opacity":"","overlay-gradient":""},"tablet":{"background-color":"var(--ast-global-color-5)","background-image":"","background-repeat":"repeat","background-position":"center center","background-size":"auto","background-attachment":"scroll","background-type":"","background-media":"","overlay-type":"","overlay-color":"","overlay-opacity":"","overlay-gradient":""},"mobile":{"background-color":"var(--ast-global-color-5)","background-image":"","background-repeat":"repeat","background-position":"center center","background-size":"auto","background-attachment":"scroll","background-type":"","background-media":"","overlay-type":"","overlay-color":"","overlay-opacity":"","overlay-gradient":""}},"_joinchat":[]},"product_brand":[],"product_cat":[1023],"product_tag":[],"class_list":{"0":"post-21493","1":"product","2":"type-product","3":"status-publish","4":"has-post-thumbnail","6":"product_cat-diseno-web","7":"desktop-align-left","8":"tablet-align-left","9":"mobile-align-left","10":"ast-product-gallery-layout-horizontal-slider","11":"ast-product-tabs-layout-vertical","13":"first","14":"instock","15":"virtual","16":"taxable","17":"purchasable","18":"product-type-simple"},"yoast_head":"<!-- This site is optimized with the Yoast SEO Premium plugin v20.4 (Yoast SEO v25.5) - https:\/\/yoast.com\/wordpress\/plugins\/seo\/ -->\n<title>DISE\u00d1O WEB-PREMIUM (ONE TIME) INMOBILIARIO - KMD: \u25b7Agencia de Marketing Digital by Kioongo<\/title>\n<meta name=\"description\" content=\"El dise\u00f1o web es la planificaci\u00f3n y creaci\u00f3n de un sitio web de tu marca, con el objetivo de tener presencia y comunicar tus productos a trav\u00e9s de internet.\" \/>\n<meta name=\"robots\" content=\"index, follow, max-snippet:-1, max-image-preview:large, max-video-preview:-1\" \/>\n<link rel=\"canonical\" href=\"https:\/\/kioongo.com\/marketing\/tienda\/diseno-web\/diseno-web-premium-one-time\/\" \/>\n<meta property=\"og:locale\" content=\"es_ES\" \/>\n<meta property=\"og:type\" content=\"article\" \/>\n<meta property=\"og:title\" content=\"DISE\u00d1O WEB-PREMIUM (ONE TIME) INMOBILIARIO\" \/>\n<meta property=\"og:description\" content=\"El dise\u00f1o web es la planificaci\u00f3n y creaci\u00f3n de un sitio web de tu marca, con el objetivo de tener presencia y comunicar tus productos a trav\u00e9s de internet.\" \/>\n<meta property=\"og:url\" content=\"https:\/\/kioongo.com\/marketing\/tienda\/diseno-web\/diseno-web-premium-one-time\/\" \/>\n<meta property=\"og:site_name\" content=\"KMD: \u25b7Agencia de Marketing Digital by Kioongo\" \/>\n<meta property=\"article:modified_time\" content=\"2023-03-29T21:35:04+00:00\" \/>\n<meta property=\"og:image\" content=\"https:\/\/kioongo.com\/marketing\/wp-content\/uploads\/2022\/12\/4.jpg\" \/>\n\t<meta property=\"og:image:width\" content=\"1025\" \/>\n\t<meta property=\"og:image:height\" content=\"1025\" \/>\n\t<meta property=\"og:image:type\" content=\"image\/jpeg\" \/>\n<meta name=\"twitter:card\" content=\"summary_large_image\" \/>\n<meta name=\"twitter:label1\" content=\"Tiempo de lectura\" \/>\n\t<meta name=\"twitter:data1\" content=\"1 minuto\" \/>\n<script type=\"application\/ld+json\" class=\"yoast-schema-graph\">{\"@context\":\"https:\/\/schema.org\",\"@graph\":[{\"@type\":\"WebPage\",\"@id\":\"https:\/\/kioongo.com\/marketing\/tienda\/diseno-web\/diseno-web-premium-one-time\/\",\"url\":\"https:\/\/kioongo.com\/marketing\/tienda\/diseno-web\/diseno-web-premium-one-time\/\",\"name\":\"DISE\u00d1O WEB-PREMIUM (ONE TIME) INMOBILIARIO - KMD: \u25b7Agencia de Marketing Digital by Kioongo\",\"isPartOf\":{\"@id\":\"https:\/\/kioongo.com\/marketing\/#website\"},\"primaryImageOfPage\":{\"@id\":\"https:\/\/kioongo.com\/marketing\/tienda\/diseno-web\/diseno-web-premium-one-time\/#primaryimage\"},\"image\":{\"@id\":\"https:\/\/kioongo.com\/marketing\/tienda\/diseno-web\/diseno-web-premium-one-time\/#primaryimage\"},\"thumbnailUrl\":\"https:\/\/kioongo.com\/marketing\/wp-content\/uploads\/2022\/12\/4.jpg\",\"datePublished\":\"2022-12-02T20:10:50+00:00\",\"dateModified\":\"2023-03-29T21:35:04+00:00\",\"description\":\"El dise\u00f1o web es la planificaci\u00f3n y creaci\u00f3n de un sitio web de tu marca, con el objetivo de tener presencia y comunicar tus productos a trav\u00e9s de internet.\",\"breadcrumb\":{\"@id\":\"https:\/\/kioongo.com\/marketing\/tienda\/diseno-web\/diseno-web-premium-one-time\/#breadcrumb\"},\"inLanguage\":\"es\",\"potentialAction\":[{\"@type\":\"ReadAction\",\"target\":[\"https:\/\/kioongo.com\/marketing\/tienda\/diseno-web\/diseno-web-premium-one-time\/\"]}]},{\"@type\":\"ImageObject\",\"inLanguage\":\"es\",\"@id\":\"https:\/\/kioongo.com\/marketing\/tienda\/diseno-web\/diseno-web-premium-one-time\/#primaryimage\",\"url\":\"https:\/\/kioongo.com\/marketing\/wp-content\/uploads\/2022\/12\/4.jpg\",\"contentUrl\":\"https:\/\/kioongo.com\/marketing\/wp-content\/uploads\/2022\/12\/4.jpg\",\"width\":1025,\"height\":1025},{\"@type\":\"BreadcrumbList\",\"@id\":\"https:\/\/kioongo.com\/marketing\/tienda\/diseno-web\/diseno-web-premium-one-time\/#breadcrumb\",\"itemListElement\":[{\"@type\":\"ListItem\",\"position\":1,\"name\":\"Portada\",\"item\":\"https:\/\/kioongo.com\/marketing\/\"},{\"@type\":\"ListItem\",\"position\":2,\"name\":\"Tienda\",\"item\":\"https:\/\/kioongo.com\/marketing\/tienda\/\"},{\"@type\":\"ListItem\",\"position\":3,\"name\":\"DISE\u00d1O WEB-PREMIUM (ONE TIME) INMOBILIARIO\"}]},{\"@type\":\"WebSite\",\"@id\":\"https:\/\/kioongo.com\/marketing\/#website\",\"url\":\"https:\/\/kioongo.com\/marketing\/\",\"name\":\"KMD: \u25b7Agencia de Marketing Digital by Kioongo\",\"description\":\"La Agencia de Marketing Digital en M\u00e9xico, que posiciona NEGOCIOS en internet con estrategias creativas para VENDER m\u00e1s con| BRAND | SEM | SEO | CRO | FUNNELS | WEB.\",\"publisher\":{\"@id\":\"https:\/\/kioongo.com\/marketing\/#organization\"},\"alternateName\":\"Agencia Marketing Digital \u25b7 KMD\",\"potentialAction\":[{\"@type\":\"SearchAction\",\"target\":{\"@type\":\"EntryPoint\",\"urlTemplate\":\"https:\/\/kioongo.com\/marketing\/?s={search_term_string}\"},\"query-input\":{\"@type\":\"PropertyValueSpecification\",\"valueRequired\":true,\"valueName\":\"search_term_string\"}}],\"inLanguage\":\"es\"},{\"@type\":[\"Organization\",\"Place\"],\"@id\":\"https:\/\/kioongo.com\/marketing\/#organization\",\"name\":\"KMD: \u25b7Agencia de Marketing Digital by Kioongo\",\"alternateName\":\"Agencia y Academia de Marketing Digital \u25b7 Kioongo KMD\",\"url\":\"https:\/\/kioongo.com\/marketing\/\",\"logo\":{\"@id\":\"https:\/\/kioongo.com\/marketing\/tienda\/diseno-web\/diseno-web-premium-one-time\/#local-main-organization-logo\"},\"image\":{\"@id\":\"https:\/\/kioongo.com\/marketing\/tienda\/diseno-web\/diseno-web-premium-one-time\/#local-main-organization-logo\"},\"openingHoursSpecification\":[{\"@type\":\"OpeningHoursSpecification\",\"dayOfWeek\":[\"Monday\",\"Tuesday\",\"Wednesday\",\"Thursday\",\"Friday\",\"Saturday\",\"Sunday\"],\"opens\":\"09:00\",\"closes\":\"17:00\"}]},{\"@type\":\"ImageObject\",\"inLanguage\":\"es\",\"@id\":\"https:\/\/kioongo.com\/marketing\/tienda\/diseno-web\/diseno-web-premium-one-time\/#local-main-organization-logo\",\"url\":\"https:\/\/kioongo.com\/marketing\/wp-content\/uploads\/2022\/10\/kmd-kioongo-LOG-WEB.png\",\"contentUrl\":\"https:\/\/kioongo.com\/marketing\/wp-content\/uploads\/2022\/10\/kmd-kioongo-LOG-WEB.png\",\"width\":700,\"height\":200,\"caption\":\"KMD: \u25b7Agencia de Marketing Digital by Kioongo\"}]}<\/script>\n<!-- \/ Yoast SEO Premium plugin. -->","yoast_head_json":{"title":"DISE\u00d1O WEB-PREMIUM (ONE TIME) INMOBILIARIO - KMD: \u25b7Agencia de Marketing Digital by Kioongo","description":"El dise\u00f1o web es la planificaci\u00f3n y creaci\u00f3n de un sitio web de tu marca, con el objetivo de tener presencia y comunicar tus productos a trav\u00e9s de internet.","robots":{"index":"index","follow":"follow","max-snippet":"max-snippet:-1","max-image-preview":"max-image-preview:large","max-video-preview":"max-video-preview:-1"},"canonical":"https:\/\/kioongo.com\/marketing\/tienda\/diseno-web\/diseno-web-premium-one-time\/","og_locale":"es_ES","og_type":"article","og_title":"DISE\u00d1O WEB-PREMIUM (ONE TIME) INMOBILIARIO","og_description":"El dise\u00f1o web es la planificaci\u00f3n y creaci\u00f3n de un sitio web de tu marca, con el objetivo de tener presencia y comunicar tus productos a trav\u00e9s de internet.","og_url":"https:\/\/kioongo.com\/marketing\/tienda\/diseno-web\/diseno-web-premium-one-time\/","og_site_name":"KMD: \u25b7Agencia de Marketing Digital by Kioongo","article_modified_time":"2023-03-29T21:35:04+00:00","og_image":[{"width":1025,"height":1025,"url":"https:\/\/kioongo.com\/marketing\/wp-content\/uploads\/2022\/12\/4.jpg","type":"image\/jpeg"}],"twitter_card":"summary_large_image","twitter_misc":{"Tiempo de lectura":"1 minuto"},"schema":{"@context":"https:\/\/schema.org","@graph":[{"@type":"WebPage","@id":"https:\/\/kioongo.com\/marketing\/tienda\/diseno-web\/diseno-web-premium-one-time\/","url":"https:\/\/kioongo.com\/marketing\/tienda\/diseno-web\/diseno-web-premium-one-time\/","name":"DISE\u00d1O WEB-PREMIUM (ONE TIME) INMOBILIARIO - KMD: \u25b7Agencia de Marketing Digital by Kioongo","isPartOf":{"@id":"https:\/\/kioongo.com\/marketing\/#website"},"primaryImageOfPage":{"@id":"https:\/\/kioongo.com\/marketing\/tienda\/diseno-web\/diseno-web-premium-one-time\/#primaryimage"},"image":{"@id":"https:\/\/kioongo.com\/marketing\/tienda\/diseno-web\/diseno-web-premium-one-time\/#primaryimage"},"thumbnailUrl":"https:\/\/kioongo.com\/marketing\/wp-content\/uploads\/2022\/12\/4.jpg","datePublished":"2022-12-02T20:10:50+00:00","dateModified":"2023-03-29T21:35:04+00:00","description":"El dise\u00f1o web es la planificaci\u00f3n y creaci\u00f3n de un sitio web de tu marca, con el objetivo de tener presencia y comunicar tus productos a trav\u00e9s de internet.","breadcrumb":{"@id":"https:\/\/kioongo.com\/marketing\/tienda\/diseno-web\/diseno-web-premium-one-time\/#breadcrumb"},"inLanguage":"es","potentialAction":[{"@type":"ReadAction","target":["https:\/\/kioongo.com\/marketing\/tienda\/diseno-web\/diseno-web-premium-one-time\/"]}]},{"@type":"ImageObject","inLanguage":"es","@id":"https:\/\/kioongo.com\/marketing\/tienda\/diseno-web\/diseno-web-premium-one-time\/#primaryimage","url":"https:\/\/kioongo.com\/marketing\/wp-content\/uploads\/2022\/12\/4.jpg","contentUrl":"https:\/\/kioongo.com\/marketing\/wp-content\/uploads\/2022\/12\/4.jpg","width":1025,"height":1025},{"@type":"BreadcrumbList","@id":"https:\/\/kioongo.com\/marketing\/tienda\/diseno-web\/diseno-web-premium-one-time\/#breadcrumb","itemListElement":[{"@type":"ListItem","position":1,"name":"Portada","item":"https:\/\/kioongo.com\/marketing\/"},{"@type":"ListItem","position":2,"name":"Tienda","item":"https:\/\/kioongo.com\/marketing\/tienda\/"},{"@type":"ListItem","position":3,"name":"DISE\u00d1O WEB-PREMIUM (ONE TIME) INMOBILIARIO"}]},{"@type":"WebSite","@id":"https:\/\/kioongo.com\/marketing\/#website","url":"https:\/\/kioongo.com\/marketing\/","name":"KMD: \u25b7Agencia de Marketing Digital by Kioongo","description":"La Agencia de Marketing Digital en M\u00e9xico, que posiciona NEGOCIOS en internet con estrategias creativas para VENDER m\u00e1s con| BRAND | SEM | SEO | CRO | FUNNELS | WEB.","publisher":{"@id":"https:\/\/kioongo.com\/marketing\/#organization"},"alternateName":"Agencia Marketing Digital \u25b7 KMD","potentialAction":[{"@type":"SearchAction","target":{"@type":"EntryPoint","urlTemplate":"https:\/\/kioongo.com\/marketing\/?s={search_term_string}"},"query-input":{"@type":"PropertyValueSpecification","valueRequired":true,"valueName":"search_term_string"}}],"inLanguage":"es"},{"@type":["Organization","Place"],"@id":"https:\/\/kioongo.com\/marketing\/#organization","name":"KMD: \u25b7Agencia de Marketing Digital by Kioongo","alternateName":"Agencia y Academia de Marketing Digital \u25b7 Kioongo KMD","url":"https:\/\/kioongo.com\/marketing\/","logo":{"@id":"https:\/\/kioongo.com\/marketing\/tienda\/diseno-web\/diseno-web-premium-one-time\/#local-main-organization-logo"},"image":{"@id":"https:\/\/kioongo.com\/marketing\/tienda\/diseno-web\/diseno-web-premium-one-time\/#local-main-organization-logo"},"openingHoursSpecification":[{"@type":"OpeningHoursSpecification","dayOfWeek":["Monday","Tuesday","Wednesday","Thursday","Friday","Saturday","Sunday"],"opens":"09:00","closes":"17:00"}]},{"@type":"ImageObject","inLanguage":"es","@id":"https:\/\/kioongo.com\/marketing\/tienda\/diseno-web\/diseno-web-premium-one-time\/#local-main-organization-logo","url":"https:\/\/kioongo.com\/marketing\/wp-content\/uploads\/2022\/10\/kmd-kioongo-LOG-WEB.png","contentUrl":"https:\/\/kioongo.com\/marketing\/wp-content\/uploads\/2022\/10\/kmd-kioongo-LOG-WEB.png","width":700,"height":200,"caption":"KMD: \u25b7Agencia de Marketing Digital by Kioongo"}]}},"_links":{"self":[{"href":"https:\/\/kioongo.com\/marketing\/wp-json\/wp\/v2\/product\/21493","targetHints":{"allow":["GET"]}}],"collection":[{"href":"https:\/\/kioongo.com\/marketing\/wp-json\/wp\/v2\/product"}],"about":[{"href":"https:\/\/kioongo.com\/marketing\/wp-json\/wp\/v2\/types\/product"}],"replies":[{"embeddable":true,"href":"https:\/\/kioongo.com\/marketing\/wp-json\/wp\/v2\/comments?post=21493"}],"version-history":[{"count":1,"href":"https:\/\/kioongo.com\/marketing\/wp-json\/wp\/v2\/product\/21493\/revisions"}],"predecessor-version":[{"id":27045,"href":"https:\/\/kioongo.com\/marketing\/wp-json\/wp\/v2\/product\/21493\/revisions\/27045"}],"wp:featuredmedia":[{"embeddable":true,"href":"https:\/\/kioongo.com\/marketing\/wp-json\/wp\/v2\/media\/21511"}],"wp:attachment":[{"href":"https:\/\/kioongo.com\/marketing\/wp-json\/wp\/v2\/media?parent=21493"}],"wp:term":[{"taxonomy":"product_brand","embeddable":true,"href":"https:\/\/kioongo.com\/marketing\/wp-json\/wp\/v2\/product_brand?post=21493"},{"taxonomy":"product_cat","embeddable":true,"href":"https:\/\/kioongo.com\/marketing\/wp-json\/wp\/v2\/product_cat?post=21493"},{"taxonomy":"product_tag","embeddable":true,"href":"https:\/\/kioongo.com\/marketing\/wp-json\/wp\/v2\/product_tag?post=21493"}],"curies":[{"name":"wp","href":"https:\/\/api.w.org\/{rel}","templated":true}]}}