{"id":21500,"date":"2022-12-02T14:10:50","date_gmt":"2022-12-02T20:10:50","guid":{"rendered":"https:\/\/kioongo.com\/marketing\/?post_type=product&#038;p=21500"},"modified":"2022-12-02T14:16:12","modified_gmt":"2022-12-02T20:16:12","slug":"facebook-ads-premier","status":"publish","type":"product","link":"https:\/\/kioongo.com\/marketing\/tienda\/campanas-publicitarias-redes-sociales\/facebook-ads-premier\/","title":{"rendered":"FACEBOOK ADS-PREMIER"},"content":{"rendered":"<p>Adem\u00e1s de mejorar tus ventas, la comunicaci\u00f3n y conexi\u00f3n con tu audiencia. En Facebook ADS, podr\u00e1s lograr tus objetivos, dando a conocer la marca de tu empresa de manera digital y con mayor alcance. Actualmente, la presencia en l\u00ednea y crecimiento org\u00e1nico no son suficientes, es por eso que la publicidad en redes sociales es una estrategia muy importante para poder aumentar tus ventas y lograr tus objetivos.<\/p>\n<p>Si adquieres de este servicio se te incluye una estrategia briefing, el briefing forma parte de una estrategia de preparaci\u00f3n para una acci\u00f3n publicitaria, estrategia benchmarking, consiste en un estudio profundizado sobre tus competidores para entender las estrategias y mejores tus pr\u00e1cticas, y puedas alcanzar de tus objetivos. Facebook ADS es de las redes sociales m\u00e1s grandes del mundo con usuarios activos y la red social m\u00e1s eficaz para invertir en publicidad digital pues es la favorita de las empresas ya que tiene cientos de posibilidades de obtener resultados positivos<\/p>\n","protected":false},"excerpt":{"rendered":"<ul>\n<li>Estrategia briefing<\/li>\n<li>Benchmarking<\/li>\n<li>Definici\u00f3n de objetivos<\/li>\n<li>Conceptualizaci\u00f3n<\/li>\n<li>Optimizaci\u00f3n<\/li>\n<li>Remarketing y Retargeting<\/li>\n<li>Perfecto para medianas empresas<\/li>\n<li>Hasta 2 Redes Sociales<\/li>\n<li>2 campa\u00f1as en FB\/IG u 4 anuncios FB E ING<\/li>\n<li>4 ediciones incluidas<\/li>\n<li>Etiquetado en todo el Sitio Web<\/li>\n<li>Remarketing y Retargeting incluido<\/li>\n<li>Informes y an\u00e1lisis mensuales<\/li>\n<li>Pauta de 15 A 30K<\/li>\n<li>Inversi\u00f3n extra sin cargo en el feed<\/li>\n<li>LUKALIKE<\/li>\n<li>Para Leads<\/li>\n<\/ul>\n<p>CANCELA TU SUSCRIPCI\u00d3N CUANDO QUIERAS<\/p>\n","protected":false},"featured_media":21517,"comment_status":"open","ping_status":"closed","template":"","meta":{"site-sidebar-layout":"default","site-content-layout":"default","ast-site-content-layout":"default","site-content-style":"default","site-sidebar-style":"default","ast-global-header-display":"","ast-banner-title-visibility":"","ast-main-header-display":"","ast-hfb-above-header-display":"","ast-hfb-below-header-display":"","ast-hfb-mobile-header-display":"","site-post-title":"","ast-breadcrumbs-content":"","ast-featured-img":"","footer-sml-layout":"","ast-disable-related-posts":"","theme-transparent-header-meta":"default","adv-header-id-meta":"","stick-header-meta":"","header-above-stick-meta":"","header-main-stick-meta":"","header-below-stick-meta":"","astra-migrate-meta-layouts":"default","ast-page-background-enabled":"default","ast-page-background-meta":{"desktop":{"background-color":"var(--ast-global-color-4)","background-image":"","background-repeat":"repeat","background-position":"center center","background-size":"auto","background-attachment":"scroll","background-type":"","background-media":"","overlay-type":"","overlay-color":"","overlay-opacity":"","overlay-gradient":""},"tablet":{"background-color":"","background-image":"","background-repeat":"repeat","background-position":"center center","background-size":"auto","background-attachment":"scroll","background-type":"","background-media":"","overlay-type":"","overlay-color":"","overlay-opacity":"","overlay-gradient":""},"mobile":{"background-color":"","background-image":"","background-repeat":"repeat","background-position":"center center","background-size":"auto","background-attachment":"scroll","background-type":"","background-media":"","overlay-type":"","overlay-color":"","overlay-opacity":"","overlay-gradient":""}},"ast-content-background-meta":{"desktop":{"background-color":"var(--ast-global-color-5)","background-image":"","background-repeat":"repeat","background-position":"center center","background-size":"auto","background-attachment":"scroll","background-type":"","background-media":"","overlay-type":"","overlay-color":"","overlay-opacity":"","overlay-gradient":""},"tablet":{"background-color":"var(--ast-global-color-5)","background-image":"","background-repeat":"repeat","background-position":"center center","background-size":"auto","background-attachment":"scroll","background-type":"","background-media":"","overlay-type":"","overlay-color":"","overlay-opacity":"","overlay-gradient":""},"mobile":{"background-color":"var(--ast-global-color-5)","background-image":"","background-repeat":"repeat","background-position":"center center","background-size":"auto","background-attachment":"scroll","background-type":"","background-media":"","overlay-type":"","overlay-color":"","overlay-opacity":"","overlay-gradient":""}},"_joinchat":[]},"product_brand":[],"product_cat":[125],"product_tag":[],"class_list":{"0":"post-21500","1":"product","2":"type-product","3":"status-publish","4":"has-post-thumbnail","6":"product_cat-campanas-publicitarias-redes-sociales","7":"desktop-align-left","8":"tablet-align-left","9":"mobile-align-left","10":"ast-product-gallery-layout-horizontal-slider","11":"ast-product-tabs-layout-vertical","13":"first","14":"instock","15":"virtual","16":"taxable","17":"purchasable","18":"product-type-simple"},"yoast_head":"<!-- This site is optimized with the Yoast SEO Premium plugin v20.4 (Yoast SEO v25.5) - https:\/\/yoast.com\/wordpress\/plugins\/seo\/ -->\n<title>FACEBOOK ADS-PREMIER - KMD: \u25b7Agencia de Marketing Digital by Kioongo<\/title>\n<meta name=\"description\" content=\"Facebook ADS es una de las redes sociales que contiene publicidad digital que te permite llegar a tu p\u00fablico objetivo de manera pr\u00e1ctica.\" \/>\n<meta name=\"robots\" content=\"index, follow, max-snippet:-1, max-image-preview:large, max-video-preview:-1\" \/>\n<link rel=\"canonical\" href=\"https:\/\/kioongo.com\/marketing\/tienda\/campanas-publicitarias-redes-sociales\/facebook-ads-premier\/\" \/>\n<meta property=\"og:locale\" content=\"es_ES\" \/>\n<meta property=\"og:type\" content=\"article\" \/>\n<meta property=\"og:title\" content=\"FACEBOOK ADS-PREMIER\" \/>\n<meta property=\"og:description\" content=\"Facebook ADS es una de las redes sociales que contiene publicidad digital que te permite llegar a tu p\u00fablico objetivo de manera pr\u00e1ctica.\" \/>\n<meta property=\"og:url\" content=\"https:\/\/kioongo.com\/marketing\/tienda\/campanas-publicitarias-redes-sociales\/facebook-ads-premier\/\" \/>\n<meta property=\"og:site_name\" content=\"KMD: \u25b7Agencia de Marketing Digital by Kioongo\" \/>\n<meta property=\"article:modified_time\" content=\"2022-12-02T20:16:12+00:00\" \/>\n<meta property=\"og:image\" content=\"https:\/\/kioongo.com\/marketing\/wp-content\/uploads\/2022\/12\/10.jpg\" \/>\n\t<meta property=\"og:image:width\" content=\"1080\" \/>\n\t<meta property=\"og:image:height\" content=\"1080\" \/>\n\t<meta property=\"og:image:type\" content=\"image\/jpeg\" \/>\n<meta name=\"twitter:card\" content=\"summary_large_image\" \/>\n<meta name=\"twitter:label1\" content=\"Tiempo de lectura\" \/>\n\t<meta name=\"twitter:data1\" content=\"1 minuto\" \/>\n<script type=\"application\/ld+json\" class=\"yoast-schema-graph\">{\"@context\":\"https:\/\/schema.org\",\"@graph\":[{\"@type\":\"WebPage\",\"@id\":\"https:\/\/kioongo.com\/marketing\/tienda\/campanas-publicitarias-redes-sociales\/facebook-ads-premier\/\",\"url\":\"https:\/\/kioongo.com\/marketing\/tienda\/campanas-publicitarias-redes-sociales\/facebook-ads-premier\/\",\"name\":\"FACEBOOK ADS-PREMIER - KMD: \u25b7Agencia de Marketing Digital by Kioongo\",\"isPartOf\":{\"@id\":\"https:\/\/kioongo.com\/marketing\/#website\"},\"primaryImageOfPage\":{\"@id\":\"https:\/\/kioongo.com\/marketing\/tienda\/campanas-publicitarias-redes-sociales\/facebook-ads-premier\/#primaryimage\"},\"image\":{\"@id\":\"https:\/\/kioongo.com\/marketing\/tienda\/campanas-publicitarias-redes-sociales\/facebook-ads-premier\/#primaryimage\"},\"thumbnailUrl\":\"https:\/\/kioongo.com\/marketing\/wp-content\/uploads\/2022\/12\/10.jpg\",\"datePublished\":\"2022-12-02T20:10:50+00:00\",\"dateModified\":\"2022-12-02T20:16:12+00:00\",\"description\":\"Facebook ADS es una de las redes sociales que contiene publicidad digital que te permite llegar a tu p\u00fablico objetivo de manera pr\u00e1ctica.\",\"breadcrumb\":{\"@id\":\"https:\/\/kioongo.com\/marketing\/tienda\/campanas-publicitarias-redes-sociales\/facebook-ads-premier\/#breadcrumb\"},\"inLanguage\":\"es\",\"potentialAction\":[{\"@type\":\"ReadAction\",\"target\":[\"https:\/\/kioongo.com\/marketing\/tienda\/campanas-publicitarias-redes-sociales\/facebook-ads-premier\/\"]}]},{\"@type\":\"ImageObject\",\"inLanguage\":\"es\",\"@id\":\"https:\/\/kioongo.com\/marketing\/tienda\/campanas-publicitarias-redes-sociales\/facebook-ads-premier\/#primaryimage\",\"url\":\"https:\/\/kioongo.com\/marketing\/wp-content\/uploads\/2022\/12\/10.jpg\",\"contentUrl\":\"https:\/\/kioongo.com\/marketing\/wp-content\/uploads\/2022\/12\/10.jpg\",\"width\":1080,\"height\":1080},{\"@type\":\"BreadcrumbList\",\"@id\":\"https:\/\/kioongo.com\/marketing\/tienda\/campanas-publicitarias-redes-sociales\/facebook-ads-premier\/#breadcrumb\",\"itemListElement\":[{\"@type\":\"ListItem\",\"position\":1,\"name\":\"Portada\",\"item\":\"https:\/\/kioongo.com\/marketing\/\"},{\"@type\":\"ListItem\",\"position\":2,\"name\":\"Tienda\",\"item\":\"https:\/\/kioongo.com\/marketing\/tienda\/\"},{\"@type\":\"ListItem\",\"position\":3,\"name\":\"FACEBOOK ADS-PREMIER\"}]},{\"@type\":\"WebSite\",\"@id\":\"https:\/\/kioongo.com\/marketing\/#website\",\"url\":\"https:\/\/kioongo.com\/marketing\/\",\"name\":\"KMD: \u25b7Agencia de Marketing Digital by Kioongo\",\"description\":\"La Agencia de Marketing Digital en M\u00e9xico, que posiciona NEGOCIOS en internet con estrategias creativas para VENDER m\u00e1s con| BRAND | SEM | SEO | CRO | FUNNELS | WEB.\",\"publisher\":{\"@id\":\"https:\/\/kioongo.com\/marketing\/#organization\"},\"alternateName\":\"Agencia Marketing Digital \u25b7 KMD\",\"potentialAction\":[{\"@type\":\"SearchAction\",\"target\":{\"@type\":\"EntryPoint\",\"urlTemplate\":\"https:\/\/kioongo.com\/marketing\/?s={search_term_string}\"},\"query-input\":{\"@type\":\"PropertyValueSpecification\",\"valueRequired\":true,\"valueName\":\"search_term_string\"}}],\"inLanguage\":\"es\"},{\"@type\":[\"Organization\",\"Place\"],\"@id\":\"https:\/\/kioongo.com\/marketing\/#organization\",\"name\":\"KMD: \u25b7Agencia de Marketing Digital by Kioongo\",\"alternateName\":\"Agencia y Academia de Marketing Digital \u25b7 Kioongo KMD\",\"url\":\"https:\/\/kioongo.com\/marketing\/\",\"logo\":{\"@id\":\"https:\/\/kioongo.com\/marketing\/tienda\/campanas-publicitarias-redes-sociales\/facebook-ads-premier\/#local-main-organization-logo\"},\"image\":{\"@id\":\"https:\/\/kioongo.com\/marketing\/tienda\/campanas-publicitarias-redes-sociales\/facebook-ads-premier\/#local-main-organization-logo\"},\"openingHoursSpecification\":[{\"@type\":\"OpeningHoursSpecification\",\"dayOfWeek\":[\"Monday\",\"Tuesday\",\"Wednesday\",\"Thursday\",\"Friday\",\"Saturday\",\"Sunday\"],\"opens\":\"09:00\",\"closes\":\"17:00\"}]},{\"@type\":\"ImageObject\",\"inLanguage\":\"es\",\"@id\":\"https:\/\/kioongo.com\/marketing\/tienda\/campanas-publicitarias-redes-sociales\/facebook-ads-premier\/#local-main-organization-logo\",\"url\":\"https:\/\/kioongo.com\/marketing\/wp-content\/uploads\/2022\/10\/kmd-kioongo-LOG-WEB.png\",\"contentUrl\":\"https:\/\/kioongo.com\/marketing\/wp-content\/uploads\/2022\/10\/kmd-kioongo-LOG-WEB.png\",\"width\":700,\"height\":200,\"caption\":\"KMD: \u25b7Agencia de Marketing Digital by Kioongo\"}]}<\/script>\n<!-- \/ Yoast SEO Premium plugin. -->","yoast_head_json":{"title":"FACEBOOK ADS-PREMIER - KMD: \u25b7Agencia de Marketing Digital by Kioongo","description":"Facebook ADS es una de las redes sociales que contiene publicidad digital que te permite llegar a tu p\u00fablico objetivo de manera pr\u00e1ctica.","robots":{"index":"index","follow":"follow","max-snippet":"max-snippet:-1","max-image-preview":"max-image-preview:large","max-video-preview":"max-video-preview:-1"},"canonical":"https:\/\/kioongo.com\/marketing\/tienda\/campanas-publicitarias-redes-sociales\/facebook-ads-premier\/","og_locale":"es_ES","og_type":"article","og_title":"FACEBOOK ADS-PREMIER","og_description":"Facebook ADS es una de las redes sociales que contiene publicidad digital que te permite llegar a tu p\u00fablico objetivo de manera pr\u00e1ctica.","og_url":"https:\/\/kioongo.com\/marketing\/tienda\/campanas-publicitarias-redes-sociales\/facebook-ads-premier\/","og_site_name":"KMD: \u25b7Agencia de Marketing Digital by Kioongo","article_modified_time":"2022-12-02T20:16:12+00:00","og_image":[{"width":1080,"height":1080,"url":"https:\/\/kioongo.com\/marketing\/wp-content\/uploads\/2022\/12\/10.jpg","type":"image\/jpeg"}],"twitter_card":"summary_large_image","twitter_misc":{"Tiempo de lectura":"1 minuto"},"schema":{"@context":"https:\/\/schema.org","@graph":[{"@type":"WebPage","@id":"https:\/\/kioongo.com\/marketing\/tienda\/campanas-publicitarias-redes-sociales\/facebook-ads-premier\/","url":"https:\/\/kioongo.com\/marketing\/tienda\/campanas-publicitarias-redes-sociales\/facebook-ads-premier\/","name":"FACEBOOK ADS-PREMIER - KMD: \u25b7Agencia de Marketing Digital by Kioongo","isPartOf":{"@id":"https:\/\/kioongo.com\/marketing\/#website"},"primaryImageOfPage":{"@id":"https:\/\/kioongo.com\/marketing\/tienda\/campanas-publicitarias-redes-sociales\/facebook-ads-premier\/#primaryimage"},"image":{"@id":"https:\/\/kioongo.com\/marketing\/tienda\/campanas-publicitarias-redes-sociales\/facebook-ads-premier\/#primaryimage"},"thumbnailUrl":"https:\/\/kioongo.com\/marketing\/wp-content\/uploads\/2022\/12\/10.jpg","datePublished":"2022-12-02T20:10:50+00:00","dateModified":"2022-12-02T20:16:12+00:00","description":"Facebook ADS es una de las redes sociales que contiene publicidad digital que te permite llegar a tu p\u00fablico objetivo de manera pr\u00e1ctica.","breadcrumb":{"@id":"https:\/\/kioongo.com\/marketing\/tienda\/campanas-publicitarias-redes-sociales\/facebook-ads-premier\/#breadcrumb"},"inLanguage":"es","potentialAction":[{"@type":"ReadAction","target":["https:\/\/kioongo.com\/marketing\/tienda\/campanas-publicitarias-redes-sociales\/facebook-ads-premier\/"]}]},{"@type":"ImageObject","inLanguage":"es","@id":"https:\/\/kioongo.com\/marketing\/tienda\/campanas-publicitarias-redes-sociales\/facebook-ads-premier\/#primaryimage","url":"https:\/\/kioongo.com\/marketing\/wp-content\/uploads\/2022\/12\/10.jpg","contentUrl":"https:\/\/kioongo.com\/marketing\/wp-content\/uploads\/2022\/12\/10.jpg","width":1080,"height":1080},{"@type":"BreadcrumbList","@id":"https:\/\/kioongo.com\/marketing\/tienda\/campanas-publicitarias-redes-sociales\/facebook-ads-premier\/#breadcrumb","itemListElement":[{"@type":"ListItem","position":1,"name":"Portada","item":"https:\/\/kioongo.com\/marketing\/"},{"@type":"ListItem","position":2,"name":"Tienda","item":"https:\/\/kioongo.com\/marketing\/tienda\/"},{"@type":"ListItem","position":3,"name":"FACEBOOK ADS-PREMIER"}]},{"@type":"WebSite","@id":"https:\/\/kioongo.com\/marketing\/#website","url":"https:\/\/kioongo.com\/marketing\/","name":"KMD: \u25b7Agencia de Marketing Digital by Kioongo","description":"La Agencia de Marketing Digital en M\u00e9xico, que posiciona NEGOCIOS en internet con estrategias creativas para VENDER m\u00e1s con| BRAND | SEM | SEO | CRO | FUNNELS | WEB.","publisher":{"@id":"https:\/\/kioongo.com\/marketing\/#organization"},"alternateName":"Agencia Marketing Digital \u25b7 KMD","potentialAction":[{"@type":"SearchAction","target":{"@type":"EntryPoint","urlTemplate":"https:\/\/kioongo.com\/marketing\/?s={search_term_string}"},"query-input":{"@type":"PropertyValueSpecification","valueRequired":true,"valueName":"search_term_string"}}],"inLanguage":"es"},{"@type":["Organization","Place"],"@id":"https:\/\/kioongo.com\/marketing\/#organization","name":"KMD: \u25b7Agencia de Marketing Digital by Kioongo","alternateName":"Agencia y Academia de Marketing Digital \u25b7 Kioongo KMD","url":"https:\/\/kioongo.com\/marketing\/","logo":{"@id":"https:\/\/kioongo.com\/marketing\/tienda\/campanas-publicitarias-redes-sociales\/facebook-ads-premier\/#local-main-organization-logo"},"image":{"@id":"https:\/\/kioongo.com\/marketing\/tienda\/campanas-publicitarias-redes-sociales\/facebook-ads-premier\/#local-main-organization-logo"},"openingHoursSpecification":[{"@type":"OpeningHoursSpecification","dayOfWeek":["Monday","Tuesday","Wednesday","Thursday","Friday","Saturday","Sunday"],"opens":"09:00","closes":"17:00"}]},{"@type":"ImageObject","inLanguage":"es","@id":"https:\/\/kioongo.com\/marketing\/tienda\/campanas-publicitarias-redes-sociales\/facebook-ads-premier\/#local-main-organization-logo","url":"https:\/\/kioongo.com\/marketing\/wp-content\/uploads\/2022\/10\/kmd-kioongo-LOG-WEB.png","contentUrl":"https:\/\/kioongo.com\/marketing\/wp-content\/uploads\/2022\/10\/kmd-kioongo-LOG-WEB.png","width":700,"height":200,"caption":"KMD: \u25b7Agencia de Marketing Digital by Kioongo"}]}},"_links":{"self":[{"href":"https:\/\/kioongo.com\/marketing\/wp-json\/wp\/v2\/product\/21500","targetHints":{"allow":["GET"]}}],"collection":[{"href":"https:\/\/kioongo.com\/marketing\/wp-json\/wp\/v2\/product"}],"about":[{"href":"https:\/\/kioongo.com\/marketing\/wp-json\/wp\/v2\/types\/product"}],"replies":[{"embeddable":true,"href":"https:\/\/kioongo.com\/marketing\/wp-json\/wp\/v2\/comments?post=21500"}],"version-history":[{"count":0,"href":"https:\/\/kioongo.com\/marketing\/wp-json\/wp\/v2\/product\/21500\/revisions"}],"wp:featuredmedia":[{"embeddable":true,"href":"https:\/\/kioongo.com\/marketing\/wp-json\/wp\/v2\/media\/21517"}],"wp:attachment":[{"href":"https:\/\/kioongo.com\/marketing\/wp-json\/wp\/v2\/media?parent=21500"}],"wp:term":[{"taxonomy":"product_brand","embeddable":true,"href":"https:\/\/kioongo.com\/marketing\/wp-json\/wp\/v2\/product_brand?post=21500"},{"taxonomy":"product_cat","embeddable":true,"href":"https:\/\/kioongo.com\/marketing\/wp-json\/wp\/v2\/product_cat?post=21500"},{"taxonomy":"product_tag","embeddable":true,"href":"https:\/\/kioongo.com\/marketing\/wp-json\/wp\/v2\/product_tag?post=21500"}],"curies":[{"name":"wp","href":"https:\/\/api.w.org\/{rel}","templated":true}]}}