{"id":21503,"date":"2022-12-02T14:10:51","date_gmt":"2022-12-02T20:10:51","guid":{"rendered":"https:\/\/kioongo.com\/marketing\/?post_type=product&#038;p=21503"},"modified":"2022-12-02T14:16:40","modified_gmt":"2022-12-02T20:16:40","slug":"googles-ads-premium","status":"publish","type":"product","link":"https:\/\/kioongo.com\/marketing\/tienda\/campanas-publicitarias-redes-sociales\/googles-ads-premium\/","title":{"rendered":"GOOGLES ADS-PREMIUM"},"content":{"rendered":"<p>Adem\u00e1s de mejorar tus ventas, la comunicaci\u00f3n y conexi\u00f3n con tu audiencia. En Google ADS es el buscador donde podr\u00e1s lograr tus objetivos, dando a conocer la marca de tu empresa de manera digital y con mayor alcance. Actualmente, la presencia en l\u00ednea no es suficiente, es por eso que la publicidad es una estrategia muy importante para poder incrementar tus ventas y lograr tus objetivos.<\/p>\n<p><span style=\"font-size: 16px;font-style: normal;font-weight: 400\">\u00a0<\/span>Si adquieres de este servicio se te incluye una estrategia briefing, el briefing forma parte de una estrategia de preparaci\u00f3n para una acci\u00f3n publicitaria, estrategia benchmarking, consiste en un estudio profundizado sobre tus competidores para entender las estrategias y mejores tus pr\u00e1cticas, y puedas alcanzar de tus objetivos. Google ADS es el buscador m\u00e1s grande del mundo que permite dar difusi\u00f3n y gran visibilidad ante los clientes cuando busquen lo que tu negocio o empresa ofrece, de manera que obtendr\u00e1s grandes beneficios para tu empresa.<\/p>\n","protected":false},"excerpt":{"rendered":"<ul>\n<li>Estrategia briefing<\/li>\n<li>Benchmarking<\/li>\n<li>Definici\u00f3n de objetivos<\/li>\n<li>Conceptualizaci\u00f3n<\/li>\n<li>Optimizaci\u00f3n<\/li>\n<li>Remarketing y Retargeting<\/li>\n<li>Perfecto para medianas empresas.<\/li>\n<li>Hasta 2 Redes Sociales<\/li>\n<li>2 campa\u00f1as en FB\/IG u 8 anuncios FB E ING<\/li>\n<li>8 ediciones incluidas<\/li>\n<li>Etiquetado en todo el Sitio Web<\/li>\n<li>Remarketing y Retargeting incluido<\/li>\n<li>Informes y an\u00e1lisis mensuales<\/li>\n<li>Pauta de 35 a 50K<\/li>\n<li>Inversi\u00f3n extra sin cargo en el feed<\/li>\n<li>LUKALIKE<\/li>\n<li>Para Leads<\/li>\n<\/ul>\n<p>CANCELA TU SUSCRIPCI\u00d3N CUANDO QUIERAS<\/p>\n","protected":false},"featured_media":21520,"comment_status":"open","ping_status":"closed","template":"","meta":{"site-sidebar-layout":"default","site-content-layout":"default","ast-site-content-layout":"default","site-content-style":"default","site-sidebar-style":"default","ast-global-header-display":"","ast-banner-title-visibility":"","ast-main-header-display":"","ast-hfb-above-header-display":"","ast-hfb-below-header-display":"","ast-hfb-mobile-header-display":"","site-post-title":"","ast-breadcrumbs-content":"","ast-featured-img":"","footer-sml-layout":"","ast-disable-related-posts":"","theme-transparent-header-meta":"default","adv-header-id-meta":"","stick-header-meta":"","header-above-stick-meta":"","header-main-stick-meta":"","header-below-stick-meta":"","astra-migrate-meta-layouts":"default","ast-page-background-enabled":"default","ast-page-background-meta":{"desktop":{"background-color":"var(--ast-global-color-4)","background-image":"","background-repeat":"repeat","background-position":"center center","background-size":"auto","background-attachment":"scroll","background-type":"","background-media":"","overlay-type":"","overlay-color":"","overlay-opacity":"","overlay-gradient":""},"tablet":{"background-color":"","background-image":"","background-repeat":"repeat","background-position":"center center","background-size":"auto","background-attachment":"scroll","background-type":"","background-media":"","overlay-type":"","overlay-color":"","overlay-opacity":"","overlay-gradient":""},"mobile":{"background-color":"","background-image":"","background-repeat":"repeat","background-position":"center center","background-size":"auto","background-attachment":"scroll","background-type":"","background-media":"","overlay-type":"","overlay-color":"","overlay-opacity":"","overlay-gradient":""}},"ast-content-background-meta":{"desktop":{"background-color":"var(--ast-global-color-5)","background-image":"","background-repeat":"repeat","background-position":"center center","background-size":"auto","background-attachment":"scroll","background-type":"","background-media":"","overlay-type":"","overlay-color":"","overlay-opacity":"","overlay-gradient":""},"tablet":{"background-color":"var(--ast-global-color-5)","background-image":"","background-repeat":"repeat","background-position":"center center","background-size":"auto","background-attachment":"scroll","background-type":"","background-media":"","overlay-type":"","overlay-color":"","overlay-opacity":"","overlay-gradient":""},"mobile":{"background-color":"var(--ast-global-color-5)","background-image":"","background-repeat":"repeat","background-position":"center center","background-size":"auto","background-attachment":"scroll","background-type":"","background-media":"","overlay-type":"","overlay-color":"","overlay-opacity":"","overlay-gradient":""}},"_joinchat":[]},"product_brand":[],"product_cat":[125],"product_tag":[],"class_list":{"0":"post-21503","1":"product","2":"type-product","3":"status-publish","4":"has-post-thumbnail","6":"product_cat-campanas-publicitarias-redes-sociales","7":"desktop-align-left","8":"tablet-align-left","9":"mobile-align-left","10":"ast-product-gallery-layout-horizontal-slider","11":"ast-product-tabs-layout-vertical","13":"first","14":"instock","15":"virtual","16":"taxable","17":"purchasable","18":"product-type-simple"},"yoast_head":"<!-- This site is optimized with the Yoast SEO Premium plugin v20.4 (Yoast SEO v25.5) - https:\/\/yoast.com\/wordpress\/plugins\/seo\/ -->\n<title>GOOGLES ADS-PREMIUM - KMD: \u25b7Agencia de Marketing Digital by Kioongo<\/title>\n<meta name=\"description\" content=\"Google ADS es el buscador m\u00e1s grande del mundo que permite dar difusi\u00f3n y gran visibilidad ante los clientes cuando busquen lo que tu negocio ofrece.\" \/>\n<meta name=\"robots\" content=\"index, follow, max-snippet:-1, max-image-preview:large, max-video-preview:-1\" \/>\n<link rel=\"canonical\" href=\"https:\/\/kioongo.com\/marketing\/tienda\/campanas-publicitarias-redes-sociales\/googles-ads-premium\/\" \/>\n<meta property=\"og:locale\" content=\"es_ES\" \/>\n<meta property=\"og:type\" content=\"article\" \/>\n<meta property=\"og:title\" content=\"GOOGLES ADS-PREMIUM\" \/>\n<meta property=\"og:description\" content=\"Google ADS es el buscador m\u00e1s grande del mundo que permite dar difusi\u00f3n y gran visibilidad ante los clientes cuando busquen lo que tu negocio ofrece.\" \/>\n<meta property=\"og:url\" content=\"https:\/\/kioongo.com\/marketing\/tienda\/campanas-publicitarias-redes-sociales\/googles-ads-premium\/\" \/>\n<meta property=\"og:site_name\" content=\"KMD: \u25b7Agencia de Marketing Digital by Kioongo\" \/>\n<meta property=\"article:modified_time\" content=\"2022-12-02T20:16:40+00:00\" \/>\n<meta property=\"og:image\" content=\"https:\/\/kioongo.com\/marketing\/wp-content\/uploads\/2022\/12\/13.jpg\" \/>\n\t<meta property=\"og:image:width\" content=\"1080\" \/>\n\t<meta property=\"og:image:height\" content=\"1080\" \/>\n\t<meta property=\"og:image:type\" content=\"image\/jpeg\" \/>\n<meta name=\"twitter:card\" content=\"summary_large_image\" \/>\n<meta name=\"twitter:label1\" content=\"Tiempo de lectura\" \/>\n\t<meta name=\"twitter:data1\" content=\"1 minuto\" \/>\n<script type=\"application\/ld+json\" class=\"yoast-schema-graph\">{\"@context\":\"https:\/\/schema.org\",\"@graph\":[{\"@type\":\"WebPage\",\"@id\":\"https:\/\/kioongo.com\/marketing\/tienda\/campanas-publicitarias-redes-sociales\/googles-ads-premium\/\",\"url\":\"https:\/\/kioongo.com\/marketing\/tienda\/campanas-publicitarias-redes-sociales\/googles-ads-premium\/\",\"name\":\"GOOGLES ADS-PREMIUM - KMD: \u25b7Agencia de Marketing Digital by Kioongo\",\"isPartOf\":{\"@id\":\"https:\/\/kioongo.com\/marketing\/#website\"},\"primaryImageOfPage\":{\"@id\":\"https:\/\/kioongo.com\/marketing\/tienda\/campanas-publicitarias-redes-sociales\/googles-ads-premium\/#primaryimage\"},\"image\":{\"@id\":\"https:\/\/kioongo.com\/marketing\/tienda\/campanas-publicitarias-redes-sociales\/googles-ads-premium\/#primaryimage\"},\"thumbnailUrl\":\"https:\/\/kioongo.com\/marketing\/wp-content\/uploads\/2022\/12\/13.jpg\",\"datePublished\":\"2022-12-02T20:10:51+00:00\",\"dateModified\":\"2022-12-02T20:16:40+00:00\",\"description\":\"Google ADS es el buscador m\u00e1s grande del mundo que permite dar difusi\u00f3n y gran visibilidad ante los clientes cuando busquen lo que tu negocio ofrece.\",\"breadcrumb\":{\"@id\":\"https:\/\/kioongo.com\/marketing\/tienda\/campanas-publicitarias-redes-sociales\/googles-ads-premium\/#breadcrumb\"},\"inLanguage\":\"es\",\"potentialAction\":[{\"@type\":\"ReadAction\",\"target\":[\"https:\/\/kioongo.com\/marketing\/tienda\/campanas-publicitarias-redes-sociales\/googles-ads-premium\/\"]}]},{\"@type\":\"ImageObject\",\"inLanguage\":\"es\",\"@id\":\"https:\/\/kioongo.com\/marketing\/tienda\/campanas-publicitarias-redes-sociales\/googles-ads-premium\/#primaryimage\",\"url\":\"https:\/\/kioongo.com\/marketing\/wp-content\/uploads\/2022\/12\/13.jpg\",\"contentUrl\":\"https:\/\/kioongo.com\/marketing\/wp-content\/uploads\/2022\/12\/13.jpg\",\"width\":1080,\"height\":1080},{\"@type\":\"BreadcrumbList\",\"@id\":\"https:\/\/kioongo.com\/marketing\/tienda\/campanas-publicitarias-redes-sociales\/googles-ads-premium\/#breadcrumb\",\"itemListElement\":[{\"@type\":\"ListItem\",\"position\":1,\"name\":\"Portada\",\"item\":\"https:\/\/kioongo.com\/marketing\/\"},{\"@type\":\"ListItem\",\"position\":2,\"name\":\"Tienda\",\"item\":\"https:\/\/kioongo.com\/marketing\/tienda\/\"},{\"@type\":\"ListItem\",\"position\":3,\"name\":\"GOOGLES ADS-PREMIUM\"}]},{\"@type\":\"WebSite\",\"@id\":\"https:\/\/kioongo.com\/marketing\/#website\",\"url\":\"https:\/\/kioongo.com\/marketing\/\",\"name\":\"KMD: \u25b7Agencia de Marketing Digital by Kioongo\",\"description\":\"La Agencia de Marketing Digital en M\u00e9xico, que posiciona NEGOCIOS en internet con estrategias creativas para VENDER m\u00e1s con| BRAND | SEM | SEO | CRO | FUNNELS | WEB.\",\"publisher\":{\"@id\":\"https:\/\/kioongo.com\/marketing\/#organization\"},\"alternateName\":\"Agencia Marketing Digital \u25b7 KMD\",\"potentialAction\":[{\"@type\":\"SearchAction\",\"target\":{\"@type\":\"EntryPoint\",\"urlTemplate\":\"https:\/\/kioongo.com\/marketing\/?s={search_term_string}\"},\"query-input\":{\"@type\":\"PropertyValueSpecification\",\"valueRequired\":true,\"valueName\":\"search_term_string\"}}],\"inLanguage\":\"es\"},{\"@type\":[\"Organization\",\"Place\"],\"@id\":\"https:\/\/kioongo.com\/marketing\/#organization\",\"name\":\"KMD: \u25b7Agencia de Marketing Digital by Kioongo\",\"alternateName\":\"Agencia y Academia de Marketing Digital \u25b7 Kioongo KMD\",\"url\":\"https:\/\/kioongo.com\/marketing\/\",\"logo\":{\"@id\":\"https:\/\/kioongo.com\/marketing\/tienda\/campanas-publicitarias-redes-sociales\/googles-ads-premium\/#local-main-organization-logo\"},\"image\":{\"@id\":\"https:\/\/kioongo.com\/marketing\/tienda\/campanas-publicitarias-redes-sociales\/googles-ads-premium\/#local-main-organization-logo\"},\"openingHoursSpecification\":[{\"@type\":\"OpeningHoursSpecification\",\"dayOfWeek\":[\"Monday\",\"Tuesday\",\"Wednesday\",\"Thursday\",\"Friday\",\"Saturday\",\"Sunday\"],\"opens\":\"09:00\",\"closes\":\"17:00\"}]},{\"@type\":\"ImageObject\",\"inLanguage\":\"es\",\"@id\":\"https:\/\/kioongo.com\/marketing\/tienda\/campanas-publicitarias-redes-sociales\/googles-ads-premium\/#local-main-organization-logo\",\"url\":\"https:\/\/kioongo.com\/marketing\/wp-content\/uploads\/2022\/10\/kmd-kioongo-LOG-WEB.png\",\"contentUrl\":\"https:\/\/kioongo.com\/marketing\/wp-content\/uploads\/2022\/10\/kmd-kioongo-LOG-WEB.png\",\"width\":700,\"height\":200,\"caption\":\"KMD: \u25b7Agencia de Marketing Digital by Kioongo\"}]}<\/script>\n<!-- \/ Yoast SEO Premium plugin. -->","yoast_head_json":{"title":"GOOGLES ADS-PREMIUM - KMD: \u25b7Agencia de Marketing Digital by Kioongo","description":"Google ADS es el buscador m\u00e1s grande del mundo que permite dar difusi\u00f3n y gran visibilidad ante los clientes cuando busquen lo que tu negocio ofrece.","robots":{"index":"index","follow":"follow","max-snippet":"max-snippet:-1","max-image-preview":"max-image-preview:large","max-video-preview":"max-video-preview:-1"},"canonical":"https:\/\/kioongo.com\/marketing\/tienda\/campanas-publicitarias-redes-sociales\/googles-ads-premium\/","og_locale":"es_ES","og_type":"article","og_title":"GOOGLES ADS-PREMIUM","og_description":"Google ADS es el buscador m\u00e1s grande del mundo que permite dar difusi\u00f3n y gran visibilidad ante los clientes cuando busquen lo que tu negocio ofrece.","og_url":"https:\/\/kioongo.com\/marketing\/tienda\/campanas-publicitarias-redes-sociales\/googles-ads-premium\/","og_site_name":"KMD: \u25b7Agencia de Marketing Digital by Kioongo","article_modified_time":"2022-12-02T20:16:40+00:00","og_image":[{"width":1080,"height":1080,"url":"https:\/\/kioongo.com\/marketing\/wp-content\/uploads\/2022\/12\/13.jpg","type":"image\/jpeg"}],"twitter_card":"summary_large_image","twitter_misc":{"Tiempo de lectura":"1 minuto"},"schema":{"@context":"https:\/\/schema.org","@graph":[{"@type":"WebPage","@id":"https:\/\/kioongo.com\/marketing\/tienda\/campanas-publicitarias-redes-sociales\/googles-ads-premium\/","url":"https:\/\/kioongo.com\/marketing\/tienda\/campanas-publicitarias-redes-sociales\/googles-ads-premium\/","name":"GOOGLES ADS-PREMIUM - KMD: \u25b7Agencia de Marketing Digital by Kioongo","isPartOf":{"@id":"https:\/\/kioongo.com\/marketing\/#website"},"primaryImageOfPage":{"@id":"https:\/\/kioongo.com\/marketing\/tienda\/campanas-publicitarias-redes-sociales\/googles-ads-premium\/#primaryimage"},"image":{"@id":"https:\/\/kioongo.com\/marketing\/tienda\/campanas-publicitarias-redes-sociales\/googles-ads-premium\/#primaryimage"},"thumbnailUrl":"https:\/\/kioongo.com\/marketing\/wp-content\/uploads\/2022\/12\/13.jpg","datePublished":"2022-12-02T20:10:51+00:00","dateModified":"2022-12-02T20:16:40+00:00","description":"Google ADS es el buscador m\u00e1s grande del mundo que permite dar difusi\u00f3n y gran visibilidad ante los clientes cuando busquen lo que tu negocio ofrece.","breadcrumb":{"@id":"https:\/\/kioongo.com\/marketing\/tienda\/campanas-publicitarias-redes-sociales\/googles-ads-premium\/#breadcrumb"},"inLanguage":"es","potentialAction":[{"@type":"ReadAction","target":["https:\/\/kioongo.com\/marketing\/tienda\/campanas-publicitarias-redes-sociales\/googles-ads-premium\/"]}]},{"@type":"ImageObject","inLanguage":"es","@id":"https:\/\/kioongo.com\/marketing\/tienda\/campanas-publicitarias-redes-sociales\/googles-ads-premium\/#primaryimage","url":"https:\/\/kioongo.com\/marketing\/wp-content\/uploads\/2022\/12\/13.jpg","contentUrl":"https:\/\/kioongo.com\/marketing\/wp-content\/uploads\/2022\/12\/13.jpg","width":1080,"height":1080},{"@type":"BreadcrumbList","@id":"https:\/\/kioongo.com\/marketing\/tienda\/campanas-publicitarias-redes-sociales\/googles-ads-premium\/#breadcrumb","itemListElement":[{"@type":"ListItem","position":1,"name":"Portada","item":"https:\/\/kioongo.com\/marketing\/"},{"@type":"ListItem","position":2,"name":"Tienda","item":"https:\/\/kioongo.com\/marketing\/tienda\/"},{"@type":"ListItem","position":3,"name":"GOOGLES ADS-PREMIUM"}]},{"@type":"WebSite","@id":"https:\/\/kioongo.com\/marketing\/#website","url":"https:\/\/kioongo.com\/marketing\/","name":"KMD: \u25b7Agencia de Marketing Digital by Kioongo","description":"La Agencia de Marketing Digital en M\u00e9xico, que posiciona NEGOCIOS en internet con estrategias creativas para VENDER m\u00e1s con| BRAND | SEM | SEO | CRO | FUNNELS | WEB.","publisher":{"@id":"https:\/\/kioongo.com\/marketing\/#organization"},"alternateName":"Agencia Marketing Digital \u25b7 KMD","potentialAction":[{"@type":"SearchAction","target":{"@type":"EntryPoint","urlTemplate":"https:\/\/kioongo.com\/marketing\/?s={search_term_string}"},"query-input":{"@type":"PropertyValueSpecification","valueRequired":true,"valueName":"search_term_string"}}],"inLanguage":"es"},{"@type":["Organization","Place"],"@id":"https:\/\/kioongo.com\/marketing\/#organization","name":"KMD: \u25b7Agencia de Marketing Digital by Kioongo","alternateName":"Agencia y Academia de Marketing Digital \u25b7 Kioongo KMD","url":"https:\/\/kioongo.com\/marketing\/","logo":{"@id":"https:\/\/kioongo.com\/marketing\/tienda\/campanas-publicitarias-redes-sociales\/googles-ads-premium\/#local-main-organization-logo"},"image":{"@id":"https:\/\/kioongo.com\/marketing\/tienda\/campanas-publicitarias-redes-sociales\/googles-ads-premium\/#local-main-organization-logo"},"openingHoursSpecification":[{"@type":"OpeningHoursSpecification","dayOfWeek":["Monday","Tuesday","Wednesday","Thursday","Friday","Saturday","Sunday"],"opens":"09:00","closes":"17:00"}]},{"@type":"ImageObject","inLanguage":"es","@id":"https:\/\/kioongo.com\/marketing\/tienda\/campanas-publicitarias-redes-sociales\/googles-ads-premium\/#local-main-organization-logo","url":"https:\/\/kioongo.com\/marketing\/wp-content\/uploads\/2022\/10\/kmd-kioongo-LOG-WEB.png","contentUrl":"https:\/\/kioongo.com\/marketing\/wp-content\/uploads\/2022\/10\/kmd-kioongo-LOG-WEB.png","width":700,"height":200,"caption":"KMD: \u25b7Agencia de Marketing Digital by Kioongo"}]}},"_links":{"self":[{"href":"https:\/\/kioongo.com\/marketing\/wp-json\/wp\/v2\/product\/21503","targetHints":{"allow":["GET"]}}],"collection":[{"href":"https:\/\/kioongo.com\/marketing\/wp-json\/wp\/v2\/product"}],"about":[{"href":"https:\/\/kioongo.com\/marketing\/wp-json\/wp\/v2\/types\/product"}],"replies":[{"embeddable":true,"href":"https:\/\/kioongo.com\/marketing\/wp-json\/wp\/v2\/comments?post=21503"}],"version-history":[{"count":0,"href":"https:\/\/kioongo.com\/marketing\/wp-json\/wp\/v2\/product\/21503\/revisions"}],"wp:featuredmedia":[{"embeddable":true,"href":"https:\/\/kioongo.com\/marketing\/wp-json\/wp\/v2\/media\/21520"}],"wp:attachment":[{"href":"https:\/\/kioongo.com\/marketing\/wp-json\/wp\/v2\/media?parent=21503"}],"wp:term":[{"taxonomy":"product_brand","embeddable":true,"href":"https:\/\/kioongo.com\/marketing\/wp-json\/wp\/v2\/product_brand?post=21503"},{"taxonomy":"product_cat","embeddable":true,"href":"https:\/\/kioongo.com\/marketing\/wp-json\/wp\/v2\/product_cat?post=21503"},{"taxonomy":"product_tag","embeddable":true,"href":"https:\/\/kioongo.com\/marketing\/wp-json\/wp\/v2\/product_tag?post=21503"}],"curies":[{"name":"wp","href":"https:\/\/api.w.org\/{rel}","templated":true}]}}