{"id":26262,"date":"2023-02-08T14:32:13","date_gmt":"2023-02-08T20:32:13","guid":{"rendered":"https:\/\/kioongo.com\/marketing\/?post_type=product&#038;p=26262"},"modified":"2023-02-08T14:35:25","modified_gmt":"2023-02-08T20:35:25","slug":"crea-tu-agencia-de-marketing-plan-escaler","status":"publish","type":"product","link":"https:\/\/kioongo.com\/marketing\/tienda\/tu-agencia\/crea-tu-agencia-de-marketing-plan-escaler\/","title":{"rendered":"CREA TU AGENCIA DE MARKETING &#8211; PLAN ESCALER"},"content":{"rendered":"<div id=\"\" class=\"elementor-element elementor-element-edit-mode elementor-element-2684675 elementor-element--toggle-edit-tools elementor-widget elementor-widget-text-editor ha-has-bg-overlay\" data-id=\"2684675\" data-element_type=\"widget\" data-model-cid=\"c326\" data-widget_type=\"text-editor.default\">\n<div class=\"elementor-widget-container\">\n<div class=\"elementor-text-editor elementor-clearfix elementor-inline-editing\" data-elementor-setting-key=\"editor\" data-elementor-inline-editing-toolbar=\"advanced\">\n<p><b>20% de descuento\u00a0<\/b><\/p>\n<p>en servicios de por vida<\/p>\n<\/div>\n<\/div>\n<\/div>\n<div id=\"\" class=\"elementor-element elementor-element-edit-mode elementor-element-87031d8 elementor-element--toggle-edit-tools elementor-widget elementor-widget-icon-list elementor-icon-list--layout-traditional elementor-list-item-link-full_width ha-has-bg-overlay\" data-id=\"87031d8\" data-element_type=\"widget\" data-model-cid=\"c330\" data-widget_type=\"icon-list.default\">\n<div class=\"elementor-widget-container\">\n<ul class=\"elementor-icon-list-items\">\n<li class=\"elementor-icon-list-item\"><i class=\"fas fa-check-circle\" aria-hidden=\"true\"><\/i><span class=\"elementor-icon-list-text elementor-inline-editing\" data-elementor-setting-key=\"icon_list.0.text\">20% de descuento en servicios<\/span><\/li>\n<li class=\"elementor-icon-list-item\"><i class=\"fas fa-check-circle\" aria-hidden=\"true\"><\/i><span class=\"elementor-icon-list-text elementor-inline-editing\" data-elementor-setting-key=\"icon_list.1.text\">Reporte de informes de redes sociales con tu logotipo.<\/span><\/li>\n<li class=\"elementor-icon-list-item\"><i class=\"fas fa-check-circle\" aria-hidden=\"true\"><\/i><span class=\"elementor-icon-list-text elementor-inline-editing\" data-elementor-setting-key=\"icon_list.2.text\">Reporte de resultados ADS con tu logotipo<\/span><\/li>\n<li class=\"elementor-icon-list-item\"><i class=\"fas fa-check-circle\" aria-hidden=\"true\"><\/i><span class=\"elementor-icon-list-text elementor-inline-editing\" data-elementor-setting-key=\"icon_list.3.text\">Asesor de agencias Lunes a viernes de 9am a 5pm &#8211; Mexico<\/span><\/li>\n<li class=\"elementor-icon-list-item\"><i class=\"fas fa-check-circle\" aria-hidden=\"true\"><\/i><span class=\"elementor-icon-list-text elementor-inline-editing\" data-elementor-setting-key=\"icon_list.4.text\">Soporte Lunes a viernes de 9am a 5pm &#8211; Mexico<\/span><\/li>\n<li class=\"elementor-icon-list-item\"><i class=\"fas fa-check-circle\" aria-hidden=\"true\"><\/i><span class=\"elementor-icon-list-text elementor-inline-editing\" data-elementor-setting-key=\"icon_list.5.text\">1 Mes de Publicidad en Facebook ADS Plan PLUS Hasta 2 campa\u00f1as<\/span><\/li>\n<li class=\"elementor-icon-list-item\"><i class=\"fas fa-check-circle\" aria-hidden=\"true\"><\/i><span class=\"elementor-icon-list-text elementor-inline-editing\" data-elementor-setting-key=\"icon_list.6.text\">1 mes de gesti\u00f3n de redes sociales plan b\u00e1sico<\/span><\/li>\n<li class=\"elementor-icon-list-item\"><i class=\"fas fa-check-circle\" aria-hidden=\"true\"><\/i><span class=\"elementor-icon-list-text elementor-inline-editing\" data-elementor-setting-key=\"icon_list.7.text\">1 Dise\u00f1o de tu logotipo para tu agencia<\/span><\/li>\n<li class=\"elementor-icon-list-item\"><i class=\"fas fa-check-circle\" aria-hidden=\"true\"><\/i><span class=\"elementor-icon-list-text elementor-inline-editing\" data-elementor-setting-key=\"icon_list.8.text\">1 Sitio web con tienda en l\u00ednea b\u00e1sico con tus productos<\/span><\/li>\n<\/ul>\n<\/div>\n<\/div>\n<div id=\"\" class=\"elementor-element elementor-element-edit-mode elementor-element-670abd8 elementor-element--toggle-edit-tools elementor-widget elementor-widget-text-editor ha-has-bg-overlay\" data-id=\"670abd8\" data-element_type=\"widget\" data-model-cid=\"c343\" data-widget_type=\"text-editor.default\">\n<div class=\"elementor-widget-container\">\n<div class=\"elementor-text-editor elementor-clearfix elementor-inline-editing\" data-elementor-setting-key=\"editor\" data-elementor-inline-editing-toolbar=\"advanced\">\n<p>El Presupuesto de ADS lo define el cliente, KIOONGO digital realizar\u00e1 una propuesta de inversi\u00f3n\u00a0<strong>no incluida<\/strong><\/p>\n<\/div>\n<\/div>\n<\/div>\n","protected":false},"excerpt":{"rendered":"<div id=\"\" class=\"elementor-element elementor-element-edit-mode elementor-element-2684675 elementor-element--toggle-edit-tools elementor-widget elementor-widget-text-editor ha-has-bg-overlay\" data-id=\"2684675\" data-element_type=\"widget\" data-model-cid=\"c326\" data-widget_type=\"text-editor.default\">\n<div class=\"elementor-widget-container\">\n<div class=\"elementor-text-editor elementor-clearfix elementor-inline-editing\" data-elementor-setting-key=\"editor\" data-elementor-inline-editing-toolbar=\"advanced\">\n<p><b>20% de descuento\u00a0<\/b><\/p>\n<p>en servicios de por vida<\/p>\n<\/div>\n<\/div>\n<\/div>\n<div id=\"\" class=\"elementor-element elementor-element-edit-mode elementor-element-87031d8 elementor-element--toggle-edit-tools elementor-widget elementor-widget-icon-list elementor-icon-list--layout-traditional elementor-list-item-link-full_width ha-has-bg-overlay\" data-id=\"87031d8\" data-element_type=\"widget\" data-model-cid=\"c330\" data-widget_type=\"icon-list.default\">\n<div class=\"elementor-widget-container\">\n<ul class=\"elementor-icon-list-items\">\n<li class=\"elementor-icon-list-item\"><i class=\"fas fa-check-circle\" aria-hidden=\"true\"><\/i><span class=\"elementor-icon-list-text elementor-inline-editing\" data-elementor-setting-key=\"icon_list.0.text\">20% de descuento en servicios<\/span><\/li>\n<li class=\"elementor-icon-list-item\"><i class=\"fas fa-check-circle\" aria-hidden=\"true\"><\/i><span class=\"elementor-icon-list-text elementor-inline-editing\" data-elementor-setting-key=\"icon_list.1.text\">Reporte de informes de redes sociales con tu logotipo.<\/span><\/li>\n<li class=\"elementor-icon-list-item\"><i class=\"fas fa-check-circle\" aria-hidden=\"true\"><\/i><span class=\"elementor-icon-list-text elementor-inline-editing\" data-elementor-setting-key=\"icon_list.2.text\">Reporte de resultados ADS con tu logotipo<\/span><\/li>\n<li class=\"elementor-icon-list-item\"><i class=\"fas fa-check-circle\" aria-hidden=\"true\"><\/i><span class=\"elementor-icon-list-text elementor-inline-editing\" data-elementor-setting-key=\"icon_list.3.text\">Asesor de agencias Lunes a viernes de 9am a 5pm &#8211; Mexico<\/span><\/li>\n<li class=\"elementor-icon-list-item\"><i class=\"fas fa-check-circle\" aria-hidden=\"true\"><\/i><span class=\"elementor-icon-list-text elementor-inline-editing\" data-elementor-setting-key=\"icon_list.4.text\">Soporte Lunes a viernes de 9am a 5pm &#8211; Mexico<\/span><\/li>\n<li class=\"elementor-icon-list-item\"><i class=\"fas fa-check-circle\" aria-hidden=\"true\"><\/i><span class=\"elementor-icon-list-text elementor-inline-editing\" data-elementor-setting-key=\"icon_list.5.text\">1 Mes de Publicidad en Facebook ADS Plan PLUS Hasta 2 campa\u00f1as<\/span><\/li>\n<li class=\"elementor-icon-list-item\"><i class=\"fas fa-check-circle\" aria-hidden=\"true\"><\/i><span class=\"elementor-icon-list-text elementor-inline-editing\" data-elementor-setting-key=\"icon_list.6.text\">1 mes de gesti\u00f3n de redes sociales plan b\u00e1sico<\/span><\/li>\n<li class=\"elementor-icon-list-item\"><i class=\"fas fa-check-circle\" aria-hidden=\"true\"><\/i><span class=\"elementor-icon-list-text elementor-inline-editing\" data-elementor-setting-key=\"icon_list.7.text\">1 Dise\u00f1o de tu logotipo para tu agencia<\/span><\/li>\n<li class=\"elementor-icon-list-item\"><i class=\"fas fa-check-circle\" aria-hidden=\"true\"><\/i><span class=\"elementor-icon-list-text elementor-inline-editing\" data-elementor-setting-key=\"icon_list.8.text\">1 Sitio web con tienda en l\u00ednea b\u00e1sico con tus productos<\/span><\/li>\n<\/ul>\n<\/div>\n<\/div>\n<div id=\"\" class=\"elementor-element elementor-element-edit-mode elementor-element-670abd8 elementor-element--toggle-edit-tools elementor-widget elementor-widget-text-editor ha-has-bg-overlay\" data-id=\"670abd8\" data-element_type=\"widget\" data-model-cid=\"c343\" data-widget_type=\"text-editor.default\">\n<div class=\"elementor-widget-container\">\n<div class=\"elementor-text-editor elementor-clearfix elementor-inline-editing\" data-elementor-setting-key=\"editor\" data-elementor-inline-editing-toolbar=\"advanced\">\n<p>El Presupuesto de ADS lo define el cliente, KIOONGO digital realizar\u00e1 una propuesta de inversi\u00f3n\u00a0<strong>no incluida<\/strong><\/p>\n<\/div>\n<\/div>\n<\/div>\n","protected":false},"featured_media":26255,"comment_status":"open","ping_status":"closed","template":"","meta":{"site-sidebar-layout":"default","site-content-layout":"default","ast-site-content-layout":"default","site-content-style":"default","site-sidebar-style":"default","ast-global-header-display":"","ast-banner-title-visibility":"","ast-main-header-display":"","ast-hfb-above-header-display":"","ast-hfb-below-header-display":"","ast-hfb-mobile-header-display":"","site-post-title":"","ast-breadcrumbs-content":"","ast-featured-img":"","footer-sml-layout":"","ast-disable-related-posts":"","theme-transparent-header-meta":"default","adv-header-id-meta":"","stick-header-meta":"","header-above-stick-meta":"","header-main-stick-meta":"","header-below-stick-meta":"","astra-migrate-meta-layouts":"default","ast-page-background-enabled":"default","ast-page-background-meta":{"desktop":{"background-color":"var(--ast-global-color-4)","background-image":"","background-repeat":"repeat","background-position":"center center","background-size":"auto","background-attachment":"scroll","background-type":"","background-media":"","overlay-type":"","overlay-color":"","overlay-opacity":"","overlay-gradient":""},"tablet":{"background-color":"","background-image":"","background-repeat":"repeat","background-position":"center center","background-size":"auto","background-attachment":"scroll","background-type":"","background-media":"","overlay-type":"","overlay-color":"","overlay-opacity":"","overlay-gradient":""},"mobile":{"background-color":"","background-image":"","background-repeat":"repeat","background-position":"center center","background-size":"auto","background-attachment":"scroll","background-type":"","background-media":"","overlay-type":"","overlay-color":"","overlay-opacity":"","overlay-gradient":""}},"ast-content-background-meta":{"desktop":{"background-color":"var(--ast-global-color-5)","background-image":"","background-repeat":"repeat","background-position":"center center","background-size":"auto","background-attachment":"scroll","background-type":"","background-media":"","overlay-type":"","overlay-color":"","overlay-opacity":"","overlay-gradient":""},"tablet":{"background-color":"var(--ast-global-color-5)","background-image":"","background-repeat":"repeat","background-position":"center center","background-size":"auto","background-attachment":"scroll","background-type":"","background-media":"","overlay-type":"","overlay-color":"","overlay-opacity":"","overlay-gradient":""},"mobile":{"background-color":"var(--ast-global-color-5)","background-image":"","background-repeat":"repeat","background-position":"center center","background-size":"auto","background-attachment":"scroll","background-type":"","background-media":"","overlay-type":"","overlay-color":"","overlay-opacity":"","overlay-gradient":""}},"_joinchat":[]},"product_brand":[],"product_cat":[1065],"product_tag":[1066],"class_list":{"0":"post-26262","1":"product","2":"type-product","3":"status-publish","4":"has-post-thumbnail","6":"product_cat-tu-agencia","7":"product_tag-emprende","8":"desktop-align-left","9":"tablet-align-left","10":"mobile-align-left","11":"ast-product-gallery-layout-horizontal-slider","12":"ast-product-gallery-with-no-image","13":"ast-product-tabs-layout-vertical","15":"first","16":"instock","17":"virtual","18":"taxable","19":"purchasable","20":"product-type-simple"},"yoast_head":"<!-- This site is optimized with the Yoast SEO Premium plugin v20.4 (Yoast SEO v25.5) - https:\/\/yoast.com\/wordpress\/plugins\/seo\/ -->\n<title>CREA TU AGENCIA DE MARKETING - PLAN ESCALER - KMD: \u25b7Agencia de Marketing Digital by Kioongo<\/title>\n<meta name=\"robots\" content=\"index, follow, max-snippet:-1, max-image-preview:large, max-video-preview:-1\" \/>\n<link rel=\"canonical\" href=\"https:\/\/kioongo.com\/marketing\/tienda\/tu-agencia\/crea-tu-agencia-de-marketing-plan-escaler\/\" \/>\n<meta property=\"og:locale\" content=\"es_ES\" \/>\n<meta property=\"og:type\" content=\"article\" \/>\n<meta property=\"og:title\" content=\"CREA TU AGENCIA DE MARKETING - PLAN ESCALER\" \/>\n<meta property=\"og:description\" content=\"20% de descuento\u00a0  en servicios de por vida         20% de descuento en servicios  Reporte de informes de redes sociales con tu logotipo.  Reporte de resultados ADS con tu logotipo  Asesor de agencias Lunes a viernes de 9am a 5pm - Mexico  Soporte Lunes a viernes de 9am a 5pm - Mexico  1 Mes de Publicidad en Facebook ADS Plan PLUS Hasta 2 campa\u00f1as  1 mes de gesti\u00f3n de redes sociales plan b\u00e1sico  1 Dise\u00f1o de tu logotipo para tu agencia  1 Sitio web con tienda en l\u00ednea b\u00e1sico con tus productos        El Presupuesto de ADS lo define el cliente, KIOONGO digital realizar\u00e1 una propuesta de inversi\u00f3n\u00a0no incluida\" \/>\n<meta property=\"og:url\" content=\"https:\/\/kioongo.com\/marketing\/tienda\/tu-agencia\/crea-tu-agencia-de-marketing-plan-escaler\/\" \/>\n<meta property=\"og:site_name\" content=\"KMD: \u25b7Agencia de Marketing Digital by Kioongo\" \/>\n<meta property=\"article:modified_time\" content=\"2023-02-08T20:35:25+00:00\" \/>\n<meta property=\"og:image\" content=\"https:\/\/kioongo.com\/marketing\/wp-content\/uploads\/2023\/02\/CREA-TU-AGENCIA-DE-MARKETING-KMD-escaler.jpg\" \/>\n\t<meta property=\"og:image:width\" content=\"1025\" \/>\n\t<meta property=\"og:image:height\" content=\"971\" \/>\n\t<meta property=\"og:image:type\" content=\"image\/jpeg\" \/>\n<meta name=\"twitter:card\" content=\"summary_large_image\" \/>\n<meta name=\"twitter:label1\" content=\"Tiempo de lectura\" \/>\n\t<meta name=\"twitter:data1\" content=\"1 minuto\" \/>\n<script type=\"application\/ld+json\" class=\"yoast-schema-graph\">{\"@context\":\"https:\/\/schema.org\",\"@graph\":[{\"@type\":\"WebPage\",\"@id\":\"https:\/\/kioongo.com\/marketing\/tienda\/tu-agencia\/crea-tu-agencia-de-marketing-plan-escaler\/\",\"url\":\"https:\/\/kioongo.com\/marketing\/tienda\/tu-agencia\/crea-tu-agencia-de-marketing-plan-escaler\/\",\"name\":\"CREA TU AGENCIA DE MARKETING - PLAN ESCALER - KMD: \u25b7Agencia de Marketing Digital by Kioongo\",\"isPartOf\":{\"@id\":\"https:\/\/kioongo.com\/marketing\/#website\"},\"primaryImageOfPage\":{\"@id\":\"https:\/\/kioongo.com\/marketing\/tienda\/tu-agencia\/crea-tu-agencia-de-marketing-plan-escaler\/#primaryimage\"},\"image\":{\"@id\":\"https:\/\/kioongo.com\/marketing\/tienda\/tu-agencia\/crea-tu-agencia-de-marketing-plan-escaler\/#primaryimage\"},\"thumbnailUrl\":\"https:\/\/kioongo.com\/marketing\/wp-content\/uploads\/2023\/02\/CREA-TU-AGENCIA-DE-MARKETING-KMD-escaler.jpg\",\"datePublished\":\"2023-02-08T20:32:13+00:00\",\"dateModified\":\"2023-02-08T20:35:25+00:00\",\"breadcrumb\":{\"@id\":\"https:\/\/kioongo.com\/marketing\/tienda\/tu-agencia\/crea-tu-agencia-de-marketing-plan-escaler\/#breadcrumb\"},\"inLanguage\":\"es\",\"potentialAction\":[{\"@type\":\"ReadAction\",\"target\":[\"https:\/\/kioongo.com\/marketing\/tienda\/tu-agencia\/crea-tu-agencia-de-marketing-plan-escaler\/\"]}]},{\"@type\":\"ImageObject\",\"inLanguage\":\"es\",\"@id\":\"https:\/\/kioongo.com\/marketing\/tienda\/tu-agencia\/crea-tu-agencia-de-marketing-plan-escaler\/#primaryimage\",\"url\":\"https:\/\/kioongo.com\/marketing\/wp-content\/uploads\/2023\/02\/CREA-TU-AGENCIA-DE-MARKETING-KMD-escaler.jpg\",\"contentUrl\":\"https:\/\/kioongo.com\/marketing\/wp-content\/uploads\/2023\/02\/CREA-TU-AGENCIA-DE-MARKETING-KMD-escaler.jpg\",\"width\":1025,\"height\":971},{\"@type\":\"BreadcrumbList\",\"@id\":\"https:\/\/kioongo.com\/marketing\/tienda\/tu-agencia\/crea-tu-agencia-de-marketing-plan-escaler\/#breadcrumb\",\"itemListElement\":[{\"@type\":\"ListItem\",\"position\":1,\"name\":\"Portada\",\"item\":\"https:\/\/kioongo.com\/marketing\/\"},{\"@type\":\"ListItem\",\"position\":2,\"name\":\"Tienda\",\"item\":\"https:\/\/kioongo.com\/marketing\/tienda\/\"},{\"@type\":\"ListItem\",\"position\":3,\"name\":\"CREA TU AGENCIA DE MARKETING &#8211; PLAN ESCALER\"}]},{\"@type\":\"WebSite\",\"@id\":\"https:\/\/kioongo.com\/marketing\/#website\",\"url\":\"https:\/\/kioongo.com\/marketing\/\",\"name\":\"KMD: \u25b7Agencia de Marketing Digital by Kioongo\",\"description\":\"La Agencia de Marketing Digital en M\u00e9xico, que posiciona NEGOCIOS en internet con estrategias creativas para VENDER m\u00e1s con| BRAND | SEM | SEO | CRO | FUNNELS | WEB.\",\"publisher\":{\"@id\":\"https:\/\/kioongo.com\/marketing\/#organization\"},\"alternateName\":\"Agencia Marketing Digital \u25b7 KMD\",\"potentialAction\":[{\"@type\":\"SearchAction\",\"target\":{\"@type\":\"EntryPoint\",\"urlTemplate\":\"https:\/\/kioongo.com\/marketing\/?s={search_term_string}\"},\"query-input\":{\"@type\":\"PropertyValueSpecification\",\"valueRequired\":true,\"valueName\":\"search_term_string\"}}],\"inLanguage\":\"es\"},{\"@type\":[\"Organization\",\"Place\"],\"@id\":\"https:\/\/kioongo.com\/marketing\/#organization\",\"name\":\"KMD: \u25b7Agencia de Marketing Digital by Kioongo\",\"alternateName\":\"Agencia y Academia de Marketing Digital \u25b7 Kioongo KMD\",\"url\":\"https:\/\/kioongo.com\/marketing\/\",\"logo\":{\"@id\":\"https:\/\/kioongo.com\/marketing\/tienda\/tu-agencia\/crea-tu-agencia-de-marketing-plan-escaler\/#local-main-organization-logo\"},\"image\":{\"@id\":\"https:\/\/kioongo.com\/marketing\/tienda\/tu-agencia\/crea-tu-agencia-de-marketing-plan-escaler\/#local-main-organization-logo\"},\"openingHoursSpecification\":[{\"@type\":\"OpeningHoursSpecification\",\"dayOfWeek\":[\"Monday\",\"Tuesday\",\"Wednesday\",\"Thursday\",\"Friday\",\"Saturday\",\"Sunday\"],\"opens\":\"09:00\",\"closes\":\"17:00\"}]},{\"@type\":\"ImageObject\",\"inLanguage\":\"es\",\"@id\":\"https:\/\/kioongo.com\/marketing\/tienda\/tu-agencia\/crea-tu-agencia-de-marketing-plan-escaler\/#local-main-organization-logo\",\"url\":\"https:\/\/kioongo.com\/marketing\/wp-content\/uploads\/2022\/10\/kmd-kioongo-LOG-WEB.png\",\"contentUrl\":\"https:\/\/kioongo.com\/marketing\/wp-content\/uploads\/2022\/10\/kmd-kioongo-LOG-WEB.png\",\"width\":700,\"height\":200,\"caption\":\"KMD: \u25b7Agencia de Marketing Digital by Kioongo\"}]}<\/script>\n<!-- \/ Yoast SEO Premium plugin. -->","yoast_head_json":{"title":"CREA TU AGENCIA DE MARKETING - PLAN ESCALER - KMD: \u25b7Agencia de Marketing Digital by Kioongo","robots":{"index":"index","follow":"follow","max-snippet":"max-snippet:-1","max-image-preview":"max-image-preview:large","max-video-preview":"max-video-preview:-1"},"canonical":"https:\/\/kioongo.com\/marketing\/tienda\/tu-agencia\/crea-tu-agencia-de-marketing-plan-escaler\/","og_locale":"es_ES","og_type":"article","og_title":"CREA TU AGENCIA DE MARKETING - PLAN ESCALER","og_description":"20% de descuento\u00a0  en servicios de por vida         20% de descuento en servicios  Reporte de informes de redes sociales con tu logotipo.  Reporte de resultados ADS con tu logotipo  Asesor de agencias Lunes a viernes de 9am a 5pm - Mexico  Soporte Lunes a viernes de 9am a 5pm - Mexico  1 Mes de Publicidad en Facebook ADS Plan PLUS Hasta 2 campa\u00f1as  1 mes de gesti\u00f3n de redes sociales plan b\u00e1sico  1 Dise\u00f1o de tu logotipo para tu agencia  1 Sitio web con tienda en l\u00ednea b\u00e1sico con tus productos        El Presupuesto de ADS lo define el cliente, KIOONGO digital realizar\u00e1 una propuesta de inversi\u00f3n\u00a0no incluida","og_url":"https:\/\/kioongo.com\/marketing\/tienda\/tu-agencia\/crea-tu-agencia-de-marketing-plan-escaler\/","og_site_name":"KMD: \u25b7Agencia de Marketing Digital by Kioongo","article_modified_time":"2023-02-08T20:35:25+00:00","og_image":[{"width":1025,"height":971,"url":"https:\/\/kioongo.com\/marketing\/wp-content\/uploads\/2023\/02\/CREA-TU-AGENCIA-DE-MARKETING-KMD-escaler.jpg","type":"image\/jpeg"}],"twitter_card":"summary_large_image","twitter_misc":{"Tiempo de lectura":"1 minuto"},"schema":{"@context":"https:\/\/schema.org","@graph":[{"@type":"WebPage","@id":"https:\/\/kioongo.com\/marketing\/tienda\/tu-agencia\/crea-tu-agencia-de-marketing-plan-escaler\/","url":"https:\/\/kioongo.com\/marketing\/tienda\/tu-agencia\/crea-tu-agencia-de-marketing-plan-escaler\/","name":"CREA TU AGENCIA DE MARKETING - PLAN ESCALER - KMD: \u25b7Agencia de Marketing Digital by Kioongo","isPartOf":{"@id":"https:\/\/kioongo.com\/marketing\/#website"},"primaryImageOfPage":{"@id":"https:\/\/kioongo.com\/marketing\/tienda\/tu-agencia\/crea-tu-agencia-de-marketing-plan-escaler\/#primaryimage"},"image":{"@id":"https:\/\/kioongo.com\/marketing\/tienda\/tu-agencia\/crea-tu-agencia-de-marketing-plan-escaler\/#primaryimage"},"thumbnailUrl":"https:\/\/kioongo.com\/marketing\/wp-content\/uploads\/2023\/02\/CREA-TU-AGENCIA-DE-MARKETING-KMD-escaler.jpg","datePublished":"2023-02-08T20:32:13+00:00","dateModified":"2023-02-08T20:35:25+00:00","breadcrumb":{"@id":"https:\/\/kioongo.com\/marketing\/tienda\/tu-agencia\/crea-tu-agencia-de-marketing-plan-escaler\/#breadcrumb"},"inLanguage":"es","potentialAction":[{"@type":"ReadAction","target":["https:\/\/kioongo.com\/marketing\/tienda\/tu-agencia\/crea-tu-agencia-de-marketing-plan-escaler\/"]}]},{"@type":"ImageObject","inLanguage":"es","@id":"https:\/\/kioongo.com\/marketing\/tienda\/tu-agencia\/crea-tu-agencia-de-marketing-plan-escaler\/#primaryimage","url":"https:\/\/kioongo.com\/marketing\/wp-content\/uploads\/2023\/02\/CREA-TU-AGENCIA-DE-MARKETING-KMD-escaler.jpg","contentUrl":"https:\/\/kioongo.com\/marketing\/wp-content\/uploads\/2023\/02\/CREA-TU-AGENCIA-DE-MARKETING-KMD-escaler.jpg","width":1025,"height":971},{"@type":"BreadcrumbList","@id":"https:\/\/kioongo.com\/marketing\/tienda\/tu-agencia\/crea-tu-agencia-de-marketing-plan-escaler\/#breadcrumb","itemListElement":[{"@type":"ListItem","position":1,"name":"Portada","item":"https:\/\/kioongo.com\/marketing\/"},{"@type":"ListItem","position":2,"name":"Tienda","item":"https:\/\/kioongo.com\/marketing\/tienda\/"},{"@type":"ListItem","position":3,"name":"CREA TU AGENCIA DE MARKETING &#8211; PLAN ESCALER"}]},{"@type":"WebSite","@id":"https:\/\/kioongo.com\/marketing\/#website","url":"https:\/\/kioongo.com\/marketing\/","name":"KMD: \u25b7Agencia de Marketing Digital by Kioongo","description":"La Agencia de Marketing Digital en M\u00e9xico, que posiciona NEGOCIOS en internet con estrategias creativas para VENDER m\u00e1s con| BRAND | SEM | SEO | CRO | FUNNELS | WEB.","publisher":{"@id":"https:\/\/kioongo.com\/marketing\/#organization"},"alternateName":"Agencia Marketing Digital \u25b7 KMD","potentialAction":[{"@type":"SearchAction","target":{"@type":"EntryPoint","urlTemplate":"https:\/\/kioongo.com\/marketing\/?s={search_term_string}"},"query-input":{"@type":"PropertyValueSpecification","valueRequired":true,"valueName":"search_term_string"}}],"inLanguage":"es"},{"@type":["Organization","Place"],"@id":"https:\/\/kioongo.com\/marketing\/#organization","name":"KMD: \u25b7Agencia de Marketing Digital by Kioongo","alternateName":"Agencia y Academia de Marketing Digital \u25b7 Kioongo KMD","url":"https:\/\/kioongo.com\/marketing\/","logo":{"@id":"https:\/\/kioongo.com\/marketing\/tienda\/tu-agencia\/crea-tu-agencia-de-marketing-plan-escaler\/#local-main-organization-logo"},"image":{"@id":"https:\/\/kioongo.com\/marketing\/tienda\/tu-agencia\/crea-tu-agencia-de-marketing-plan-escaler\/#local-main-organization-logo"},"openingHoursSpecification":[{"@type":"OpeningHoursSpecification","dayOfWeek":["Monday","Tuesday","Wednesday","Thursday","Friday","Saturday","Sunday"],"opens":"09:00","closes":"17:00"}]},{"@type":"ImageObject","inLanguage":"es","@id":"https:\/\/kioongo.com\/marketing\/tienda\/tu-agencia\/crea-tu-agencia-de-marketing-plan-escaler\/#local-main-organization-logo","url":"https:\/\/kioongo.com\/marketing\/wp-content\/uploads\/2022\/10\/kmd-kioongo-LOG-WEB.png","contentUrl":"https:\/\/kioongo.com\/marketing\/wp-content\/uploads\/2022\/10\/kmd-kioongo-LOG-WEB.png","width":700,"height":200,"caption":"KMD: \u25b7Agencia de Marketing Digital by Kioongo"}]}},"_links":{"self":[{"href":"https:\/\/kioongo.com\/marketing\/wp-json\/wp\/v2\/product\/26262","targetHints":{"allow":["GET"]}}],"collection":[{"href":"https:\/\/kioongo.com\/marketing\/wp-json\/wp\/v2\/product"}],"about":[{"href":"https:\/\/kioongo.com\/marketing\/wp-json\/wp\/v2\/types\/product"}],"replies":[{"embeddable":true,"href":"https:\/\/kioongo.com\/marketing\/wp-json\/wp\/v2\/comments?post=26262"}],"version-history":[{"count":0,"href":"https:\/\/kioongo.com\/marketing\/wp-json\/wp\/v2\/product\/26262\/revisions"}],"wp:featuredmedia":[{"embeddable":true,"href":"https:\/\/kioongo.com\/marketing\/wp-json\/wp\/v2\/media\/26255"}],"wp:attachment":[{"href":"https:\/\/kioongo.com\/marketing\/wp-json\/wp\/v2\/media?parent=26262"}],"wp:term":[{"taxonomy":"product_brand","embeddable":true,"href":"https:\/\/kioongo.com\/marketing\/wp-json\/wp\/v2\/product_brand?post=26262"},{"taxonomy":"product_cat","embeddable":true,"href":"https:\/\/kioongo.com\/marketing\/wp-json\/wp\/v2\/product_cat?post=26262"},{"taxonomy":"product_tag","embeddable":true,"href":"https:\/\/kioongo.com\/marketing\/wp-json\/wp\/v2\/product_tag?post=26262"}],"curies":[{"name":"wp","href":"https:\/\/api.w.org\/{rel}","templated":true}]}}