{"id":27372,"date":"2023-05-06T12:04:33","date_gmt":"2023-05-06T17:04:33","guid":{"rendered":"https:\/\/kioongo.com\/marketing\/?post_type=product&#038;p=27372"},"modified":"2023-05-06T12:15:21","modified_gmt":"2023-05-06T17:15:21","slug":"media-kit-menciones-en-revistas-digitales-pro","status":"publish","type":"product","link":"https:\/\/kioongo.com\/marketing\/tienda\/media-kit-magazin\/media-kit-menciones-en-revistas-digitales-pro\/","title":{"rendered":"MEDIA KIT Menciones en Revistas Digitales &#8211; PRO"},"content":{"rendered":"<p>3 art\u00edculos reportaje en revista selecta (web)<br \/>\nReporte de visitas mensual<br \/>\nRevisi\u00f3n de contenido<br \/>\nRedacci\u00f3n SEO<br \/>\nVisibilidad Google news\u200b<br \/>\nEstudio de Tendencias<br \/>\nMenci\u00f3n en Redes sociales de la Revista<br \/>\nEnlaces de Contacto en Articulo<br \/>\nPauta a art\u00edculo en redes sociales con mas vistas $100 usd INCLUIDO<br \/>\nVideo reportaje Grabaci\u00f3n 3 a 7 min con edici\u00f3n de de tomas EN ZOOM<\/p>\n","protected":false},"excerpt":{"rendered":"<ul class=\"elementor-price-table__features-list\">\n<li class=\"elementor-repeater-item-c1e67b1\">\n<div class=\"elementor-price-table__feature-inner\"><span class=\"elementor-inline-editing\" data-elementor-setting-key=\"features_list.0.item_text\">3 art\u00edculos reportaje en revista selecta (web)<\/span><\/div>\n<\/li>\n<li class=\"elementor-repeater-item-2af3de2\">\n<div class=\"elementor-price-table__feature-inner\"><i class=\"\" aria-hidden=\"true\"><\/i><span class=\"elementor-inline-editing\" data-elementor-setting-key=\"features_list.1.item_text\">Reporte de visitas mensual<\/span><\/div>\n<\/li>\n<li class=\"elementor-repeater-item-a270e36\">\n<div class=\"elementor-price-table__feature-inner\"><i class=\"\" aria-hidden=\"true\"><\/i><span class=\"elementor-inline-editing\" data-elementor-setting-key=\"features_list.2.item_text\">Revisi\u00f3n de contenido<\/span><\/div>\n<\/li>\n<li class=\"elementor-repeater-item-ffabd60\">\n<div class=\"elementor-price-table__feature-inner\"><i class=\"\" aria-hidden=\"true\"><\/i><span class=\"elementor-inline-editing\" data-elementor-setting-key=\"features_list.3.item_text\">Redacci\u00f3n SEO<\/span><i class=\"\" aria-hidden=\"true\"><\/i><\/div>\n<\/li>\n<li class=\"elementor-repeater-item-ffabd60\">\n<div class=\"elementor-price-table__feature-inner\"><i class=\"\" aria-hidden=\"true\"><\/i><canvas class=\"lt-highlighter__canvas\" width=\"48\" height=\"21\"><\/canvas><span class=\"elementor-inline-editing\" spellcheck=\"false\" data-elementor-setting-key=\"features_list.4.item_text\" data-lt-tmp-id=\"lt-37060\" data-gramm=\"false\">Visibilidad Google news\u200b<\/span><\/div>\n<\/li>\n<li class=\"elementor-repeater-item-2ca5b3f\">\n<div class=\"elementor-price-table__feature-inner\"><i class=\"\" aria-hidden=\"true\"><\/i><span class=\"elementor-inline-editing\" data-elementor-setting-key=\"features_list.5.item_text\">Estudio de Tendencias<\/span><\/div>\n<\/li>\n<li class=\"elementor-repeater-item-69f1020\">\n<div class=\"elementor-price-table__feature-inner\"><i class=\"\" aria-hidden=\"true\"><\/i><span class=\"elementor-inline-editing\" data-elementor-setting-key=\"features_list.6.item_text\">Menci\u00f3n en Redes sociales de la Revista<\/span><\/div>\n<\/li>\n<li class=\"elementor-repeater-item-00d9373\">\n<div class=\"elementor-price-table__feature-inner\"><i class=\"\" aria-hidden=\"true\"><\/i><span class=\"elementor-inline-editing\" data-elementor-setting-key=\"features_list.7.item_text\">Enlaces de Contacto en Articulo<\/span><\/div>\n<\/li>\n<li class=\"elementor-repeater-item-80b5358\">\n<div class=\"elementor-price-table__feature-inner\"><i class=\"\" aria-hidden=\"true\"><\/i><span class=\"elementor-inline-editing\" data-elementor-setting-key=\"features_list.8.item_text\">Pauta a art\u00edculo en redes sociales con mas vistas $100 usd INCLUIDO<\/span><\/div>\n<\/li>\n<li class=\"elementor-repeater-item-39898d2\">\n<div class=\"elementor-price-table__feature-inner\"><i class=\"\" aria-hidden=\"true\"><\/i><span class=\"elementor-inline-editing\" data-elementor-setting-key=\"features_list.9.item_text\">Video reportaje Grabaci\u00f3n 3 a 7 min con edici\u00f3n de de tomas EN ZOOM<\/span><\/div>\n<\/li>\n<\/ul>\n","protected":false},"featured_media":27354,"comment_status":"open","ping_status":"closed","template":"","meta":{"site-sidebar-layout":"default","site-content-layout":"default","ast-site-content-layout":"default","site-content-style":"default","site-sidebar-style":"default","ast-global-header-display":"","ast-banner-title-visibility":"","ast-main-header-display":"","ast-hfb-above-header-display":"","ast-hfb-below-header-display":"","ast-hfb-mobile-header-display":"","site-post-title":"","ast-breadcrumbs-content":"","ast-featured-img":"","footer-sml-layout":"","ast-disable-related-posts":"","theme-transparent-header-meta":"default","adv-header-id-meta":"","stick-header-meta":"","header-above-stick-meta":"","header-main-stick-meta":"","header-below-stick-meta":"","astra-migrate-meta-layouts":"default","ast-page-background-enabled":"default","ast-page-background-meta":{"desktop":{"background-color":"var(--ast-global-color-4)","background-image":"","background-repeat":"repeat","background-position":"center center","background-size":"auto","background-attachment":"scroll","background-type":"","background-media":"","overlay-type":"","overlay-color":"","overlay-opacity":"","overlay-gradient":""},"tablet":{"background-color":"","background-image":"","background-repeat":"repeat","background-position":"center center","background-size":"auto","background-attachment":"scroll","background-type":"","background-media":"","overlay-type":"","overlay-color":"","overlay-opacity":"","overlay-gradient":""},"mobile":{"background-color":"","background-image":"","background-repeat":"repeat","background-position":"center center","background-size":"auto","background-attachment":"scroll","background-type":"","background-media":"","overlay-type":"","overlay-color":"","overlay-opacity":"","overlay-gradient":""}},"ast-content-background-meta":{"desktop":{"background-color":"var(--ast-global-color-5)","background-image":"","background-repeat":"repeat","background-position":"center center","background-size":"auto","background-attachment":"scroll","background-type":"","background-media":"","overlay-type":"","overlay-color":"","overlay-opacity":"","overlay-gradient":""},"tablet":{"background-color":"var(--ast-global-color-5)","background-image":"","background-repeat":"repeat","background-position":"center center","background-size":"auto","background-attachment":"scroll","background-type":"","background-media":"","overlay-type":"","overlay-color":"","overlay-opacity":"","overlay-gradient":""},"mobile":{"background-color":"var(--ast-global-color-5)","background-image":"","background-repeat":"repeat","background-position":"center center","background-size":"auto","background-attachment":"scroll","background-type":"","background-media":"","overlay-type":"","overlay-color":"","overlay-opacity":"","overlay-gradient":""}},"_joinchat":[]},"product_brand":[],"product_cat":[1077],"product_tag":[],"class_list":{"0":"post-27372","1":"product","2":"type-product","3":"status-publish","4":"has-post-thumbnail","6":"product_cat-media-kit-magazin","7":"desktop-align-left","8":"tablet-align-left","9":"mobile-align-left","10":"ast-product-gallery-layout-horizontal-slider","11":"ast-product-gallery-with-no-image","12":"ast-product-tabs-layout-vertical","14":"first","15":"instock","16":"virtual","17":"taxable","18":"purchasable","19":"product-type-simple"},"yoast_head":"<!-- This site is optimized with the Yoast SEO Premium plugin v20.4 (Yoast SEO v25.5) - https:\/\/yoast.com\/wordpress\/plugins\/seo\/ -->\n<title>MEDIA KIT Menciones en Revistas Digitales - PRO<\/title>\n<meta name=\"robots\" content=\"index, follow, max-snippet:-1, max-image-preview:large, max-video-preview:-1\" \/>\n<link rel=\"canonical\" href=\"https:\/\/kioongo.com\/marketing\/tienda\/media-kit-magazin\/media-kit-menciones-en-revistas-digitales-pro\/\" \/>\n<meta property=\"og:locale\" content=\"es_ES\" \/>\n<meta property=\"og:type\" content=\"article\" \/>\n<meta property=\"og:title\" content=\"MEDIA KIT Menciones en Revistas Digitales - PRO\" \/>\n<meta property=\"og:description\" content=\"3 art\u00edculos reportaje en revista selecta (web)   Reporte de visitas mensual   Revisi\u00f3n de contenido   Redacci\u00f3n SEO   Visibilidad Google news\u200b   Estudio de Tendencias   Menci\u00f3n en Redes sociales de la Revista   Enlaces de Contacto en Articulo   Pauta a art\u00edculo en redes sociales con mas vistas $100 usd INCLUIDO   Video reportaje Grabaci\u00f3n 3 a 7 min con edici\u00f3n de de tomas EN ZOOM\" \/>\n<meta property=\"og:url\" content=\"https:\/\/kioongo.com\/marketing\/tienda\/media-kit-magazin\/media-kit-menciones-en-revistas-digitales-pro\/\" \/>\n<meta property=\"og:site_name\" content=\"KMD: \u25b7Agencia de Marketing Digital by Kioongo\" \/>\n<meta property=\"article:modified_time\" content=\"2023-05-06T17:15:21+00:00\" \/>\n<meta property=\"og:image\" content=\"https:\/\/kioongo.com\/marketing\/wp-content\/uploads\/2023\/05\/seo-content.png\" \/>\n\t<meta property=\"og:image:width\" content=\"510\" \/>\n\t<meta property=\"og:image:height\" content=\"558\" \/>\n\t<meta property=\"og:image:type\" content=\"image\/png\" \/>\n<meta name=\"twitter:card\" content=\"summary_large_image\" \/>\n<meta name=\"twitter:label1\" content=\"Tiempo de lectura\" \/>\n\t<meta name=\"twitter:data1\" content=\"1 minuto\" \/>\n<script type=\"application\/ld+json\" class=\"yoast-schema-graph\">{\"@context\":\"https:\/\/schema.org\",\"@graph\":[{\"@type\":\"WebPage\",\"@id\":\"https:\/\/kioongo.com\/marketing\/tienda\/media-kit-magazin\/media-kit-menciones-en-revistas-digitales-pro\/\",\"url\":\"https:\/\/kioongo.com\/marketing\/tienda\/media-kit-magazin\/media-kit-menciones-en-revistas-digitales-pro\/\",\"name\":\"MEDIA KIT Menciones en Revistas Digitales - PRO\",\"isPartOf\":{\"@id\":\"https:\/\/kioongo.com\/marketing\/#website\"},\"primaryImageOfPage\":{\"@id\":\"https:\/\/kioongo.com\/marketing\/tienda\/media-kit-magazin\/media-kit-menciones-en-revistas-digitales-pro\/#primaryimage\"},\"image\":{\"@id\":\"https:\/\/kioongo.com\/marketing\/tienda\/media-kit-magazin\/media-kit-menciones-en-revistas-digitales-pro\/#primaryimage\"},\"thumbnailUrl\":\"https:\/\/kioongo.com\/marketing\/wp-content\/uploads\/2023\/05\/seo-content.png\",\"datePublished\":\"2023-05-06T17:04:33+00:00\",\"dateModified\":\"2023-05-06T17:15:21+00:00\",\"breadcrumb\":{\"@id\":\"https:\/\/kioongo.com\/marketing\/tienda\/media-kit-magazin\/media-kit-menciones-en-revistas-digitales-pro\/#breadcrumb\"},\"inLanguage\":\"es\",\"potentialAction\":[{\"@type\":\"ReadAction\",\"target\":[\"https:\/\/kioongo.com\/marketing\/tienda\/media-kit-magazin\/media-kit-menciones-en-revistas-digitales-pro\/\"]}]},{\"@type\":\"ImageObject\",\"inLanguage\":\"es\",\"@id\":\"https:\/\/kioongo.com\/marketing\/tienda\/media-kit-magazin\/media-kit-menciones-en-revistas-digitales-pro\/#primaryimage\",\"url\":\"https:\/\/kioongo.com\/marketing\/wp-content\/uploads\/2023\/05\/seo-content.png\",\"contentUrl\":\"https:\/\/kioongo.com\/marketing\/wp-content\/uploads\/2023\/05\/seo-content.png\",\"width\":510,\"height\":558},{\"@type\":\"BreadcrumbList\",\"@id\":\"https:\/\/kioongo.com\/marketing\/tienda\/media-kit-magazin\/media-kit-menciones-en-revistas-digitales-pro\/#breadcrumb\",\"itemListElement\":[{\"@type\":\"ListItem\",\"position\":1,\"name\":\"Portada\",\"item\":\"https:\/\/kioongo.com\/marketing\/\"},{\"@type\":\"ListItem\",\"position\":2,\"name\":\"Tienda\",\"item\":\"https:\/\/kioongo.com\/marketing\/tienda\/\"},{\"@type\":\"ListItem\",\"position\":3,\"name\":\"MEDIA KIT Menciones en Revistas Digitales &#8211; PRO\"}]},{\"@type\":\"WebSite\",\"@id\":\"https:\/\/kioongo.com\/marketing\/#website\",\"url\":\"https:\/\/kioongo.com\/marketing\/\",\"name\":\"KMD: \u25b7Agencia de Marketing Digital by Kioongo\",\"description\":\"La Agencia de Marketing Digital en M\u00e9xico, que posiciona NEGOCIOS en internet con estrategias creativas para VENDER m\u00e1s con| BRAND | SEM | SEO | CRO | FUNNELS | WEB.\",\"publisher\":{\"@id\":\"https:\/\/kioongo.com\/marketing\/#organization\"},\"alternateName\":\"Agencia Marketing Digital \u25b7 KMD\",\"potentialAction\":[{\"@type\":\"SearchAction\",\"target\":{\"@type\":\"EntryPoint\",\"urlTemplate\":\"https:\/\/kioongo.com\/marketing\/?s={search_term_string}\"},\"query-input\":{\"@type\":\"PropertyValueSpecification\",\"valueRequired\":true,\"valueName\":\"search_term_string\"}}],\"inLanguage\":\"es\"},{\"@type\":[\"Organization\",\"Place\"],\"@id\":\"https:\/\/kioongo.com\/marketing\/#organization\",\"name\":\"KMD: \u25b7Agencia de Marketing Digital by Kioongo\",\"alternateName\":\"Agencia y Academia de Marketing Digital \u25b7 Kioongo KMD\",\"url\":\"https:\/\/kioongo.com\/marketing\/\",\"logo\":{\"@id\":\"https:\/\/kioongo.com\/marketing\/tienda\/media-kit-magazin\/media-kit-menciones-en-revistas-digitales-pro\/#local-main-organization-logo\"},\"image\":{\"@id\":\"https:\/\/kioongo.com\/marketing\/tienda\/media-kit-magazin\/media-kit-menciones-en-revistas-digitales-pro\/#local-main-organization-logo\"},\"openingHoursSpecification\":[{\"@type\":\"OpeningHoursSpecification\",\"dayOfWeek\":[\"Monday\",\"Tuesday\",\"Wednesday\",\"Thursday\",\"Friday\",\"Saturday\",\"Sunday\"],\"opens\":\"09:00\",\"closes\":\"17:00\"}]},{\"@type\":\"ImageObject\",\"inLanguage\":\"es\",\"@id\":\"https:\/\/kioongo.com\/marketing\/tienda\/media-kit-magazin\/media-kit-menciones-en-revistas-digitales-pro\/#local-main-organization-logo\",\"url\":\"https:\/\/kioongo.com\/marketing\/wp-content\/uploads\/2022\/10\/kmd-kioongo-LOG-WEB.png\",\"contentUrl\":\"https:\/\/kioongo.com\/marketing\/wp-content\/uploads\/2022\/10\/kmd-kioongo-LOG-WEB.png\",\"width\":700,\"height\":200,\"caption\":\"KMD: \u25b7Agencia de Marketing Digital by Kioongo\"}]}<\/script>\n<!-- \/ Yoast SEO Premium plugin. -->","yoast_head_json":{"title":"MEDIA KIT Menciones en Revistas Digitales - PRO","robots":{"index":"index","follow":"follow","max-snippet":"max-snippet:-1","max-image-preview":"max-image-preview:large","max-video-preview":"max-video-preview:-1"},"canonical":"https:\/\/kioongo.com\/marketing\/tienda\/media-kit-magazin\/media-kit-menciones-en-revistas-digitales-pro\/","og_locale":"es_ES","og_type":"article","og_title":"MEDIA KIT Menciones en Revistas Digitales - PRO","og_description":"3 art\u00edculos reportaje en revista selecta (web)   Reporte de visitas mensual   Revisi\u00f3n de contenido   Redacci\u00f3n SEO   Visibilidad Google news\u200b   Estudio de Tendencias   Menci\u00f3n en Redes sociales de la Revista   Enlaces de Contacto en Articulo   Pauta a art\u00edculo en redes sociales con mas vistas $100 usd INCLUIDO   Video reportaje Grabaci\u00f3n 3 a 7 min con edici\u00f3n de de tomas EN ZOOM","og_url":"https:\/\/kioongo.com\/marketing\/tienda\/media-kit-magazin\/media-kit-menciones-en-revistas-digitales-pro\/","og_site_name":"KMD: \u25b7Agencia de Marketing Digital by Kioongo","article_modified_time":"2023-05-06T17:15:21+00:00","og_image":[{"width":510,"height":558,"url":"https:\/\/kioongo.com\/marketing\/wp-content\/uploads\/2023\/05\/seo-content.png","type":"image\/png"}],"twitter_card":"summary_large_image","twitter_misc":{"Tiempo de lectura":"1 minuto"},"schema":{"@context":"https:\/\/schema.org","@graph":[{"@type":"WebPage","@id":"https:\/\/kioongo.com\/marketing\/tienda\/media-kit-magazin\/media-kit-menciones-en-revistas-digitales-pro\/","url":"https:\/\/kioongo.com\/marketing\/tienda\/media-kit-magazin\/media-kit-menciones-en-revistas-digitales-pro\/","name":"MEDIA KIT Menciones en Revistas Digitales - PRO","isPartOf":{"@id":"https:\/\/kioongo.com\/marketing\/#website"},"primaryImageOfPage":{"@id":"https:\/\/kioongo.com\/marketing\/tienda\/media-kit-magazin\/media-kit-menciones-en-revistas-digitales-pro\/#primaryimage"},"image":{"@id":"https:\/\/kioongo.com\/marketing\/tienda\/media-kit-magazin\/media-kit-menciones-en-revistas-digitales-pro\/#primaryimage"},"thumbnailUrl":"https:\/\/kioongo.com\/marketing\/wp-content\/uploads\/2023\/05\/seo-content.png","datePublished":"2023-05-06T17:04:33+00:00","dateModified":"2023-05-06T17:15:21+00:00","breadcrumb":{"@id":"https:\/\/kioongo.com\/marketing\/tienda\/media-kit-magazin\/media-kit-menciones-en-revistas-digitales-pro\/#breadcrumb"},"inLanguage":"es","potentialAction":[{"@type":"ReadAction","target":["https:\/\/kioongo.com\/marketing\/tienda\/media-kit-magazin\/media-kit-menciones-en-revistas-digitales-pro\/"]}]},{"@type":"ImageObject","inLanguage":"es","@id":"https:\/\/kioongo.com\/marketing\/tienda\/media-kit-magazin\/media-kit-menciones-en-revistas-digitales-pro\/#primaryimage","url":"https:\/\/kioongo.com\/marketing\/wp-content\/uploads\/2023\/05\/seo-content.png","contentUrl":"https:\/\/kioongo.com\/marketing\/wp-content\/uploads\/2023\/05\/seo-content.png","width":510,"height":558},{"@type":"BreadcrumbList","@id":"https:\/\/kioongo.com\/marketing\/tienda\/media-kit-magazin\/media-kit-menciones-en-revistas-digitales-pro\/#breadcrumb","itemListElement":[{"@type":"ListItem","position":1,"name":"Portada","item":"https:\/\/kioongo.com\/marketing\/"},{"@type":"ListItem","position":2,"name":"Tienda","item":"https:\/\/kioongo.com\/marketing\/tienda\/"},{"@type":"ListItem","position":3,"name":"MEDIA KIT Menciones en Revistas Digitales &#8211; PRO"}]},{"@type":"WebSite","@id":"https:\/\/kioongo.com\/marketing\/#website","url":"https:\/\/kioongo.com\/marketing\/","name":"KMD: \u25b7Agencia de Marketing Digital by Kioongo","description":"La Agencia de Marketing Digital en M\u00e9xico, que posiciona NEGOCIOS en internet con estrategias creativas para VENDER m\u00e1s con| BRAND | SEM | SEO | CRO | FUNNELS | WEB.","publisher":{"@id":"https:\/\/kioongo.com\/marketing\/#organization"},"alternateName":"Agencia Marketing Digital \u25b7 KMD","potentialAction":[{"@type":"SearchAction","target":{"@type":"EntryPoint","urlTemplate":"https:\/\/kioongo.com\/marketing\/?s={search_term_string}"},"query-input":{"@type":"PropertyValueSpecification","valueRequired":true,"valueName":"search_term_string"}}],"inLanguage":"es"},{"@type":["Organization","Place"],"@id":"https:\/\/kioongo.com\/marketing\/#organization","name":"KMD: \u25b7Agencia de Marketing Digital by Kioongo","alternateName":"Agencia y Academia de Marketing Digital \u25b7 Kioongo KMD","url":"https:\/\/kioongo.com\/marketing\/","logo":{"@id":"https:\/\/kioongo.com\/marketing\/tienda\/media-kit-magazin\/media-kit-menciones-en-revistas-digitales-pro\/#local-main-organization-logo"},"image":{"@id":"https:\/\/kioongo.com\/marketing\/tienda\/media-kit-magazin\/media-kit-menciones-en-revistas-digitales-pro\/#local-main-organization-logo"},"openingHoursSpecification":[{"@type":"OpeningHoursSpecification","dayOfWeek":["Monday","Tuesday","Wednesday","Thursday","Friday","Saturday","Sunday"],"opens":"09:00","closes":"17:00"}]},{"@type":"ImageObject","inLanguage":"es","@id":"https:\/\/kioongo.com\/marketing\/tienda\/media-kit-magazin\/media-kit-menciones-en-revistas-digitales-pro\/#local-main-organization-logo","url":"https:\/\/kioongo.com\/marketing\/wp-content\/uploads\/2022\/10\/kmd-kioongo-LOG-WEB.png","contentUrl":"https:\/\/kioongo.com\/marketing\/wp-content\/uploads\/2022\/10\/kmd-kioongo-LOG-WEB.png","width":700,"height":200,"caption":"KMD: \u25b7Agencia de Marketing Digital by Kioongo"}]}},"_links":{"self":[{"href":"https:\/\/kioongo.com\/marketing\/wp-json\/wp\/v2\/product\/27372","targetHints":{"allow":["GET"]}}],"collection":[{"href":"https:\/\/kioongo.com\/marketing\/wp-json\/wp\/v2\/product"}],"about":[{"href":"https:\/\/kioongo.com\/marketing\/wp-json\/wp\/v2\/types\/product"}],"replies":[{"embeddable":true,"href":"https:\/\/kioongo.com\/marketing\/wp-json\/wp\/v2\/comments?post=27372"}],"version-history":[{"count":1,"href":"https:\/\/kioongo.com\/marketing\/wp-json\/wp\/v2\/product\/27372\/revisions"}],"predecessor-version":[{"id":27373,"href":"https:\/\/kioongo.com\/marketing\/wp-json\/wp\/v2\/product\/27372\/revisions\/27373"}],"wp:featuredmedia":[{"embeddable":true,"href":"https:\/\/kioongo.com\/marketing\/wp-json\/wp\/v2\/media\/27354"}],"wp:attachment":[{"href":"https:\/\/kioongo.com\/marketing\/wp-json\/wp\/v2\/media?parent=27372"}],"wp:term":[{"taxonomy":"product_brand","embeddable":true,"href":"https:\/\/kioongo.com\/marketing\/wp-json\/wp\/v2\/product_brand?post=27372"},{"taxonomy":"product_cat","embeddable":true,"href":"https:\/\/kioongo.com\/marketing\/wp-json\/wp\/v2\/product_cat?post=27372"},{"taxonomy":"product_tag","embeddable":true,"href":"https:\/\/kioongo.com\/marketing\/wp-json\/wp\/v2\/product_tag?post=27372"}],"curies":[{"name":"wp","href":"https:\/\/api.w.org\/{rel}","templated":true}]}}