{"id":27393,"date":"2023-05-06T13:16:21","date_gmt":"2023-05-06T18:16:21","guid":{"rendered":"https:\/\/kioongo.com\/marketing\/?post_type=product&#038;p=27393"},"modified":"2023-05-06T13:37:39","modified_gmt":"2023-05-06T18:37:39","slug":"media-kit-publicidad-display-side-banner-15-dias","status":"publish","type":"product","link":"https:\/\/kioongo.com\/marketing\/tienda\/media-kit-magazin\/media-kit-publicidad-display-side-banner-15-dias\/","title":{"rendered":"Media Kit Publicidad Display  &#8211; Side Banner&#8230;15 D\u00edas"},"content":{"rendered":"<div class=\"elementor-background-overlay\"><\/div>\n<div id=\"\" class=\"elementor-element elementor-element-edit-mode elementor-element-3f12fb16 elementor-element--toggle-edit-tools elementor-widget elementor-widget-heading ha-has-bg-overlay\" data-id=\"3f12fb16\" data-element_type=\"widget\" data-model-cid=\"c246\" data-widget_type=\"heading.default\">\n<div class=\"elementor-widget-container\">\n<h4 class=\"elementor-heading-title elementor-size-default elementor-inline-editing\" data-elementor-setting-key=\"title\">Publicidad\u00a0<b>Display<\/b><\/h4>\n<\/div>\n<\/div>\n<div id=\"\" class=\"elementor-element elementor-element-edit-mode elementor-element-ee5438d elementor-element--toggle-edit-tools elementor-widget elementor-widget-text-editor ha-has-bg-overlay\" data-id=\"ee5438d\" data-element_type=\"widget\" data-model-cid=\"c250\" data-widget_type=\"text-editor.default\">\n<div class=\"elementor-widget-container\">\n<div class=\"elementor-text-editor elementor-clearfix elementor-inline-editing\" data-elementor-setting-key=\"editor\" data-elementor-inline-editing-toolbar=\"advanced\">\n<p>Publicidad Display (<b>LITTLE PLAY , KIOONGO Life Media, KMD<\/b>)\u00a0\u00a0<b>tu anuncio en nuestras revistas digitales de tu elecci\u00f3n.<\/b><\/p>\n<\/div>\n<\/div>\n<\/div>\n<section id=\"\" class=\"elementor-element elementor-element-edit-mode elementor-element-1da29de5 elementor-section elementor-inner-section elementor-section-boxed elementor-section-height-default\" data-id=\"1da29de5\" data-element_type=\"section\" data-model-cid=\"c258\">\n<div class=\"elementor-container elementor-column-gap-no ui-sortable ui-sortable-disabled\">\n<div id=\"\" class=\"elementor-element elementor-element-edit-mode elementor-element-1ce8c255 elementor-element--toggle-edit-tools elementor-column elementor-inner-column\" data-id=\"1ce8c255\" data-element_type=\"column\" data-col=\"100\" data-model-cid=\"c259\">\n<div class=\"elementor-widget-wrap elementor-element-populated ui-sortable ui-sortable-disabled\">\n<div id=\"\" class=\"elementor-element elementor-element-edit-mode elementor-element-add8918 elementor-element--toggle-edit-tools elementor-widget elementor-widget-price-list ha-has-bg-overlay elementor-element-editable\" data-id=\"add8918\" data-element_type=\"widget\" data-model-cid=\"c260\" data-widget_type=\"price-list.default\">\n<div class=\"elementor-widget-container\">\n<ul class=\"elementor-price-list\">\n<li>\n<div class=\"elementor-price-list-text\">\n<div class=\"elementor-price-list-header\">Side Banner&#8230;15 D\u00edas<\/div>\n<div>Con enlace a tu sitio o redes sociales o WhatsApp Pagina de entradas<\/div>\n<\/div>\n<\/li>\n<\/ul>\n<\/div>\n<\/div>\n<\/div>\n<\/div>\n<\/div>\n<\/section>\n<div id=\"gtx-trans\" style=\"position: absolute; left: 477px; top: 136.7px;\">\n<div class=\"gtx-trans-icon\"><\/div>\n<\/div>\n","protected":false},"excerpt":{"rendered":"<ul>\n<li>\n<div class=\"elementor-price-list-header\">Side Banner&#8230;15 D\u00edas<\/div>\n<div>Con enlace a tu sitio o redes sociales o WhatsApp P\u00e1gina de entradas<\/div>\n<\/li>\n<\/ul>\n","protected":false},"featured_media":27287,"comment_status":"open","ping_status":"closed","template":"","meta":{"site-sidebar-layout":"default","site-content-layout":"default","ast-site-content-layout":"default","site-content-style":"default","site-sidebar-style":"default","ast-global-header-display":"","ast-banner-title-visibility":"","ast-main-header-display":"","ast-hfb-above-header-display":"","ast-hfb-below-header-display":"","ast-hfb-mobile-header-display":"","site-post-title":"","ast-breadcrumbs-content":"","ast-featured-img":"","footer-sml-layout":"","ast-disable-related-posts":"","theme-transparent-header-meta":"default","adv-header-id-meta":"","stick-header-meta":"","header-above-stick-meta":"","header-main-stick-meta":"","header-below-stick-meta":"","astra-migrate-meta-layouts":"default","ast-page-background-enabled":"default","ast-page-background-meta":{"desktop":{"background-color":"var(--ast-global-color-4)","background-image":"","background-repeat":"repeat","background-position":"center center","background-size":"auto","background-attachment":"scroll","background-type":"","background-media":"","overlay-type":"","overlay-color":"","overlay-opacity":"","overlay-gradient":""},"tablet":{"background-color":"","background-image":"","background-repeat":"repeat","background-position":"center center","background-size":"auto","background-attachment":"scroll","background-type":"","background-media":"","overlay-type":"","overlay-color":"","overlay-opacity":"","overlay-gradient":""},"mobile":{"background-color":"","background-image":"","background-repeat":"repeat","background-position":"center center","background-size":"auto","background-attachment":"scroll","background-type":"","background-media":"","overlay-type":"","overlay-color":"","overlay-opacity":"","overlay-gradient":""}},"ast-content-background-meta":{"desktop":{"background-color":"var(--ast-global-color-5)","background-image":"","background-repeat":"repeat","background-position":"center center","background-size":"auto","background-attachment":"scroll","background-type":"","background-media":"","overlay-type":"","overlay-color":"","overlay-opacity":"","overlay-gradient":""},"tablet":{"background-color":"var(--ast-global-color-5)","background-image":"","background-repeat":"repeat","background-position":"center center","background-size":"auto","background-attachment":"scroll","background-type":"","background-media":"","overlay-type":"","overlay-color":"","overlay-opacity":"","overlay-gradient":""},"mobile":{"background-color":"var(--ast-global-color-5)","background-image":"","background-repeat":"repeat","background-position":"center center","background-size":"auto","background-attachment":"scroll","background-type":"","background-media":"","overlay-type":"","overlay-color":"","overlay-opacity":"","overlay-gradient":""}},"_joinchat":[]},"product_brand":[],"product_cat":[1077],"product_tag":[1079],"class_list":{"0":"post-27393","1":"product","2":"type-product","3":"status-publish","4":"has-post-thumbnail","6":"product_cat-media-kit-magazin","7":"product_tag-display","8":"desktop-align-left","9":"tablet-align-left","10":"mobile-align-left","11":"ast-product-gallery-layout-horizontal-slider","12":"ast-product-gallery-with-no-image","13":"ast-product-tabs-layout-vertical","15":"first","16":"instock","17":"virtual","18":"taxable","19":"purchasable","20":"product-type-simple"},"yoast_head":"<!-- This site is optimized with the Yoast SEO Premium plugin v20.4 (Yoast SEO v25.5) - https:\/\/yoast.com\/wordpress\/plugins\/seo\/ -->\n<title>Media Kit Publicidad Display - Side Banner...15 D\u00edas<\/title>\n<meta name=\"robots\" content=\"index, follow, max-snippet:-1, max-image-preview:large, max-video-preview:-1\" \/>\n<link rel=\"canonical\" href=\"https:\/\/kioongo.com\/marketing\/tienda\/media-kit-magazin\/media-kit-publicidad-display-side-banner-15-dias\/\" \/>\n<meta property=\"og:locale\" content=\"es_ES\" \/>\n<meta property=\"og:type\" content=\"article\" \/>\n<meta property=\"og:title\" content=\"Media Kit Publicidad Display - Side Banner...15 D\u00edas\" \/>\n<meta property=\"og:description\" content=\"Side Banner...15 D\u00edas Con enlace a tu sitio o redes sociales o WhatsApp P\u00e1gina de entradas\" \/>\n<meta property=\"og:url\" content=\"https:\/\/kioongo.com\/marketing\/tienda\/media-kit-magazin\/media-kit-publicidad-display-side-banner-15-dias\/\" \/>\n<meta property=\"og:site_name\" content=\"KMD: \u25b7Agencia de Marketing Digital by Kioongo\" \/>\n<meta property=\"article:modified_time\" content=\"2023-05-06T18:37:39+00:00\" \/>\n<meta property=\"og:image\" content=\"https:\/\/kioongo.com\/marketing\/wp-content\/uploads\/2023\/05\/PUBLICIDAD-DFIJA-REVISTA.jpg\" \/>\n\t<meta property=\"og:image:width\" content=\"1025\" \/>\n\t<meta property=\"og:image:height\" content=\"504\" \/>\n\t<meta property=\"og:image:type\" content=\"image\/jpeg\" \/>\n<meta name=\"twitter:card\" content=\"summary_large_image\" \/>\n<meta name=\"twitter:label1\" content=\"Tiempo de lectura\" \/>\n\t<meta name=\"twitter:data1\" content=\"1 minuto\" \/>\n<script type=\"application\/ld+json\" class=\"yoast-schema-graph\">{\"@context\":\"https:\/\/schema.org\",\"@graph\":[{\"@type\":\"WebPage\",\"@id\":\"https:\/\/kioongo.com\/marketing\/tienda\/media-kit-magazin\/media-kit-publicidad-display-side-banner-15-dias\/\",\"url\":\"https:\/\/kioongo.com\/marketing\/tienda\/media-kit-magazin\/media-kit-publicidad-display-side-banner-15-dias\/\",\"name\":\"Media Kit Publicidad Display - Side Banner...15 D\u00edas\",\"isPartOf\":{\"@id\":\"https:\/\/kioongo.com\/marketing\/#website\"},\"primaryImageOfPage\":{\"@id\":\"https:\/\/kioongo.com\/marketing\/tienda\/media-kit-magazin\/media-kit-publicidad-display-side-banner-15-dias\/#primaryimage\"},\"image\":{\"@id\":\"https:\/\/kioongo.com\/marketing\/tienda\/media-kit-magazin\/media-kit-publicidad-display-side-banner-15-dias\/#primaryimage\"},\"thumbnailUrl\":\"https:\/\/kioongo.com\/marketing\/wp-content\/uploads\/2023\/05\/PUBLICIDAD-DFIJA-REVISTA.jpg\",\"datePublished\":\"2023-05-06T18:16:21+00:00\",\"dateModified\":\"2023-05-06T18:37:39+00:00\",\"breadcrumb\":{\"@id\":\"https:\/\/kioongo.com\/marketing\/tienda\/media-kit-magazin\/media-kit-publicidad-display-side-banner-15-dias\/#breadcrumb\"},\"inLanguage\":\"es\",\"potentialAction\":[{\"@type\":\"ReadAction\",\"target\":[\"https:\/\/kioongo.com\/marketing\/tienda\/media-kit-magazin\/media-kit-publicidad-display-side-banner-15-dias\/\"]}]},{\"@type\":\"ImageObject\",\"inLanguage\":\"es\",\"@id\":\"https:\/\/kioongo.com\/marketing\/tienda\/media-kit-magazin\/media-kit-publicidad-display-side-banner-15-dias\/#primaryimage\",\"url\":\"https:\/\/kioongo.com\/marketing\/wp-content\/uploads\/2023\/05\/PUBLICIDAD-DFIJA-REVISTA.jpg\",\"contentUrl\":\"https:\/\/kioongo.com\/marketing\/wp-content\/uploads\/2023\/05\/PUBLICIDAD-DFIJA-REVISTA.jpg\",\"width\":1025,\"height\":504},{\"@type\":\"BreadcrumbList\",\"@id\":\"https:\/\/kioongo.com\/marketing\/tienda\/media-kit-magazin\/media-kit-publicidad-display-side-banner-15-dias\/#breadcrumb\",\"itemListElement\":[{\"@type\":\"ListItem\",\"position\":1,\"name\":\"Portada\",\"item\":\"https:\/\/kioongo.com\/marketing\/\"},{\"@type\":\"ListItem\",\"position\":2,\"name\":\"Tienda\",\"item\":\"https:\/\/kioongo.com\/marketing\/tienda\/\"},{\"@type\":\"ListItem\",\"position\":3,\"name\":\"Media Kit Publicidad Display &#8211; Side Banner&#8230;15 D\u00edas\"}]},{\"@type\":\"WebSite\",\"@id\":\"https:\/\/kioongo.com\/marketing\/#website\",\"url\":\"https:\/\/kioongo.com\/marketing\/\",\"name\":\"KMD: \u25b7Agencia de Marketing Digital by Kioongo\",\"description\":\"La Agencia de Marketing Digital en M\u00e9xico, que posiciona NEGOCIOS en internet con estrategias creativas para VENDER m\u00e1s con| BRAND | SEM | SEO | CRO | FUNNELS | WEB.\",\"publisher\":{\"@id\":\"https:\/\/kioongo.com\/marketing\/#organization\"},\"alternateName\":\"Agencia Marketing Digital \u25b7 KMD\",\"potentialAction\":[{\"@type\":\"SearchAction\",\"target\":{\"@type\":\"EntryPoint\",\"urlTemplate\":\"https:\/\/kioongo.com\/marketing\/?s={search_term_string}\"},\"query-input\":{\"@type\":\"PropertyValueSpecification\",\"valueRequired\":true,\"valueName\":\"search_term_string\"}}],\"inLanguage\":\"es\"},{\"@type\":[\"Organization\",\"Place\"],\"@id\":\"https:\/\/kioongo.com\/marketing\/#organization\",\"name\":\"KMD: \u25b7Agencia de Marketing Digital by Kioongo\",\"alternateName\":\"Agencia y Academia de Marketing Digital \u25b7 Kioongo KMD\",\"url\":\"https:\/\/kioongo.com\/marketing\/\",\"logo\":{\"@id\":\"https:\/\/kioongo.com\/marketing\/tienda\/media-kit-magazin\/media-kit-publicidad-display-side-banner-15-dias\/#local-main-organization-logo\"},\"image\":{\"@id\":\"https:\/\/kioongo.com\/marketing\/tienda\/media-kit-magazin\/media-kit-publicidad-display-side-banner-15-dias\/#local-main-organization-logo\"},\"openingHoursSpecification\":[{\"@type\":\"OpeningHoursSpecification\",\"dayOfWeek\":[\"Monday\",\"Tuesday\",\"Wednesday\",\"Thursday\",\"Friday\",\"Saturday\",\"Sunday\"],\"opens\":\"09:00\",\"closes\":\"17:00\"}]},{\"@type\":\"ImageObject\",\"inLanguage\":\"es\",\"@id\":\"https:\/\/kioongo.com\/marketing\/tienda\/media-kit-magazin\/media-kit-publicidad-display-side-banner-15-dias\/#local-main-organization-logo\",\"url\":\"https:\/\/kioongo.com\/marketing\/wp-content\/uploads\/2022\/10\/kmd-kioongo-LOG-WEB.png\",\"contentUrl\":\"https:\/\/kioongo.com\/marketing\/wp-content\/uploads\/2022\/10\/kmd-kioongo-LOG-WEB.png\",\"width\":700,\"height\":200,\"caption\":\"KMD: \u25b7Agencia de Marketing Digital by Kioongo\"}]}<\/script>\n<!-- \/ Yoast SEO Premium plugin. -->","yoast_head_json":{"title":"Media Kit Publicidad Display - Side Banner...15 D\u00edas","robots":{"index":"index","follow":"follow","max-snippet":"max-snippet:-1","max-image-preview":"max-image-preview:large","max-video-preview":"max-video-preview:-1"},"canonical":"https:\/\/kioongo.com\/marketing\/tienda\/media-kit-magazin\/media-kit-publicidad-display-side-banner-15-dias\/","og_locale":"es_ES","og_type":"article","og_title":"Media Kit Publicidad Display - Side Banner...15 D\u00edas","og_description":"Side Banner...15 D\u00edas Con enlace a tu sitio o redes sociales o WhatsApp P\u00e1gina de entradas","og_url":"https:\/\/kioongo.com\/marketing\/tienda\/media-kit-magazin\/media-kit-publicidad-display-side-banner-15-dias\/","og_site_name":"KMD: \u25b7Agencia de Marketing Digital by Kioongo","article_modified_time":"2023-05-06T18:37:39+00:00","og_image":[{"width":1025,"height":504,"url":"https:\/\/kioongo.com\/marketing\/wp-content\/uploads\/2023\/05\/PUBLICIDAD-DFIJA-REVISTA.jpg","type":"image\/jpeg"}],"twitter_card":"summary_large_image","twitter_misc":{"Tiempo de lectura":"1 minuto"},"schema":{"@context":"https:\/\/schema.org","@graph":[{"@type":"WebPage","@id":"https:\/\/kioongo.com\/marketing\/tienda\/media-kit-magazin\/media-kit-publicidad-display-side-banner-15-dias\/","url":"https:\/\/kioongo.com\/marketing\/tienda\/media-kit-magazin\/media-kit-publicidad-display-side-banner-15-dias\/","name":"Media Kit Publicidad Display - Side Banner...15 D\u00edas","isPartOf":{"@id":"https:\/\/kioongo.com\/marketing\/#website"},"primaryImageOfPage":{"@id":"https:\/\/kioongo.com\/marketing\/tienda\/media-kit-magazin\/media-kit-publicidad-display-side-banner-15-dias\/#primaryimage"},"image":{"@id":"https:\/\/kioongo.com\/marketing\/tienda\/media-kit-magazin\/media-kit-publicidad-display-side-banner-15-dias\/#primaryimage"},"thumbnailUrl":"https:\/\/kioongo.com\/marketing\/wp-content\/uploads\/2023\/05\/PUBLICIDAD-DFIJA-REVISTA.jpg","datePublished":"2023-05-06T18:16:21+00:00","dateModified":"2023-05-06T18:37:39+00:00","breadcrumb":{"@id":"https:\/\/kioongo.com\/marketing\/tienda\/media-kit-magazin\/media-kit-publicidad-display-side-banner-15-dias\/#breadcrumb"},"inLanguage":"es","potentialAction":[{"@type":"ReadAction","target":["https:\/\/kioongo.com\/marketing\/tienda\/media-kit-magazin\/media-kit-publicidad-display-side-banner-15-dias\/"]}]},{"@type":"ImageObject","inLanguage":"es","@id":"https:\/\/kioongo.com\/marketing\/tienda\/media-kit-magazin\/media-kit-publicidad-display-side-banner-15-dias\/#primaryimage","url":"https:\/\/kioongo.com\/marketing\/wp-content\/uploads\/2023\/05\/PUBLICIDAD-DFIJA-REVISTA.jpg","contentUrl":"https:\/\/kioongo.com\/marketing\/wp-content\/uploads\/2023\/05\/PUBLICIDAD-DFIJA-REVISTA.jpg","width":1025,"height":504},{"@type":"BreadcrumbList","@id":"https:\/\/kioongo.com\/marketing\/tienda\/media-kit-magazin\/media-kit-publicidad-display-side-banner-15-dias\/#breadcrumb","itemListElement":[{"@type":"ListItem","position":1,"name":"Portada","item":"https:\/\/kioongo.com\/marketing\/"},{"@type":"ListItem","position":2,"name":"Tienda","item":"https:\/\/kioongo.com\/marketing\/tienda\/"},{"@type":"ListItem","position":3,"name":"Media Kit Publicidad Display &#8211; Side Banner&#8230;15 D\u00edas"}]},{"@type":"WebSite","@id":"https:\/\/kioongo.com\/marketing\/#website","url":"https:\/\/kioongo.com\/marketing\/","name":"KMD: \u25b7Agencia de Marketing Digital by Kioongo","description":"La Agencia de Marketing Digital en M\u00e9xico, que posiciona NEGOCIOS en internet con estrategias creativas para VENDER m\u00e1s con| BRAND | SEM | SEO | CRO | FUNNELS | WEB.","publisher":{"@id":"https:\/\/kioongo.com\/marketing\/#organization"},"alternateName":"Agencia Marketing Digital \u25b7 KMD","potentialAction":[{"@type":"SearchAction","target":{"@type":"EntryPoint","urlTemplate":"https:\/\/kioongo.com\/marketing\/?s={search_term_string}"},"query-input":{"@type":"PropertyValueSpecification","valueRequired":true,"valueName":"search_term_string"}}],"inLanguage":"es"},{"@type":["Organization","Place"],"@id":"https:\/\/kioongo.com\/marketing\/#organization","name":"KMD: \u25b7Agencia de Marketing Digital by Kioongo","alternateName":"Agencia y Academia de Marketing Digital \u25b7 Kioongo KMD","url":"https:\/\/kioongo.com\/marketing\/","logo":{"@id":"https:\/\/kioongo.com\/marketing\/tienda\/media-kit-magazin\/media-kit-publicidad-display-side-banner-15-dias\/#local-main-organization-logo"},"image":{"@id":"https:\/\/kioongo.com\/marketing\/tienda\/media-kit-magazin\/media-kit-publicidad-display-side-banner-15-dias\/#local-main-organization-logo"},"openingHoursSpecification":[{"@type":"OpeningHoursSpecification","dayOfWeek":["Monday","Tuesday","Wednesday","Thursday","Friday","Saturday","Sunday"],"opens":"09:00","closes":"17:00"}]},{"@type":"ImageObject","inLanguage":"es","@id":"https:\/\/kioongo.com\/marketing\/tienda\/media-kit-magazin\/media-kit-publicidad-display-side-banner-15-dias\/#local-main-organization-logo","url":"https:\/\/kioongo.com\/marketing\/wp-content\/uploads\/2022\/10\/kmd-kioongo-LOG-WEB.png","contentUrl":"https:\/\/kioongo.com\/marketing\/wp-content\/uploads\/2022\/10\/kmd-kioongo-LOG-WEB.png","width":700,"height":200,"caption":"KMD: \u25b7Agencia de Marketing Digital by Kioongo"}]}},"_links":{"self":[{"href":"https:\/\/kioongo.com\/marketing\/wp-json\/wp\/v2\/product\/27393","targetHints":{"allow":["GET"]}}],"collection":[{"href":"https:\/\/kioongo.com\/marketing\/wp-json\/wp\/v2\/product"}],"about":[{"href":"https:\/\/kioongo.com\/marketing\/wp-json\/wp\/v2\/types\/product"}],"replies":[{"embeddable":true,"href":"https:\/\/kioongo.com\/marketing\/wp-json\/wp\/v2\/comments?post=27393"}],"version-history":[{"count":2,"href":"https:\/\/kioongo.com\/marketing\/wp-json\/wp\/v2\/product\/27393\/revisions"}],"predecessor-version":[{"id":27421,"href":"https:\/\/kioongo.com\/marketing\/wp-json\/wp\/v2\/product\/27393\/revisions\/27421"}],"wp:featuredmedia":[{"embeddable":true,"href":"https:\/\/kioongo.com\/marketing\/wp-json\/wp\/v2\/media\/27287"}],"wp:attachment":[{"href":"https:\/\/kioongo.com\/marketing\/wp-json\/wp\/v2\/media?parent=27393"}],"wp:term":[{"taxonomy":"product_brand","embeddable":true,"href":"https:\/\/kioongo.com\/marketing\/wp-json\/wp\/v2\/product_brand?post=27393"},{"taxonomy":"product_cat","embeddable":true,"href":"https:\/\/kioongo.com\/marketing\/wp-json\/wp\/v2\/product_cat?post=27393"},{"taxonomy":"product_tag","embeddable":true,"href":"https:\/\/kioongo.com\/marketing\/wp-json\/wp\/v2\/product_tag?post=27393"}],"curies":[{"name":"wp","href":"https:\/\/api.w.org\/{rel}","templated":true}]}}