{"id":26488,"date":"2023-12-28T15:22:05","date_gmt":"2023-12-28T21:22:05","guid":{"rendered":"https:\/\/kioongo.com\/masteracademy\/?post_type=product&#038;p=26488"},"modified":"2023-12-28T15:23:26","modified_gmt":"2023-12-28T21:23:26","slug":"capacitacion-de-branding","status":"publish","type":"product","link":"https:\/\/kioongo.com\/masteracademy\/tienda\/servicios\/capacitacion-servicios\/capacitacion-de-branding\/","title":{"rendered":"Capacitaci\u00f3n de Branding"},"content":{"rendered":"<div class=\"elementor-element elementor-element-1fea02bb elementor-widget elementor-widget-text-editor\" data-id=\"1fea02bb\" data-element_type=\"widget\" data-widget_type=\"text-editor.default\">\n<div class=\"elementor-widget-container\">\n<div class=\"elementor-text-editor elementor-clearfix\">\n<p>Una sesi\u00f3n de Capacitaci\u00f3n personalizada 1 a 1 Online o presencial en donde evaluaremos herramientas para implementar el branding en tu negocio<\/p>\n<\/div>\n<\/div>\n<\/div>\n<div class=\"elementor-element elementor-element-5a488d02 elementor-icon-list--layout-traditional elementor-list-item-link-full_width elementor-widget elementor-widget-icon-list\" data-id=\"5a488d02\" data-element_type=\"widget\" data-widget_type=\"icon-list.default\">\n<div class=\"elementor-widget-container\">\n<ul class=\"elementor-icon-list-items\">\n<li class=\"elementor-icon-list-item\"><i class=\"fas fa-circle\" aria-hidden=\"true\"><\/i><span class=\"elementor-icon-list-text\">3 horas de Capacitaci\u00f3n<\/span><\/li>\n<li class=\"elementor-icon-list-item\"><i class=\"fas fa-circle\" aria-hidden=\"true\"><\/i><span class=\"elementor-icon-list-text\">An\u00e1lisis de tu negocio<\/span><\/li>\n<li class=\"elementor-icon-list-item\"><i class=\"fas fa-circle\" aria-hidden=\"true\"><\/i><span class=\"elementor-icon-list-text\">Determinaci\u00f3n de Oportunidades y fortalezas<\/span><\/li>\n<li class=\"elementor-icon-list-item\"><i class=\"fas fa-circle\" aria-hidden=\"true\"><\/i><span class=\"elementor-icon-list-text\">Determinaci\u00f3n de Naming<\/span><\/li>\n<li class=\"elementor-icon-list-item\"><i class=\"fas fa-circle\" aria-hidden=\"true\"><\/i><span class=\"elementor-icon-list-text\">Formas \u00c1ureas<\/span><\/li>\n<li class=\"elementor-icon-list-item\"><i class=\"fas fa-circle\" aria-hidden=\"true\"><\/i><span class=\"elementor-icon-list-text\">Gestalt<\/span><\/li>\n<li class=\"elementor-icon-list-item\"><i class=\"fas fa-circle\" aria-hidden=\"true\"><\/i><span class=\"elementor-icon-list-text\">Psicolog\u00eda del color<\/span><\/li>\n<li class=\"elementor-icon-list-item\"><i class=\"fas fa-circle\" aria-hidden=\"true\"><\/i><span class=\"elementor-icon-list-text\">Herramientas de dise\u00f1o<\/span><\/li>\n<li class=\"elementor-icon-list-item\"><i class=\"fas fa-circle\" aria-hidden=\"true\"><\/i><span class=\"elementor-icon-list-text\">Identidad de la marca<\/span><\/li>\n<li class=\"elementor-icon-list-item\"><i class=\"fas fa-circle\" aria-hidden=\"true\"><\/i><span class=\"elementor-icon-list-text\">Seguimiento digital durante 1 mes para resolver temas tratados<\/span><\/li>\n<\/ul>\n<\/div>\n<\/div>\n","protected":false},"excerpt":{"rendered":"<ul class=\"elementor-icon-list-items\">\n<li class=\"elementor-icon-list-item\"><span class=\"elementor-icon-list-text\">3 horas de Capacitaci\u00f3n<\/span><\/li>\n<li class=\"elementor-icon-list-item\"><i class=\"fas fa-circle\" aria-hidden=\"true\"><\/i><span class=\"elementor-icon-list-text\">An\u00e1lisis de tu negocio<\/span><\/li>\n<li class=\"elementor-icon-list-item\"><i class=\"fas fa-circle\" aria-hidden=\"true\"><\/i><span class=\"elementor-icon-list-text\">Determinaci\u00f3n de Oportunidades y fortalezas<\/span><\/li>\n<li class=\"elementor-icon-list-item\"><i class=\"fas fa-circle\" aria-hidden=\"true\"><\/i><span class=\"elementor-icon-list-text\">Determinaci\u00f3n de Naming<\/span><\/li>\n<li class=\"elementor-icon-list-item\"><i class=\"fas fa-circle\" aria-hidden=\"true\"><\/i><span class=\"elementor-icon-list-text\">Formas \u00c1ureas<\/span><\/li>\n<li class=\"elementor-icon-list-item\"><i class=\"fas fa-circle\" aria-hidden=\"true\"><\/i><span class=\"elementor-icon-list-text\">Gestalt<\/span><\/li>\n<li class=\"elementor-icon-list-item\"><i class=\"fas fa-circle\" aria-hidden=\"true\"><\/i><span class=\"elementor-icon-list-text\">Psicolog\u00eda del color<\/span><\/li>\n<li class=\"elementor-icon-list-item\"><i class=\"fas fa-circle\" aria-hidden=\"true\"><\/i><span class=\"elementor-icon-list-text\">Herramientas de dise\u00f1o<\/span><\/li>\n<li class=\"elementor-icon-list-item\"><i class=\"fas fa-circle\" aria-hidden=\"true\"><\/i><span class=\"elementor-icon-list-text\">Identidad de la marca<\/span><\/li>\n<li class=\"elementor-icon-list-item\"><i class=\"fas fa-circle\" aria-hidden=\"true\"><\/i><span class=\"elementor-icon-list-text\">Seguimiento digital durante 1 mes para resolver temas tratados<\/span><\/li>\n<\/ul>\n","protected":false},"featured_media":26516,"comment_status":"open","ping_status":"closed","template":"","meta":{"site-sidebar-layout":"default","site-content-layout":"default","ast-site-content-layout":"default","site-content-style":"default","site-sidebar-style":"default","ast-global-header-display":"","ast-banner-title-visibility":"","ast-main-header-display":"","ast-hfb-above-header-display":"","ast-hfb-below-header-display":"","ast-hfb-mobile-header-display":"","site-post-title":"","ast-breadcrumbs-content":"","ast-featured-img":"","footer-sml-layout":"","ast-disable-related-posts":"","theme-transparent-header-meta":"default","adv-header-id-meta":"","stick-header-meta":"default","header-above-stick-meta":"","header-main-stick-meta":"","header-below-stick-meta":"","astra-migrate-meta-layouts":"default","ast-page-background-enabled":"default","ast-page-background-meta":{"desktop":{"background-color":"","background-image":"","background-repeat":"repeat","background-position":"center center","background-size":"auto","background-attachment":"scroll","background-type":"","background-media":"","overlay-type":"","overlay-color":"","overlay-opacity":"","overlay-gradient":""},"tablet":{"background-color":"","background-image":"","background-repeat":"repeat","background-position":"center center","background-size":"auto","background-attachment":"scroll","background-type":"","background-media":"","overlay-type":"","overlay-color":"","overlay-opacity":"","overlay-gradient":""},"mobile":{"background-color":"","background-image":"","background-repeat":"repeat","background-position":"center center","background-size":"auto","background-attachment":"scroll","background-type":"","background-media":"","overlay-type":"","overlay-color":"","overlay-opacity":"","overlay-gradient":""}},"ast-content-background-meta":{"desktop":{"background-color":"var(--ast-global-color-5)","background-image":"","background-repeat":"repeat","background-position":"center center","background-size":"auto","background-attachment":"scroll","background-type":"","background-media":"","overlay-type":"","overlay-color":"","overlay-opacity":"","overlay-gradient":""},"tablet":{"background-color":"var(--ast-global-color-5)","background-image":"","background-repeat":"repeat","background-position":"center center","background-size":"auto","background-attachment":"scroll","background-type":"","background-media":"","overlay-type":"","overlay-color":"","overlay-opacity":"","overlay-gradient":""},"mobile":{"background-color":"var(--ast-global-color-5)","background-image":"","background-repeat":"repeat","background-position":"center center","background-size":"auto","background-attachment":"scroll","background-type":"","background-media":"","overlay-type":"","overlay-color":"","overlay-opacity":"","overlay-gradient":""}}},"product_brand":[],"product_cat":[246,235],"product_tag":[261,262,263,264,265],"class_list":{"0":"post-26488","1":"product","2":"type-product","3":"status-publish","4":"has-post-thumbnail","6":"product_cat-capacitacion-servicios","7":"product_cat-servicios","8":"product_tag-branding","9":"product_tag-identidad","10":"product_tag-logo","11":"product_tag-naming","12":"product_tag-slogan","13":"desktop-align-left","14":"tablet-align-left","15":"mobile-align-left","17":"first","18":"instock","19":"sale","20":"shipping-taxable","21":"purchasable","22":"product-type-simple"},"yoast_head":"<!-- This site is optimized with the Yoast SEO Premium plugin v25.3 (Yoast SEO v25.8) - https:\/\/yoast.com\/wordpress\/plugins\/seo\/ -->\n<title>Capacitaci\u00f3n de Branding - Academia digital de marketing digital | Master Academy<\/title>\n<meta name=\"robots\" content=\"index, follow, max-snippet:-1, max-image-preview:large, max-video-preview:-1\" \/>\n<link rel=\"canonical\" href=\"https:\/\/kioongo.com\/masteracademy\/tienda\/servicios\/capacitacion-servicios\/capacitacion-de-branding\/\" \/>\n<meta property=\"og:locale\" content=\"es_ES\" \/>\n<meta property=\"og:type\" content=\"article\" \/>\n<meta property=\"og:title\" content=\"Capacitaci\u00f3n de Branding\" \/>\n<meta property=\"og:description\" content=\"3 horas de Capacitaci\u00f3n  An\u00e1lisis de tu negocio  Determinaci\u00f3n de Oportunidades y fortalezas  Determinaci\u00f3n de Naming  Formas \u00c1ureas  Gestalt  Psicolog\u00eda del color  Herramientas de dise\u00f1o  Identidad de la marca  Seguimiento digital durante 1 mes para resolver temas tratados\" \/>\n<meta property=\"og:url\" content=\"https:\/\/kioongo.com\/masteracademy\/tienda\/servicios\/capacitacion-servicios\/capacitacion-de-branding\/\" \/>\n<meta property=\"og:site_name\" content=\"Academia digital de marketing digital | Master Academy\" \/>\n<meta property=\"article:modified_time\" content=\"2023-12-28T21:23:26+00:00\" \/>\n<meta property=\"og:image\" content=\"https:\/\/kioongo.com\/masteracademy\/wp-content\/uploads\/2023\/12\/5-1.png\" \/>\n\t<meta property=\"og:image:width\" content=\"1080\" \/>\n\t<meta property=\"og:image:height\" content=\"1080\" \/>\n\t<meta property=\"og:image:type\" content=\"image\/png\" \/>\n<meta name=\"twitter:card\" content=\"summary_large_image\" \/>\n<meta name=\"twitter:label1\" content=\"Tiempo de lectura\" \/>\n\t<meta name=\"twitter:data1\" content=\"1 minuto\" \/>\n<script type=\"application\/ld+json\" class=\"yoast-schema-graph\">{\"@context\":\"https:\/\/schema.org\",\"@graph\":[{\"@type\":\"WebPage\",\"@id\":\"https:\/\/kioongo.com\/masteracademy\/tienda\/servicios\/capacitacion-servicios\/capacitacion-de-branding\/\",\"url\":\"https:\/\/kioongo.com\/masteracademy\/tienda\/servicios\/capacitacion-servicios\/capacitacion-de-branding\/\",\"name\":\"Capacitaci\u00f3n de Branding - Academia digital de marketing digital | Master Academy\",\"isPartOf\":{\"@id\":\"https:\/\/kioongo.com\/masteracademy\/#website\"},\"primaryImageOfPage\":{\"@id\":\"https:\/\/kioongo.com\/masteracademy\/tienda\/servicios\/capacitacion-servicios\/capacitacion-de-branding\/#primaryimage\"},\"image\":{\"@id\":\"https:\/\/kioongo.com\/masteracademy\/tienda\/servicios\/capacitacion-servicios\/capacitacion-de-branding\/#primaryimage\"},\"thumbnailUrl\":\"https:\/\/kioongo.com\/masteracademy\/wp-content\/uploads\/2023\/12\/5-1.png\",\"datePublished\":\"2023-12-28T21:22:05+00:00\",\"dateModified\":\"2023-12-28T21:23:26+00:00\",\"breadcrumb\":{\"@id\":\"https:\/\/kioongo.com\/masteracademy\/tienda\/servicios\/capacitacion-servicios\/capacitacion-de-branding\/#breadcrumb\"},\"inLanguage\":\"es\",\"potentialAction\":[{\"@type\":\"ReadAction\",\"target\":[\"https:\/\/kioongo.com\/masteracademy\/tienda\/servicios\/capacitacion-servicios\/capacitacion-de-branding\/\"]}]},{\"@type\":\"ImageObject\",\"inLanguage\":\"es\",\"@id\":\"https:\/\/kioongo.com\/masteracademy\/tienda\/servicios\/capacitacion-servicios\/capacitacion-de-branding\/#primaryimage\",\"url\":\"https:\/\/kioongo.com\/masteracademy\/wp-content\/uploads\/2023\/12\/5-1.png\",\"contentUrl\":\"https:\/\/kioongo.com\/masteracademy\/wp-content\/uploads\/2023\/12\/5-1.png\",\"width\":1080,\"height\":1080},{\"@type\":\"BreadcrumbList\",\"@id\":\"https:\/\/kioongo.com\/masteracademy\/tienda\/servicios\/capacitacion-servicios\/capacitacion-de-branding\/#breadcrumb\",\"itemListElement\":[{\"@type\":\"ListItem\",\"position\":1,\"name\":\"Home\",\"item\":\"https:\/\/kioongo.com\/masteracademy\/\"},{\"@type\":\"ListItem\",\"position\":2,\"name\":\"Tienda\",\"item\":\"https:\/\/kioongo.com\/masteracademy\/tienda\/\"},{\"@type\":\"ListItem\",\"position\":3,\"name\":\"Capacitaci\u00f3n de Branding\"}]},{\"@type\":\"WebSite\",\"@id\":\"https:\/\/kioongo.com\/masteracademy\/#website\",\"url\":\"https:\/\/kioongo.com\/masteracademy\/\",\"name\":\"Academia digital de marketing digital | Master Academy\",\"description\":\"Aprender marketing digital nunca fue tan f\u00e1cil\",\"publisher\":{\"@id\":\"https:\/\/kioongo.com\/masteracademy\/#organization\"},\"potentialAction\":[{\"@type\":\"SearchAction\",\"target\":{\"@type\":\"EntryPoint\",\"urlTemplate\":\"https:\/\/kioongo.com\/masteracademy\/?s={search_term_string}\"},\"query-input\":{\"@type\":\"PropertyValueSpecification\",\"valueRequired\":true,\"valueName\":\"search_term_string\"}}],\"inLanguage\":\"es\"},{\"@type\":\"Organization\",\"@id\":\"https:\/\/kioongo.com\/masteracademy\/#organization\",\"name\":\"Academia digital de marketing digital | Master Academy\",\"url\":\"https:\/\/kioongo.com\/masteracademy\/\",\"logo\":{\"@type\":\"ImageObject\",\"inLanguage\":\"es\",\"@id\":\"https:\/\/kioongo.com\/masteracademy\/#\/schema\/logo\/image\/\",\"url\":\"https:\/\/kioongo.com\/masteracademy\/wp-content\/uploads\/2023\/10\/logo-master-academy-bn.png\",\"contentUrl\":\"https:\/\/kioongo.com\/masteracademy\/wp-content\/uploads\/2023\/10\/logo-master-academy-bn.png\",\"width\":244,\"height\":119,\"caption\":\"Academia digital de marketing digital | Master Academy\"},\"image\":{\"@id\":\"https:\/\/kioongo.com\/masteracademy\/#\/schema\/logo\/image\/\"}}]}<\/script>\n<!-- \/ Yoast SEO Premium plugin. -->","yoast_head_json":{"title":"Capacitaci\u00f3n de Branding - Academia digital de marketing digital | Master Academy","robots":{"index":"index","follow":"follow","max-snippet":"max-snippet:-1","max-image-preview":"max-image-preview:large","max-video-preview":"max-video-preview:-1"},"canonical":"https:\/\/kioongo.com\/masteracademy\/tienda\/servicios\/capacitacion-servicios\/capacitacion-de-branding\/","og_locale":"es_ES","og_type":"article","og_title":"Capacitaci\u00f3n de Branding","og_description":"3 horas de Capacitaci\u00f3n  An\u00e1lisis de tu negocio  Determinaci\u00f3n de Oportunidades y fortalezas  Determinaci\u00f3n de Naming  Formas \u00c1ureas  Gestalt  Psicolog\u00eda del color  Herramientas de dise\u00f1o  Identidad de la marca  Seguimiento digital durante 1 mes para resolver temas tratados","og_url":"https:\/\/kioongo.com\/masteracademy\/tienda\/servicios\/capacitacion-servicios\/capacitacion-de-branding\/","og_site_name":"Academia digital de marketing digital | Master Academy","article_modified_time":"2023-12-28T21:23:26+00:00","og_image":[{"width":1080,"height":1080,"url":"https:\/\/kioongo.com\/masteracademy\/wp-content\/uploads\/2023\/12\/5-1.png","type":"image\/png"}],"twitter_card":"summary_large_image","twitter_misc":{"Tiempo de lectura":"1 minuto"},"schema":{"@context":"https:\/\/schema.org","@graph":[{"@type":"WebPage","@id":"https:\/\/kioongo.com\/masteracademy\/tienda\/servicios\/capacitacion-servicios\/capacitacion-de-branding\/","url":"https:\/\/kioongo.com\/masteracademy\/tienda\/servicios\/capacitacion-servicios\/capacitacion-de-branding\/","name":"Capacitaci\u00f3n de Branding - Academia digital de marketing digital | Master Academy","isPartOf":{"@id":"https:\/\/kioongo.com\/masteracademy\/#website"},"primaryImageOfPage":{"@id":"https:\/\/kioongo.com\/masteracademy\/tienda\/servicios\/capacitacion-servicios\/capacitacion-de-branding\/#primaryimage"},"image":{"@id":"https:\/\/kioongo.com\/masteracademy\/tienda\/servicios\/capacitacion-servicios\/capacitacion-de-branding\/#primaryimage"},"thumbnailUrl":"https:\/\/kioongo.com\/masteracademy\/wp-content\/uploads\/2023\/12\/5-1.png","datePublished":"2023-12-28T21:22:05+00:00","dateModified":"2023-12-28T21:23:26+00:00","breadcrumb":{"@id":"https:\/\/kioongo.com\/masteracademy\/tienda\/servicios\/capacitacion-servicios\/capacitacion-de-branding\/#breadcrumb"},"inLanguage":"es","potentialAction":[{"@type":"ReadAction","target":["https:\/\/kioongo.com\/masteracademy\/tienda\/servicios\/capacitacion-servicios\/capacitacion-de-branding\/"]}]},{"@type":"ImageObject","inLanguage":"es","@id":"https:\/\/kioongo.com\/masteracademy\/tienda\/servicios\/capacitacion-servicios\/capacitacion-de-branding\/#primaryimage","url":"https:\/\/kioongo.com\/masteracademy\/wp-content\/uploads\/2023\/12\/5-1.png","contentUrl":"https:\/\/kioongo.com\/masteracademy\/wp-content\/uploads\/2023\/12\/5-1.png","width":1080,"height":1080},{"@type":"BreadcrumbList","@id":"https:\/\/kioongo.com\/masteracademy\/tienda\/servicios\/capacitacion-servicios\/capacitacion-de-branding\/#breadcrumb","itemListElement":[{"@type":"ListItem","position":1,"name":"Home","item":"https:\/\/kioongo.com\/masteracademy\/"},{"@type":"ListItem","position":2,"name":"Tienda","item":"https:\/\/kioongo.com\/masteracademy\/tienda\/"},{"@type":"ListItem","position":3,"name":"Capacitaci\u00f3n de Branding"}]},{"@type":"WebSite","@id":"https:\/\/kioongo.com\/masteracademy\/#website","url":"https:\/\/kioongo.com\/masteracademy\/","name":"Academia digital de marketing digital | Master Academy","description":"Aprender marketing digital nunca fue tan f\u00e1cil","publisher":{"@id":"https:\/\/kioongo.com\/masteracademy\/#organization"},"potentialAction":[{"@type":"SearchAction","target":{"@type":"EntryPoint","urlTemplate":"https:\/\/kioongo.com\/masteracademy\/?s={search_term_string}"},"query-input":{"@type":"PropertyValueSpecification","valueRequired":true,"valueName":"search_term_string"}}],"inLanguage":"es"},{"@type":"Organization","@id":"https:\/\/kioongo.com\/masteracademy\/#organization","name":"Academia digital de marketing digital | Master Academy","url":"https:\/\/kioongo.com\/masteracademy\/","logo":{"@type":"ImageObject","inLanguage":"es","@id":"https:\/\/kioongo.com\/masteracademy\/#\/schema\/logo\/image\/","url":"https:\/\/kioongo.com\/masteracademy\/wp-content\/uploads\/2023\/10\/logo-master-academy-bn.png","contentUrl":"https:\/\/kioongo.com\/masteracademy\/wp-content\/uploads\/2023\/10\/logo-master-academy-bn.png","width":244,"height":119,"caption":"Academia digital de marketing digital | Master Academy"},"image":{"@id":"https:\/\/kioongo.com\/masteracademy\/#\/schema\/logo\/image\/"}}]}},"_links":{"self":[{"href":"https:\/\/kioongo.com\/masteracademy\/wp-json\/wp\/v2\/product\/26488","targetHints":{"allow":["GET"]}}],"collection":[{"href":"https:\/\/kioongo.com\/masteracademy\/wp-json\/wp\/v2\/product"}],"about":[{"href":"https:\/\/kioongo.com\/masteracademy\/wp-json\/wp\/v2\/types\/product"}],"replies":[{"embeddable":true,"href":"https:\/\/kioongo.com\/masteracademy\/wp-json\/wp\/v2\/comments?post=26488"}],"version-history":[{"count":1,"href":"https:\/\/kioongo.com\/masteracademy\/wp-json\/wp\/v2\/product\/26488\/revisions"}],"predecessor-version":[{"id":26517,"href":"https:\/\/kioongo.com\/masteracademy\/wp-json\/wp\/v2\/product\/26488\/revisions\/26517"}],"wp:featuredmedia":[{"embeddable":true,"href":"https:\/\/kioongo.com\/masteracademy\/wp-json\/wp\/v2\/media\/26516"}],"wp:attachment":[{"href":"https:\/\/kioongo.com\/masteracademy\/wp-json\/wp\/v2\/media?parent=26488"}],"wp:term":[{"taxonomy":"product_brand","embeddable":true,"href":"https:\/\/kioongo.com\/masteracademy\/wp-json\/wp\/v2\/product_brand?post=26488"},{"taxonomy":"product_cat","embeddable":true,"href":"https:\/\/kioongo.com\/masteracademy\/wp-json\/wp\/v2\/product_cat?post=26488"},{"taxonomy":"product_tag","embeddable":true,"href":"https:\/\/kioongo.com\/masteracademy\/wp-json\/wp\/v2\/product_tag?post=26488"}],"curies":[{"name":"wp","href":"https:\/\/api.w.org\/{rel}","templated":true}]}}