{"id":26491,"date":"2023-12-28T15:22:06","date_gmt":"2023-12-28T21:22:06","guid":{"rendered":"https:\/\/kioongo.com\/masteracademy\/?post_type=product&#038;p=26491"},"modified":"2023-12-28T15:23:52","modified_gmt":"2023-12-28T21:23:52","slug":"taller-de-posicionamiento-web-e-e-commerce","status":"publish","type":"product","link":"https:\/\/kioongo.com\/masteracademy\/tienda\/servicios\/asesoria\/taller-de-posicionamiento-web-e-e-commerce\/","title":{"rendered":"Taller De Posicionamiento Web\u200b e E-Commerce"},"content":{"rendered":"<div class=\"elementor-element elementor-element-1fea02bb elementor-widget elementor-widget-text-editor\" data-id=\"1fea02bb\" data-element_type=\"widget\" data-widget_type=\"text-editor.default\">\n<div class=\"elementor-widget-container\">\n<div class=\"elementor-text-editor elementor-clearfix\">\n<div class=\"ns4p8fja j83agx80 cbu4d94t a6sixzi8 bkfpd7mw a1xu1aao\" role=\"none\">\n<div class=\"j83agx80 k4urcfbm\" role=\"none\">\n<div class=\"j83agx80 cbu4d94t d2edcug0 l9j0dhe7 aovydwv3\">\n<div class=\"j83agx80 k4urcfbm\" role=\"none\">\n<div class=\"cxgpxx05 d1544ag0 sj5x9vvc tw6a2znq l9j0dhe7 ni8dbmo4 stjgntxs e72ty7fz qlfml3jp qmr60zad jm1wdb64 qv66sw1b ljqsnud1 odn2s2vf tkr6xdv7 ihh4hy1g\" role=\"none\" data-testid=\"solid-message-bubble\">\n<div class=\"rq0escxv l9j0dhe7 du4w35lb __fb-light-mode\" role=\"none\"><\/div>\n<\/div>\n<\/div>\n<\/div>\n<\/div>\n<\/div>\n<div class=\"ns4p8fja j83agx80 cbu4d94t a6sixzi8 bkfpd7mw d2edcug0 kb5gq1qc nred35xi\" role=\"none\">\n<div class=\"pfnyh3mw j83agx80 cbu4d94t jcr6t5e3 taijpn5t buofh1pr l9j0dhe7 s90hwng2 jxrgncrl\" aria-hidden=\"true\">\n<div class=\"bp9cbjyn jcr6t5e3 j83agx80 rl25f0pe\" role=\"none\">\n<div class=\"bp9cbjyn jcr6t5e3 j83agx80 rl25f0pe\" role=\"none\">\n<div>\n<div class=\"hcukyx3x cxmmr5t8 b73ngqbp rgmg9uty j83agx80 s45kfl79 emlxlaya bkmhp75w spb7xbtv pfnyh3mw n5ue3fu6 bp9cbjyn taijpn5t oqcyycmt nhd2j8a9 opvtebq1 l9j0dhe7\">\n<div class=\"oajrlxb2 gs1a9yip g5ia77u1 mtkw9kbi tlpljxtp qensuy8j ppp5ayq2 goun2846 ccm00jje s44p3ltw mk2mc5f4 rt8b4zig n8ej3o3l agehan2d sk4xxmp2 rq0escxv nhd2j8a9 mg4g778l pfnyh3mw p7hjln8o kvgmc6g5 cxmmr5t8 oygrvhab hcukyx3x tgvbjcpo hpfvmrgz jb3vyjys rz4wbd8a qt6c0cv9 a8nywdso l9j0dhe7 i1ao9s8h esuyzwwr f1sip0of du4w35lb n00je7tq arfg74bv qs9ysxi8 k77z8yql btwxx1t3 abiwlrkh p8dawk7l j83agx80 lzcic4wl\" tabindex=\"0\" role=\"button\" aria-label=\"Responder\">\n<div class=\"p1ueia1e pgctjfs5 l8rlqa9s sh06z9xi i2p6rm4e\">\n<div id=\"\" class=\"elementor-element elementor-element-edit-mode elementor-element-7eef316 elementor-element--toggle-edit-tools elementor-widget elementor-widget-heading\" data-id=\"7eef316\" data-element_type=\"widget\" data-model-cid=\"c6990\" data-widget_type=\"heading.default\">\n<div class=\"elementor-widget-container\"><\/div>\n<\/div>\n<div id=\"\" class=\"elementor-element elementor-element-edit-mode elementor-element-46d4fa80 elementor-element--toggle-edit-tools elementor-widget elementor-widget-heading\" data-id=\"46d4fa80\" data-element_type=\"widget\" data-model-cid=\"c69\" data-widget_type=\"heading.default\">\n<div class=\"elementor-widget-container\">\n<h2 class=\"elementor-heading-title elementor-size-default elementor-inline-editing\" spellcheck=\"false\" data-elementor-setting-key=\"title\" data-lt-tmp-id=\"lt-798479\" data-gramm=\"false\"><\/h2>\n<\/div>\n<\/div>\n<div id=\"\" class=\"elementor-element elementor-element-edit-mode elementor-element-3c4512c elementor-element--toggle-edit-tools elementor-widget elementor-widget-text-editor\" data-id=\"3c4512c\" data-element_type=\"widget\" data-model-cid=\"c72\" data-widget_type=\"text-editor.default\">\n<div class=\"elementor-widget-container\">\n<div class=\"elementor-text-editor elementor-clearfix elementor-inline-editing\" data-elementor-setting-key=\"editor\" data-elementor-inline-editing-toolbar=\"advanced\">\n<p><b>Un taller Grupal<\/b><strong>\u00a0<\/strong>o 1 a 1 Online o presencial en donde te ense\u00f1ar\u00e9 a: Mejorar el posicionamiento de tu sitio web o e-commerce en los motores de b\u00fasqueda<\/p>\n<\/div>\n<\/div>\n<\/div>\n<div id=\"\" class=\"elementor-element elementor-element-edit-mode elementor-element-220c923e elementor-element--toggle-edit-tools elementor-widget elementor-widget-icon-list elementor-icon-list--layout-traditional elementor-list-item-link-full_width\" data-id=\"220c923e\" data-element_type=\"widget\" data-model-cid=\"c75\" data-widget_type=\"icon-list.default\">\n<div class=\"elementor-widget-container\">\n<ul class=\"elementor-icon-list-items\">\n<li class=\"elementor-icon-list-item\"><i class=\"fas fa-circle\" aria-hidden=\"true\"><\/i><span class=\"elementor-icon-list-text elementor-inline-editing\" data-elementor-setting-key=\"icon_list.0.text\"><b>Duraci\u00f3n de 1 a 2 horas aprox.<\/b><\/span><\/li>\n<li class=\"elementor-icon-list-item\"><i class=\"fas fa-circle\" aria-hidden=\"true\"><\/i><span class=\"elementor-icon-list-text elementor-inline-editing\" data-elementor-setting-key=\"icon_list.1.text\">Te explicare que es el SEO<\/span><\/li>\n<li class=\"elementor-icon-list-item\"><i class=\"fas fa-circle\" aria-hidden=\"true\"><\/i><span class=\"elementor-icon-list-text elementor-inline-editing\" data-elementor-setting-key=\"icon_list.2.text\">La elecci\u00f3n adecuada de un servidor<\/span><\/li>\n<li class=\"elementor-icon-list-item\"><i class=\"fas fa-circle\" aria-hidden=\"true\"><\/i><span class=\"elementor-icon-list-text elementor-inline-editing\" data-elementor-setting-key=\"icon_list.3.text\">La elecci\u00f3n adecuada de un dominio<\/span><\/li>\n<li class=\"elementor-icon-list-item\"><i class=\"fas fa-circle\" aria-hidden=\"true\"><\/i><span class=\"elementor-icon-list-text elementor-inline-editing\" data-elementor-setting-key=\"icon_list.4.text\">Que son los back links<\/span><\/li>\n<li class=\"elementor-icon-list-item\"><i class=\"fas fa-circle\" aria-hidden=\"true\"><\/i><span class=\"elementor-icon-list-text elementor-inline-editing\" data-elementor-setting-key=\"icon_list.5.text\">Como funcionan las key words<\/span><\/li>\n<li class=\"elementor-icon-list-item\"><i class=\"fas fa-circle\" aria-hidden=\"true\"><\/i><span class=\"elementor-icon-list-text elementor-inline-editing\" data-elementor-setting-key=\"icon_list.6.text\">Contenido y valor en tu web<\/span><\/li>\n<\/ul>\n<\/div>\n<\/div>\n<\/div>\n<\/div>\n<\/div>\n<\/div>\n<div>\n<div class=\"oajrlxb2 gs1a9yip g5ia77u1 mtkw9kbi tlpljxtp qensuy8j ppp5ayq2 goun2846 ccm00jje s44p3ltw mk2mc5f4 rt8b4zig n8ej3o3l agehan2d sk4xxmp2 rq0escxv nhd2j8a9 mg4g778l pfnyh3mw p7hjln8o kvgmc6g5 cxmmr5t8 oygrvhab hcukyx3x tgvbjcpo hpfvmrgz jb3vyjys rz4wbd8a qt6c0cv9 a8nywdso l9j0dhe7 i1ao9s8h esuyzwwr f1sip0of du4w35lb n00je7tq arfg74bv qs9ysxi8 k77z8yql btwxx1t3 abiwlrkh p8dawk7l j83agx80 lzcic4wl\" tabindex=\"0\" role=\"button\" aria-expanded=\"false\" aria-haspopup=\"menu\" aria-label=\"M\u00e1s\">\n<div class=\"hcukyx3x cxmmr5t8 b73ngqbp rgmg9uty j83agx80 s45kfl79 emlxlaya bkmhp75w spb7xbtv pfnyh3mw n5ue3fu6 bp9cbjyn taijpn5t oqcyycmt nhd2j8a9 opvtebq1 l9j0dhe7\">\n<div class=\"p1ueia1e pgctjfs5 l8rlqa9s sh06z9xi i2p6rm4e\"><\/div>\n<\/div>\n<\/div>\n<\/div>\n<\/div>\n<\/div>\n<\/div>\n<\/div>\n<div class=\"ns4p8fja j83agx80 cbu4d94t a6sixzi8 bkfpd7mw d2edcug0 buofh1pr nred35xi\" role=\"none\"><\/div>\n<\/div>\n<\/div>\n<\/div>\n","protected":false},"excerpt":{"rendered":"<ul class=\"elementor-icon-list-items\">\n<li class=\"elementor-icon-list-item\"><span class=\"elementor-icon-list-text elementor-inline-editing\" data-elementor-setting-key=\"icon_list.0.text\"><b>Duraci\u00f3n de 1 a 2 horas aprox.<\/b><\/span><\/li>\n<li class=\"elementor-icon-list-item\"><i class=\"fas fa-circle\" aria-hidden=\"true\"><\/i><span class=\"elementor-icon-list-text elementor-inline-editing\" data-elementor-setting-key=\"icon_list.1.text\">Te explicare que es el SEO<\/span><\/li>\n<li class=\"elementor-icon-list-item\"><i class=\"fas fa-circle\" aria-hidden=\"true\"><\/i><span class=\"elementor-icon-list-text elementor-inline-editing\" data-elementor-setting-key=\"icon_list.2.text\">La elecci\u00f3n adecuada de un servidor<\/span><\/li>\n<li class=\"elementor-icon-list-item\"><i class=\"fas fa-circle\" aria-hidden=\"true\"><\/i><span class=\"elementor-icon-list-text elementor-inline-editing\" data-elementor-setting-key=\"icon_list.3.text\">La elecci\u00f3n adecuada de un dominio<\/span><\/li>\n<li class=\"elementor-icon-list-item\"><i class=\"fas fa-circle\" aria-hidden=\"true\"><\/i><span class=\"elementor-icon-list-text elementor-inline-editing\" data-elementor-setting-key=\"icon_list.4.text\">Que son los back links<\/span><\/li>\n<li class=\"elementor-icon-list-item\"><i class=\"fas fa-circle\" aria-hidden=\"true\"><\/i><span class=\"elementor-icon-list-text elementor-inline-editing\" data-elementor-setting-key=\"icon_list.5.text\">Como funcionan las key words<\/span><\/li>\n<li class=\"elementor-icon-list-item\"><i class=\"fas fa-circle\" aria-hidden=\"true\"><\/i><span class=\"elementor-icon-list-text elementor-inline-editing\" data-elementor-setting-key=\"icon_list.6.text\">Contenido y valor en tu web<\/span><\/li>\n<\/ul>\n","protected":false},"featured_media":26521,"comment_status":"open","ping_status":"closed","template":"","meta":{"site-sidebar-layout":"default","site-content-layout":"default","ast-site-content-layout":"default","site-content-style":"default","site-sidebar-style":"default","ast-global-header-display":"","ast-banner-title-visibility":"","ast-main-header-display":"","ast-hfb-above-header-display":"","ast-hfb-below-header-display":"","ast-hfb-mobile-header-display":"","site-post-title":"","ast-breadcrumbs-content":"","ast-featured-img":"","footer-sml-layout":"","ast-disable-related-posts":"","theme-transparent-header-meta":"default","adv-header-id-meta":"","stick-header-meta":"default","header-above-stick-meta":"","header-main-stick-meta":"","header-below-stick-meta":"","astra-migrate-meta-layouts":"default","ast-page-background-enabled":"default","ast-page-background-meta":{"desktop":{"background-color":"","background-image":"","background-repeat":"repeat","background-position":"center center","background-size":"auto","background-attachment":"scroll","background-type":"","background-media":"","overlay-type":"","overlay-color":"","overlay-opacity":"","overlay-gradient":""},"tablet":{"background-color":"","background-image":"","background-repeat":"repeat","background-position":"center center","background-size":"auto","background-attachment":"scroll","background-type":"","background-media":"","overlay-type":"","overlay-color":"","overlay-opacity":"","overlay-gradient":""},"mobile":{"background-color":"","background-image":"","background-repeat":"repeat","background-position":"center center","background-size":"auto","background-attachment":"scroll","background-type":"","background-media":"","overlay-type":"","overlay-color":"","overlay-opacity":"","overlay-gradient":""}},"ast-content-background-meta":{"desktop":{"background-color":"var(--ast-global-color-5)","background-image":"","background-repeat":"repeat","background-position":"center center","background-size":"auto","background-attachment":"scroll","background-type":"","background-media":"","overlay-type":"","overlay-color":"","overlay-opacity":"","overlay-gradient":""},"tablet":{"background-color":"var(--ast-global-color-5)","background-image":"","background-repeat":"repeat","background-position":"center center","background-size":"auto","background-attachment":"scroll","background-type":"","background-media":"","overlay-type":"","overlay-color":"","overlay-opacity":"","overlay-gradient":""},"mobile":{"background-color":"var(--ast-global-color-5)","background-image":"","background-repeat":"repeat","background-position":"center center","background-size":"auto","background-attachment":"scroll","background-type":"","background-media":"","overlay-type":"","overlay-color":"","overlay-opacity":"","overlay-gradient":""}}},"product_brand":[],"product_cat":[266,235],"product_tag":[243,267,261,239,268,257,258],"class_list":{"0":"post-26491","1":"product","2":"type-product","3":"status-publish","4":"has-post-thumbnail","6":"product_cat-asesoria","7":"product_cat-servicios","8":"product_tag-ads","9":"product_tag-asesoria","10":"product_tag-branding","11":"product_tag-marketing","12":"product_tag-resolver-dudas","13":"product_tag-seo","14":"product_tag-web","15":"desktop-align-left","16":"tablet-align-left","17":"mobile-align-left","19":"first","20":"instock","21":"sale","22":"virtual","23":"purchasable","24":"product-type-simple"},"yoast_head":"<!-- This site is optimized with the Yoast SEO Premium plugin v25.3 (Yoast SEO v25.8) - https:\/\/yoast.com\/wordpress\/plugins\/seo\/ -->\n<title>Taller De Posicionamiento Web\u200b e E-Commerce - Academia digital de marketing digital | Master Academy<\/title>\n<meta name=\"robots\" content=\"index, follow, max-snippet:-1, max-image-preview:large, max-video-preview:-1\" \/>\n<link rel=\"canonical\" href=\"https:\/\/kioongo.com\/masteracademy\/tienda\/servicios\/asesoria\/taller-de-posicionamiento-web-e-e-commerce\/\" \/>\n<meta property=\"og:locale\" content=\"es_ES\" \/>\n<meta property=\"og:type\" content=\"article\" \/>\n<meta property=\"og:title\" content=\"Taller De Posicionamiento Web\u200b e E-Commerce\" \/>\n<meta property=\"og:description\" content=\"Duraci\u00f3n de 1 a 2 horas aprox.  Te explicare que es el SEO  La elecci\u00f3n adecuada de un servidor  La elecci\u00f3n adecuada de un dominio  Que son los back links  Como funcionan las key words  Contenido y valor en tu web\" \/>\n<meta property=\"og:url\" content=\"https:\/\/kioongo.com\/masteracademy\/tienda\/servicios\/asesoria\/taller-de-posicionamiento-web-e-e-commerce\/\" \/>\n<meta property=\"og:site_name\" content=\"Academia digital de marketing digital | Master Academy\" \/>\n<meta property=\"article:modified_time\" content=\"2023-12-28T21:23:52+00:00\" \/>\n<meta property=\"og:image\" content=\"https:\/\/kioongo.com\/masteracademy\/wp-content\/uploads\/2023\/12\/START-4.png\" \/>\n\t<meta property=\"og:image:width\" content=\"1080\" \/>\n\t<meta property=\"og:image:height\" content=\"1080\" \/>\n\t<meta property=\"og:image:type\" content=\"image\/png\" \/>\n<meta name=\"twitter:card\" content=\"summary_large_image\" \/>\n<meta name=\"twitter:label1\" content=\"Tiempo de lectura\" \/>\n\t<meta name=\"twitter:data1\" content=\"1 minuto\" \/>\n<script type=\"application\/ld+json\" class=\"yoast-schema-graph\">{\"@context\":\"https:\/\/schema.org\",\"@graph\":[{\"@type\":\"WebPage\",\"@id\":\"https:\/\/kioongo.com\/masteracademy\/tienda\/servicios\/asesoria\/taller-de-posicionamiento-web-e-e-commerce\/\",\"url\":\"https:\/\/kioongo.com\/masteracademy\/tienda\/servicios\/asesoria\/taller-de-posicionamiento-web-e-e-commerce\/\",\"name\":\"Taller De Posicionamiento Web\u200b e E-Commerce - Academia digital de marketing digital | Master Academy\",\"isPartOf\":{\"@id\":\"https:\/\/kioongo.com\/masteracademy\/#website\"},\"primaryImageOfPage\":{\"@id\":\"https:\/\/kioongo.com\/masteracademy\/tienda\/servicios\/asesoria\/taller-de-posicionamiento-web-e-e-commerce\/#primaryimage\"},\"image\":{\"@id\":\"https:\/\/kioongo.com\/masteracademy\/tienda\/servicios\/asesoria\/taller-de-posicionamiento-web-e-e-commerce\/#primaryimage\"},\"thumbnailUrl\":\"https:\/\/kioongo.com\/masteracademy\/wp-content\/uploads\/2023\/12\/START-4.png\",\"datePublished\":\"2023-12-28T21:22:06+00:00\",\"dateModified\":\"2023-12-28T21:23:52+00:00\",\"breadcrumb\":{\"@id\":\"https:\/\/kioongo.com\/masteracademy\/tienda\/servicios\/asesoria\/taller-de-posicionamiento-web-e-e-commerce\/#breadcrumb\"},\"inLanguage\":\"es\",\"potentialAction\":[{\"@type\":\"ReadAction\",\"target\":[\"https:\/\/kioongo.com\/masteracademy\/tienda\/servicios\/asesoria\/taller-de-posicionamiento-web-e-e-commerce\/\"]}]},{\"@type\":\"ImageObject\",\"inLanguage\":\"es\",\"@id\":\"https:\/\/kioongo.com\/masteracademy\/tienda\/servicios\/asesoria\/taller-de-posicionamiento-web-e-e-commerce\/#primaryimage\",\"url\":\"https:\/\/kioongo.com\/masteracademy\/wp-content\/uploads\/2023\/12\/START-4.png\",\"contentUrl\":\"https:\/\/kioongo.com\/masteracademy\/wp-content\/uploads\/2023\/12\/START-4.png\",\"width\":1080,\"height\":1080},{\"@type\":\"BreadcrumbList\",\"@id\":\"https:\/\/kioongo.com\/masteracademy\/tienda\/servicios\/asesoria\/taller-de-posicionamiento-web-e-e-commerce\/#breadcrumb\",\"itemListElement\":[{\"@type\":\"ListItem\",\"position\":1,\"name\":\"Home\",\"item\":\"https:\/\/kioongo.com\/masteracademy\/\"},{\"@type\":\"ListItem\",\"position\":2,\"name\":\"Tienda\",\"item\":\"https:\/\/kioongo.com\/masteracademy\/tienda\/\"},{\"@type\":\"ListItem\",\"position\":3,\"name\":\"Taller De Posicionamiento Web\u200b e E-Commerce\"}]},{\"@type\":\"WebSite\",\"@id\":\"https:\/\/kioongo.com\/masteracademy\/#website\",\"url\":\"https:\/\/kioongo.com\/masteracademy\/\",\"name\":\"Academia digital de marketing digital | Master Academy\",\"description\":\"Aprender marketing digital nunca fue tan f\u00e1cil\",\"publisher\":{\"@id\":\"https:\/\/kioongo.com\/masteracademy\/#organization\"},\"potentialAction\":[{\"@type\":\"SearchAction\",\"target\":{\"@type\":\"EntryPoint\",\"urlTemplate\":\"https:\/\/kioongo.com\/masteracademy\/?s={search_term_string}\"},\"query-input\":{\"@type\":\"PropertyValueSpecification\",\"valueRequired\":true,\"valueName\":\"search_term_string\"}}],\"inLanguage\":\"es\"},{\"@type\":\"Organization\",\"@id\":\"https:\/\/kioongo.com\/masteracademy\/#organization\",\"name\":\"Academia digital de marketing digital | Master Academy\",\"url\":\"https:\/\/kioongo.com\/masteracademy\/\",\"logo\":{\"@type\":\"ImageObject\",\"inLanguage\":\"es\",\"@id\":\"https:\/\/kioongo.com\/masteracademy\/#\/schema\/logo\/image\/\",\"url\":\"https:\/\/kioongo.com\/masteracademy\/wp-content\/uploads\/2023\/10\/logo-master-academy-bn.png\",\"contentUrl\":\"https:\/\/kioongo.com\/masteracademy\/wp-content\/uploads\/2023\/10\/logo-master-academy-bn.png\",\"width\":244,\"height\":119,\"caption\":\"Academia digital de marketing digital | Master Academy\"},\"image\":{\"@id\":\"https:\/\/kioongo.com\/masteracademy\/#\/schema\/logo\/image\/\"}}]}<\/script>\n<!-- \/ Yoast SEO Premium plugin. -->","yoast_head_json":{"title":"Taller De Posicionamiento Web\u200b e E-Commerce - Academia digital de marketing digital | Master Academy","robots":{"index":"index","follow":"follow","max-snippet":"max-snippet:-1","max-image-preview":"max-image-preview:large","max-video-preview":"max-video-preview:-1"},"canonical":"https:\/\/kioongo.com\/masteracademy\/tienda\/servicios\/asesoria\/taller-de-posicionamiento-web-e-e-commerce\/","og_locale":"es_ES","og_type":"article","og_title":"Taller De Posicionamiento Web\u200b e E-Commerce","og_description":"Duraci\u00f3n de 1 a 2 horas aprox.  Te explicare que es el SEO  La elecci\u00f3n adecuada de un servidor  La elecci\u00f3n adecuada de un dominio  Que son los back links  Como funcionan las key words  Contenido y valor en tu web","og_url":"https:\/\/kioongo.com\/masteracademy\/tienda\/servicios\/asesoria\/taller-de-posicionamiento-web-e-e-commerce\/","og_site_name":"Academia digital de marketing digital | Master Academy","article_modified_time":"2023-12-28T21:23:52+00:00","og_image":[{"width":1080,"height":1080,"url":"https:\/\/kioongo.com\/masteracademy\/wp-content\/uploads\/2023\/12\/START-4.png","type":"image\/png"}],"twitter_card":"summary_large_image","twitter_misc":{"Tiempo de lectura":"1 minuto"},"schema":{"@context":"https:\/\/schema.org","@graph":[{"@type":"WebPage","@id":"https:\/\/kioongo.com\/masteracademy\/tienda\/servicios\/asesoria\/taller-de-posicionamiento-web-e-e-commerce\/","url":"https:\/\/kioongo.com\/masteracademy\/tienda\/servicios\/asesoria\/taller-de-posicionamiento-web-e-e-commerce\/","name":"Taller De Posicionamiento Web\u200b e E-Commerce - Academia digital de marketing digital | Master Academy","isPartOf":{"@id":"https:\/\/kioongo.com\/masteracademy\/#website"},"primaryImageOfPage":{"@id":"https:\/\/kioongo.com\/masteracademy\/tienda\/servicios\/asesoria\/taller-de-posicionamiento-web-e-e-commerce\/#primaryimage"},"image":{"@id":"https:\/\/kioongo.com\/masteracademy\/tienda\/servicios\/asesoria\/taller-de-posicionamiento-web-e-e-commerce\/#primaryimage"},"thumbnailUrl":"https:\/\/kioongo.com\/masteracademy\/wp-content\/uploads\/2023\/12\/START-4.png","datePublished":"2023-12-28T21:22:06+00:00","dateModified":"2023-12-28T21:23:52+00:00","breadcrumb":{"@id":"https:\/\/kioongo.com\/masteracademy\/tienda\/servicios\/asesoria\/taller-de-posicionamiento-web-e-e-commerce\/#breadcrumb"},"inLanguage":"es","potentialAction":[{"@type":"ReadAction","target":["https:\/\/kioongo.com\/masteracademy\/tienda\/servicios\/asesoria\/taller-de-posicionamiento-web-e-e-commerce\/"]}]},{"@type":"ImageObject","inLanguage":"es","@id":"https:\/\/kioongo.com\/masteracademy\/tienda\/servicios\/asesoria\/taller-de-posicionamiento-web-e-e-commerce\/#primaryimage","url":"https:\/\/kioongo.com\/masteracademy\/wp-content\/uploads\/2023\/12\/START-4.png","contentUrl":"https:\/\/kioongo.com\/masteracademy\/wp-content\/uploads\/2023\/12\/START-4.png","width":1080,"height":1080},{"@type":"BreadcrumbList","@id":"https:\/\/kioongo.com\/masteracademy\/tienda\/servicios\/asesoria\/taller-de-posicionamiento-web-e-e-commerce\/#breadcrumb","itemListElement":[{"@type":"ListItem","position":1,"name":"Home","item":"https:\/\/kioongo.com\/masteracademy\/"},{"@type":"ListItem","position":2,"name":"Tienda","item":"https:\/\/kioongo.com\/masteracademy\/tienda\/"},{"@type":"ListItem","position":3,"name":"Taller De Posicionamiento Web\u200b e E-Commerce"}]},{"@type":"WebSite","@id":"https:\/\/kioongo.com\/masteracademy\/#website","url":"https:\/\/kioongo.com\/masteracademy\/","name":"Academia digital de marketing digital | Master Academy","description":"Aprender marketing digital nunca fue tan f\u00e1cil","publisher":{"@id":"https:\/\/kioongo.com\/masteracademy\/#organization"},"potentialAction":[{"@type":"SearchAction","target":{"@type":"EntryPoint","urlTemplate":"https:\/\/kioongo.com\/masteracademy\/?s={search_term_string}"},"query-input":{"@type":"PropertyValueSpecification","valueRequired":true,"valueName":"search_term_string"}}],"inLanguage":"es"},{"@type":"Organization","@id":"https:\/\/kioongo.com\/masteracademy\/#organization","name":"Academia digital de marketing digital | Master Academy","url":"https:\/\/kioongo.com\/masteracademy\/","logo":{"@type":"ImageObject","inLanguage":"es","@id":"https:\/\/kioongo.com\/masteracademy\/#\/schema\/logo\/image\/","url":"https:\/\/kioongo.com\/masteracademy\/wp-content\/uploads\/2023\/10\/logo-master-academy-bn.png","contentUrl":"https:\/\/kioongo.com\/masteracademy\/wp-content\/uploads\/2023\/10\/logo-master-academy-bn.png","width":244,"height":119,"caption":"Academia digital de marketing digital | Master Academy"},"image":{"@id":"https:\/\/kioongo.com\/masteracademy\/#\/schema\/logo\/image\/"}}]}},"_links":{"self":[{"href":"https:\/\/kioongo.com\/masteracademy\/wp-json\/wp\/v2\/product\/26491","targetHints":{"allow":["GET"]}}],"collection":[{"href":"https:\/\/kioongo.com\/masteracademy\/wp-json\/wp\/v2\/product"}],"about":[{"href":"https:\/\/kioongo.com\/masteracademy\/wp-json\/wp\/v2\/types\/product"}],"replies":[{"embeddable":true,"href":"https:\/\/kioongo.com\/masteracademy\/wp-json\/wp\/v2\/comments?post=26491"}],"version-history":[{"count":1,"href":"https:\/\/kioongo.com\/masteracademy\/wp-json\/wp\/v2\/product\/26491\/revisions"}],"predecessor-version":[{"id":26522,"href":"https:\/\/kioongo.com\/masteracademy\/wp-json\/wp\/v2\/product\/26491\/revisions\/26522"}],"wp:featuredmedia":[{"embeddable":true,"href":"https:\/\/kioongo.com\/masteracademy\/wp-json\/wp\/v2\/media\/26521"}],"wp:attachment":[{"href":"https:\/\/kioongo.com\/masteracademy\/wp-json\/wp\/v2\/media?parent=26491"}],"wp:term":[{"taxonomy":"product_brand","embeddable":true,"href":"https:\/\/kioongo.com\/masteracademy\/wp-json\/wp\/v2\/product_brand?post=26491"},{"taxonomy":"product_cat","embeddable":true,"href":"https:\/\/kioongo.com\/masteracademy\/wp-json\/wp\/v2\/product_cat?post=26491"},{"taxonomy":"product_tag","embeddable":true,"href":"https:\/\/kioongo.com\/masteracademy\/wp-json\/wp\/v2\/product_tag?post=26491"}],"curies":[{"name":"wp","href":"https:\/\/api.w.org\/{rel}","templated":true}]}}