{"id":26494,"date":"2023-12-28T15:22:06","date_gmt":"2023-12-28T21:22:06","guid":{"rendered":"https:\/\/kioongo.com\/masteracademy\/?post_type=product&#038;p=26494"},"modified":"2023-12-28T15:24:27","modified_gmt":"2023-12-28T21:24:27","slug":"taller-de-posicionamiento-geografico-local-con-google-mb","status":"publish","type":"product","link":"https:\/\/kioongo.com\/masteracademy\/tienda\/servicios\/talleres\/taller-de-posicionamiento-geografico-local-con-google-mb\/","title":{"rendered":"Taller De Posicionamiento Geogr\u00e1fico Local Con Google MB\u200b"},"content":{"rendered":"<div id=\"\" class=\"elementor-element elementor-element-edit-mode elementor-element-7eef316 elementor-element--toggle-edit-tools elementor-widget elementor-widget-heading\" data-id=\"7eef316\" data-element_type=\"widget\" data-model-cid=\"c69\" data-widget_type=\"heading.default\">\n<div class=\"elementor-widget-container\">\n<h1 class=\"elementor-heading-title elementor-size-default elementor-inline-editing\" data-elementor-setting-key=\"title\">Taller De\u00a0<b>Posicionamiento Geogr\u00e1fico Local\u00a0<\/b>Con Google MB<\/h1>\n<\/div>\n<\/div>\n<div id=\"\" class=\"elementor-element elementor-element-edit-mode elementor-element-46d4fa80 elementor-element--toggle-edit-tools elementor-widget elementor-widget-heading\" data-id=\"46d4fa80\" data-element_type=\"widget\" data-model-cid=\"c72\" data-widget_type=\"heading.default\">\n<div class=\"elementor-widget-container\">\n<h2 class=\"elementor-heading-title elementor-size-default elementor-inline-editing\" data-elementor-setting-key=\"title\">En Que Consiste?<\/h2>\n<\/div>\n<\/div>\n<div id=\"\" class=\"elementor-element elementor-element-edit-mode elementor-element-3c4512c elementor-element--toggle-edit-tools elementor-widget elementor-widget-text-editor\" data-id=\"3c4512c\" data-element_type=\"widget\" data-model-cid=\"c75\" data-widget_type=\"text-editor.default\">\n<div class=\"elementor-widget-container\">\n<div class=\"elementor-text-editor elementor-clearfix elementor-inline-editing\" data-elementor-setting-key=\"editor\" data-elementor-inline-editing-toolbar=\"advanced\">\n<p><b>Un taller Grupal<\/b><strong>\u00a0<\/strong>o 1 a 1\u00a0<b>Online\u00a0<\/b>o presencial en donde te ense\u00f1ar\u00e9 a: Generar Anuncios b\u00e1sicos\u00a0 y posicionarte en el mapa en\u00a0<b>Google MB desde 0<\/b><\/p>\n<\/div>\n<\/div>\n<\/div>\n<div id=\"\" class=\"elementor-element elementor-element-edit-mode elementor-element-220c923e elementor-element--toggle-edit-tools elementor-widget elementor-widget-icon-list elementor-icon-list--layout-traditional elementor-list-item-link-full_width\" data-id=\"220c923e\" data-element_type=\"widget\" data-model-cid=\"c78\" data-widget_type=\"icon-list.default\">\n<div class=\"elementor-widget-container\">\n<ul class=\"elementor-icon-list-items\">\n<li class=\"elementor-icon-list-item\"><i class=\"fas fa-circle\" aria-hidden=\"true\"><\/i><span class=\"elementor-icon-list-text elementor-inline-editing\" data-elementor-setting-key=\"icon_list.0.text\"><b>Duraci\u00f3n de 1 a 2 horas aprox.<\/b><\/span><\/li>\n<li class=\"elementor-icon-list-item\"><i class=\"fas fa-circle\" aria-hidden=\"true\"><\/i><span class=\"elementor-icon-list-text elementor-inline-editing\" data-elementor-setting-key=\"icon_list.1.text\">Crear una cuenta de Google Mb<\/span><\/li>\n<li class=\"elementor-icon-list-item\"><i class=\"fas fa-circle\" aria-hidden=\"true\"><\/i><span class=\"elementor-icon-list-text elementor-inline-editing\" data-elementor-setting-key=\"icon_list.2.text\">Te explicare cuales son los beneficios de posicionarte en el mapa<\/span><\/li>\n<li class=\"elementor-icon-list-item\"><i class=\"fas fa-circle\" aria-hidden=\"true\"><\/i><span class=\"elementor-icon-list-text elementor-inline-editing\" data-elementor-setting-key=\"icon_list.3.text\">Como segmentar, publicar contenido<\/span><\/li>\n<li class=\"elementor-icon-list-item\"><i class=\"fas fa-circle\" aria-hidden=\"true\"><\/i><span class=\"elementor-icon-list-text elementor-inline-editing\" data-elementor-setting-key=\"icon_list.4.text\">Crear un Google site<\/span><\/li>\n<li class=\"elementor-icon-list-item\"><i class=\"fas fa-circle\" aria-hidden=\"true\"><\/i><span class=\"elementor-icon-list-text elementor-inline-editing\" data-elementor-setting-key=\"icon_list.5.text\">Optimizar con palabras clave<\/span><\/li>\n<li class=\"elementor-icon-list-item\"><i class=\"fas fa-circle\" aria-hidden=\"true\"><\/i><span class=\"elementor-icon-list-text elementor-inline-editing\" data-elementor-setting-key=\"icon_list.6.text\">Medir la eficiencia y Resultados<\/span><\/li>\n<\/ul>\n<\/div>\n<\/div>\n","protected":false},"excerpt":{"rendered":"<p><span class=\"elementor-icon-list-text elementor-inline-editing\" data-elementor-setting-key=\"icon_list.0.text\"><b>Duraci\u00f3n de 1 a 2 horas aprox.<\/b><\/span><\/p>\n<ul class=\"elementor-icon-list-items\">\n<li class=\"elementor-icon-list-item\"><i class=\"fas fa-circle\" aria-hidden=\"true\"><\/i><span class=\"elementor-icon-list-text elementor-inline-editing\" data-elementor-setting-key=\"icon_list.1.text\">Crear una cuenta de Google Mb<\/span><\/li>\n<li class=\"elementor-icon-list-item\"><i class=\"fas fa-circle\" aria-hidden=\"true\"><\/i><span class=\"elementor-icon-list-text elementor-inline-editing\" data-elementor-setting-key=\"icon_list.2.text\">Te explicare cuales son los beneficios de posicionarte en el mapa<\/span><\/li>\n<li class=\"elementor-icon-list-item\"><i class=\"fas fa-circle\" aria-hidden=\"true\"><\/i><span class=\"elementor-icon-list-text elementor-inline-editing\" data-elementor-setting-key=\"icon_list.3.text\">Como segmentar, publicar contenido<\/span><\/li>\n<li class=\"elementor-icon-list-item\"><i class=\"fas fa-circle\" aria-hidden=\"true\"><\/i><span class=\"elementor-icon-list-text elementor-inline-editing\" data-elementor-setting-key=\"icon_list.4.text\">Crear un Google site<\/span><\/li>\n<li class=\"elementor-icon-list-item\"><i class=\"fas fa-circle\" aria-hidden=\"true\"><\/i><span class=\"elementor-icon-list-text elementor-inline-editing\" data-elementor-setting-key=\"icon_list.5.text\">Optimizar con palabras clave<\/span><\/li>\n<li class=\"elementor-icon-list-item\"><i class=\"fas fa-circle\" aria-hidden=\"true\"><\/i><span class=\"elementor-icon-list-text elementor-inline-editing\" data-elementor-setting-key=\"icon_list.6.text\">Medir la eficiencia y Resultados<\/span><\/li>\n<\/ul>\n","protected":false},"featured_media":26527,"comment_status":"open","ping_status":"closed","template":"","meta":{"site-sidebar-layout":"default","site-content-layout":"default","ast-site-content-layout":"default","site-content-style":"default","site-sidebar-style":"default","ast-global-header-display":"","ast-banner-title-visibility":"","ast-main-header-display":"","ast-hfb-above-header-display":"","ast-hfb-below-header-display":"","ast-hfb-mobile-header-display":"","site-post-title":"","ast-breadcrumbs-content":"","ast-featured-img":"","footer-sml-layout":"","ast-disable-related-posts":"","theme-transparent-header-meta":"default","adv-header-id-meta":"","stick-header-meta":"default","header-above-stick-meta":"","header-main-stick-meta":"","header-below-stick-meta":"","astra-migrate-meta-layouts":"default","ast-page-background-enabled":"default","ast-page-background-meta":{"desktop":{"background-color":"","background-image":"","background-repeat":"repeat","background-position":"center center","background-size":"auto","background-attachment":"scroll","background-type":"","background-media":"","overlay-type":"","overlay-color":"","overlay-opacity":"","overlay-gradient":""},"tablet":{"background-color":"","background-image":"","background-repeat":"repeat","background-position":"center center","background-size":"auto","background-attachment":"scroll","background-type":"","background-media":"","overlay-type":"","overlay-color":"","overlay-opacity":"","overlay-gradient":""},"mobile":{"background-color":"","background-image":"","background-repeat":"repeat","background-position":"center center","background-size":"auto","background-attachment":"scroll","background-type":"","background-media":"","overlay-type":"","overlay-color":"","overlay-opacity":"","overlay-gradient":""}},"ast-content-background-meta":{"desktop":{"background-color":"var(--ast-global-color-5)","background-image":"","background-repeat":"repeat","background-position":"center center","background-size":"auto","background-attachment":"scroll","background-type":"","background-media":"","overlay-type":"","overlay-color":"","overlay-opacity":"","overlay-gradient":""},"tablet":{"background-color":"var(--ast-global-color-5)","background-image":"","background-repeat":"repeat","background-position":"center center","background-size":"auto","background-attachment":"scroll","background-type":"","background-media":"","overlay-type":"","overlay-color":"","overlay-opacity":"","overlay-gradient":""},"mobile":{"background-color":"var(--ast-global-color-5)","background-image":"","background-repeat":"repeat","background-position":"center center","background-size":"auto","background-attachment":"scroll","background-type":"","background-media":"","overlay-type":"","overlay-color":"","overlay-opacity":"","overlay-gradient":""}}},"product_brand":[],"product_cat":[235,269],"product_tag":[273,274],"class_list":{"0":"post-26494","1":"product","2":"type-product","3":"status-publish","4":"has-post-thumbnail","6":"product_cat-servicios","7":"product_cat-talleres","8":"product_tag-taller-de-posicionamiento-geografico-local","9":"product_tag-taller-de-posicionamiento-geografico-local-con-google-mb","10":"desktop-align-left","11":"tablet-align-left","12":"mobile-align-left","14":"first","15":"instock","16":"sale","17":"virtual","18":"purchasable","19":"product-type-simple"},"yoast_head":"<!-- This site is optimized with the Yoast SEO Premium plugin v25.3 (Yoast SEO v25.8) - https:\/\/yoast.com\/wordpress\/plugins\/seo\/ -->\n<title>Taller De Posicionamiento Geogr\u00e1fico Local Con Google MB\u200b - Academia digital de marketing digital | Master Academy<\/title>\n<meta name=\"robots\" content=\"index, follow, max-snippet:-1, max-image-preview:large, max-video-preview:-1\" \/>\n<link rel=\"canonical\" href=\"https:\/\/kioongo.com\/masteracademy\/tienda\/servicios\/talleres\/taller-de-posicionamiento-geografico-local-con-google-mb\/\" \/>\n<meta property=\"og:locale\" content=\"es_ES\" \/>\n<meta property=\"og:type\" content=\"article\" \/>\n<meta property=\"og:title\" content=\"Taller De Posicionamiento Geogr\u00e1fico Local Con Google MB\u200b\" \/>\n<meta property=\"og:description\" content=\"Duraci\u00f3n de 1 a 2 horas aprox.   Crear una cuenta de Google Mb  Te explicare cuales son los beneficios de posicionarte en el mapa  Como segmentar, publicar contenido  Crear un Google site  Optimizar con palabras clave  Medir la eficiencia y Resultados\" \/>\n<meta property=\"og:url\" content=\"https:\/\/kioongo.com\/masteracademy\/tienda\/servicios\/talleres\/taller-de-posicionamiento-geografico-local-con-google-mb\/\" \/>\n<meta property=\"og:site_name\" content=\"Academia digital de marketing digital | Master Academy\" \/>\n<meta property=\"article:modified_time\" content=\"2023-12-28T21:24:27+00:00\" \/>\n<meta property=\"og:image\" content=\"https:\/\/kioongo.com\/masteracademy\/wp-content\/uploads\/2023\/12\/START-1-1.png\" \/>\n\t<meta property=\"og:image:width\" content=\"1080\" \/>\n\t<meta property=\"og:image:height\" content=\"1080\" \/>\n\t<meta property=\"og:image:type\" content=\"image\/png\" \/>\n<meta name=\"twitter:card\" content=\"summary_large_image\" \/>\n<meta name=\"twitter:label1\" content=\"Tiempo de lectura\" \/>\n\t<meta name=\"twitter:data1\" content=\"1 minuto\" \/>\n<script type=\"application\/ld+json\" class=\"yoast-schema-graph\">{\"@context\":\"https:\/\/schema.org\",\"@graph\":[{\"@type\":\"WebPage\",\"@id\":\"https:\/\/kioongo.com\/masteracademy\/tienda\/servicios\/talleres\/taller-de-posicionamiento-geografico-local-con-google-mb\/\",\"url\":\"https:\/\/kioongo.com\/masteracademy\/tienda\/servicios\/talleres\/taller-de-posicionamiento-geografico-local-con-google-mb\/\",\"name\":\"Taller De Posicionamiento Geogr\u00e1fico Local Con Google MB\u200b - Academia digital de marketing digital | Master Academy\",\"isPartOf\":{\"@id\":\"https:\/\/kioongo.com\/masteracademy\/#website\"},\"primaryImageOfPage\":{\"@id\":\"https:\/\/kioongo.com\/masteracademy\/tienda\/servicios\/talleres\/taller-de-posicionamiento-geografico-local-con-google-mb\/#primaryimage\"},\"image\":{\"@id\":\"https:\/\/kioongo.com\/masteracademy\/tienda\/servicios\/talleres\/taller-de-posicionamiento-geografico-local-con-google-mb\/#primaryimage\"},\"thumbnailUrl\":\"https:\/\/kioongo.com\/masteracademy\/wp-content\/uploads\/2023\/12\/START-1-1.png\",\"datePublished\":\"2023-12-28T21:22:06+00:00\",\"dateModified\":\"2023-12-28T21:24:27+00:00\",\"breadcrumb\":{\"@id\":\"https:\/\/kioongo.com\/masteracademy\/tienda\/servicios\/talleres\/taller-de-posicionamiento-geografico-local-con-google-mb\/#breadcrumb\"},\"inLanguage\":\"es\",\"potentialAction\":[{\"@type\":\"ReadAction\",\"target\":[\"https:\/\/kioongo.com\/masteracademy\/tienda\/servicios\/talleres\/taller-de-posicionamiento-geografico-local-con-google-mb\/\"]}]},{\"@type\":\"ImageObject\",\"inLanguage\":\"es\",\"@id\":\"https:\/\/kioongo.com\/masteracademy\/tienda\/servicios\/talleres\/taller-de-posicionamiento-geografico-local-con-google-mb\/#primaryimage\",\"url\":\"https:\/\/kioongo.com\/masteracademy\/wp-content\/uploads\/2023\/12\/START-1-1.png\",\"contentUrl\":\"https:\/\/kioongo.com\/masteracademy\/wp-content\/uploads\/2023\/12\/START-1-1.png\",\"width\":1080,\"height\":1080},{\"@type\":\"BreadcrumbList\",\"@id\":\"https:\/\/kioongo.com\/masteracademy\/tienda\/servicios\/talleres\/taller-de-posicionamiento-geografico-local-con-google-mb\/#breadcrumb\",\"itemListElement\":[{\"@type\":\"ListItem\",\"position\":1,\"name\":\"Home\",\"item\":\"https:\/\/kioongo.com\/masteracademy\/\"},{\"@type\":\"ListItem\",\"position\":2,\"name\":\"Tienda\",\"item\":\"https:\/\/kioongo.com\/masteracademy\/tienda\/\"},{\"@type\":\"ListItem\",\"position\":3,\"name\":\"Taller De Posicionamiento Geogr\u00e1fico Local Con Google MB\u200b\"}]},{\"@type\":\"WebSite\",\"@id\":\"https:\/\/kioongo.com\/masteracademy\/#website\",\"url\":\"https:\/\/kioongo.com\/masteracademy\/\",\"name\":\"Academia digital de marketing digital | Master Academy\",\"description\":\"Aprender marketing digital nunca fue tan f\u00e1cil\",\"publisher\":{\"@id\":\"https:\/\/kioongo.com\/masteracademy\/#organization\"},\"potentialAction\":[{\"@type\":\"SearchAction\",\"target\":{\"@type\":\"EntryPoint\",\"urlTemplate\":\"https:\/\/kioongo.com\/masteracademy\/?s={search_term_string}\"},\"query-input\":{\"@type\":\"PropertyValueSpecification\",\"valueRequired\":true,\"valueName\":\"search_term_string\"}}],\"inLanguage\":\"es\"},{\"@type\":\"Organization\",\"@id\":\"https:\/\/kioongo.com\/masteracademy\/#organization\",\"name\":\"Academia digital de marketing digital | Master Academy\",\"url\":\"https:\/\/kioongo.com\/masteracademy\/\",\"logo\":{\"@type\":\"ImageObject\",\"inLanguage\":\"es\",\"@id\":\"https:\/\/kioongo.com\/masteracademy\/#\/schema\/logo\/image\/\",\"url\":\"https:\/\/kioongo.com\/masteracademy\/wp-content\/uploads\/2023\/10\/logo-master-academy-bn.png\",\"contentUrl\":\"https:\/\/kioongo.com\/masteracademy\/wp-content\/uploads\/2023\/10\/logo-master-academy-bn.png\",\"width\":244,\"height\":119,\"caption\":\"Academia digital de marketing digital | Master Academy\"},\"image\":{\"@id\":\"https:\/\/kioongo.com\/masteracademy\/#\/schema\/logo\/image\/\"}}]}<\/script>\n<!-- \/ Yoast SEO Premium plugin. -->","yoast_head_json":{"title":"Taller De Posicionamiento Geogr\u00e1fico Local Con Google MB\u200b - Academia digital de marketing digital | Master Academy","robots":{"index":"index","follow":"follow","max-snippet":"max-snippet:-1","max-image-preview":"max-image-preview:large","max-video-preview":"max-video-preview:-1"},"canonical":"https:\/\/kioongo.com\/masteracademy\/tienda\/servicios\/talleres\/taller-de-posicionamiento-geografico-local-con-google-mb\/","og_locale":"es_ES","og_type":"article","og_title":"Taller De Posicionamiento Geogr\u00e1fico Local Con Google MB\u200b","og_description":"Duraci\u00f3n de 1 a 2 horas aprox.   Crear una cuenta de Google Mb  Te explicare cuales son los beneficios de posicionarte en el mapa  Como segmentar, publicar contenido  Crear un Google site  Optimizar con palabras clave  Medir la eficiencia y Resultados","og_url":"https:\/\/kioongo.com\/masteracademy\/tienda\/servicios\/talleres\/taller-de-posicionamiento-geografico-local-con-google-mb\/","og_site_name":"Academia digital de marketing digital | Master Academy","article_modified_time":"2023-12-28T21:24:27+00:00","og_image":[{"width":1080,"height":1080,"url":"https:\/\/kioongo.com\/masteracademy\/wp-content\/uploads\/2023\/12\/START-1-1.png","type":"image\/png"}],"twitter_card":"summary_large_image","twitter_misc":{"Tiempo de lectura":"1 minuto"},"schema":{"@context":"https:\/\/schema.org","@graph":[{"@type":"WebPage","@id":"https:\/\/kioongo.com\/masteracademy\/tienda\/servicios\/talleres\/taller-de-posicionamiento-geografico-local-con-google-mb\/","url":"https:\/\/kioongo.com\/masteracademy\/tienda\/servicios\/talleres\/taller-de-posicionamiento-geografico-local-con-google-mb\/","name":"Taller De Posicionamiento Geogr\u00e1fico Local Con Google MB\u200b - Academia digital de marketing digital | Master Academy","isPartOf":{"@id":"https:\/\/kioongo.com\/masteracademy\/#website"},"primaryImageOfPage":{"@id":"https:\/\/kioongo.com\/masteracademy\/tienda\/servicios\/talleres\/taller-de-posicionamiento-geografico-local-con-google-mb\/#primaryimage"},"image":{"@id":"https:\/\/kioongo.com\/masteracademy\/tienda\/servicios\/talleres\/taller-de-posicionamiento-geografico-local-con-google-mb\/#primaryimage"},"thumbnailUrl":"https:\/\/kioongo.com\/masteracademy\/wp-content\/uploads\/2023\/12\/START-1-1.png","datePublished":"2023-12-28T21:22:06+00:00","dateModified":"2023-12-28T21:24:27+00:00","breadcrumb":{"@id":"https:\/\/kioongo.com\/masteracademy\/tienda\/servicios\/talleres\/taller-de-posicionamiento-geografico-local-con-google-mb\/#breadcrumb"},"inLanguage":"es","potentialAction":[{"@type":"ReadAction","target":["https:\/\/kioongo.com\/masteracademy\/tienda\/servicios\/talleres\/taller-de-posicionamiento-geografico-local-con-google-mb\/"]}]},{"@type":"ImageObject","inLanguage":"es","@id":"https:\/\/kioongo.com\/masteracademy\/tienda\/servicios\/talleres\/taller-de-posicionamiento-geografico-local-con-google-mb\/#primaryimage","url":"https:\/\/kioongo.com\/masteracademy\/wp-content\/uploads\/2023\/12\/START-1-1.png","contentUrl":"https:\/\/kioongo.com\/masteracademy\/wp-content\/uploads\/2023\/12\/START-1-1.png","width":1080,"height":1080},{"@type":"BreadcrumbList","@id":"https:\/\/kioongo.com\/masteracademy\/tienda\/servicios\/talleres\/taller-de-posicionamiento-geografico-local-con-google-mb\/#breadcrumb","itemListElement":[{"@type":"ListItem","position":1,"name":"Home","item":"https:\/\/kioongo.com\/masteracademy\/"},{"@type":"ListItem","position":2,"name":"Tienda","item":"https:\/\/kioongo.com\/masteracademy\/tienda\/"},{"@type":"ListItem","position":3,"name":"Taller De Posicionamiento Geogr\u00e1fico Local Con Google MB\u200b"}]},{"@type":"WebSite","@id":"https:\/\/kioongo.com\/masteracademy\/#website","url":"https:\/\/kioongo.com\/masteracademy\/","name":"Academia digital de marketing digital | Master Academy","description":"Aprender marketing digital nunca fue tan f\u00e1cil","publisher":{"@id":"https:\/\/kioongo.com\/masteracademy\/#organization"},"potentialAction":[{"@type":"SearchAction","target":{"@type":"EntryPoint","urlTemplate":"https:\/\/kioongo.com\/masteracademy\/?s={search_term_string}"},"query-input":{"@type":"PropertyValueSpecification","valueRequired":true,"valueName":"search_term_string"}}],"inLanguage":"es"},{"@type":"Organization","@id":"https:\/\/kioongo.com\/masteracademy\/#organization","name":"Academia digital de marketing digital | Master Academy","url":"https:\/\/kioongo.com\/masteracademy\/","logo":{"@type":"ImageObject","inLanguage":"es","@id":"https:\/\/kioongo.com\/masteracademy\/#\/schema\/logo\/image\/","url":"https:\/\/kioongo.com\/masteracademy\/wp-content\/uploads\/2023\/10\/logo-master-academy-bn.png","contentUrl":"https:\/\/kioongo.com\/masteracademy\/wp-content\/uploads\/2023\/10\/logo-master-academy-bn.png","width":244,"height":119,"caption":"Academia digital de marketing digital | Master Academy"},"image":{"@id":"https:\/\/kioongo.com\/masteracademy\/#\/schema\/logo\/image\/"}}]}},"_links":{"self":[{"href":"https:\/\/kioongo.com\/masteracademy\/wp-json\/wp\/v2\/product\/26494","targetHints":{"allow":["GET"]}}],"collection":[{"href":"https:\/\/kioongo.com\/masteracademy\/wp-json\/wp\/v2\/product"}],"about":[{"href":"https:\/\/kioongo.com\/masteracademy\/wp-json\/wp\/v2\/types\/product"}],"replies":[{"embeddable":true,"href":"https:\/\/kioongo.com\/masteracademy\/wp-json\/wp\/v2\/comments?post=26494"}],"version-history":[{"count":1,"href":"https:\/\/kioongo.com\/masteracademy\/wp-json\/wp\/v2\/product\/26494\/revisions"}],"predecessor-version":[{"id":26528,"href":"https:\/\/kioongo.com\/masteracademy\/wp-json\/wp\/v2\/product\/26494\/revisions\/26528"}],"wp:featuredmedia":[{"embeddable":true,"href":"https:\/\/kioongo.com\/masteracademy\/wp-json\/wp\/v2\/media\/26527"}],"wp:attachment":[{"href":"https:\/\/kioongo.com\/masteracademy\/wp-json\/wp\/v2\/media?parent=26494"}],"wp:term":[{"taxonomy":"product_brand","embeddable":true,"href":"https:\/\/kioongo.com\/masteracademy\/wp-json\/wp\/v2\/product_brand?post=26494"},{"taxonomy":"product_cat","embeddable":true,"href":"https:\/\/kioongo.com\/masteracademy\/wp-json\/wp\/v2\/product_cat?post=26494"},{"taxonomy":"product_tag","embeddable":true,"href":"https:\/\/kioongo.com\/masteracademy\/wp-json\/wp\/v2\/product_tag?post=26494"}],"curies":[{"name":"wp","href":"https:\/\/api.w.org\/{rel}","templated":true}]}}