{"id":26496,"date":"2023-12-28T15:22:06","date_gmt":"2023-12-28T21:22:06","guid":{"rendered":"https:\/\/kioongo.com\/masteracademy\/?post_type=product&#038;p=26496"},"modified":"2024-02-29T12:00:07","modified_gmt":"2024-02-29T18:00:07","slug":"taller-de-many-chat-automatizacion-de-mensajes-con-bots","status":"publish","type":"product","link":"https:\/\/kioongo.com\/masteracademy\/tienda\/servicios\/talleres\/taller-de-many-chat-automatizacion-de-mensajes-con-bots\/","title":{"rendered":"Taller De Many Chat Automatizaci\u00f3n De Mensajes Con Bots"},"content":{"rendered":"<div id=\"\" class=\"elementor-element elementor-element-edit-mode elementor-element-46d4fa80 elementor-element--toggle-edit-tools elementor-widget elementor-widget-heading\" data-id=\"46d4fa80\" data-element_type=\"widget\" data-model-cid=\"c72\" data-widget_type=\"heading.default\">\n<div class=\"elementor-widget-container\">\n<h2 class=\"elementor-heading-title elementor-size-default elementor-inline-editing\" data-elementor-setting-key=\"title\">En Que Consiste?<\/h2>\n<\/div>\n<\/div>\n<div id=\"\" class=\"elementor-element elementor-element-edit-mode elementor-element-3c4512c elementor-element--toggle-edit-tools elementor-widget elementor-widget-text-editor\" data-id=\"3c4512c\" data-element_type=\"widget\" data-model-cid=\"c75\" data-widget_type=\"text-editor.default\">\n<div class=\"elementor-widget-container\">\n<div class=\"elementor-text-editor elementor-clearfix elementor-inline-editing\" data-elementor-setting-key=\"editor\" data-elementor-inline-editing-toolbar=\"advanced\">\n<p><b>Un taller Grupal<\/b><strong>\u00a0<\/strong>o 1 a 1\u00a0<b>Online\u00a0<\/b>o presencial en donde te ense\u00f1ar\u00e9 a: Automatizar conversaciones con tus clientes mediante bots para obtener m\u00e1s ventas y una mejor atenci\u00f3n al cliente con Facebook, Instagram, WhatsApp, SMS<\/p>\n<\/div>\n<\/div>\n<\/div>\n<div id=\"\" class=\"elementor-element elementor-element-edit-mode elementor-element-220c923e elementor-element--toggle-edit-tools elementor-widget elementor-widget-icon-list elementor-icon-list--layout-traditional elementor-list-item-link-full_width\" data-id=\"220c923e\" data-element_type=\"widget\" data-model-cid=\"c78\" data-widget_type=\"icon-list.default\">\n<div class=\"elementor-widget-container\">\n<ul class=\"elementor-icon-list-items\">\n<li class=\"elementor-icon-list-item\"><i class=\"fas fa-circle\" aria-hidden=\"true\"><\/i><span class=\"elementor-icon-list-text elementor-inline-editing\" data-elementor-setting-key=\"icon_list.0.text\"><b>Duraci\u00f3n de 1 a 2 horas aprox.<\/b><\/span><\/li>\n<li class=\"elementor-icon-list-item\"><i class=\"fas fa-circle\" aria-hidden=\"true\"><\/i><span class=\"elementor-icon-list-text elementor-inline-editing\" data-elementor-setting-key=\"icon_list.1.text\">Crear una cuenta<\/span><\/li>\n<li class=\"elementor-icon-list-item\"><i class=\"fas fa-circle\" aria-hidden=\"true\"><\/i><span class=\"elementor-icon-list-text elementor-inline-editing\" data-elementor-setting-key=\"icon_list.2.text\">Funcionamiento e integraciones<\/span><\/li>\n<li class=\"elementor-icon-list-item\"><i class=\"fas fa-circle\" aria-hidden=\"true\"><\/i><span class=\"elementor-icon-list-text elementor-inline-editing\" data-elementor-setting-key=\"icon_list.3.text\">Creaci\u00f3n de mensajes<\/span><\/li>\n<li class=\"elementor-icon-list-item\"><i class=\"fas fa-circle\" aria-hidden=\"true\"><\/i><span class=\"elementor-icon-list-text elementor-inline-editing\" data-elementor-setting-key=\"icon_list.4.text\">Creaci\u00f3n de flujos<\/span><\/li>\n<li class=\"elementor-icon-list-item\"><i class=\"fas fa-circle\" aria-hidden=\"true\"><\/i><span class=\"elementor-icon-list-text elementor-inline-editing\" data-elementor-setting-key=\"icon_list.5.text\">Integraci\u00f3n con Facebook<\/span><\/li>\n<li class=\"elementor-icon-list-item\"><i class=\"fas fa-circle\" aria-hidden=\"true\"><\/i><span class=\"elementor-icon-list-text elementor-inline-editing\" data-elementor-setting-key=\"icon_list.6.text\">Integraci\u00f3n con Instagram<\/span><\/li>\n<li class=\"elementor-icon-list-item\"><i class=\"fas fa-circle\" aria-hidden=\"true\"><\/i><span class=\"elementor-icon-list-text elementor-inline-editing\" data-elementor-setting-key=\"icon_list.7.text\">Integraci\u00f3n con WhatsApp<\/span><\/li>\n<li class=\"elementor-icon-list-item\"><i class=\"fas fa-circle\" aria-hidden=\"true\"><\/i><span class=\"elementor-icon-list-text elementor-inline-editing\" data-elementor-setting-key=\"icon_list.8.text\">Integraci\u00f3n con Mensajes SMS<\/span><\/li>\n<\/ul>\n<\/div>\n<\/div>\n<div id=\"\" class=\"elementor-element elementor-element-edit-mode elementor-element-26681a6 elementor-element--toggle-edit-tools elementor-widget elementor-widget-spacer\" data-id=\"26681a6\" data-element_type=\"widget\" data-model-cid=\"c91\" data-widget_type=\"spacer.default\">\n<div class=\"elementor-widget-container\">\n<div class=\"elementor-spacer\"><\/div>\n<\/div>\n<\/div>\n","protected":false},"excerpt":{"rendered":"<p><span class=\"elementor-icon-list-text elementor-inline-editing\" data-elementor-setting-key=\"icon_list.0.text\"><b>Duraci\u00f3n de 1 a 2 horas aprox.<\/b><\/span><\/p>\n<ul class=\"elementor-icon-list-items\">\n<li class=\"elementor-icon-list-item\"><i class=\"fas fa-circle\" aria-hidden=\"true\"><\/i><span class=\"elementor-icon-list-text elementor-inline-editing\" data-elementor-setting-key=\"icon_list.1.text\">Crear una cuenta<\/span><\/li>\n<li class=\"elementor-icon-list-item\"><i class=\"fas fa-circle\" aria-hidden=\"true\"><\/i><span class=\"elementor-icon-list-text elementor-inline-editing\" data-elementor-setting-key=\"icon_list.2.text\">Funcionamiento e integraciones<\/span><\/li>\n<li class=\"elementor-icon-list-item\"><i class=\"fas fa-circle\" aria-hidden=\"true\"><\/i><span class=\"elementor-icon-list-text elementor-inline-editing\" data-elementor-setting-key=\"icon_list.3.text\">Creaci\u00f3n de mensajes<\/span><\/li>\n<li class=\"elementor-icon-list-item\"><i class=\"fas fa-circle\" aria-hidden=\"true\"><\/i><span class=\"elementor-icon-list-text elementor-inline-editing\" data-elementor-setting-key=\"icon_list.4.text\">Creaci\u00f3n de flujos<\/span><\/li>\n<li class=\"elementor-icon-list-item\"><i class=\"fas fa-circle\" aria-hidden=\"true\"><\/i><span class=\"elementor-icon-list-text elementor-inline-editing\" data-elementor-setting-key=\"icon_list.5.text\">Integraci\u00f3n con Facebook<\/span><\/li>\n<li class=\"elementor-icon-list-item\"><i class=\"fas fa-circle\" aria-hidden=\"true\"><\/i><span class=\"elementor-icon-list-text elementor-inline-editing\" data-elementor-setting-key=\"icon_list.6.text\">Integraci\u00f3n con Instagram<\/span><\/li>\n<li class=\"elementor-icon-list-item\"><i class=\"fas fa-circle\" aria-hidden=\"true\"><\/i><span class=\"elementor-icon-list-text elementor-inline-editing\" data-elementor-setting-key=\"icon_list.7.text\">Integraci\u00f3n con WhatsApp<\/span><\/li>\n<li class=\"elementor-icon-list-item\"><i class=\"fas fa-circle\" aria-hidden=\"true\"><\/i><span class=\"elementor-icon-list-text elementor-inline-editing\" data-elementor-setting-key=\"icon_list.8.text\">Integraci\u00f3n con Mensajes SMS<\/span><\/li>\n<\/ul>\n","protected":false},"featured_media":26531,"comment_status":"open","ping_status":"closed","template":"","meta":{"site-sidebar-layout":"default","site-content-layout":"default","ast-site-content-layout":"default","site-content-style":"default","site-sidebar-style":"default","ast-global-header-display":"","ast-banner-title-visibility":"","ast-main-header-display":"","ast-hfb-above-header-display":"","ast-hfb-below-header-display":"","ast-hfb-mobile-header-display":"","site-post-title":"","ast-breadcrumbs-content":"","ast-featured-img":"","footer-sml-layout":"","ast-disable-related-posts":"","theme-transparent-header-meta":"default","adv-header-id-meta":"","stick-header-meta":"default","header-above-stick-meta":"","header-main-stick-meta":"","header-below-stick-meta":"","astra-migrate-meta-layouts":"default","ast-page-background-enabled":"default","ast-page-background-meta":{"desktop":{"background-color":"","background-image":"","background-repeat":"repeat","background-position":"center center","background-size":"auto","background-attachment":"scroll","background-type":"","background-media":"","overlay-type":"","overlay-color":"","overlay-opacity":"","overlay-gradient":""},"tablet":{"background-color":"","background-image":"","background-repeat":"repeat","background-position":"center center","background-size":"auto","background-attachment":"scroll","background-type":"","background-media":"","overlay-type":"","overlay-color":"","overlay-opacity":"","overlay-gradient":""},"mobile":{"background-color":"","background-image":"","background-repeat":"repeat","background-position":"center center","background-size":"auto","background-attachment":"scroll","background-type":"","background-media":"","overlay-type":"","overlay-color":"","overlay-opacity":"","overlay-gradient":""}},"ast-content-background-meta":{"desktop":{"background-color":"var(--ast-global-color-5)","background-image":"","background-repeat":"repeat","background-position":"center center","background-size":"auto","background-attachment":"scroll","background-type":"","background-media":"","overlay-type":"","overlay-color":"","overlay-opacity":"","overlay-gradient":""},"tablet":{"background-color":"var(--ast-global-color-5)","background-image":"","background-repeat":"repeat","background-position":"center center","background-size":"auto","background-attachment":"scroll","background-type":"","background-media":"","overlay-type":"","overlay-color":"","overlay-opacity":"","overlay-gradient":""},"mobile":{"background-color":"var(--ast-global-color-5)","background-image":"","background-repeat":"repeat","background-position":"center center","background-size":"auto","background-attachment":"scroll","background-type":"","background-media":"","overlay-type":"","overlay-color":"","overlay-opacity":"","overlay-gradient":""}}},"product_brand":[],"product_cat":[235,269],"product_tag":[278,279,280],"class_list":{"0":"post-26496","1":"product","2":"type-product","3":"status-publish","4":"has-post-thumbnail","6":"product_cat-servicios","7":"product_cat-talleres","8":"product_tag-automatizacion","9":"product_tag-bots","10":"product_tag-many-chat","11":"desktop-align-left","12":"tablet-align-left","13":"mobile-align-left","15":"first","16":"instock","17":"sale","18":"virtual","19":"purchasable","20":"product-type-simple"},"yoast_head":"<!-- This site is optimized with the Yoast SEO Premium plugin v25.3 (Yoast SEO v25.8) - https:\/\/yoast.com\/wordpress\/plugins\/seo\/ -->\n<title>Taller De Many Chat Automatizaci\u00f3n De Mensajes Con Bots - Academia digital de marketing digital | Master Academy<\/title>\n<meta name=\"robots\" content=\"index, follow, max-snippet:-1, max-image-preview:large, max-video-preview:-1\" \/>\n<link rel=\"canonical\" href=\"https:\/\/kioongo.com\/masteracademy\/tienda\/servicios\/talleres\/taller-de-many-chat-automatizacion-de-mensajes-con-bots\/\" \/>\n<meta property=\"og:locale\" content=\"es_ES\" \/>\n<meta property=\"og:type\" content=\"article\" \/>\n<meta property=\"og:title\" content=\"Taller De Many Chat Automatizaci\u00f3n De Mensajes Con Bots\" \/>\n<meta property=\"og:description\" content=\"Duraci\u00f3n de 1 a 2 horas aprox.   Crear una cuenta  Funcionamiento e integraciones  Creaci\u00f3n de mensajes  Creaci\u00f3n de flujos  Integraci\u00f3n con Facebook  Integraci\u00f3n con Instagram  Integraci\u00f3n con WhatsApp  Integraci\u00f3n con Mensajes SMS\" \/>\n<meta property=\"og:url\" content=\"https:\/\/kioongo.com\/masteracademy\/tienda\/servicios\/talleres\/taller-de-many-chat-automatizacion-de-mensajes-con-bots\/\" \/>\n<meta property=\"og:site_name\" content=\"Academia digital de marketing digital | Master Academy\" \/>\n<meta property=\"article:modified_time\" content=\"2024-02-29T18:00:07+00:00\" \/>\n<meta property=\"og:image\" content=\"https:\/\/kioongo.com\/masteracademy\/wp-content\/uploads\/2023\/12\/11-1.png\" \/>\n\t<meta property=\"og:image:width\" content=\"1080\" \/>\n\t<meta property=\"og:image:height\" content=\"1080\" \/>\n\t<meta property=\"og:image:type\" content=\"image\/png\" \/>\n<meta name=\"twitter:card\" content=\"summary_large_image\" \/>\n<meta name=\"twitter:label1\" content=\"Tiempo de lectura\" \/>\n\t<meta name=\"twitter:data1\" content=\"1 minuto\" \/>\n<script type=\"application\/ld+json\" class=\"yoast-schema-graph\">{\"@context\":\"https:\/\/schema.org\",\"@graph\":[{\"@type\":\"WebPage\",\"@id\":\"https:\/\/kioongo.com\/masteracademy\/tienda\/servicios\/talleres\/taller-de-many-chat-automatizacion-de-mensajes-con-bots\/\",\"url\":\"https:\/\/kioongo.com\/masteracademy\/tienda\/servicios\/talleres\/taller-de-many-chat-automatizacion-de-mensajes-con-bots\/\",\"name\":\"Taller De Many Chat Automatizaci\u00f3n De Mensajes Con Bots - Academia digital de marketing digital | Master Academy\",\"isPartOf\":{\"@id\":\"https:\/\/kioongo.com\/masteracademy\/#website\"},\"primaryImageOfPage\":{\"@id\":\"https:\/\/kioongo.com\/masteracademy\/tienda\/servicios\/talleres\/taller-de-many-chat-automatizacion-de-mensajes-con-bots\/#primaryimage\"},\"image\":{\"@id\":\"https:\/\/kioongo.com\/masteracademy\/tienda\/servicios\/talleres\/taller-de-many-chat-automatizacion-de-mensajes-con-bots\/#primaryimage\"},\"thumbnailUrl\":\"https:\/\/kioongo.com\/masteracademy\/wp-content\/uploads\/2023\/12\/11-1.png\",\"datePublished\":\"2023-12-28T21:22:06+00:00\",\"dateModified\":\"2024-02-29T18:00:07+00:00\",\"breadcrumb\":{\"@id\":\"https:\/\/kioongo.com\/masteracademy\/tienda\/servicios\/talleres\/taller-de-many-chat-automatizacion-de-mensajes-con-bots\/#breadcrumb\"},\"inLanguage\":\"es\",\"potentialAction\":[{\"@type\":\"ReadAction\",\"target\":[\"https:\/\/kioongo.com\/masteracademy\/tienda\/servicios\/talleres\/taller-de-many-chat-automatizacion-de-mensajes-con-bots\/\"]}]},{\"@type\":\"ImageObject\",\"inLanguage\":\"es\",\"@id\":\"https:\/\/kioongo.com\/masteracademy\/tienda\/servicios\/talleres\/taller-de-many-chat-automatizacion-de-mensajes-con-bots\/#primaryimage\",\"url\":\"https:\/\/kioongo.com\/masteracademy\/wp-content\/uploads\/2023\/12\/11-1.png\",\"contentUrl\":\"https:\/\/kioongo.com\/masteracademy\/wp-content\/uploads\/2023\/12\/11-1.png\",\"width\":1080,\"height\":1080},{\"@type\":\"BreadcrumbList\",\"@id\":\"https:\/\/kioongo.com\/masteracademy\/tienda\/servicios\/talleres\/taller-de-many-chat-automatizacion-de-mensajes-con-bots\/#breadcrumb\",\"itemListElement\":[{\"@type\":\"ListItem\",\"position\":1,\"name\":\"Home\",\"item\":\"https:\/\/kioongo.com\/masteracademy\/\"},{\"@type\":\"ListItem\",\"position\":2,\"name\":\"Tienda\",\"item\":\"https:\/\/kioongo.com\/masteracademy\/tienda\/\"},{\"@type\":\"ListItem\",\"position\":3,\"name\":\"Taller De Many Chat Automatizaci\u00f3n De Mensajes Con Bots\"}]},{\"@type\":\"WebSite\",\"@id\":\"https:\/\/kioongo.com\/masteracademy\/#website\",\"url\":\"https:\/\/kioongo.com\/masteracademy\/\",\"name\":\"Academia digital de marketing digital | Master Academy\",\"description\":\"Aprender marketing digital nunca fue tan f\u00e1cil\",\"publisher\":{\"@id\":\"https:\/\/kioongo.com\/masteracademy\/#organization\"},\"potentialAction\":[{\"@type\":\"SearchAction\",\"target\":{\"@type\":\"EntryPoint\",\"urlTemplate\":\"https:\/\/kioongo.com\/masteracademy\/?s={search_term_string}\"},\"query-input\":{\"@type\":\"PropertyValueSpecification\",\"valueRequired\":true,\"valueName\":\"search_term_string\"}}],\"inLanguage\":\"es\"},{\"@type\":\"Organization\",\"@id\":\"https:\/\/kioongo.com\/masteracademy\/#organization\",\"name\":\"Academia digital de marketing digital | Master Academy\",\"url\":\"https:\/\/kioongo.com\/masteracademy\/\",\"logo\":{\"@type\":\"ImageObject\",\"inLanguage\":\"es\",\"@id\":\"https:\/\/kioongo.com\/masteracademy\/#\/schema\/logo\/image\/\",\"url\":\"https:\/\/kioongo.com\/masteracademy\/wp-content\/uploads\/2023\/10\/logo-master-academy-bn.png\",\"contentUrl\":\"https:\/\/kioongo.com\/masteracademy\/wp-content\/uploads\/2023\/10\/logo-master-academy-bn.png\",\"width\":244,\"height\":119,\"caption\":\"Academia digital de marketing digital | Master Academy\"},\"image\":{\"@id\":\"https:\/\/kioongo.com\/masteracademy\/#\/schema\/logo\/image\/\"}}]}<\/script>\n<!-- \/ Yoast SEO Premium plugin. -->","yoast_head_json":{"title":"Taller De Many Chat Automatizaci\u00f3n De Mensajes Con Bots - Academia digital de marketing digital | Master Academy","robots":{"index":"index","follow":"follow","max-snippet":"max-snippet:-1","max-image-preview":"max-image-preview:large","max-video-preview":"max-video-preview:-1"},"canonical":"https:\/\/kioongo.com\/masteracademy\/tienda\/servicios\/talleres\/taller-de-many-chat-automatizacion-de-mensajes-con-bots\/","og_locale":"es_ES","og_type":"article","og_title":"Taller De Many Chat Automatizaci\u00f3n De Mensajes Con Bots","og_description":"Duraci\u00f3n de 1 a 2 horas aprox.   Crear una cuenta  Funcionamiento e integraciones  Creaci\u00f3n de mensajes  Creaci\u00f3n de flujos  Integraci\u00f3n con Facebook  Integraci\u00f3n con Instagram  Integraci\u00f3n con WhatsApp  Integraci\u00f3n con Mensajes SMS","og_url":"https:\/\/kioongo.com\/masteracademy\/tienda\/servicios\/talleres\/taller-de-many-chat-automatizacion-de-mensajes-con-bots\/","og_site_name":"Academia digital de marketing digital | Master Academy","article_modified_time":"2024-02-29T18:00:07+00:00","og_image":[{"width":1080,"height":1080,"url":"https:\/\/kioongo.com\/masteracademy\/wp-content\/uploads\/2023\/12\/11-1.png","type":"image\/png"}],"twitter_card":"summary_large_image","twitter_misc":{"Tiempo de lectura":"1 minuto"},"schema":{"@context":"https:\/\/schema.org","@graph":[{"@type":"WebPage","@id":"https:\/\/kioongo.com\/masteracademy\/tienda\/servicios\/talleres\/taller-de-many-chat-automatizacion-de-mensajes-con-bots\/","url":"https:\/\/kioongo.com\/masteracademy\/tienda\/servicios\/talleres\/taller-de-many-chat-automatizacion-de-mensajes-con-bots\/","name":"Taller De Many Chat Automatizaci\u00f3n De Mensajes Con Bots - Academia digital de marketing digital | Master Academy","isPartOf":{"@id":"https:\/\/kioongo.com\/masteracademy\/#website"},"primaryImageOfPage":{"@id":"https:\/\/kioongo.com\/masteracademy\/tienda\/servicios\/talleres\/taller-de-many-chat-automatizacion-de-mensajes-con-bots\/#primaryimage"},"image":{"@id":"https:\/\/kioongo.com\/masteracademy\/tienda\/servicios\/talleres\/taller-de-many-chat-automatizacion-de-mensajes-con-bots\/#primaryimage"},"thumbnailUrl":"https:\/\/kioongo.com\/masteracademy\/wp-content\/uploads\/2023\/12\/11-1.png","datePublished":"2023-12-28T21:22:06+00:00","dateModified":"2024-02-29T18:00:07+00:00","breadcrumb":{"@id":"https:\/\/kioongo.com\/masteracademy\/tienda\/servicios\/talleres\/taller-de-many-chat-automatizacion-de-mensajes-con-bots\/#breadcrumb"},"inLanguage":"es","potentialAction":[{"@type":"ReadAction","target":["https:\/\/kioongo.com\/masteracademy\/tienda\/servicios\/talleres\/taller-de-many-chat-automatizacion-de-mensajes-con-bots\/"]}]},{"@type":"ImageObject","inLanguage":"es","@id":"https:\/\/kioongo.com\/masteracademy\/tienda\/servicios\/talleres\/taller-de-many-chat-automatizacion-de-mensajes-con-bots\/#primaryimage","url":"https:\/\/kioongo.com\/masteracademy\/wp-content\/uploads\/2023\/12\/11-1.png","contentUrl":"https:\/\/kioongo.com\/masteracademy\/wp-content\/uploads\/2023\/12\/11-1.png","width":1080,"height":1080},{"@type":"BreadcrumbList","@id":"https:\/\/kioongo.com\/masteracademy\/tienda\/servicios\/talleres\/taller-de-many-chat-automatizacion-de-mensajes-con-bots\/#breadcrumb","itemListElement":[{"@type":"ListItem","position":1,"name":"Home","item":"https:\/\/kioongo.com\/masteracademy\/"},{"@type":"ListItem","position":2,"name":"Tienda","item":"https:\/\/kioongo.com\/masteracademy\/tienda\/"},{"@type":"ListItem","position":3,"name":"Taller De Many Chat Automatizaci\u00f3n De Mensajes Con Bots"}]},{"@type":"WebSite","@id":"https:\/\/kioongo.com\/masteracademy\/#website","url":"https:\/\/kioongo.com\/masteracademy\/","name":"Academia digital de marketing digital | Master Academy","description":"Aprender marketing digital nunca fue tan f\u00e1cil","publisher":{"@id":"https:\/\/kioongo.com\/masteracademy\/#organization"},"potentialAction":[{"@type":"SearchAction","target":{"@type":"EntryPoint","urlTemplate":"https:\/\/kioongo.com\/masteracademy\/?s={search_term_string}"},"query-input":{"@type":"PropertyValueSpecification","valueRequired":true,"valueName":"search_term_string"}}],"inLanguage":"es"},{"@type":"Organization","@id":"https:\/\/kioongo.com\/masteracademy\/#organization","name":"Academia digital de marketing digital | Master Academy","url":"https:\/\/kioongo.com\/masteracademy\/","logo":{"@type":"ImageObject","inLanguage":"es","@id":"https:\/\/kioongo.com\/masteracademy\/#\/schema\/logo\/image\/","url":"https:\/\/kioongo.com\/masteracademy\/wp-content\/uploads\/2023\/10\/logo-master-academy-bn.png","contentUrl":"https:\/\/kioongo.com\/masteracademy\/wp-content\/uploads\/2023\/10\/logo-master-academy-bn.png","width":244,"height":119,"caption":"Academia digital de marketing digital | Master Academy"},"image":{"@id":"https:\/\/kioongo.com\/masteracademy\/#\/schema\/logo\/image\/"}}]}},"_links":{"self":[{"href":"https:\/\/kioongo.com\/masteracademy\/wp-json\/wp\/v2\/product\/26496","targetHints":{"allow":["GET"]}}],"collection":[{"href":"https:\/\/kioongo.com\/masteracademy\/wp-json\/wp\/v2\/product"}],"about":[{"href":"https:\/\/kioongo.com\/masteracademy\/wp-json\/wp\/v2\/types\/product"}],"replies":[{"embeddable":true,"href":"https:\/\/kioongo.com\/masteracademy\/wp-json\/wp\/v2\/comments?post=26496"}],"version-history":[{"count":1,"href":"https:\/\/kioongo.com\/masteracademy\/wp-json\/wp\/v2\/product\/26496\/revisions"}],"predecessor-version":[{"id":26532,"href":"https:\/\/kioongo.com\/masteracademy\/wp-json\/wp\/v2\/product\/26496\/revisions\/26532"}],"wp:featuredmedia":[{"embeddable":true,"href":"https:\/\/kioongo.com\/masteracademy\/wp-json\/wp\/v2\/media\/26531"}],"wp:attachment":[{"href":"https:\/\/kioongo.com\/masteracademy\/wp-json\/wp\/v2\/media?parent=26496"}],"wp:term":[{"taxonomy":"product_brand","embeddable":true,"href":"https:\/\/kioongo.com\/masteracademy\/wp-json\/wp\/v2\/product_brand?post=26496"},{"taxonomy":"product_cat","embeddable":true,"href":"https:\/\/kioongo.com\/masteracademy\/wp-json\/wp\/v2\/product_cat?post=26496"},{"taxonomy":"product_tag","embeddable":true,"href":"https:\/\/kioongo.com\/masteracademy\/wp-json\/wp\/v2\/product_tag?post=26496"}],"curies":[{"name":"wp","href":"https:\/\/api.w.org\/{rel}","templated":true}]}}