{"id":97,"date":"2015-10-25T21:08:12","date_gmt":"2015-10-25T20:08:12","guid":{"rendered":"http:\/\/themes.loc\/workscout\/?page_id=2416"},"modified":"2023-09-01T11:42:32","modified_gmt":"2023-09-01T17:42:32","slug":"browse-categories","status":"publish","type":"page","link":"https:\/\/kioongo.com\/work\/browse-categories\/","title":{"rendered":"Buscar Categor\u00edas"},"content":{"rendered":"\t\t<div data-elementor-type=\"wp-page\" data-elementor-id=\"97\" class=\"elementor elementor-97\" data-elementor-post-type=\"page\">\n\t\t\t\t\t\t\t\t\t<section class=\"elementor-section elementor-top-section elementor-element elementor-element-378abdc elementor-section-full_width elementor-section-stretched elementor-section-height-default elementor-section-height-default\" data-id=\"378abdc\" data-element_type=\"section\" data-settings=\"{&quot;stretch_section&quot;:&quot;section-stretched&quot;}\">\n\t\t\t\t\t\t<div class=\"elementor-container elementor-column-gap-no\">\n\t\t\t\t\t<div class=\"elementor-column elementor-col-100 elementor-top-column elementor-element elementor-element-e7f84a6\" data-id=\"e7f84a6\" data-element_type=\"column\">\n\t\t\t<div class=\"elementor-widget-wrap elementor-element-populated\">\n\t\t\t\t\t\t\t\t<div class=\"elementor-element elementor-element-80760f8 elementor-widget elementor-widget-workscout-taxonomy-list\" data-id=\"80760f8\" data-element_type=\"widget\" data-widget_type=\"workscout-taxonomy-list.default\">\n\t\t\t\t<div class=\"elementor-widget-container\">\n\t\t\t<div class=\"categories-group categories-group-only_parents\">\n\t             <div class=\"container\">\n\t                <div class=\"row\">\n\t                    <div class=\"col-md-3\"><h4 class=\"parent-jobs-category\">Categor\u00edas<\/h4><\/div><div class=\"col-md-3\">\n\t                        <ul><li class=\"child-listing-category\">\n\t\t\t\t\t\t\t\t\t<a href=\"https:\/\/kioongo.com\/work\/categoria-trabajo\/ventas-y-marketing\/\" class=\"child-category\">\n\t\t\t\t\t\t\t\t\t\t<div class=\"child-category-title\">Ventas y marketing<\/div>\n\t\t\t\t\t\t\t\t\t<\/a>\n\t\t\t\t\t\t\t\t<\/li><li class=\"child-listing-category\">\n\t\t\t\t\t\t\t\t\t<a href=\"https:\/\/kioongo.com\/work\/categoria-trabajo\/turismo-y-hospitalidad\/\" class=\"child-category\">\n\t\t\t\t\t\t\t\t\t\t<div class=\"child-category-title\">Turismo y hospitalidad<\/div>\n\t\t\t\t\t\t\t\t\t<\/a>\n\t\t\t\t\t\t\t\t<\/li><li class=\"child-listing-category\">\n\t\t\t\t\t\t\t\t\t<a href=\"https:\/\/kioongo.com\/work\/categoria-trabajo\/transporte-y-logistica\/\" class=\"child-category\">\n\t\t\t\t\t\t\t\t\t\t<div class=\"child-category-title\">Transporte y log\u00edstica<\/div>\n\t\t\t\t\t\t\t\t\t<\/a>\n\t\t\t\t\t\t\t\t<\/li><li class=\"child-listing-category\">\n\t\t\t\t\t\t\t\t\t<a href=\"https:\/\/kioongo.com\/work\/categoria-trabajo\/transportation-logistics\/\" class=\"child-category\">\n\t\t\t\t\t\t\t\t\t\t<div class=\"child-category-title\">Transportation \/ Logistics<\/div>\n\t\t\t\t\t\t\t\t\t<\/a>\n\t\t\t\t\t\t\t\t<\/li><\/ul>\n\t                    <\/div><div class=\"col-md-3\">\n\t                        <ul><li class=\"child-listing-category\">\n\t\t\t\t\t\t\t\t\t<a href=\"https:\/\/kioongo.com\/work\/categoria-trabajo\/trabajos-manuales-y-artesanales\/\" class=\"child-category\">\n\t\t\t\t\t\t\t\t\t\t<div class=\"child-category-title\">Trabajos manuales y artesanales<\/div>\n\t\t\t\t\t\t\t\t\t<\/a>\n\t\t\t\t\t\t\t\t<\/li><li class=\"child-listing-category\">\n\t\t\t\t\t\t\t\t\t<a href=\"https:\/\/kioongo.com\/work\/categoria-trabajo\/trabajos-creativos-y-artisticos\/\" class=\"child-category\">\n\t\t\t\t\t\t\t\t\t\t<div class=\"child-category-title\">Trabajos creativos y art\u00edsticos<\/div>\n\t\t\t\t\t\t\t\t\t<\/a>\n\t\t\t\t\t\t\t\t<\/li><li class=\"child-listing-category\">\n\t\t\t\t\t\t\t\t\t<a href=\"https:\/\/kioongo.com\/work\/categoria-trabajo\/telecommunications\/\" class=\"child-category\">\n\t\t\t\t\t\t\t\t\t\t<div class=\"child-category-title\">Telecommunications<\/div>\n\t\t\t\t\t\t\t\t\t<\/a>\n\t\t\t\t\t\t\t\t<\/li><\/ul>\n\t                    <\/div><div class=\"col-md-3\">\n\t                        <ul><li class=\"child-listing-category\">\n\t\t\t\t\t\t\t\t\t<a href=\"https:\/\/kioongo.com\/work\/categoria-trabajo\/tecnologia-de-la-informacion\/\" class=\"child-category\">\n\t\t\t\t\t\t\t\t\t\t<div class=\"child-category-title\">Tecnolog\u00eda de la informaci\u00f3n<\/div>\n\t\t\t\t\t\t\t\t\t<\/a>\n\t\t\t\t\t\t\t\t<\/li><li class=\"child-listing-category\">\n\t\t\t\t\t\t\t\t\t<a href=\"https:\/\/kioongo.com\/work\/categoria-trabajo\/servicios-sociales-y-sin-fines-de-lucro\/\" class=\"child-category\">\n\t\t\t\t\t\t\t\t\t\t<div class=\"child-category-title\">Servicios sociales y sin fines de lucro<\/div>\n\t\t\t\t\t\t\t\t\t<\/a>\n\t\t\t\t\t\t\t\t<\/li><li class=\"child-listing-category\">\n\t\t\t\t\t\t\t\t\t<a href=\"https:\/\/kioongo.com\/work\/categoria-trabajo\/servicios-legales-y-juridicos\/\" class=\"child-category\">\n\t\t\t\t\t\t\t\t\t\t<div class=\"child-category-title\">Servicios legales y jur\u00eddicos<\/div>\n\t\t\t\t\t\t\t\t\t<\/a>\n\t\t\t\t\t\t\t\t<\/li><\/ul>\n\t                    <\/div><\/div>\n\t            \t<\/div>\n\t            <\/div>\t\t<\/div>\n\t\t\t\t<\/div>\n\t\t\t\t\t<\/div>\n\t\t<\/div>\n\t\t\t\t\t\t\t<\/div>\n\t\t<\/section>\n\t\t\t\t\t\t\t<\/div>\n\t\t","protected":false},"excerpt":{"rendered":"<p>Categor\u00edas Ventas y marketing Turismo y hospitalidad Transporte y log\u00edstica Transportation \/ Logistics Trabajos manuales y artesanales Trabajos creativos y art\u00edsticos Telecommunications Tecnolog\u00eda de la informaci\u00f3n Servicios sociales y sin&#8230;<\/p>\n","protected":false},"author":1,"featured_media":0,"parent":0,"menu_order":0,"comment_status":"closed","ping_status":"closed","template":"template-jobcategories.php","meta":{"footnotes":""},"_links":{"self":[{"href":"https:\/\/kioongo.com\/work\/wp-json\/wp\/v2\/pages\/97"}],"collection":[{"href":"https:\/\/kioongo.com\/work\/wp-json\/wp\/v2\/pages"}],"about":[{"href":"https:\/\/kioongo.com\/work\/wp-json\/wp\/v2\/types\/page"}],"author":[{"embeddable":true,"href":"https:\/\/kioongo.com\/work\/wp-json\/wp\/v2\/users\/1"}],"replies":[{"embeddable":true,"href":"https:\/\/kioongo.com\/work\/wp-json\/wp\/v2\/comments?post=97"}],"version-history":[{"count":5,"href":"https:\/\/kioongo.com\/work\/wp-json\/wp\/v2\/pages\/97\/revisions"}],"predecessor-version":[{"id":1142,"href":"https:\/\/kioongo.com\/work\/wp-json\/wp\/v2\/pages\/97\/revisions\/1142"}],"wp:attachment":[{"href":"https:\/\/kioongo.com\/work\/wp-json\/wp\/v2\/media?parent=97"}],"curies":[{"name":"wp","href":"https:\/\/api.w.org\/{rel}","templated":true}]}}