{"id":789,"date":"2023-07-19T13:58:14","date_gmt":"2023-07-19T19:58:14","guid":{"rendered":"https:\/\/kioongo.com\/work\/?post_type=product&#038;p=789"},"modified":"2023-07-31T13:28:11","modified_gmt":"2023-07-31T19:28:11","slug":"plus-work-cv-freelancers-por-vacantes","status":"publish","type":"product","link":"https:\/\/kioongo.com\/work\/product\/plus-work-cv-freelancers-por-vacantes\/","title":{"rendered":"PLUS WORK CV-Freelancers por vacantes"},"content":{"rendered":"<p>Duracion 30 dias<\/p>\n<div>\n<p>Curriculum 1<\/p>\n<div>\n<p>Destacado\u00a0 1<\/p>\n<\/div>\n<\/div>\n","protected":false},"excerpt":{"rendered":"<p>El Plan\u00a0 PREMIUM WORK te ofrece la posibilidad de publicar tu curr\u00edculum durante un per\u00edodo de 30 d\u00edas, con la opci\u00f3n de destacado para aumentar tu visibilidad y, por consiguiente, tus posibilidades de ser seleccionado.<\/p>\n","protected":false},"featured_media":1075,"comment_status":"open","ping_status":"closed","template":"","meta":[],"product_cat":[306],"product_tag":[],"_links":{"self":[{"href":"https:\/\/kioongo.com\/work\/wp-json\/wp\/v2\/product\/789"}],"collection":[{"href":"https:\/\/kioongo.com\/work\/wp-json\/wp\/v2\/product"}],"about":[{"href":"https:\/\/kioongo.com\/work\/wp-json\/wp\/v2\/types\/product"}],"replies":[{"embeddable":true,"href":"https:\/\/kioongo.com\/work\/wp-json\/wp\/v2\/comments?post=789"}],"wp:featuredmedia":[{"embeddable":true,"href":"https:\/\/kioongo.com\/work\/wp-json\/wp\/v2\/media\/1075"}],"wp:attachment":[{"href":"https:\/\/kioongo.com\/work\/wp-json\/wp\/v2\/media?parent=789"}],"wp:term":[{"taxonomy":"product_cat","embeddable":true,"href":"https:\/\/kioongo.com\/work\/wp-json\/wp\/v2\/product_cat?post=789"},{"taxonomy":"product_tag","embeddable":true,"href":"https:\/\/kioongo.com\/work\/wp-json\/wp\/v2\/product_tag?post=789"}],"curies":[{"name":"wp","href":"https:\/\/api.w.org\/{rel}","templated":true}]}}